{"id":39857,"date":"2026-04-27T02:32:30","date_gmt":"2026-04-26T23:32:30","guid":{"rendered":"https:\/\/fernox.com\/tr\/product\/antifreeze-protector-alphi-11\/"},"modified":"2026-04-27T02:32:41","modified_gmt":"2026-04-26T23:32:41","slug":"antifreeze-protector-alphi-11","status":"publish","type":"product","link":"https:\/\/fernox.com\/tr\/product\/antifreeze-protector-alphi-11\/","title":{"rendered":"Antifreeze Protector Alphi-11"},"content":{"rendered":"<p>Antifreeze Protector Alphi-11, ev tipi merkezi \u0131s\u0131tma sistemlerinde i\u00e7 korozyona ve kire\u00e7 olu\u015fumuna kar\u015f\u0131 koruma sa\u011flayan, antifriz ve korozyon \u00f6nleyici \u00f6zellikleri bir arada bar\u0131nd\u0131ran bir \u00fcr\u00fcnd\u00fcr. Antifreeze Protector Alphi-11, \u0131s\u0131tma sistemlerinde yayg\u0131n olarak kullan\u0131lan t\u00fcm metaller ve malzemelerle birlikte kullan\u0131ma uygundur.<\/p>\n<ul>\n<li>Merkezi \u0131s\u0131tma sistemlerinde korozyona ve kire\u00e7 birikimine kar\u015f\u0131 koruma sa\u011flayarak enerji verimlili\u011fini korur\n<\/li>\n<li>Sistem \u00f6mr\u00fcn\u00fc uzatmak i\u00e7in antifriz ve korozyon inhibit\u00f6r\u00fcn\u00fc bir arada sunar\n<\/li>\n<li>Borular\u0131n donmas\u0131n\u0131 \u00f6nler\n<\/li>\n<li>Al\u00fcminyum dahil olmak \u00fczere \u0131s\u0131tma sistemlerinde yayg\u0131n olarak kullan\u0131lan t\u00fcm metaller ve malzemelerle uyumludur\n<\/li>\n<li>Toksik olmayan, \u00e7evre dostu form\u00fclasyon, NSF CIAS, KIWA ve Belgaqua onayl\u0131d\u0131r\n<\/li>\n<li>Is\u0131tma ve so\u011futulmu\u015f su sistemlerini korur<br \/>\n<\/li>\n<\/ul>\n","protected":false},"excerpt":{"rendered":"<p>Antifreeze Protector Alphi-11, ev tipi merkezi \u0131s\u0131tma sistemlerinde i\u00e7 korozyona ve kire\u00e7 olu\u015fumuna kar\u015f\u0131 koruma sa\u011flayan, antifriz ve korozyon \u00f6nleyici \u00f6zellikleri bir arada bar\u0131nd\u0131ran bir \u00fcr\u00fcnd\u00fcr. Antifreeze Protector Alphi-11, \u0131s\u0131tma sistemlerinde yayg\u0131n olarak kullan\u0131lan t\u00fcm metaller ve malzemelerle birlikte kullan\u0131ma uygundur. Merkezi \u0131s\u0131tma sistemlerinde korozyona ve kire\u00e7 birikimine kar\u015f\u0131 koruma sa\u011flayarak enerji verimlili\u011fini korur Sistem [&hellip;]<\/p>\n","protected":false},"featured_media":40096,"template":"","meta":{"_acf_changed":false},"product_brand":[],"product_cat":[213,175],"product_tag":[],"class_list":{"0":"post-39857","1":"product","2":"type-product","3":"status-publish","4":"has-post-thumbnail","6":"product_cat-commercial-rangechemistry","7":"product_cat-inhibitors-protectors","9":"first","10":"instock","11":"purchasable","12":"product-type-simple"},"acf":[],"_links":{"self":[{"href":"https:\/\/fernox.com\/tr\/wp-json\/wp\/v2\/product\/39857","targetHints":{"allow":["GET"]}}],"collection":[{"href":"https:\/\/fernox.com\/tr\/wp-json\/wp\/v2\/product"}],"about":[{"href":"https:\/\/fernox.com\/tr\/wp-json\/wp\/v2\/types\/product"}],"wp:featuredmedia":[{"embeddable":true,"href":"https:\/\/fernox.com\/tr\/wp-json\/wp\/v2\/media\/40096"}],"wp:attachment":[{"href":"https:\/\/fernox.com\/tr\/wp-json\/wp\/v2\/media?parent=39857"}],"wp:term":[{"taxonomy":"product_brand","embeddable":true,"href":"https:\/\/fernox.com\/tr\/wp-json\/wp\/v2\/product_brand?post=39857"},{"taxonomy":"product_cat","embeddable":true,"href":"https:\/\/fernox.com\/tr\/wp-json\/wp\/v2\/product_cat?post=39857"},{"taxonomy":"product_tag","embeddable":true,"href":"https:\/\/fernox.com\/tr\/wp-json\/wp\/v2\/product_tag?post=39857"}],"curies":[{"name":"wp","href":"https:\/\/api.w.org\/{rel}","templated":true}]}}