{"id":39776,"date":"2026-04-27T02:32:30","date_gmt":"2026-04-26T23:32:30","guid":{"rendered":"https:\/\/fernox.com\/tr\/product\/corrosion-and-ph-test-2\/"},"modified":"2026-04-27T02:32:30","modified_gmt":"2026-04-26T23:32:30","slug":"corrosion-and-ph-test","status":"publish","type":"product","link":"https:\/\/fernox.com\/tr\/product\/corrosion-and-ph-test\/","title":{"rendered":"Corrosion and pH Test"},"content":{"rendered":"<p>Korozyon ve pH Testi, merkezi \u0131s\u0131tma sistemi suyundaki korozyon ve pH seviyelerini belirlemek i\u00e7in yerinde h\u0131zl\u0131 bir test sa\u011flar.<\/p>\n<ul>\n<li>An\u0131nda sonu\u00e7 veren ve tavsiyeler veren, h\u0131zl\u0131 ve yerinde yap\u0131labilen basit bir test\n<\/li>\n<li>Her sistem i\u00e7in bir test \u015feridi. Her \u015fi\u015fede 50 test \u015feridi bulunur.\n<\/li>\n<li>Merkezi \u0131s\u0131tma sistemi suyunda \u00e7\u00f6z\u00fcnm\u00fc\u015f metallerin varl\u0131\u011f\u0131n\u0131 ve pH seviyelerini test etmek i\u00e7in uygundur\n<\/li>\n<li>BS 7593:2019 ve Benchmark program\u0131 ile uyumlulu\u011fu sa\u011flar\n<\/li>\n<li>Kazan garantilerine uygunluk sa\u011flamay\u0131 kolayla\u015ft\u0131r\u0131r\n<p><\/li>\n<\/ul>\n","protected":false},"excerpt":{"rendered":"<p>Korozyon ve pH Testi, merkezi \u0131s\u0131tma sistemi suyundaki korozyon ve pH seviyelerini belirlemek i\u00e7in yerinde h\u0131zl\u0131 bir test sa\u011flar. An\u0131nda sonu\u00e7 veren ve tavsiyeler veren, h\u0131zl\u0131 ve yerinde yap\u0131labilen basit bir test Her sistem i\u00e7in bir test \u015feridi. Her \u015fi\u015fede 50 test \u015feridi bulunur. Merkezi \u0131s\u0131tma sistemi suyunda \u00e7\u00f6z\u00fcnm\u00fc\u015f metallerin varl\u0131\u011f\u0131n\u0131 ve pH seviyelerini test [&hellip;]<\/p>\n","protected":false},"featured_media":40095,"template":"","meta":{"_acf_changed":false},"product_brand":[],"product_cat":[174],"product_tag":[],"class_list":{"0":"post-39776","1":"product","2":"type-product","3":"status-publish","4":"has-post-thumbnail","6":"product_cat-filters","8":"first","9":"instock","10":"purchasable","11":"product-type-simple"},"acf":[],"_links":{"self":[{"href":"https:\/\/fernox.com\/tr\/wp-json\/wp\/v2\/product\/39776","targetHints":{"allow":["GET"]}}],"collection":[{"href":"https:\/\/fernox.com\/tr\/wp-json\/wp\/v2\/product"}],"about":[{"href":"https:\/\/fernox.com\/tr\/wp-json\/wp\/v2\/types\/product"}],"wp:featuredmedia":[{"embeddable":true,"href":"https:\/\/fernox.com\/tr\/wp-json\/wp\/v2\/media\/40095"}],"wp:attachment":[{"href":"https:\/\/fernox.com\/tr\/wp-json\/wp\/v2\/media?parent=39776"}],"wp:term":[{"taxonomy":"product_brand","embeddable":true,"href":"https:\/\/fernox.com\/tr\/wp-json\/wp\/v2\/product_brand?post=39776"},{"taxonomy":"product_cat","embeddable":true,"href":"https:\/\/fernox.com\/tr\/wp-json\/wp\/v2\/product_cat?post=39776"},{"taxonomy":"product_tag","embeddable":true,"href":"https:\/\/fernox.com\/tr\/wp-json\/wp\/v2\/product_tag?post=39776"}],"curies":[{"name":"wp","href":"https:\/\/api.w.org\/{rel}","templated":true}]}}