{"id":39504,"date":"2026-03-19T13:01:10","date_gmt":"2026-03-19T10:01:10","guid":{"rendered":"https:\/\/fernox.com\/tr\/product\/power-cleaner-f8-10l\/"},"modified":"2026-03-19T13:01:12","modified_gmt":"2026-03-19T10:01:12","slug":"power-cleaner-f8-10l","status":"publish","type":"product","link":"https:\/\/fernox.com\/tr\/product\/power-cleaner-f8-10l\/","title":{"rendered":"Power Cleaner F8 10L"},"content":{"rendered":"<p>Fernox Power Cleaner F8 10L, b\u00fcy\u00fck ve a\u011f\u0131r kirlenmi\u015f ticari ve hafif ticari \u0131s\u0131tma sistemlerinde kullan\u0131lmak \u00fczere form\u00fcle edilmi\u015f, s\u00fcper g\u00fc\u00e7l\u00fc, h\u0131zl\u0131 etkili bir temizleyicidir. Sitrat bazl\u0131, pH n\u00f6tr form\u00fclasyonu, n\u00f6tralize etmeye gerek kalmadan \u00e7amur, kal\u0131nt\u0131 ve kireci etkili bir \u015fekilde giderir. \u00dcr\u00fcn, BS 7593:2019 ve sekt\u00f6rdeki en iyi uygulamalara uygun olarak sistem \u00f6mr\u00fcn\u00fc uzatmaya ve \u0131s\u0131tma verimlili\u011fini geri kazanmaya yard\u0131mc\u0131 olur.<\/p>\n<p>10L&#8217;lik bir Power Cleaner F8 kab\u0131, yakla\u015f\u0131k 2000 litre sistem suyunu temizler. Power Cleaner F8, al\u00fcminyum dahil olmak \u00fczere \u0131s\u0131tma sistemlerinde yayg\u0131n olarak kullan\u0131lan t\u00fcm metaller ve malzemelerle uyumludur.<\/p>\n<ul>\n<li>BS 7593:2019 standard\u0131na uygun olarak, a\u011f\u0131r kirlenmi\u015f sistemlerde kullan\u0131m i\u00e7in sitrat bazl\u0131 temizleyici\n<\/li>\n<li>Basit uygulama, sistem dozaj kab\u0131 ile ekleyin\n<\/li>\n<li>H\u0131zl\u0131 etki; g\u00fc\u00e7l\u00fc y\u0131kama, manuel ve manyetik y\u0131kama dahil t\u00fcm temizleme i\u015flemlerini h\u0131zland\u0131r\u0131r\n<\/li>\n<li>\u00c7amur, kire\u00e7 ve korozyon kal\u0131nt\u0131lar\u0131n\u0131 giderir\n<\/li>\n<li>Asidik de\u011fildir (pH n\u00f6tr), toksik de\u011fildir ve k\u00f6p\u00fcrmez\n<\/li>\n<li>Al\u00fcminyum dahil olmak \u00fczere \u0131s\u0131tma sistemlerinde yayg\u0131n olarak kullan\u0131lan t\u00fcm metaller ve malzemelerle uyumludur<br \/>\n<\/li>\n<\/ul>\n","protected":false},"excerpt":{"rendered":"<p>Fernox Power Cleaner F8 10L, b\u00fcy\u00fck ve a\u011f\u0131r kirlenmi\u015f ticari ve hafif ticari \u0131s\u0131tma sistemlerinde kullan\u0131lmak \u00fczere form\u00fcle edilmi\u015f, s\u00fcper g\u00fc\u00e7l\u00fc, h\u0131zl\u0131 etkili bir temizleyicidir. Sitrat bazl\u0131, pH n\u00f6tr form\u00fclasyonu, n\u00f6tralize etmeye gerek kalmadan \u00e7amur, kal\u0131nt\u0131 ve kireci etkili bir \u015fekilde giderir. \u00dcr\u00fcn, BS 7593:2019 ve sekt\u00f6rdeki en iyi uygulamalara uygun olarak sistem \u00f6mr\u00fcn\u00fc uzatmaya [&hellip;]<\/p>\n","protected":false},"featured_media":39696,"template":"","meta":{"_acf_changed":false},"product_brand":[],"product_cat":[213,178],"product_tag":[],"class_list":{"0":"post-39504","1":"product","2":"type-product","3":"status-publish","4":"has-post-thumbnail","6":"product_cat-commercial-rangechemistry","7":"product_cat-cleaners","9":"first","10":"instock","11":"purchasable","12":"product-type-simple"},"acf":[],"yoast_head":"<!-- This site is optimized with the Yoast SEO plugin v27.3 - https:\/\/yoast.com\/product\/yoast-seo-wordpress\/ -->\n<title>Power Cleaner F8 10L - Fernox Turkey<\/title>\n<meta name=\"robots\" content=\"index, follow, max-snippet:-1, max-image-preview:large, max-video-preview:-1\" \/>\n<link rel=\"canonical\" href=\"https:\/\/fernox.com\/tr\/product\/power-cleaner-f8-10l\/\" \/>\n<meta property=\"og:locale\" content=\"en_GB\" \/>\n<meta property=\"og:type\" content=\"article\" \/>\n<meta property=\"og:title\" content=\"Power Cleaner F8 10L - Fernox Turkey\" \/>\n<meta property=\"og:description\" content=\"Fernox Power Cleaner F8 10L, b\u00fcy\u00fck ve a\u011f\u0131r kirlenmi\u015f ticari ve hafif ticari \u0131s\u0131tma sistemlerinde kullan\u0131lmak \u00fczere form\u00fcle edilmi\u015f, s\u00fcper g\u00fc\u00e7l\u00fc, h\u0131zl\u0131 etkili bir temizleyicidir. Sitrat bazl\u0131, pH n\u00f6tr form\u00fclasyonu, n\u00f6tralize etmeye gerek kalmadan \u00e7amur, kal\u0131nt\u0131 ve kireci etkili bir \u015fekilde giderir. \u00dcr\u00fcn, BS 7593:2019 ve sekt\u00f6rdeki en iyi uygulamalara uygun olarak sistem \u00f6mr\u00fcn\u00fc uzatmaya [&hellip;]\" \/>\n<meta property=\"og:url\" content=\"https:\/\/fernox.com\/tr\/product\/power-cleaner-f8-10l\/\" \/>\n<meta property=\"og:site_name\" content=\"Fernox Turkey\" \/>\n<meta property=\"article:modified_time\" content=\"2026-03-19T10:01:12+00:00\" \/>\n<meta property=\"og:image\" content=\"https:\/\/fernox.com\/tr\/wp-content\/uploads\/sites\/24\/2026\/03\/62759.jpg\" \/>\n\t<meta property=\"og:image:width\" content=\"800\" \/>\n\t<meta property=\"og:image:height\" content=\"800\" \/>\n\t<meta property=\"og:image:type\" content=\"image\/jpeg\" \/>\n<meta name=\"twitter:card\" content=\"summary_large_image\" \/>\n<meta name=\"twitter:label1\" content=\"Estimated reading time\" \/>\n\t<meta name=\"twitter:data1\" content=\"1 minute\" \/>\n<script type=\"application\/ld+json\" class=\"yoast-schema-graph\">{\"@context\":\"https:\\\/\\\/schema.org\",\"@graph\":[{\"@type\":\"WebPage\",\"@id\":\"https:\\\/\\\/fernox.com\\\/tr\\\/product\\\/power-cleaner-f8-10l\\\/\",\"url\":\"https:\\\/\\\/fernox.com\\\/tr\\\/product\\\/power-cleaner-f8-10l\\\/\",\"name\":\"Power Cleaner F8 10L - Fernox Turkey\",\"isPartOf\":{\"@id\":\"https:\\\/\\\/fernox.com\\\/tr\\\/#website\"},\"primaryImageOfPage\":{\"@id\":\"https:\\\/\\\/fernox.com\\\/tr\\\/product\\\/power-cleaner-f8-10l\\\/#primaryimage\"},\"image\":{\"@id\":\"https:\\\/\\\/fernox.com\\\/tr\\\/product\\\/power-cleaner-f8-10l\\\/#primaryimage\"},\"thumbnailUrl\":\"https:\\\/\\\/fernox.com\\\/tr\\\/wp-content\\\/uploads\\\/sites\\\/24\\\/2026\\\/03\\\/62759.jpg\",\"datePublished\":\"2026-03-19T10:01:10+00:00\",\"dateModified\":\"2026-03-19T10:01:12+00:00\",\"breadcrumb\":{\"@id\":\"https:\\\/\\\/fernox.com\\\/tr\\\/product\\\/power-cleaner-f8-10l\\\/#breadcrumb\"},\"inLanguage\":\"en-GB\",\"potentialAction\":[{\"@type\":\"ReadAction\",\"target\":[\"https:\\\/\\\/fernox.com\\\/tr\\\/product\\\/power-cleaner-f8-10l\\\/\"]}]},{\"@type\":\"ImageObject\",\"inLanguage\":\"en-GB\",\"@id\":\"https:\\\/\\\/fernox.com\\\/tr\\\/product\\\/power-cleaner-f8-10l\\\/#primaryimage\",\"url\":\"https:\\\/\\\/fernox.com\\\/tr\\\/wp-content\\\/uploads\\\/sites\\\/24\\\/2026\\\/03\\\/62759.jpg\",\"contentUrl\":\"https:\\\/\\\/fernox.com\\\/tr\\\/wp-content\\\/uploads\\\/sites\\\/24\\\/2026\\\/03\\\/62759.jpg\",\"width\":800,\"height\":800},{\"@type\":\"BreadcrumbList\",\"@id\":\"https:\\\/\\\/fernox.com\\\/tr\\\/product\\\/power-cleaner-f8-10l\\\/#breadcrumb\",\"itemListElement\":[{\"@type\":\"ListItem\",\"position\":1,\"name\":\"Home\",\"item\":\"https:\\\/\\\/fernox.com\\\/tr\\\/\"},{\"@type\":\"ListItem\",\"position\":2,\"name\":\"Products\",\"item\":\"https:\\\/\\\/fernox.com\\\/tr\\\/shop\\\/\"},{\"@type\":\"ListItem\",\"position\":3,\"name\":\"Power Cleaner F8 10L\"}]},{\"@type\":\"WebSite\",\"@id\":\"https:\\\/\\\/fernox.com\\\/tr\\\/#website\",\"url\":\"https:\\\/\\\/fernox.com\\\/tr\\\/\",\"name\":\"Fernox Turkey\",\"description\":\"\",\"publisher\":{\"@id\":\"https:\\\/\\\/fernox.com\\\/tr\\\/#organization\"},\"potentialAction\":[{\"@type\":\"SearchAction\",\"target\":{\"@type\":\"EntryPoint\",\"urlTemplate\":\"https:\\\/\\\/fernox.com\\\/tr\\\/?s={search_term_string}\"},\"query-input\":{\"@type\":\"PropertyValueSpecification\",\"valueRequired\":true,\"valueName\":\"search_term_string\"}}],\"inLanguage\":\"en-GB\"},{\"@type\":\"Organization\",\"@id\":\"https:\\\/\\\/fernox.com\\\/tr\\\/#organization\",\"name\":\"Fernox Turkey\",\"url\":\"https:\\\/\\\/fernox.com\\\/tr\\\/\",\"logo\":{\"@type\":\"ImageObject\",\"inLanguage\":\"en-GB\",\"@id\":\"https:\\\/\\\/fernox.com\\\/tr\\\/#\\\/schema\\\/logo\\\/image\\\/\",\"url\":\"https:\\\/\\\/fernox.com\\\/tr\\\/wp-content\\\/uploads\\\/sites\\\/24\\\/2020\\\/11\\\/cropped-fernox-Logo-transparent.png\",\"contentUrl\":\"https:\\\/\\\/fernox.com\\\/tr\\\/wp-content\\\/uploads\\\/sites\\\/24\\\/2020\\\/11\\\/cropped-fernox-Logo-transparent.png\",\"width\":664,\"height\":150,\"caption\":\"Fernox Turkey\"},\"image\":{\"@id\":\"https:\\\/\\\/fernox.com\\\/tr\\\/#\\\/schema\\\/logo\\\/image\\\/\"}}]}<\/script>\n<!-- \/ Yoast SEO plugin. -->","yoast_head_json":{"title":"Power Cleaner F8 10L - Fernox Turkey","robots":{"index":"index","follow":"follow","max-snippet":"max-snippet:-1","max-image-preview":"max-image-preview:large","max-video-preview":"max-video-preview:-1"},"canonical":"https:\/\/fernox.com\/tr\/product\/power-cleaner-f8-10l\/","og_locale":"en_GB","og_type":"article","og_title":"Power Cleaner F8 10L - Fernox Turkey","og_description":"Fernox Power Cleaner F8 10L, b\u00fcy\u00fck ve a\u011f\u0131r kirlenmi\u015f ticari ve hafif ticari \u0131s\u0131tma sistemlerinde kullan\u0131lmak \u00fczere form\u00fcle edilmi\u015f, s\u00fcper g\u00fc\u00e7l\u00fc, h\u0131zl\u0131 etkili bir temizleyicidir. Sitrat bazl\u0131, pH n\u00f6tr form\u00fclasyonu, n\u00f6tralize etmeye gerek kalmadan \u00e7amur, kal\u0131nt\u0131 ve kireci etkili bir \u015fekilde giderir. \u00dcr\u00fcn, BS 7593:2019 ve sekt\u00f6rdeki en iyi uygulamalara uygun olarak sistem \u00f6mr\u00fcn\u00fc uzatmaya [&hellip;]","og_url":"https:\/\/fernox.com\/tr\/product\/power-cleaner-f8-10l\/","og_site_name":"Fernox Turkey","article_modified_time":"2026-03-19T10:01:12+00:00","og_image":[{"width":800,"height":800,"url":"https:\/\/fernox.com\/tr\/wp-content\/uploads\/sites\/24\/2026\/03\/62759.jpg","type":"image\/jpeg"}],"twitter_card":"summary_large_image","twitter_misc":{"Estimated reading time":"1 minute"},"schema":{"@context":"https:\/\/schema.org","@graph":[{"@type":"WebPage","@id":"https:\/\/fernox.com\/tr\/product\/power-cleaner-f8-10l\/","url":"https:\/\/fernox.com\/tr\/product\/power-cleaner-f8-10l\/","name":"Power Cleaner F8 10L - Fernox Turkey","isPartOf":{"@id":"https:\/\/fernox.com\/tr\/#website"},"primaryImageOfPage":{"@id":"https:\/\/fernox.com\/tr\/product\/power-cleaner-f8-10l\/#primaryimage"},"image":{"@id":"https:\/\/fernox.com\/tr\/product\/power-cleaner-f8-10l\/#primaryimage"},"thumbnailUrl":"https:\/\/fernox.com\/tr\/wp-content\/uploads\/sites\/24\/2026\/03\/62759.jpg","datePublished":"2026-03-19T10:01:10+00:00","dateModified":"2026-03-19T10:01:12+00:00","breadcrumb":{"@id":"https:\/\/fernox.com\/tr\/product\/power-cleaner-f8-10l\/#breadcrumb"},"inLanguage":"en-GB","potentialAction":[{"@type":"ReadAction","target":["https:\/\/fernox.com\/tr\/product\/power-cleaner-f8-10l\/"]}]},{"@type":"ImageObject","inLanguage":"en-GB","@id":"https:\/\/fernox.com\/tr\/product\/power-cleaner-f8-10l\/#primaryimage","url":"https:\/\/fernox.com\/tr\/wp-content\/uploads\/sites\/24\/2026\/03\/62759.jpg","contentUrl":"https:\/\/fernox.com\/tr\/wp-content\/uploads\/sites\/24\/2026\/03\/62759.jpg","width":800,"height":800},{"@type":"BreadcrumbList","@id":"https:\/\/fernox.com\/tr\/product\/power-cleaner-f8-10l\/#breadcrumb","itemListElement":[{"@type":"ListItem","position":1,"name":"Home","item":"https:\/\/fernox.com\/tr\/"},{"@type":"ListItem","position":2,"name":"Products","item":"https:\/\/fernox.com\/tr\/shop\/"},{"@type":"ListItem","position":3,"name":"Power Cleaner F8 10L"}]},{"@type":"WebSite","@id":"https:\/\/fernox.com\/tr\/#website","url":"https:\/\/fernox.com\/tr\/","name":"Fernox Turkey","description":"","publisher":{"@id":"https:\/\/fernox.com\/tr\/#organization"},"potentialAction":[{"@type":"SearchAction","target":{"@type":"EntryPoint","urlTemplate":"https:\/\/fernox.com\/tr\/?s={search_term_string}"},"query-input":{"@type":"PropertyValueSpecification","valueRequired":true,"valueName":"search_term_string"}}],"inLanguage":"en-GB"},{"@type":"Organization","@id":"https:\/\/fernox.com\/tr\/#organization","name":"Fernox Turkey","url":"https:\/\/fernox.com\/tr\/","logo":{"@type":"ImageObject","inLanguage":"en-GB","@id":"https:\/\/fernox.com\/tr\/#\/schema\/logo\/image\/","url":"https:\/\/fernox.com\/tr\/wp-content\/uploads\/sites\/24\/2020\/11\/cropped-fernox-Logo-transparent.png","contentUrl":"https:\/\/fernox.com\/tr\/wp-content\/uploads\/sites\/24\/2020\/11\/cropped-fernox-Logo-transparent.png","width":664,"height":150,"caption":"Fernox Turkey"},"image":{"@id":"https:\/\/fernox.com\/tr\/#\/schema\/logo\/image\/"}}]}},"_links":{"self":[{"href":"https:\/\/fernox.com\/tr\/wp-json\/wp\/v2\/product\/39504","targetHints":{"allow":["GET"]}}],"collection":[{"href":"https:\/\/fernox.com\/tr\/wp-json\/wp\/v2\/product"}],"about":[{"href":"https:\/\/fernox.com\/tr\/wp-json\/wp\/v2\/types\/product"}],"wp:featuredmedia":[{"embeddable":true,"href":"https:\/\/fernox.com\/tr\/wp-json\/wp\/v2\/media\/39696"}],"wp:attachment":[{"href":"https:\/\/fernox.com\/tr\/wp-json\/wp\/v2\/media?parent=39504"}],"wp:term":[{"taxonomy":"product_brand","embeddable":true,"href":"https:\/\/fernox.com\/tr\/wp-json\/wp\/v2\/product_brand?post=39504"},{"taxonomy":"product_cat","embeddable":true,"href":"https:\/\/fernox.com\/tr\/wp-json\/wp\/v2\/product_cat?post=39504"},{"taxonomy":"product_tag","embeddable":true,"href":"https:\/\/fernox.com\/tr\/wp-json\/wp\/v2\/product_tag?post=39504"}],"curies":[{"name":"wp","href":"https:\/\/api.w.org\/{rel}","templated":true}]}}