{"id":39502,"date":"2026-03-19T13:01:10","date_gmt":"2026-03-19T10:01:10","guid":{"rendered":"https:\/\/fernox.com\/tr\/product\/express-inhibitor-test\/"},"modified":"2026-03-19T13:01:11","modified_gmt":"2026-03-19T10:01:11","slug":"express-inhibitor-test","status":"publish","type":"product","link":"https:\/\/fernox.com\/tr\/product\/express-inhibitor-test\/","title":{"rendered":"Express Inhibitor Test"},"content":{"rendered":"<p>Express \u0130nhibit\u00f6r Testi, t\u00fcm Fernox Koruyucular\u0131 ve di\u011fer molibdat bazl\u0131 inhibit\u00f6rlerin, merkezi \u0131s\u0131tma sistemlerinin suyundaki konsantrasyonunu h\u0131zl\u0131 bir \u015fekilde yerinde analiz etmeyi sa\u011flar. Kullan\u0131m\u0131 kolay ve sezgisel olan bu test, sistemdeki inhibit\u00f6rlerin varl\u0131\u011f\u0131n\u0131 belirlemek i\u00e7in basit bir test y\u00f6ntemidir. \u0130nhibit\u00f6r konsantrasyonu testi, yerel y\u00f6netmeliklere ve en iyi uygulamalara uyumu sa\u011flamaya yard\u0131mc\u0131 olabilir ve kombi garantilerini kar\u015f\u0131lamak i\u00e7in gerekli olabilir. <\/p>\n<p>Test, test \u015feritlerinin renginin, \u015fi\u015fedeki renk kartelas\u0131 ile kar\u015f\u0131la\u015ft\u0131r\u0131lmas\u0131yla ba\u015far\u0131 veya ba\u015far\u0131s\u0131zl\u0131k sonucunu verir. Ba\u015far\u0131s\u0131z bir sonu\u00e7 durumunda, basit\u00e7e daha fazla inhibit\u00f6r ekleyip testi tekrar yaparak ba\u015far\u0131l\u0131 bir sonu\u00e7 elde edebilirsiniz.<\/p>\n<ul>\n<li>\u0130nhibit\u00f6r konsantrasyonunu yerinde h\u0131zl\u0131 ve kolay test edin.\n<\/li>\n<li>Sisteme bir test \u015feridi kullan\u0131l\u0131r. Her \u015fi\u015fede 50 test \u015feridi bulunur.\n<\/li>\n<li>T\u00fcm molibdat bazl\u0131 inhibit\u00f6rlerle uyumludur.\n<\/li>\n<li>Yerel y\u00f6netmeliklere ve en iyi uygulamalara kolayca uyum sa\u011flay\u0131n.\n<p><\/li>\n<\/ul>\n","protected":false},"excerpt":{"rendered":"<p>Express \u0130nhibit\u00f6r Testi, t\u00fcm Fernox Koruyucular\u0131 ve di\u011fer molibdat bazl\u0131 inhibit\u00f6rlerin, merkezi \u0131s\u0131tma sistemlerinin suyundaki konsantrasyonunu h\u0131zl\u0131 bir \u015fekilde yerinde analiz etmeyi sa\u011flar. Kullan\u0131m\u0131 kolay ve sezgisel olan bu test, sistemdeki inhibit\u00f6rlerin varl\u0131\u011f\u0131n\u0131 belirlemek i\u00e7in basit bir test y\u00f6ntemidir. \u0130nhibit\u00f6r konsantrasyonu testi, yerel y\u00f6netmeliklere ve en iyi uygulamalara uyumu sa\u011flamaya yard\u0131mc\u0131 olabilir ve kombi garantilerini [&hellip;]<\/p>\n","protected":false},"featured_media":39695,"template":"","meta":{"_acf_changed":false},"product_brand":[],"product_cat":[180],"product_tag":[],"class_list":{"0":"post-39502","1":"product","2":"type-product","3":"status-publish","4":"has-post-thumbnail","6":"product_cat-test-kits","8":"first","9":"instock","10":"purchasable","11":"product-type-simple"},"acf":[],"yoast_head":"<!-- This site is optimized with the Yoast SEO plugin v27.3 - https:\/\/yoast.com\/product\/yoast-seo-wordpress\/ -->\n<title>Express Inhibitor Test - Fernox Turkey<\/title>\n<meta name=\"robots\" content=\"index, follow, max-snippet:-1, max-image-preview:large, max-video-preview:-1\" \/>\n<link rel=\"canonical\" href=\"https:\/\/fernox.com\/tr\/product\/express-inhibitor-test\/\" \/>\n<meta property=\"og:locale\" content=\"en_GB\" \/>\n<meta property=\"og:type\" content=\"article\" \/>\n<meta property=\"og:title\" content=\"Express Inhibitor Test - Fernox Turkey\" \/>\n<meta property=\"og:description\" content=\"Express \u0130nhibit\u00f6r Testi, t\u00fcm Fernox Koruyucular\u0131 ve di\u011fer molibdat bazl\u0131 inhibit\u00f6rlerin, merkezi \u0131s\u0131tma sistemlerinin suyundaki konsantrasyonunu h\u0131zl\u0131 bir \u015fekilde yerinde analiz etmeyi sa\u011flar. Kullan\u0131m\u0131 kolay ve sezgisel olan bu test, sistemdeki inhibit\u00f6rlerin varl\u0131\u011f\u0131n\u0131 belirlemek i\u00e7in basit bir test y\u00f6ntemidir. \u0130nhibit\u00f6r konsantrasyonu testi, yerel y\u00f6netmeliklere ve en iyi uygulamalara uyumu sa\u011flamaya yard\u0131mc\u0131 olabilir ve kombi garantilerini [&hellip;]\" \/>\n<meta property=\"og:url\" content=\"https:\/\/fernox.com\/tr\/product\/express-inhibitor-test\/\" \/>\n<meta property=\"og:site_name\" content=\"Fernox Turkey\" \/>\n<meta property=\"article:modified_time\" content=\"2026-03-19T10:01:11+00:00\" \/>\n<meta property=\"og:image\" content=\"https:\/\/fernox.com\/tr\/wp-content\/uploads\/sites\/24\/2026\/03\/62735-1LRS.jpg\" \/>\n\t<meta property=\"og:image:width\" content=\"800\" \/>\n\t<meta property=\"og:image:height\" content=\"800\" \/>\n\t<meta property=\"og:image:type\" content=\"image\/jpeg\" \/>\n<meta name=\"twitter:card\" content=\"summary_large_image\" \/>\n<meta name=\"twitter:label1\" content=\"Estimated reading time\" \/>\n\t<meta name=\"twitter:data1\" content=\"1 minute\" \/>\n<script type=\"application\/ld+json\" class=\"yoast-schema-graph\">{\"@context\":\"https:\\\/\\\/schema.org\",\"@graph\":[{\"@type\":\"WebPage\",\"@id\":\"https:\\\/\\\/fernox.com\\\/tr\\\/product\\\/express-inhibitor-test\\\/\",\"url\":\"https:\\\/\\\/fernox.com\\\/tr\\\/product\\\/express-inhibitor-test\\\/\",\"name\":\"Express Inhibitor Test - Fernox Turkey\",\"isPartOf\":{\"@id\":\"https:\\\/\\\/fernox.com\\\/tr\\\/#website\"},\"primaryImageOfPage\":{\"@id\":\"https:\\\/\\\/fernox.com\\\/tr\\\/product\\\/express-inhibitor-test\\\/#primaryimage\"},\"image\":{\"@id\":\"https:\\\/\\\/fernox.com\\\/tr\\\/product\\\/express-inhibitor-test\\\/#primaryimage\"},\"thumbnailUrl\":\"https:\\\/\\\/fernox.com\\\/tr\\\/wp-content\\\/uploads\\\/sites\\\/24\\\/2026\\\/03\\\/62735-1LRS.jpg\",\"datePublished\":\"2026-03-19T10:01:10+00:00\",\"dateModified\":\"2026-03-19T10:01:11+00:00\",\"breadcrumb\":{\"@id\":\"https:\\\/\\\/fernox.com\\\/tr\\\/product\\\/express-inhibitor-test\\\/#breadcrumb\"},\"inLanguage\":\"en-GB\",\"potentialAction\":[{\"@type\":\"ReadAction\",\"target\":[\"https:\\\/\\\/fernox.com\\\/tr\\\/product\\\/express-inhibitor-test\\\/\"]}]},{\"@type\":\"ImageObject\",\"inLanguage\":\"en-GB\",\"@id\":\"https:\\\/\\\/fernox.com\\\/tr\\\/product\\\/express-inhibitor-test\\\/#primaryimage\",\"url\":\"https:\\\/\\\/fernox.com\\\/tr\\\/wp-content\\\/uploads\\\/sites\\\/24\\\/2026\\\/03\\\/62735-1LRS.jpg\",\"contentUrl\":\"https:\\\/\\\/fernox.com\\\/tr\\\/wp-content\\\/uploads\\\/sites\\\/24\\\/2026\\\/03\\\/62735-1LRS.jpg\",\"width\":800,\"height\":800},{\"@type\":\"BreadcrumbList\",\"@id\":\"https:\\\/\\\/fernox.com\\\/tr\\\/product\\\/express-inhibitor-test\\\/#breadcrumb\",\"itemListElement\":[{\"@type\":\"ListItem\",\"position\":1,\"name\":\"Home\",\"item\":\"https:\\\/\\\/fernox.com\\\/tr\\\/\"},{\"@type\":\"ListItem\",\"position\":2,\"name\":\"Products\",\"item\":\"https:\\\/\\\/fernox.com\\\/tr\\\/shop\\\/\"},{\"@type\":\"ListItem\",\"position\":3,\"name\":\"Express Inhibitor Test\"}]},{\"@type\":\"WebSite\",\"@id\":\"https:\\\/\\\/fernox.com\\\/tr\\\/#website\",\"url\":\"https:\\\/\\\/fernox.com\\\/tr\\\/\",\"name\":\"Fernox Turkey\",\"description\":\"\",\"publisher\":{\"@id\":\"https:\\\/\\\/fernox.com\\\/tr\\\/#organization\"},\"potentialAction\":[{\"@type\":\"SearchAction\",\"target\":{\"@type\":\"EntryPoint\",\"urlTemplate\":\"https:\\\/\\\/fernox.com\\\/tr\\\/?s={search_term_string}\"},\"query-input\":{\"@type\":\"PropertyValueSpecification\",\"valueRequired\":true,\"valueName\":\"search_term_string\"}}],\"inLanguage\":\"en-GB\"},{\"@type\":\"Organization\",\"@id\":\"https:\\\/\\\/fernox.com\\\/tr\\\/#organization\",\"name\":\"Fernox Turkey\",\"url\":\"https:\\\/\\\/fernox.com\\\/tr\\\/\",\"logo\":{\"@type\":\"ImageObject\",\"inLanguage\":\"en-GB\",\"@id\":\"https:\\\/\\\/fernox.com\\\/tr\\\/#\\\/schema\\\/logo\\\/image\\\/\",\"url\":\"https:\\\/\\\/fernox.com\\\/tr\\\/wp-content\\\/uploads\\\/sites\\\/24\\\/2020\\\/11\\\/cropped-fernox-Logo-transparent.png\",\"contentUrl\":\"https:\\\/\\\/fernox.com\\\/tr\\\/wp-content\\\/uploads\\\/sites\\\/24\\\/2020\\\/11\\\/cropped-fernox-Logo-transparent.png\",\"width\":664,\"height\":150,\"caption\":\"Fernox Turkey\"},\"image\":{\"@id\":\"https:\\\/\\\/fernox.com\\\/tr\\\/#\\\/schema\\\/logo\\\/image\\\/\"}}]}<\/script>\n<!-- \/ Yoast SEO plugin. -->","yoast_head_json":{"title":"Express Inhibitor Test - Fernox Turkey","robots":{"index":"index","follow":"follow","max-snippet":"max-snippet:-1","max-image-preview":"max-image-preview:large","max-video-preview":"max-video-preview:-1"},"canonical":"https:\/\/fernox.com\/tr\/product\/express-inhibitor-test\/","og_locale":"en_GB","og_type":"article","og_title":"Express Inhibitor Test - Fernox Turkey","og_description":"Express \u0130nhibit\u00f6r Testi, t\u00fcm Fernox Koruyucular\u0131 ve di\u011fer molibdat bazl\u0131 inhibit\u00f6rlerin, merkezi \u0131s\u0131tma sistemlerinin suyundaki konsantrasyonunu h\u0131zl\u0131 bir \u015fekilde yerinde analiz etmeyi sa\u011flar. Kullan\u0131m\u0131 kolay ve sezgisel olan bu test, sistemdeki inhibit\u00f6rlerin varl\u0131\u011f\u0131n\u0131 belirlemek i\u00e7in basit bir test y\u00f6ntemidir. \u0130nhibit\u00f6r konsantrasyonu testi, yerel y\u00f6netmeliklere ve en iyi uygulamalara uyumu sa\u011flamaya yard\u0131mc\u0131 olabilir ve kombi garantilerini [&hellip;]","og_url":"https:\/\/fernox.com\/tr\/product\/express-inhibitor-test\/","og_site_name":"Fernox Turkey","article_modified_time":"2026-03-19T10:01:11+00:00","og_image":[{"width":800,"height":800,"url":"https:\/\/fernox.com\/tr\/wp-content\/uploads\/sites\/24\/2026\/03\/62735-1LRS.jpg","type":"image\/jpeg"}],"twitter_card":"summary_large_image","twitter_misc":{"Estimated reading time":"1 minute"},"schema":{"@context":"https:\/\/schema.org","@graph":[{"@type":"WebPage","@id":"https:\/\/fernox.com\/tr\/product\/express-inhibitor-test\/","url":"https:\/\/fernox.com\/tr\/product\/express-inhibitor-test\/","name":"Express Inhibitor Test - Fernox Turkey","isPartOf":{"@id":"https:\/\/fernox.com\/tr\/#website"},"primaryImageOfPage":{"@id":"https:\/\/fernox.com\/tr\/product\/express-inhibitor-test\/#primaryimage"},"image":{"@id":"https:\/\/fernox.com\/tr\/product\/express-inhibitor-test\/#primaryimage"},"thumbnailUrl":"https:\/\/fernox.com\/tr\/wp-content\/uploads\/sites\/24\/2026\/03\/62735-1LRS.jpg","datePublished":"2026-03-19T10:01:10+00:00","dateModified":"2026-03-19T10:01:11+00:00","breadcrumb":{"@id":"https:\/\/fernox.com\/tr\/product\/express-inhibitor-test\/#breadcrumb"},"inLanguage":"en-GB","potentialAction":[{"@type":"ReadAction","target":["https:\/\/fernox.com\/tr\/product\/express-inhibitor-test\/"]}]},{"@type":"ImageObject","inLanguage":"en-GB","@id":"https:\/\/fernox.com\/tr\/product\/express-inhibitor-test\/#primaryimage","url":"https:\/\/fernox.com\/tr\/wp-content\/uploads\/sites\/24\/2026\/03\/62735-1LRS.jpg","contentUrl":"https:\/\/fernox.com\/tr\/wp-content\/uploads\/sites\/24\/2026\/03\/62735-1LRS.jpg","width":800,"height":800},{"@type":"BreadcrumbList","@id":"https:\/\/fernox.com\/tr\/product\/express-inhibitor-test\/#breadcrumb","itemListElement":[{"@type":"ListItem","position":1,"name":"Home","item":"https:\/\/fernox.com\/tr\/"},{"@type":"ListItem","position":2,"name":"Products","item":"https:\/\/fernox.com\/tr\/shop\/"},{"@type":"ListItem","position":3,"name":"Express Inhibitor Test"}]},{"@type":"WebSite","@id":"https:\/\/fernox.com\/tr\/#website","url":"https:\/\/fernox.com\/tr\/","name":"Fernox Turkey","description":"","publisher":{"@id":"https:\/\/fernox.com\/tr\/#organization"},"potentialAction":[{"@type":"SearchAction","target":{"@type":"EntryPoint","urlTemplate":"https:\/\/fernox.com\/tr\/?s={search_term_string}"},"query-input":{"@type":"PropertyValueSpecification","valueRequired":true,"valueName":"search_term_string"}}],"inLanguage":"en-GB"},{"@type":"Organization","@id":"https:\/\/fernox.com\/tr\/#organization","name":"Fernox Turkey","url":"https:\/\/fernox.com\/tr\/","logo":{"@type":"ImageObject","inLanguage":"en-GB","@id":"https:\/\/fernox.com\/tr\/#\/schema\/logo\/image\/","url":"https:\/\/fernox.com\/tr\/wp-content\/uploads\/sites\/24\/2020\/11\/cropped-fernox-Logo-transparent.png","contentUrl":"https:\/\/fernox.com\/tr\/wp-content\/uploads\/sites\/24\/2020\/11\/cropped-fernox-Logo-transparent.png","width":664,"height":150,"caption":"Fernox Turkey"},"image":{"@id":"https:\/\/fernox.com\/tr\/#\/schema\/logo\/image\/"}}]}},"_links":{"self":[{"href":"https:\/\/fernox.com\/tr\/wp-json\/wp\/v2\/product\/39502","targetHints":{"allow":["GET"]}}],"collection":[{"href":"https:\/\/fernox.com\/tr\/wp-json\/wp\/v2\/product"}],"about":[{"href":"https:\/\/fernox.com\/tr\/wp-json\/wp\/v2\/types\/product"}],"wp:featuredmedia":[{"embeddable":true,"href":"https:\/\/fernox.com\/tr\/wp-json\/wp\/v2\/media\/39695"}],"wp:attachment":[{"href":"https:\/\/fernox.com\/tr\/wp-json\/wp\/v2\/media?parent=39502"}],"wp:term":[{"taxonomy":"product_brand","embeddable":true,"href":"https:\/\/fernox.com\/tr\/wp-json\/wp\/v2\/product_brand?post=39502"},{"taxonomy":"product_cat","embeddable":true,"href":"https:\/\/fernox.com\/tr\/wp-json\/wp\/v2\/product_cat?post=39502"},{"taxonomy":"product_tag","embeddable":true,"href":"https:\/\/fernox.com\/tr\/wp-json\/wp\/v2\/product_tag?post=39502"}],"curies":[{"name":"wp","href":"https:\/\/api.w.org\/{rel}","templated":true}]}}