{"id":39500,"date":"2026-04-27T02:32:24","date_gmt":"2026-04-26T23:32:24","guid":{"rendered":"https:\/\/fernox.com\/tr\/product\/refractometer\/"},"modified":"2026-04-27T02:32:26","modified_gmt":"2026-04-26T23:32:26","slug":"refractometer","status":"publish","type":"product","link":"https:\/\/fernox.com\/tr\/product\/refractometer\/","title":{"rendered":"Refractometer"},"content":{"rendered":"<p>Do\u011fru, kullan\u0131m\u0131 kolay antifriz test cihaz\u0131, sistemde bulunan bak\u0131m yo\u011funlu\u011funu belirlemek i\u00e7in t\u00fcm glikol bazl\u0131 antifriz \u00fcr\u00fcnlerinin verdi\u011fi k\u0131r\u0131lan \u0131\u015f\u0131\u011f\u0131 \u00f6l\u00e7mek i\u00e7in ayarlanabilir bir g\u00f6z merce\u011fi kullan\u0131r.<\/p>\n<ul>\n<li>Antifriz ve \u0131s\u0131 transfer ak\u0131\u015fkanlar\u0131n\u0131n yerinde kolay \u00f6l\u00e7\u00fcm\u00fc\n<\/li>\n<li>Ayarlanabilir g\u00f6z merce\u011fi\n<\/li>\n<li>Kullan\u0131m\u0131 kolay\n<\/li>\n<li>Kaliteli, bak\u0131m gerektirmeyen cihaz\n<p><\/li>\n<\/ul>\n","protected":false},"excerpt":{"rendered":"<p>Do\u011fru, kullan\u0131m\u0131 kolay antifriz test cihaz\u0131, sistemde bulunan bak\u0131m yo\u011funlu\u011funu belirlemek i\u00e7in t\u00fcm glikol bazl\u0131 antifriz \u00fcr\u00fcnlerinin verdi\u011fi k\u0131r\u0131lan \u0131\u015f\u0131\u011f\u0131 \u00f6l\u00e7mek i\u00e7in ayarlanabilir bir g\u00f6z merce\u011fi kullan\u0131r. Antifriz ve \u0131s\u0131 transfer ak\u0131\u015fkanlar\u0131n\u0131n yerinde kolay \u00f6l\u00e7\u00fcm\u00fc Ayarlanabilir g\u00f6z merce\u011fi Kullan\u0131m\u0131 kolay Kaliteli, bak\u0131m gerektirmeyen cihaz<\/p>\n","protected":false},"featured_media":40092,"template":"","meta":{"_acf_changed":false},"product_brand":[],"product_cat":[180],"product_tag":[],"class_list":{"0":"post-39500","1":"product","2":"type-product","3":"status-publish","4":"has-post-thumbnail","6":"product_cat-test-kits","8":"first","9":"instock","10":"purchasable","11":"product-type-simple"},"acf":[],"_links":{"self":[{"href":"https:\/\/fernox.com\/tr\/wp-json\/wp\/v2\/product\/39500","targetHints":{"allow":["GET"]}}],"collection":[{"href":"https:\/\/fernox.com\/tr\/wp-json\/wp\/v2\/product"}],"about":[{"href":"https:\/\/fernox.com\/tr\/wp-json\/wp\/v2\/types\/product"}],"wp:featuredmedia":[{"embeddable":true,"href":"https:\/\/fernox.com\/tr\/wp-json\/wp\/v2\/media\/40092"}],"wp:attachment":[{"href":"https:\/\/fernox.com\/tr\/wp-json\/wp\/v2\/media?parent=39500"}],"wp:term":[{"taxonomy":"product_brand","embeddable":true,"href":"https:\/\/fernox.com\/tr\/wp-json\/wp\/v2\/product_brand?post=39500"},{"taxonomy":"product_cat","embeddable":true,"href":"https:\/\/fernox.com\/tr\/wp-json\/wp\/v2\/product_cat?post=39500"},{"taxonomy":"product_tag","embeddable":true,"href":"https:\/\/fernox.com\/tr\/wp-json\/wp\/v2\/product_tag?post=39500"}],"curies":[{"name":"wp","href":"https:\/\/api.w.org\/{rel}","templated":true}]}}