{"id":39498,"date":"2026-03-19T13:01:05","date_gmt":"2026-03-19T10:01:05","guid":{"rendered":"https:\/\/fernox.com\/tr\/product\/protector-filter-fluid-f9-265ml\/"},"modified":"2026-03-19T13:01:06","modified_gmt":"2026-03-19T10:01:06","slug":"protector-filter-fluid-f9-265ml","status":"publish","type":"product","link":"https:\/\/fernox.com\/tr\/product\/protector-filter-fluid-f9-265ml\/","title":{"rendered":"Protector+ Filter Fluid F9 265ml"},"content":{"rendered":"<p>Fernox TF1 d\u00fcz eksenli sistem filtreleri veya di\u011fer benzer filtrelerle kullan\u0131lmak \u00fczere tasarlanan bu benzersiz inhibit\u00f6r paketi, korozyon, birikinti ve kirecin bir filtre yard\u0131m\u0131yla g\u00fcvenli bir \u015fekilde toplanmas\u0131n\u0131 kolayla\u015ft\u0131ran kan\u0131tlanm\u0131\u015f bir aktif da\u011f\u0131t\u0131c\u0131 i\u00e7erir. Bu inhibit\u00f6r sistem filtresinin performans\u0131n\u0131 art\u0131r\u0131rken ayn\u0131 zamanda korozyona ve kire\u00e7 olu\u015fumuna kar\u015f\u0131 tam koruma sa\u011flar. Sistem \u00f6mr\u00fcn\u00fc uzatan ve optimum verimlilik sa\u011flayan kan\u0131tlanm\u0131\u015f ve yenilik\u00e7i bu form\u00fcl ayn\u0131 zamanda \u00e7evre dostu bir \u00fcr\u00fcnd\u00fcr. Y\u0131ll\u0131k sistem servis ve bak\u0131m\u0131n bir par\u00e7as\u0131 olarak yo\u011funluk seviyeleri kontrol edilmelidir.<\/p>\n<ul>\n<li>Sistemde dola\u015fan birikintilerin g\u00fcvenli bir \u015fekilde temizlenmesi ve giderilmesi i\u00e7in sistem filtresine y\u00f6nlendirilmelerini sa\u011flamak amac\u0131yla tasarlanm\u0131\u015f da\u011f\u0131t\u0131c\u0131 i\u00e7eren benzersiz inhibit\u00f6r paketi.\n<\/li>\n<li>Al\u00fcminyum da dahil olmak \u00fczere kar\u0131\u015f\u0131k metaller i\u00e7eren \u0131s\u0131tma sistemlerinde kullan\u0131l\u0131r.\n<\/li>\n<li>Sistemde kal\u0131c\u0131 olarak kalacak \u015fekilde tasarlanm\u0131\u015ft\u0131r. 100 litreye kadar sistem suyunu (12 radyat\u00f6r) ve 190 m2&#8217;ye varan yerden \u0131s\u0131tma sistemlerini temizler. Daha k\u00fc\u00e7\u00fck hacimli \u00fcr\u00fcn &#8211; daha az ambalaj at\u0131\u011f\u0131 ve daha k\u00fc\u00e7\u00fck \u00e7evresel etki.\n<\/li>\n<li>Kire\u00e7 ve korozyon olu\u015fumunu \u00f6nleyerek sistemin \u00f6mr\u00fcn\u00fc uzat\u0131r ve verimlili\u011fini art\u0131r\u0131r\n<\/li>\n<li>Herhangi bir Fernox TF1 Filtresi ile kolayca dozlanabilir\n<\/li>\n<li>Y\u00fcksek etkili, \u00e7evre dostu form\u00fcl. NSF (National Sanitation Foundation &#8211; Ulusal H\u0131fz\u0131ss\u0131hha Vakf\u0131) ve Belgaqua (Bel\u00e7ika Su Sekt\u00f6r\u00fc Federasyonu) onayl\u0131<br \/>\n<\/li>\n<\/ul>\n","protected":false},"excerpt":{"rendered":"<p>Fernox TF1 d\u00fcz eksenli sistem filtreleri veya di\u011fer benzer filtrelerle kullan\u0131lmak \u00fczere tasarlanan bu benzersiz inhibit\u00f6r paketi, korozyon, birikinti ve kirecin bir filtre yard\u0131m\u0131yla g\u00fcvenli bir \u015fekilde toplanmas\u0131n\u0131 kolayla\u015ft\u0131ran kan\u0131tlanm\u0131\u015f bir aktif da\u011f\u0131t\u0131c\u0131 i\u00e7erir. Bu inhibit\u00f6r sistem filtresinin performans\u0131n\u0131 art\u0131r\u0131rken ayn\u0131 zamanda korozyona ve kire\u00e7 olu\u015fumuna kar\u015f\u0131 tam koruma sa\u011flar. Sistem \u00f6mr\u00fcn\u00fc uzatan ve optimum [&hellip;]<\/p>\n","protected":false},"featured_media":39693,"template":"","meta":{"_acf_changed":false},"product_brand":[],"product_cat":[175],"product_tag":[],"class_list":{"0":"post-39498","1":"product","2":"type-product","3":"status-publish","4":"has-post-thumbnail","6":"product_cat-inhibitors-protectors","8":"first","9":"instock","10":"purchasable","11":"product-type-simple"},"acf":[],"yoast_head":"<!-- This site is optimized with the Yoast SEO plugin v27.3 - https:\/\/yoast.com\/product\/yoast-seo-wordpress\/ -->\n<title>Protector+ Filter Fluid F9 265ml - Fernox Turkey<\/title>\n<meta name=\"robots\" content=\"index, follow, max-snippet:-1, max-image-preview:large, max-video-preview:-1\" \/>\n<link rel=\"canonical\" href=\"https:\/\/fernox.com\/tr\/product\/protector-filter-fluid-f9-265ml\/\" \/>\n<meta property=\"og:locale\" content=\"en_GB\" \/>\n<meta property=\"og:type\" content=\"article\" \/>\n<meta property=\"og:title\" content=\"Protector+ Filter Fluid F9 265ml - Fernox Turkey\" \/>\n<meta property=\"og:description\" content=\"Fernox TF1 d\u00fcz eksenli sistem filtreleri veya di\u011fer benzer filtrelerle kullan\u0131lmak \u00fczere tasarlanan bu benzersiz inhibit\u00f6r paketi, korozyon, birikinti ve kirecin bir filtre yard\u0131m\u0131yla g\u00fcvenli bir \u015fekilde toplanmas\u0131n\u0131 kolayla\u015ft\u0131ran kan\u0131tlanm\u0131\u015f bir aktif da\u011f\u0131t\u0131c\u0131 i\u00e7erir. Bu inhibit\u00f6r sistem filtresinin performans\u0131n\u0131 art\u0131r\u0131rken ayn\u0131 zamanda korozyona ve kire\u00e7 olu\u015fumuna kar\u015f\u0131 tam koruma sa\u011flar. Sistem \u00f6mr\u00fcn\u00fc uzatan ve optimum [&hellip;]\" \/>\n<meta property=\"og:url\" content=\"https:\/\/fernox.com\/tr\/product\/protector-filter-fluid-f9-265ml\/\" \/>\n<meta property=\"og:site_name\" content=\"Fernox Turkey\" \/>\n<meta property=\"article:modified_time\" content=\"2026-03-19T10:01:06+00:00\" \/>\n<meta property=\"og:image\" content=\"https:\/\/fernox.com\/tr\/wp-content\/uploads\/sites\/24\/2026\/03\/62725-1LRS.jpg\" \/>\n\t<meta property=\"og:image:width\" content=\"800\" \/>\n\t<meta property=\"og:image:height\" content=\"800\" \/>\n\t<meta property=\"og:image:type\" content=\"image\/jpeg\" \/>\n<meta name=\"twitter:card\" content=\"summary_large_image\" \/>\n<meta name=\"twitter:label1\" content=\"Estimated reading time\" \/>\n\t<meta name=\"twitter:data1\" content=\"1 minute\" \/>\n<script type=\"application\/ld+json\" class=\"yoast-schema-graph\">{\"@context\":\"https:\\\/\\\/schema.org\",\"@graph\":[{\"@type\":\"WebPage\",\"@id\":\"https:\\\/\\\/fernox.com\\\/tr\\\/product\\\/protector-filter-fluid-f9-265ml\\\/\",\"url\":\"https:\\\/\\\/fernox.com\\\/tr\\\/product\\\/protector-filter-fluid-f9-265ml\\\/\",\"name\":\"Protector+ Filter Fluid F9 265ml - Fernox Turkey\",\"isPartOf\":{\"@id\":\"https:\\\/\\\/fernox.com\\\/tr\\\/#website\"},\"primaryImageOfPage\":{\"@id\":\"https:\\\/\\\/fernox.com\\\/tr\\\/product\\\/protector-filter-fluid-f9-265ml\\\/#primaryimage\"},\"image\":{\"@id\":\"https:\\\/\\\/fernox.com\\\/tr\\\/product\\\/protector-filter-fluid-f9-265ml\\\/#primaryimage\"},\"thumbnailUrl\":\"https:\\\/\\\/fernox.com\\\/tr\\\/wp-content\\\/uploads\\\/sites\\\/24\\\/2026\\\/03\\\/62725-1LRS.jpg\",\"datePublished\":\"2026-03-19T10:01:05+00:00\",\"dateModified\":\"2026-03-19T10:01:06+00:00\",\"breadcrumb\":{\"@id\":\"https:\\\/\\\/fernox.com\\\/tr\\\/product\\\/protector-filter-fluid-f9-265ml\\\/#breadcrumb\"},\"inLanguage\":\"en-GB\",\"potentialAction\":[{\"@type\":\"ReadAction\",\"target\":[\"https:\\\/\\\/fernox.com\\\/tr\\\/product\\\/protector-filter-fluid-f9-265ml\\\/\"]}]},{\"@type\":\"ImageObject\",\"inLanguage\":\"en-GB\",\"@id\":\"https:\\\/\\\/fernox.com\\\/tr\\\/product\\\/protector-filter-fluid-f9-265ml\\\/#primaryimage\",\"url\":\"https:\\\/\\\/fernox.com\\\/tr\\\/wp-content\\\/uploads\\\/sites\\\/24\\\/2026\\\/03\\\/62725-1LRS.jpg\",\"contentUrl\":\"https:\\\/\\\/fernox.com\\\/tr\\\/wp-content\\\/uploads\\\/sites\\\/24\\\/2026\\\/03\\\/62725-1LRS.jpg\",\"width\":800,\"height\":800},{\"@type\":\"BreadcrumbList\",\"@id\":\"https:\\\/\\\/fernox.com\\\/tr\\\/product\\\/protector-filter-fluid-f9-265ml\\\/#breadcrumb\",\"itemListElement\":[{\"@type\":\"ListItem\",\"position\":1,\"name\":\"Home\",\"item\":\"https:\\\/\\\/fernox.com\\\/tr\\\/\"},{\"@type\":\"ListItem\",\"position\":2,\"name\":\"Products\",\"item\":\"https:\\\/\\\/fernox.com\\\/tr\\\/shop\\\/\"},{\"@type\":\"ListItem\",\"position\":3,\"name\":\"Protector+ Filter Fluid F9 265ml\"}]},{\"@type\":\"WebSite\",\"@id\":\"https:\\\/\\\/fernox.com\\\/tr\\\/#website\",\"url\":\"https:\\\/\\\/fernox.com\\\/tr\\\/\",\"name\":\"Fernox Turkey\",\"description\":\"\",\"publisher\":{\"@id\":\"https:\\\/\\\/fernox.com\\\/tr\\\/#organization\"},\"potentialAction\":[{\"@type\":\"SearchAction\",\"target\":{\"@type\":\"EntryPoint\",\"urlTemplate\":\"https:\\\/\\\/fernox.com\\\/tr\\\/?s={search_term_string}\"},\"query-input\":{\"@type\":\"PropertyValueSpecification\",\"valueRequired\":true,\"valueName\":\"search_term_string\"}}],\"inLanguage\":\"en-GB\"},{\"@type\":\"Organization\",\"@id\":\"https:\\\/\\\/fernox.com\\\/tr\\\/#organization\",\"name\":\"Fernox Turkey\",\"url\":\"https:\\\/\\\/fernox.com\\\/tr\\\/\",\"logo\":{\"@type\":\"ImageObject\",\"inLanguage\":\"en-GB\",\"@id\":\"https:\\\/\\\/fernox.com\\\/tr\\\/#\\\/schema\\\/logo\\\/image\\\/\",\"url\":\"https:\\\/\\\/fernox.com\\\/tr\\\/wp-content\\\/uploads\\\/sites\\\/24\\\/2020\\\/11\\\/cropped-fernox-Logo-transparent.png\",\"contentUrl\":\"https:\\\/\\\/fernox.com\\\/tr\\\/wp-content\\\/uploads\\\/sites\\\/24\\\/2020\\\/11\\\/cropped-fernox-Logo-transparent.png\",\"width\":664,\"height\":150,\"caption\":\"Fernox Turkey\"},\"image\":{\"@id\":\"https:\\\/\\\/fernox.com\\\/tr\\\/#\\\/schema\\\/logo\\\/image\\\/\"}}]}<\/script>\n<!-- \/ Yoast SEO plugin. -->","yoast_head_json":{"title":"Protector+ Filter Fluid F9 265ml - Fernox Turkey","robots":{"index":"index","follow":"follow","max-snippet":"max-snippet:-1","max-image-preview":"max-image-preview:large","max-video-preview":"max-video-preview:-1"},"canonical":"https:\/\/fernox.com\/tr\/product\/protector-filter-fluid-f9-265ml\/","og_locale":"en_GB","og_type":"article","og_title":"Protector+ Filter Fluid F9 265ml - Fernox Turkey","og_description":"Fernox TF1 d\u00fcz eksenli sistem filtreleri veya di\u011fer benzer filtrelerle kullan\u0131lmak \u00fczere tasarlanan bu benzersiz inhibit\u00f6r paketi, korozyon, birikinti ve kirecin bir filtre yard\u0131m\u0131yla g\u00fcvenli bir \u015fekilde toplanmas\u0131n\u0131 kolayla\u015ft\u0131ran kan\u0131tlanm\u0131\u015f bir aktif da\u011f\u0131t\u0131c\u0131 i\u00e7erir. Bu inhibit\u00f6r sistem filtresinin performans\u0131n\u0131 art\u0131r\u0131rken ayn\u0131 zamanda korozyona ve kire\u00e7 olu\u015fumuna kar\u015f\u0131 tam koruma sa\u011flar. Sistem \u00f6mr\u00fcn\u00fc uzatan ve optimum [&hellip;]","og_url":"https:\/\/fernox.com\/tr\/product\/protector-filter-fluid-f9-265ml\/","og_site_name":"Fernox Turkey","article_modified_time":"2026-03-19T10:01:06+00:00","og_image":[{"width":800,"height":800,"url":"https:\/\/fernox.com\/tr\/wp-content\/uploads\/sites\/24\/2026\/03\/62725-1LRS.jpg","type":"image\/jpeg"}],"twitter_card":"summary_large_image","twitter_misc":{"Estimated reading time":"1 minute"},"schema":{"@context":"https:\/\/schema.org","@graph":[{"@type":"WebPage","@id":"https:\/\/fernox.com\/tr\/product\/protector-filter-fluid-f9-265ml\/","url":"https:\/\/fernox.com\/tr\/product\/protector-filter-fluid-f9-265ml\/","name":"Protector+ Filter Fluid F9 265ml - Fernox Turkey","isPartOf":{"@id":"https:\/\/fernox.com\/tr\/#website"},"primaryImageOfPage":{"@id":"https:\/\/fernox.com\/tr\/product\/protector-filter-fluid-f9-265ml\/#primaryimage"},"image":{"@id":"https:\/\/fernox.com\/tr\/product\/protector-filter-fluid-f9-265ml\/#primaryimage"},"thumbnailUrl":"https:\/\/fernox.com\/tr\/wp-content\/uploads\/sites\/24\/2026\/03\/62725-1LRS.jpg","datePublished":"2026-03-19T10:01:05+00:00","dateModified":"2026-03-19T10:01:06+00:00","breadcrumb":{"@id":"https:\/\/fernox.com\/tr\/product\/protector-filter-fluid-f9-265ml\/#breadcrumb"},"inLanguage":"en-GB","potentialAction":[{"@type":"ReadAction","target":["https:\/\/fernox.com\/tr\/product\/protector-filter-fluid-f9-265ml\/"]}]},{"@type":"ImageObject","inLanguage":"en-GB","@id":"https:\/\/fernox.com\/tr\/product\/protector-filter-fluid-f9-265ml\/#primaryimage","url":"https:\/\/fernox.com\/tr\/wp-content\/uploads\/sites\/24\/2026\/03\/62725-1LRS.jpg","contentUrl":"https:\/\/fernox.com\/tr\/wp-content\/uploads\/sites\/24\/2026\/03\/62725-1LRS.jpg","width":800,"height":800},{"@type":"BreadcrumbList","@id":"https:\/\/fernox.com\/tr\/product\/protector-filter-fluid-f9-265ml\/#breadcrumb","itemListElement":[{"@type":"ListItem","position":1,"name":"Home","item":"https:\/\/fernox.com\/tr\/"},{"@type":"ListItem","position":2,"name":"Products","item":"https:\/\/fernox.com\/tr\/shop\/"},{"@type":"ListItem","position":3,"name":"Protector+ Filter Fluid F9 265ml"}]},{"@type":"WebSite","@id":"https:\/\/fernox.com\/tr\/#website","url":"https:\/\/fernox.com\/tr\/","name":"Fernox Turkey","description":"","publisher":{"@id":"https:\/\/fernox.com\/tr\/#organization"},"potentialAction":[{"@type":"SearchAction","target":{"@type":"EntryPoint","urlTemplate":"https:\/\/fernox.com\/tr\/?s={search_term_string}"},"query-input":{"@type":"PropertyValueSpecification","valueRequired":true,"valueName":"search_term_string"}}],"inLanguage":"en-GB"},{"@type":"Organization","@id":"https:\/\/fernox.com\/tr\/#organization","name":"Fernox Turkey","url":"https:\/\/fernox.com\/tr\/","logo":{"@type":"ImageObject","inLanguage":"en-GB","@id":"https:\/\/fernox.com\/tr\/#\/schema\/logo\/image\/","url":"https:\/\/fernox.com\/tr\/wp-content\/uploads\/sites\/24\/2020\/11\/cropped-fernox-Logo-transparent.png","contentUrl":"https:\/\/fernox.com\/tr\/wp-content\/uploads\/sites\/24\/2020\/11\/cropped-fernox-Logo-transparent.png","width":664,"height":150,"caption":"Fernox Turkey"},"image":{"@id":"https:\/\/fernox.com\/tr\/#\/schema\/logo\/image\/"}}]}},"_links":{"self":[{"href":"https:\/\/fernox.com\/tr\/wp-json\/wp\/v2\/product\/39498","targetHints":{"allow":["GET"]}}],"collection":[{"href":"https:\/\/fernox.com\/tr\/wp-json\/wp\/v2\/product"}],"about":[{"href":"https:\/\/fernox.com\/tr\/wp-json\/wp\/v2\/types\/product"}],"wp:featuredmedia":[{"embeddable":true,"href":"https:\/\/fernox.com\/tr\/wp-json\/wp\/v2\/media\/39693"}],"wp:attachment":[{"href":"https:\/\/fernox.com\/tr\/wp-json\/wp\/v2\/media?parent=39498"}],"wp:term":[{"taxonomy":"product_brand","embeddable":true,"href":"https:\/\/fernox.com\/tr\/wp-json\/wp\/v2\/product_brand?post=39498"},{"taxonomy":"product_cat","embeddable":true,"href":"https:\/\/fernox.com\/tr\/wp-json\/wp\/v2\/product_cat?post=39498"},{"taxonomy":"product_tag","embeddable":true,"href":"https:\/\/fernox.com\/tr\/wp-json\/wp\/v2\/product_tag?post=39498"}],"curies":[{"name":"wp","href":"https:\/\/api.w.org\/{rel}","templated":true}]}}