{"id":39496,"date":"2026-03-19T13:00:58","date_gmt":"2026-03-19T10:00:58","guid":{"rendered":"https:\/\/fernox.com\/tr\/product\/cleaner-f3-265ml\/"},"modified":"2026-03-19T13:01:02","modified_gmt":"2026-03-19T10:01:02","slug":"cleaner-f3-265ml","status":"publish","type":"product","link":"https:\/\/fernox.com\/tr\/product\/cleaner-f3-265ml\/","title":{"rendered":"Cleaner F3 265ml"},"content":{"rendered":"<p>Fernox Cleaner F3 265ml, merkezi \u0131s\u0131tma sistemleri i\u00e7in evrensel, h\u0131zl\u0131 etki eden ve etkin bir pH n\u00f6tr temizleyicidir. Mevcut sistemlerde bulunan birikinti, \u00e7amur ve kireci temizlemek i\u00e7in tasarlanm\u0131\u015ft\u0131r. Sistem verimlili\u011fini ilk g\u00fcnk\u00fc haline geri getirir ve kazan g\u00fcr\u00fclt\u00fcs\u00fcn\u00fc ortadan kald\u0131r\u0131r. Yeni kurulan sistemleri devreye almadan \u00f6nce sistemin \u00f6mr\u00fcn\u00fc uzatmaya yard\u0131mc\u0131 olmak i\u00e7in eritken kal\u0131nt\u0131lar\u0131n\u0131 ve di\u011fer birikintileri gidermek suretiyle temizlemek i\u00e7in tasarlanm\u0131\u015ft\u0131r. <\/p>\n<p>Denenmi\u015f ve test edilmi\u015f Fernox Cleaner serisinin bir par\u00e7as\u0131 olan bu 265 ml&#8217;lik \u00fcr\u00fcn, y\u00fcksek performans, kalite ve kullan\u0131m kolayl\u0131\u011f\u0131ndan \u00f6d\u00fcn vermeden daha ambalajdan ve at\u0131ktan tasarruf sa\u011fl\u0131yor. Kullan\u0131\u015fl\u0131 boyutuyla bu \u015fi\u015fe, ortalama 100 litrelik veya 12 radyat\u00f6rl\u00fc bir sistemi ar\u0131tabilir ve bir TF1 Filtresi ile dozlanabilir.<\/p>\n<p> Cleaner F3 man\u00fcel veya manyetik y\u0131kamalar gibi her t\u00fcrl\u00fc temizleme y\u00f6ntemi i\u00e7in kullan\u0131labilir ve yo\u011fun \u00e7amurlu sistemlerde Cleaner F3 bas\u0131n\u00e7l\u0131 y\u0131kama \u00fcnitesi ile birlikte kullan\u0131labilir.<\/p>\n<p>Merkezi \u0131s\u0131tma sisteminizi Fernox F3 Cleaner kullanarak temizlemek ve Fernox F1 Protector ile korumak sisteminizin verimlili\u011fini ilk g\u00fcnk\u00fc haline geri getirir ve muhafaza eder, bu sayede siz de odan\u0131z\u0131 her \u0131s\u0131tt\u0131\u011f\u0131n\u0131zda %15&#8217;e varan enerji tasarrufu sa\u011flars\u0131n\u0131z.<\/p>\n<ul>\n<li>\u00c7amur, kire\u00e7 ve tesisat birikintilerini giderir\n<\/li>\n<li>Optimum verimlili\u011fi sa\u011flamak i\u00e7in yeni ve mevcut sistemlerde kullan\u0131ma uygundur\n<\/li>\n<li>Al\u00fcminyum da dahil, \u0131s\u0131tma sistemlerinde kullan\u0131lan t\u00fcm metallerle uyumludur\n<\/li>\n<li>Ortalama b\u00fcy\u00fckl\u00fckteki bir evde bulunan 12 radyat\u00f6rl\u00fc , 100 litreye kadar olan \u0131s\u0131tma sistemlerinde,  yada 190 m\u00b2&#8217;ye varan yerden \u0131s\u0131tma sistemlerinde etki etmektedir.  Daha k\u00fc\u00e7\u00fck hacimli \u00fcr\u00fcn ile daha az ambalaj at\u0131\u011f\u0131 ayn\u0131 zamanda daha az \u00e7evresel etkisi bulunmaktad\u0131r\n<\/li>\n<li>Herhangi bir Fernox TF1 Filtresi ile kolayca dozlanabilir\n<\/li>\n<li>Tehlikesiz, pH N\u00f6tr form\u00fcl<br \/>\n<\/li>\n<\/ul>\n","protected":false},"excerpt":{"rendered":"<p>Fernox Cleaner F3 265ml, merkezi \u0131s\u0131tma sistemleri i\u00e7in evrensel, h\u0131zl\u0131 etki eden ve etkin bir pH n\u00f6tr temizleyicidir. Mevcut sistemlerde bulunan birikinti, \u00e7amur ve kireci temizlemek i\u00e7in tasarlanm\u0131\u015ft\u0131r. Sistem verimlili\u011fini ilk g\u00fcnk\u00fc haline geri getirir ve kazan g\u00fcr\u00fclt\u00fcs\u00fcn\u00fc ortadan kald\u0131r\u0131r. Yeni kurulan sistemleri devreye almadan \u00f6nce sistemin \u00f6mr\u00fcn\u00fc uzatmaya yard\u0131mc\u0131 olmak i\u00e7in eritken kal\u0131nt\u0131lar\u0131n\u0131 ve [&hellip;]<\/p>\n","protected":false},"featured_media":39692,"template":"","meta":{"_acf_changed":false},"product_brand":[],"product_cat":[178],"product_tag":[],"class_list":{"0":"post-39496","1":"product","2":"type-product","3":"status-publish","4":"has-post-thumbnail","6":"product_cat-cleaners","8":"first","9":"instock","10":"purchasable","11":"product-type-simple"},"acf":[],"yoast_head":"<!-- This site is optimized with the Yoast SEO plugin v27.3 - https:\/\/yoast.com\/product\/yoast-seo-wordpress\/ -->\n<title>Cleaner F3 265ml - Fernox Turkey<\/title>\n<meta name=\"robots\" content=\"index, follow, max-snippet:-1, max-image-preview:large, max-video-preview:-1\" \/>\n<link rel=\"canonical\" href=\"https:\/\/fernox.com\/tr\/product\/cleaner-f3-265ml\/\" \/>\n<meta property=\"og:locale\" content=\"en_GB\" \/>\n<meta property=\"og:type\" content=\"article\" \/>\n<meta property=\"og:title\" content=\"Cleaner F3 265ml - Fernox Turkey\" \/>\n<meta property=\"og:description\" content=\"Fernox Cleaner F3 265ml, merkezi \u0131s\u0131tma sistemleri i\u00e7in evrensel, h\u0131zl\u0131 etki eden ve etkin bir pH n\u00f6tr temizleyicidir. Mevcut sistemlerde bulunan birikinti, \u00e7amur ve kireci temizlemek i\u00e7in tasarlanm\u0131\u015ft\u0131r. Sistem verimlili\u011fini ilk g\u00fcnk\u00fc haline geri getirir ve kazan g\u00fcr\u00fclt\u00fcs\u00fcn\u00fc ortadan kald\u0131r\u0131r. Yeni kurulan sistemleri devreye almadan \u00f6nce sistemin \u00f6mr\u00fcn\u00fc uzatmaya yard\u0131mc\u0131 olmak i\u00e7in eritken kal\u0131nt\u0131lar\u0131n\u0131 ve [&hellip;]\" \/>\n<meta property=\"og:url\" content=\"https:\/\/fernox.com\/tr\/product\/cleaner-f3-265ml\/\" \/>\n<meta property=\"og:site_name\" content=\"Fernox Turkey\" \/>\n<meta property=\"article:modified_time\" content=\"2026-03-19T10:01:02+00:00\" \/>\n<meta property=\"og:image\" content=\"https:\/\/fernox.com\/tr\/wp-content\/uploads\/sites\/24\/2026\/03\/62724-1LRS.jpg\" \/>\n\t<meta property=\"og:image:width\" content=\"800\" \/>\n\t<meta property=\"og:image:height\" content=\"800\" \/>\n\t<meta property=\"og:image:type\" content=\"image\/jpeg\" \/>\n<meta name=\"twitter:card\" content=\"summary_large_image\" \/>\n<meta name=\"twitter:label1\" content=\"Estimated reading time\" \/>\n\t<meta name=\"twitter:data1\" content=\"2 minutes\" \/>\n<script type=\"application\/ld+json\" class=\"yoast-schema-graph\">{\"@context\":\"https:\\\/\\\/schema.org\",\"@graph\":[{\"@type\":\"WebPage\",\"@id\":\"https:\\\/\\\/fernox.com\\\/tr\\\/product\\\/cleaner-f3-265ml\\\/\",\"url\":\"https:\\\/\\\/fernox.com\\\/tr\\\/product\\\/cleaner-f3-265ml\\\/\",\"name\":\"Cleaner F3 265ml - Fernox Turkey\",\"isPartOf\":{\"@id\":\"https:\\\/\\\/fernox.com\\\/tr\\\/#website\"},\"primaryImageOfPage\":{\"@id\":\"https:\\\/\\\/fernox.com\\\/tr\\\/product\\\/cleaner-f3-265ml\\\/#primaryimage\"},\"image\":{\"@id\":\"https:\\\/\\\/fernox.com\\\/tr\\\/product\\\/cleaner-f3-265ml\\\/#primaryimage\"},\"thumbnailUrl\":\"https:\\\/\\\/fernox.com\\\/tr\\\/wp-content\\\/uploads\\\/sites\\\/24\\\/2026\\\/03\\\/62724-1LRS.jpg\",\"datePublished\":\"2026-03-19T10:00:58+00:00\",\"dateModified\":\"2026-03-19T10:01:02+00:00\",\"breadcrumb\":{\"@id\":\"https:\\\/\\\/fernox.com\\\/tr\\\/product\\\/cleaner-f3-265ml\\\/#breadcrumb\"},\"inLanguage\":\"en-GB\",\"potentialAction\":[{\"@type\":\"ReadAction\",\"target\":[\"https:\\\/\\\/fernox.com\\\/tr\\\/product\\\/cleaner-f3-265ml\\\/\"]}]},{\"@type\":\"ImageObject\",\"inLanguage\":\"en-GB\",\"@id\":\"https:\\\/\\\/fernox.com\\\/tr\\\/product\\\/cleaner-f3-265ml\\\/#primaryimage\",\"url\":\"https:\\\/\\\/fernox.com\\\/tr\\\/wp-content\\\/uploads\\\/sites\\\/24\\\/2026\\\/03\\\/62724-1LRS.jpg\",\"contentUrl\":\"https:\\\/\\\/fernox.com\\\/tr\\\/wp-content\\\/uploads\\\/sites\\\/24\\\/2026\\\/03\\\/62724-1LRS.jpg\",\"width\":800,\"height\":800},{\"@type\":\"BreadcrumbList\",\"@id\":\"https:\\\/\\\/fernox.com\\\/tr\\\/product\\\/cleaner-f3-265ml\\\/#breadcrumb\",\"itemListElement\":[{\"@type\":\"ListItem\",\"position\":1,\"name\":\"Home\",\"item\":\"https:\\\/\\\/fernox.com\\\/tr\\\/\"},{\"@type\":\"ListItem\",\"position\":2,\"name\":\"Products\",\"item\":\"https:\\\/\\\/fernox.com\\\/tr\\\/shop\\\/\"},{\"@type\":\"ListItem\",\"position\":3,\"name\":\"Cleaner F3 265ml\"}]},{\"@type\":\"WebSite\",\"@id\":\"https:\\\/\\\/fernox.com\\\/tr\\\/#website\",\"url\":\"https:\\\/\\\/fernox.com\\\/tr\\\/\",\"name\":\"Fernox Turkey\",\"description\":\"\",\"publisher\":{\"@id\":\"https:\\\/\\\/fernox.com\\\/tr\\\/#organization\"},\"potentialAction\":[{\"@type\":\"SearchAction\",\"target\":{\"@type\":\"EntryPoint\",\"urlTemplate\":\"https:\\\/\\\/fernox.com\\\/tr\\\/?s={search_term_string}\"},\"query-input\":{\"@type\":\"PropertyValueSpecification\",\"valueRequired\":true,\"valueName\":\"search_term_string\"}}],\"inLanguage\":\"en-GB\"},{\"@type\":\"Organization\",\"@id\":\"https:\\\/\\\/fernox.com\\\/tr\\\/#organization\",\"name\":\"Fernox Turkey\",\"url\":\"https:\\\/\\\/fernox.com\\\/tr\\\/\",\"logo\":{\"@type\":\"ImageObject\",\"inLanguage\":\"en-GB\",\"@id\":\"https:\\\/\\\/fernox.com\\\/tr\\\/#\\\/schema\\\/logo\\\/image\\\/\",\"url\":\"https:\\\/\\\/fernox.com\\\/tr\\\/wp-content\\\/uploads\\\/sites\\\/24\\\/2020\\\/11\\\/cropped-fernox-Logo-transparent.png\",\"contentUrl\":\"https:\\\/\\\/fernox.com\\\/tr\\\/wp-content\\\/uploads\\\/sites\\\/24\\\/2020\\\/11\\\/cropped-fernox-Logo-transparent.png\",\"width\":664,\"height\":150,\"caption\":\"Fernox Turkey\"},\"image\":{\"@id\":\"https:\\\/\\\/fernox.com\\\/tr\\\/#\\\/schema\\\/logo\\\/image\\\/\"}}]}<\/script>\n<!-- \/ Yoast SEO plugin. -->","yoast_head_json":{"title":"Cleaner F3 265ml - Fernox Turkey","robots":{"index":"index","follow":"follow","max-snippet":"max-snippet:-1","max-image-preview":"max-image-preview:large","max-video-preview":"max-video-preview:-1"},"canonical":"https:\/\/fernox.com\/tr\/product\/cleaner-f3-265ml\/","og_locale":"en_GB","og_type":"article","og_title":"Cleaner F3 265ml - Fernox Turkey","og_description":"Fernox Cleaner F3 265ml, merkezi \u0131s\u0131tma sistemleri i\u00e7in evrensel, h\u0131zl\u0131 etki eden ve etkin bir pH n\u00f6tr temizleyicidir. Mevcut sistemlerde bulunan birikinti, \u00e7amur ve kireci temizlemek i\u00e7in tasarlanm\u0131\u015ft\u0131r. Sistem verimlili\u011fini ilk g\u00fcnk\u00fc haline geri getirir ve kazan g\u00fcr\u00fclt\u00fcs\u00fcn\u00fc ortadan kald\u0131r\u0131r. Yeni kurulan sistemleri devreye almadan \u00f6nce sistemin \u00f6mr\u00fcn\u00fc uzatmaya yard\u0131mc\u0131 olmak i\u00e7in eritken kal\u0131nt\u0131lar\u0131n\u0131 ve [&hellip;]","og_url":"https:\/\/fernox.com\/tr\/product\/cleaner-f3-265ml\/","og_site_name":"Fernox Turkey","article_modified_time":"2026-03-19T10:01:02+00:00","og_image":[{"width":800,"height":800,"url":"https:\/\/fernox.com\/tr\/wp-content\/uploads\/sites\/24\/2026\/03\/62724-1LRS.jpg","type":"image\/jpeg"}],"twitter_card":"summary_large_image","twitter_misc":{"Estimated reading time":"2 minutes"},"schema":{"@context":"https:\/\/schema.org","@graph":[{"@type":"WebPage","@id":"https:\/\/fernox.com\/tr\/product\/cleaner-f3-265ml\/","url":"https:\/\/fernox.com\/tr\/product\/cleaner-f3-265ml\/","name":"Cleaner F3 265ml - Fernox Turkey","isPartOf":{"@id":"https:\/\/fernox.com\/tr\/#website"},"primaryImageOfPage":{"@id":"https:\/\/fernox.com\/tr\/product\/cleaner-f3-265ml\/#primaryimage"},"image":{"@id":"https:\/\/fernox.com\/tr\/product\/cleaner-f3-265ml\/#primaryimage"},"thumbnailUrl":"https:\/\/fernox.com\/tr\/wp-content\/uploads\/sites\/24\/2026\/03\/62724-1LRS.jpg","datePublished":"2026-03-19T10:00:58+00:00","dateModified":"2026-03-19T10:01:02+00:00","breadcrumb":{"@id":"https:\/\/fernox.com\/tr\/product\/cleaner-f3-265ml\/#breadcrumb"},"inLanguage":"en-GB","potentialAction":[{"@type":"ReadAction","target":["https:\/\/fernox.com\/tr\/product\/cleaner-f3-265ml\/"]}]},{"@type":"ImageObject","inLanguage":"en-GB","@id":"https:\/\/fernox.com\/tr\/product\/cleaner-f3-265ml\/#primaryimage","url":"https:\/\/fernox.com\/tr\/wp-content\/uploads\/sites\/24\/2026\/03\/62724-1LRS.jpg","contentUrl":"https:\/\/fernox.com\/tr\/wp-content\/uploads\/sites\/24\/2026\/03\/62724-1LRS.jpg","width":800,"height":800},{"@type":"BreadcrumbList","@id":"https:\/\/fernox.com\/tr\/product\/cleaner-f3-265ml\/#breadcrumb","itemListElement":[{"@type":"ListItem","position":1,"name":"Home","item":"https:\/\/fernox.com\/tr\/"},{"@type":"ListItem","position":2,"name":"Products","item":"https:\/\/fernox.com\/tr\/shop\/"},{"@type":"ListItem","position":3,"name":"Cleaner F3 265ml"}]},{"@type":"WebSite","@id":"https:\/\/fernox.com\/tr\/#website","url":"https:\/\/fernox.com\/tr\/","name":"Fernox Turkey","description":"","publisher":{"@id":"https:\/\/fernox.com\/tr\/#organization"},"potentialAction":[{"@type":"SearchAction","target":{"@type":"EntryPoint","urlTemplate":"https:\/\/fernox.com\/tr\/?s={search_term_string}"},"query-input":{"@type":"PropertyValueSpecification","valueRequired":true,"valueName":"search_term_string"}}],"inLanguage":"en-GB"},{"@type":"Organization","@id":"https:\/\/fernox.com\/tr\/#organization","name":"Fernox Turkey","url":"https:\/\/fernox.com\/tr\/","logo":{"@type":"ImageObject","inLanguage":"en-GB","@id":"https:\/\/fernox.com\/tr\/#\/schema\/logo\/image\/","url":"https:\/\/fernox.com\/tr\/wp-content\/uploads\/sites\/24\/2020\/11\/cropped-fernox-Logo-transparent.png","contentUrl":"https:\/\/fernox.com\/tr\/wp-content\/uploads\/sites\/24\/2020\/11\/cropped-fernox-Logo-transparent.png","width":664,"height":150,"caption":"Fernox Turkey"},"image":{"@id":"https:\/\/fernox.com\/tr\/#\/schema\/logo\/image\/"}}]}},"_links":{"self":[{"href":"https:\/\/fernox.com\/tr\/wp-json\/wp\/v2\/product\/39496","targetHints":{"allow":["GET"]}}],"collection":[{"href":"https:\/\/fernox.com\/tr\/wp-json\/wp\/v2\/product"}],"about":[{"href":"https:\/\/fernox.com\/tr\/wp-json\/wp\/v2\/types\/product"}],"wp:featuredmedia":[{"embeddable":true,"href":"https:\/\/fernox.com\/tr\/wp-json\/wp\/v2\/media\/39692"}],"wp:attachment":[{"href":"https:\/\/fernox.com\/tr\/wp-json\/wp\/v2\/media?parent=39496"}],"wp:term":[{"taxonomy":"product_brand","embeddable":true,"href":"https:\/\/fernox.com\/tr\/wp-json\/wp\/v2\/product_brand?post=39496"},{"taxonomy":"product_cat","embeddable":true,"href":"https:\/\/fernox.com\/tr\/wp-json\/wp\/v2\/product_cat?post=39496"},{"taxonomy":"product_tag","embeddable":true,"href":"https:\/\/fernox.com\/tr\/wp-json\/wp\/v2\/product_tag?post=39496"}],"curies":[{"name":"wp","href":"https:\/\/api.w.org\/{rel}","templated":true}]}}