{"id":39494,"date":"2026-03-19T13:00:58","date_gmt":"2026-03-19T10:00:58","guid":{"rendered":"https:\/\/fernox.com\/tr\/product\/protector-f1-265ml\/"},"modified":"2026-03-19T13:00:59","modified_gmt":"2026-03-19T10:00:59","slug":"protector-f1-265ml","status":"publish","type":"product","link":"https:\/\/fernox.com\/tr\/product\/protector-f1-265ml\/","title":{"rendered":"Protector F1 265ml"},"content":{"rendered":"<p>Fernox Protector F1 265ml, merkezi \u0131s\u0131tma sistemlerinin i\u00e7inde korozyona ve kire\u00e7 olu\u015fumuna kar\u015f\u0131 uzun s\u00fcreli koruma sa\u011flar. Her t\u00fcrl\u00fc kazan, radyat\u00f6r ve boru tesisat\u0131 sistemi i\u00e7in uygun olan bu \u00fcr\u00fcn, al\u00fcminyum da dahil olmak \u00fczere, merkezi \u0131s\u0131tma sistemlerinde yayg\u0131n olarak kullan\u0131lan t\u00fcm metaller ve malzemelerle uyumludur.<\/p>\n<p>Fernox&#8217;un denenmi\u015f ve g\u00fcvenilir Protector F1 serisinin bir par\u00e7as\u0131 olan bu 265 ml&#8217;lik \u00fcr\u00fcn, y\u00fcksek performans, kalite ve kullan\u0131m kolayl\u0131\u011f\u0131ndan \u00f6d\u00fcn vermeden ambalajdan ve at\u0131ktan tasarruf sa\u011flar. Kullan\u0131\u015fl\u0131 boyutuyla bu \u015fi\u015fe, ortalama 100 litrelik veya 12 radyat\u00f6rl\u00fc bir sistemi ar\u0131tabilir ve bir TF1 Filtresi ile dozlanabilir.<\/p>\n<p>Koruyucu F1 seviyeleri bak\u0131m servisi kapsam\u0131nda y\u0131ll\u0131k olarak kontrol edilmelidir. Tam koruma sa\u011flamak i\u00e7in \u00fcr\u00fcn\u00fcn konsantrasyonu, Fernox Express \u0130nhibit\u00f6r Test \u015feritleri kullan\u0131larak yerinde kolayca \u00f6l\u00e7\u00fclebilir.<\/p>\n<p>Be\u015f y\u0131l\u0131n sonunda sistemlere ya tekrar inhibit\u00f6r dozaj\u0131 yap\u0131lmal\u0131 ya da sistem suyunun kalitesi\/temizli\u011fi kontrol edilmelidir.<br \/>\nMerkezi \u0131s\u0131tma sisteminizi Fernox F3 Cleaner kullanarak temizledikten sonra Fernox F1 Protector ile korursan\u0131z sisteminizin verimlili\u011fini ilk g\u00fcnk\u00fc haline geri getirebilir ve muhafaza edebilirsiniz ve bu sayede siz de odan\u0131z\u0131 her \u0131s\u0131tt\u0131\u011f\u0131n\u0131zda %15&#8217;e varan enerji tasarrufu sa\u011flars\u0131n\u0131z.<\/p>\n<ul>\n<li>Korozyonu ve kire\u00e7 birikimini \u00f6nleyerek sistemin \u00f6mr\u00fcn\u00fc uzat\u0131r ve verimlili\u011fini art\u0131r\u0131r\n<\/li>\n<li>Al\u00fcminyum dahil olmak \u00fczere kar\u0131\u015f\u0131k metal \u0131s\u0131tma sistemlerinde kullan\u0131l\u0131r\n<\/li>\n<li>Optimum sistem kontrol\u00fc i\u00e7in y\u00fcksek performansl\u0131 pH tamponlama \u00f6zelli\u011fi\n<\/li>\n<li>Radyat\u00f6rlerdeki so\u011fuk noktalar\u0131, pompalar\u0131n yap\u0131\u015fmas\u0131n\u0131 ve kazan g\u00fcr\u00fclt\u00fcs\u00fcn\u00fc \u00f6nler\n<\/li>\n<li>Bu \u00fcr\u00fcn\u00fcn tek bir dozu 100 litrelik \u0131s\u0131tma sistemi, 12 radyat\u00f6r veya 190 m2 yerden \u0131s\u0131tma sistemi bulunan b\u00fcy\u00fck bir alan\u0131 onar\u0131r ve korur. Daha k\u00fc\u00e7\u00fck hacimli \u00fcr\u00fcn &#8211; daha az ambalaj at\u0131\u011f\u0131 ve daha k\u00fc\u00e7\u00fck \u00e7evresel etki.\n<\/li>\n<li>Herhangi bir Fernox TF1 Filtresi ile kolayca dozlanabilir<br \/>\n<\/li>\n<\/ul>\n","protected":false},"excerpt":{"rendered":"<p>Fernox Protector F1 265ml, merkezi \u0131s\u0131tma sistemlerinin i\u00e7inde korozyona ve kire\u00e7 olu\u015fumuna kar\u015f\u0131 uzun s\u00fcreli koruma sa\u011flar. Her t\u00fcrl\u00fc kazan, radyat\u00f6r ve boru tesisat\u0131 sistemi i\u00e7in uygun olan bu \u00fcr\u00fcn, al\u00fcminyum da dahil olmak \u00fczere, merkezi \u0131s\u0131tma sistemlerinde yayg\u0131n olarak kullan\u0131lan t\u00fcm metaller ve malzemelerle uyumludur. Fernox&#8217;un denenmi\u015f ve g\u00fcvenilir Protector F1 serisinin bir par\u00e7as\u0131 [&hellip;]<\/p>\n","protected":false},"featured_media":39691,"template":"","meta":{"_acf_changed":false},"product_brand":[],"product_cat":[175],"product_tag":[],"class_list":{"0":"post-39494","1":"product","2":"type-product","3":"status-publish","4":"has-post-thumbnail","6":"product_cat-inhibitors-protectors","8":"first","9":"instock","10":"purchasable","11":"product-type-simple"},"acf":[],"yoast_head":"<!-- This site is optimized with the Yoast SEO plugin v27.3 - https:\/\/yoast.com\/product\/yoast-seo-wordpress\/ -->\n<title>Protector F1 265ml - Fernox Turkey<\/title>\n<meta name=\"robots\" content=\"index, follow, max-snippet:-1, max-image-preview:large, max-video-preview:-1\" \/>\n<link rel=\"canonical\" href=\"https:\/\/fernox.com\/tr\/product\/protector-f1-265ml\/\" \/>\n<meta property=\"og:locale\" content=\"en_GB\" \/>\n<meta property=\"og:type\" content=\"article\" \/>\n<meta property=\"og:title\" content=\"Protector F1 265ml - Fernox Turkey\" \/>\n<meta property=\"og:description\" content=\"Fernox Protector F1 265ml, merkezi \u0131s\u0131tma sistemlerinin i\u00e7inde korozyona ve kire\u00e7 olu\u015fumuna kar\u015f\u0131 uzun s\u00fcreli koruma sa\u011flar. Her t\u00fcrl\u00fc kazan, radyat\u00f6r ve boru tesisat\u0131 sistemi i\u00e7in uygun olan bu \u00fcr\u00fcn, al\u00fcminyum da dahil olmak \u00fczere, merkezi \u0131s\u0131tma sistemlerinde yayg\u0131n olarak kullan\u0131lan t\u00fcm metaller ve malzemelerle uyumludur. Fernox&#8217;un denenmi\u015f ve g\u00fcvenilir Protector F1 serisinin bir par\u00e7as\u0131 [&hellip;]\" \/>\n<meta property=\"og:url\" content=\"https:\/\/fernox.com\/tr\/product\/protector-f1-265ml\/\" \/>\n<meta property=\"og:site_name\" content=\"Fernox Turkey\" \/>\n<meta property=\"article:modified_time\" content=\"2026-03-19T10:00:59+00:00\" \/>\n<meta property=\"og:image\" content=\"https:\/\/fernox.com\/tr\/wp-content\/uploads\/sites\/24\/2026\/03\/62723-1LRS.jpg\" \/>\n\t<meta property=\"og:image:width\" content=\"800\" \/>\n\t<meta property=\"og:image:height\" content=\"800\" \/>\n\t<meta property=\"og:image:type\" content=\"image\/jpeg\" \/>\n<meta name=\"twitter:card\" content=\"summary_large_image\" \/>\n<meta name=\"twitter:label1\" content=\"Estimated reading time\" \/>\n\t<meta name=\"twitter:data1\" content=\"2 minutes\" \/>\n<script type=\"application\/ld+json\" class=\"yoast-schema-graph\">{\"@context\":\"https:\\\/\\\/schema.org\",\"@graph\":[{\"@type\":\"WebPage\",\"@id\":\"https:\\\/\\\/fernox.com\\\/tr\\\/product\\\/protector-f1-265ml\\\/\",\"url\":\"https:\\\/\\\/fernox.com\\\/tr\\\/product\\\/protector-f1-265ml\\\/\",\"name\":\"Protector F1 265ml - Fernox Turkey\",\"isPartOf\":{\"@id\":\"https:\\\/\\\/fernox.com\\\/tr\\\/#website\"},\"primaryImageOfPage\":{\"@id\":\"https:\\\/\\\/fernox.com\\\/tr\\\/product\\\/protector-f1-265ml\\\/#primaryimage\"},\"image\":{\"@id\":\"https:\\\/\\\/fernox.com\\\/tr\\\/product\\\/protector-f1-265ml\\\/#primaryimage\"},\"thumbnailUrl\":\"https:\\\/\\\/fernox.com\\\/tr\\\/wp-content\\\/uploads\\\/sites\\\/24\\\/2026\\\/03\\\/62723-1LRS.jpg\",\"datePublished\":\"2026-03-19T10:00:58+00:00\",\"dateModified\":\"2026-03-19T10:00:59+00:00\",\"breadcrumb\":{\"@id\":\"https:\\\/\\\/fernox.com\\\/tr\\\/product\\\/protector-f1-265ml\\\/#breadcrumb\"},\"inLanguage\":\"en-GB\",\"potentialAction\":[{\"@type\":\"ReadAction\",\"target\":[\"https:\\\/\\\/fernox.com\\\/tr\\\/product\\\/protector-f1-265ml\\\/\"]}]},{\"@type\":\"ImageObject\",\"inLanguage\":\"en-GB\",\"@id\":\"https:\\\/\\\/fernox.com\\\/tr\\\/product\\\/protector-f1-265ml\\\/#primaryimage\",\"url\":\"https:\\\/\\\/fernox.com\\\/tr\\\/wp-content\\\/uploads\\\/sites\\\/24\\\/2026\\\/03\\\/62723-1LRS.jpg\",\"contentUrl\":\"https:\\\/\\\/fernox.com\\\/tr\\\/wp-content\\\/uploads\\\/sites\\\/24\\\/2026\\\/03\\\/62723-1LRS.jpg\",\"width\":800,\"height\":800},{\"@type\":\"BreadcrumbList\",\"@id\":\"https:\\\/\\\/fernox.com\\\/tr\\\/product\\\/protector-f1-265ml\\\/#breadcrumb\",\"itemListElement\":[{\"@type\":\"ListItem\",\"position\":1,\"name\":\"Home\",\"item\":\"https:\\\/\\\/fernox.com\\\/tr\\\/\"},{\"@type\":\"ListItem\",\"position\":2,\"name\":\"Products\",\"item\":\"https:\\\/\\\/fernox.com\\\/tr\\\/shop\\\/\"},{\"@type\":\"ListItem\",\"position\":3,\"name\":\"Protector F1 265ml\"}]},{\"@type\":\"WebSite\",\"@id\":\"https:\\\/\\\/fernox.com\\\/tr\\\/#website\",\"url\":\"https:\\\/\\\/fernox.com\\\/tr\\\/\",\"name\":\"Fernox Turkey\",\"description\":\"\",\"publisher\":{\"@id\":\"https:\\\/\\\/fernox.com\\\/tr\\\/#organization\"},\"potentialAction\":[{\"@type\":\"SearchAction\",\"target\":{\"@type\":\"EntryPoint\",\"urlTemplate\":\"https:\\\/\\\/fernox.com\\\/tr\\\/?s={search_term_string}\"},\"query-input\":{\"@type\":\"PropertyValueSpecification\",\"valueRequired\":true,\"valueName\":\"search_term_string\"}}],\"inLanguage\":\"en-GB\"},{\"@type\":\"Organization\",\"@id\":\"https:\\\/\\\/fernox.com\\\/tr\\\/#organization\",\"name\":\"Fernox Turkey\",\"url\":\"https:\\\/\\\/fernox.com\\\/tr\\\/\",\"logo\":{\"@type\":\"ImageObject\",\"inLanguage\":\"en-GB\",\"@id\":\"https:\\\/\\\/fernox.com\\\/tr\\\/#\\\/schema\\\/logo\\\/image\\\/\",\"url\":\"https:\\\/\\\/fernox.com\\\/tr\\\/wp-content\\\/uploads\\\/sites\\\/24\\\/2020\\\/11\\\/cropped-fernox-Logo-transparent.png\",\"contentUrl\":\"https:\\\/\\\/fernox.com\\\/tr\\\/wp-content\\\/uploads\\\/sites\\\/24\\\/2020\\\/11\\\/cropped-fernox-Logo-transparent.png\",\"width\":664,\"height\":150,\"caption\":\"Fernox Turkey\"},\"image\":{\"@id\":\"https:\\\/\\\/fernox.com\\\/tr\\\/#\\\/schema\\\/logo\\\/image\\\/\"}}]}<\/script>\n<!-- \/ Yoast SEO plugin. -->","yoast_head_json":{"title":"Protector F1 265ml - Fernox Turkey","robots":{"index":"index","follow":"follow","max-snippet":"max-snippet:-1","max-image-preview":"max-image-preview:large","max-video-preview":"max-video-preview:-1"},"canonical":"https:\/\/fernox.com\/tr\/product\/protector-f1-265ml\/","og_locale":"en_GB","og_type":"article","og_title":"Protector F1 265ml - Fernox Turkey","og_description":"Fernox Protector F1 265ml, merkezi \u0131s\u0131tma sistemlerinin i\u00e7inde korozyona ve kire\u00e7 olu\u015fumuna kar\u015f\u0131 uzun s\u00fcreli koruma sa\u011flar. Her t\u00fcrl\u00fc kazan, radyat\u00f6r ve boru tesisat\u0131 sistemi i\u00e7in uygun olan bu \u00fcr\u00fcn, al\u00fcminyum da dahil olmak \u00fczere, merkezi \u0131s\u0131tma sistemlerinde yayg\u0131n olarak kullan\u0131lan t\u00fcm metaller ve malzemelerle uyumludur. Fernox&#8217;un denenmi\u015f ve g\u00fcvenilir Protector F1 serisinin bir par\u00e7as\u0131 [&hellip;]","og_url":"https:\/\/fernox.com\/tr\/product\/protector-f1-265ml\/","og_site_name":"Fernox Turkey","article_modified_time":"2026-03-19T10:00:59+00:00","og_image":[{"width":800,"height":800,"url":"https:\/\/fernox.com\/tr\/wp-content\/uploads\/sites\/24\/2026\/03\/62723-1LRS.jpg","type":"image\/jpeg"}],"twitter_card":"summary_large_image","twitter_misc":{"Estimated reading time":"2 minutes"},"schema":{"@context":"https:\/\/schema.org","@graph":[{"@type":"WebPage","@id":"https:\/\/fernox.com\/tr\/product\/protector-f1-265ml\/","url":"https:\/\/fernox.com\/tr\/product\/protector-f1-265ml\/","name":"Protector F1 265ml - Fernox Turkey","isPartOf":{"@id":"https:\/\/fernox.com\/tr\/#website"},"primaryImageOfPage":{"@id":"https:\/\/fernox.com\/tr\/product\/protector-f1-265ml\/#primaryimage"},"image":{"@id":"https:\/\/fernox.com\/tr\/product\/protector-f1-265ml\/#primaryimage"},"thumbnailUrl":"https:\/\/fernox.com\/tr\/wp-content\/uploads\/sites\/24\/2026\/03\/62723-1LRS.jpg","datePublished":"2026-03-19T10:00:58+00:00","dateModified":"2026-03-19T10:00:59+00:00","breadcrumb":{"@id":"https:\/\/fernox.com\/tr\/product\/protector-f1-265ml\/#breadcrumb"},"inLanguage":"en-GB","potentialAction":[{"@type":"ReadAction","target":["https:\/\/fernox.com\/tr\/product\/protector-f1-265ml\/"]}]},{"@type":"ImageObject","inLanguage":"en-GB","@id":"https:\/\/fernox.com\/tr\/product\/protector-f1-265ml\/#primaryimage","url":"https:\/\/fernox.com\/tr\/wp-content\/uploads\/sites\/24\/2026\/03\/62723-1LRS.jpg","contentUrl":"https:\/\/fernox.com\/tr\/wp-content\/uploads\/sites\/24\/2026\/03\/62723-1LRS.jpg","width":800,"height":800},{"@type":"BreadcrumbList","@id":"https:\/\/fernox.com\/tr\/product\/protector-f1-265ml\/#breadcrumb","itemListElement":[{"@type":"ListItem","position":1,"name":"Home","item":"https:\/\/fernox.com\/tr\/"},{"@type":"ListItem","position":2,"name":"Products","item":"https:\/\/fernox.com\/tr\/shop\/"},{"@type":"ListItem","position":3,"name":"Protector F1 265ml"}]},{"@type":"WebSite","@id":"https:\/\/fernox.com\/tr\/#website","url":"https:\/\/fernox.com\/tr\/","name":"Fernox Turkey","description":"","publisher":{"@id":"https:\/\/fernox.com\/tr\/#organization"},"potentialAction":[{"@type":"SearchAction","target":{"@type":"EntryPoint","urlTemplate":"https:\/\/fernox.com\/tr\/?s={search_term_string}"},"query-input":{"@type":"PropertyValueSpecification","valueRequired":true,"valueName":"search_term_string"}}],"inLanguage":"en-GB"},{"@type":"Organization","@id":"https:\/\/fernox.com\/tr\/#organization","name":"Fernox Turkey","url":"https:\/\/fernox.com\/tr\/","logo":{"@type":"ImageObject","inLanguage":"en-GB","@id":"https:\/\/fernox.com\/tr\/#\/schema\/logo\/image\/","url":"https:\/\/fernox.com\/tr\/wp-content\/uploads\/sites\/24\/2020\/11\/cropped-fernox-Logo-transparent.png","contentUrl":"https:\/\/fernox.com\/tr\/wp-content\/uploads\/sites\/24\/2020\/11\/cropped-fernox-Logo-transparent.png","width":664,"height":150,"caption":"Fernox Turkey"},"image":{"@id":"https:\/\/fernox.com\/tr\/#\/schema\/logo\/image\/"}}]}},"_links":{"self":[{"href":"https:\/\/fernox.com\/tr\/wp-json\/wp\/v2\/product\/39494","targetHints":{"allow":["GET"]}}],"collection":[{"href":"https:\/\/fernox.com\/tr\/wp-json\/wp\/v2\/product"}],"about":[{"href":"https:\/\/fernox.com\/tr\/wp-json\/wp\/v2\/types\/product"}],"wp:featuredmedia":[{"embeddable":true,"href":"https:\/\/fernox.com\/tr\/wp-json\/wp\/v2\/media\/39691"}],"wp:attachment":[{"href":"https:\/\/fernox.com\/tr\/wp-json\/wp\/v2\/media?parent=39494"}],"wp:term":[{"taxonomy":"product_brand","embeddable":true,"href":"https:\/\/fernox.com\/tr\/wp-json\/wp\/v2\/product_brand?post=39494"},{"taxonomy":"product_cat","embeddable":true,"href":"https:\/\/fernox.com\/tr\/wp-json\/wp\/v2\/product_cat?post=39494"},{"taxonomy":"product_tag","embeddable":true,"href":"https:\/\/fernox.com\/tr\/wp-json\/wp\/v2\/product_tag?post=39494"}],"curies":[{"name":"wp","href":"https:\/\/api.w.org\/{rel}","templated":true}]}}