{"id":39487,"date":"2026-03-19T12:31:36","date_gmt":"2026-03-19T09:31:36","guid":{"rendered":"https:\/\/fernox.com\/tr\/product\/tf1-sigma-mini\/"},"modified":"2026-03-19T13:02:35","modified_gmt":"2026-03-19T10:02:35","slug":"tf1-sigma-mini","status":"publish","type":"product","link":"https:\/\/fernox.com\/tr\/product\/tf1-sigma-mini\/","title":{"rendered":"TF1 Sigma Mini"},"content":{"rendered":"<p>TF1 Sigma Mini, sisteminizi korozyonun zararl\u0131 etkilerine kar\u015f\u0131 korumak i\u00e7in g\u00fc\u00e7l\u00fc bir neodimyum m\u0131knat\u0131s kullanan kompakt, y\u00fcksek performansl\u0131 bir sistem filtresidir. TF1 Sigma Mini, piyasadaki t\u00fcm filtreler aras\u0131nda en k\u00fc\u00e7\u00fck ayak izine sahip filtredir, bu da do\u011frudan bir kazan\u0131n alt\u0131na ya da yatay veya dikey boru tesisat\u0131ndaki k\u0131s\u0131tl\u0131 alanlara kolayca monte edilebilece\u011fi anlam\u0131na gelir.<\/p>\n<ul>\n<li>105 mm&#8217;ye kadar a\u00e7\u0131kl\u0131\u011fa sahip k\u0131s\u0131tl\u0131 alanlar i\u00e7in \u00f6zel olarak tasarlanm\u0131\u015f, piyasadaki en kompakt filtrelerden biri\n<\/li>\n<li>Filtrenin t\u0131kanmamas\u0131n\u0131 sa\u011flarken, y\u00fcksek toplama verimlili\u011fini koruman\u0131n yan\u0131 s\u0131ra minimum bas\u0131n\u00e7 y\u00fck\u00fc kayb\u0131 sa\u011flamak i\u00e7in tasarlanm\u0131\u015ft\u0131r.\n<\/li>\n<li>Bile\u015fen par\u00e7alar\u0131n\u0131 s\u00f6kmeye gerek kalmadan filtre tahliye noktas\u0131 \u00fczerinden temiz, h\u0131zl\u0131 ve kolay servis\n<\/li>\n<li>Kolay ve h\u0131zl\u0131 kurulum\n<p><\/li>\n<\/ul>\n","protected":false},"excerpt":{"rendered":"<p>TF1 Sigma Mini, sisteminizi korozyonun zararl\u0131 etkilerine kar\u015f\u0131 korumak i\u00e7in g\u00fc\u00e7l\u00fc bir neodimyum m\u0131knat\u0131s kullanan kompakt, y\u00fcksek performansl\u0131 bir sistem filtresidir. TF1 Sigma Mini, piyasadaki t\u00fcm filtreler aras\u0131nda en k\u00fc\u00e7\u00fck ayak izine sahip filtredir, bu da do\u011frudan bir kazan\u0131n alt\u0131na ya da yatay veya dikey boru tesisat\u0131ndaki k\u0131s\u0131tl\u0131 alanlara kolayca monte edilebilece\u011fi anlam\u0131na gelir. 105 [&hellip;]<\/p>\n","protected":false},"featured_media":39690,"template":"","meta":{"_acf_changed":false},"product_brand":[],"product_cat":[174],"product_tag":[],"class_list":{"0":"post-39487","1":"product","2":"type-product","3":"status-publish","4":"has-post-thumbnail","6":"product_cat-filters","7":"pa_metrik-baglanti-olcusu-3-4","8":"pa_uyum-tipi-bsp","10":"first","11":"instock","12":"featured","13":"purchasable","14":"product-type-variable"},"acf":[],"yoast_head":"<!-- This site is optimized with the Yoast SEO plugin v27.3 - https:\/\/yoast.com\/product\/yoast-seo-wordpress\/ -->\n<title>TF1 Sigma Mini - Fernox Turkey<\/title>\n<meta name=\"robots\" content=\"index, follow, max-snippet:-1, max-image-preview:large, max-video-preview:-1\" \/>\n<link rel=\"canonical\" href=\"https:\/\/fernox.com\/tr\/product\/tf1-sigma-mini\/\" \/>\n<meta property=\"og:locale\" content=\"en_GB\" \/>\n<meta property=\"og:type\" content=\"article\" \/>\n<meta property=\"og:title\" content=\"TF1 Sigma Mini - Fernox Turkey\" \/>\n<meta property=\"og:description\" content=\"TF1 Sigma Mini, sisteminizi korozyonun zararl\u0131 etkilerine kar\u015f\u0131 korumak i\u00e7in g\u00fc\u00e7l\u00fc bir neodimyum m\u0131knat\u0131s kullanan kompakt, y\u00fcksek performansl\u0131 bir sistem filtresidir. TF1 Sigma Mini, piyasadaki t\u00fcm filtreler aras\u0131nda en k\u00fc\u00e7\u00fck ayak izine sahip filtredir, bu da do\u011frudan bir kazan\u0131n alt\u0131na ya da yatay veya dikey boru tesisat\u0131ndaki k\u0131s\u0131tl\u0131 alanlara kolayca monte edilebilece\u011fi anlam\u0131na gelir. 105 [&hellip;]\" \/>\n<meta property=\"og:url\" content=\"https:\/\/fernox.com\/tr\/product\/tf1-sigma-mini\/\" \/>\n<meta property=\"og:site_name\" content=\"Fernox Turkey\" \/>\n<meta property=\"article:modified_time\" content=\"2026-03-19T10:02:35+00:00\" \/>\n<meta property=\"og:image\" content=\"https:\/\/fernox.com\/tr\/wp-content\/uploads\/sites\/24\/2026\/03\/62709-1LRS.jpg\" \/>\n\t<meta property=\"og:image:width\" content=\"600\" \/>\n\t<meta property=\"og:image:height\" content=\"600\" \/>\n\t<meta property=\"og:image:type\" content=\"image\/jpeg\" \/>\n<meta name=\"twitter:card\" content=\"summary_large_image\" \/>\n<meta name=\"twitter:label1\" content=\"Estimated reading time\" \/>\n\t<meta name=\"twitter:data1\" content=\"1 minute\" \/>\n<script type=\"application\/ld+json\" class=\"yoast-schema-graph\">{\"@context\":\"https:\\\/\\\/schema.org\",\"@graph\":[{\"@type\":\"WebPage\",\"@id\":\"https:\\\/\\\/fernox.com\\\/tr\\\/product\\\/tf1-sigma-mini\\\/\",\"url\":\"https:\\\/\\\/fernox.com\\\/tr\\\/product\\\/tf1-sigma-mini\\\/\",\"name\":\"TF1 Sigma Mini - Fernox Turkey\",\"isPartOf\":{\"@id\":\"https:\\\/\\\/fernox.com\\\/tr\\\/#website\"},\"primaryImageOfPage\":{\"@id\":\"https:\\\/\\\/fernox.com\\\/tr\\\/product\\\/tf1-sigma-mini\\\/#primaryimage\"},\"image\":{\"@id\":\"https:\\\/\\\/fernox.com\\\/tr\\\/product\\\/tf1-sigma-mini\\\/#primaryimage\"},\"thumbnailUrl\":\"https:\\\/\\\/fernox.com\\\/tr\\\/wp-content\\\/uploads\\\/sites\\\/24\\\/2026\\\/03\\\/62709-1LRS.jpg\",\"datePublished\":\"2026-03-19T09:31:36+00:00\",\"dateModified\":\"2026-03-19T10:02:35+00:00\",\"breadcrumb\":{\"@id\":\"https:\\\/\\\/fernox.com\\\/tr\\\/product\\\/tf1-sigma-mini\\\/#breadcrumb\"},\"inLanguage\":\"en-GB\",\"potentialAction\":[{\"@type\":\"ReadAction\",\"target\":[\"https:\\\/\\\/fernox.com\\\/tr\\\/product\\\/tf1-sigma-mini\\\/\"]}]},{\"@type\":\"ImageObject\",\"inLanguage\":\"en-GB\",\"@id\":\"https:\\\/\\\/fernox.com\\\/tr\\\/product\\\/tf1-sigma-mini\\\/#primaryimage\",\"url\":\"https:\\\/\\\/fernox.com\\\/tr\\\/wp-content\\\/uploads\\\/sites\\\/24\\\/2026\\\/03\\\/62709-1LRS.jpg\",\"contentUrl\":\"https:\\\/\\\/fernox.com\\\/tr\\\/wp-content\\\/uploads\\\/sites\\\/24\\\/2026\\\/03\\\/62709-1LRS.jpg\",\"width\":600,\"height\":600},{\"@type\":\"BreadcrumbList\",\"@id\":\"https:\\\/\\\/fernox.com\\\/tr\\\/product\\\/tf1-sigma-mini\\\/#breadcrumb\",\"itemListElement\":[{\"@type\":\"ListItem\",\"position\":1,\"name\":\"Home\",\"item\":\"https:\\\/\\\/fernox.com\\\/tr\\\/\"},{\"@type\":\"ListItem\",\"position\":2,\"name\":\"Products\",\"item\":\"https:\\\/\\\/fernox.com\\\/tr\\\/shop\\\/\"},{\"@type\":\"ListItem\",\"position\":3,\"name\":\"TF1 Sigma Mini\"}]},{\"@type\":\"WebSite\",\"@id\":\"https:\\\/\\\/fernox.com\\\/tr\\\/#website\",\"url\":\"https:\\\/\\\/fernox.com\\\/tr\\\/\",\"name\":\"Fernox Turkey\",\"description\":\"\",\"publisher\":{\"@id\":\"https:\\\/\\\/fernox.com\\\/tr\\\/#organization\"},\"potentialAction\":[{\"@type\":\"SearchAction\",\"target\":{\"@type\":\"EntryPoint\",\"urlTemplate\":\"https:\\\/\\\/fernox.com\\\/tr\\\/?s={search_term_string}\"},\"query-input\":{\"@type\":\"PropertyValueSpecification\",\"valueRequired\":true,\"valueName\":\"search_term_string\"}}],\"inLanguage\":\"en-GB\"},{\"@type\":\"Organization\",\"@id\":\"https:\\\/\\\/fernox.com\\\/tr\\\/#organization\",\"name\":\"Fernox Turkey\",\"url\":\"https:\\\/\\\/fernox.com\\\/tr\\\/\",\"logo\":{\"@type\":\"ImageObject\",\"inLanguage\":\"en-GB\",\"@id\":\"https:\\\/\\\/fernox.com\\\/tr\\\/#\\\/schema\\\/logo\\\/image\\\/\",\"url\":\"https:\\\/\\\/fernox.com\\\/tr\\\/wp-content\\\/uploads\\\/sites\\\/24\\\/2020\\\/11\\\/cropped-fernox-Logo-transparent.png\",\"contentUrl\":\"https:\\\/\\\/fernox.com\\\/tr\\\/wp-content\\\/uploads\\\/sites\\\/24\\\/2020\\\/11\\\/cropped-fernox-Logo-transparent.png\",\"width\":664,\"height\":150,\"caption\":\"Fernox Turkey\"},\"image\":{\"@id\":\"https:\\\/\\\/fernox.com\\\/tr\\\/#\\\/schema\\\/logo\\\/image\\\/\"}}]}<\/script>\n<!-- \/ Yoast SEO plugin. -->","yoast_head_json":{"title":"TF1 Sigma Mini - Fernox Turkey","robots":{"index":"index","follow":"follow","max-snippet":"max-snippet:-1","max-image-preview":"max-image-preview:large","max-video-preview":"max-video-preview:-1"},"canonical":"https:\/\/fernox.com\/tr\/product\/tf1-sigma-mini\/","og_locale":"en_GB","og_type":"article","og_title":"TF1 Sigma Mini - Fernox Turkey","og_description":"TF1 Sigma Mini, sisteminizi korozyonun zararl\u0131 etkilerine kar\u015f\u0131 korumak i\u00e7in g\u00fc\u00e7l\u00fc bir neodimyum m\u0131knat\u0131s kullanan kompakt, y\u00fcksek performansl\u0131 bir sistem filtresidir. TF1 Sigma Mini, piyasadaki t\u00fcm filtreler aras\u0131nda en k\u00fc\u00e7\u00fck ayak izine sahip filtredir, bu da do\u011frudan bir kazan\u0131n alt\u0131na ya da yatay veya dikey boru tesisat\u0131ndaki k\u0131s\u0131tl\u0131 alanlara kolayca monte edilebilece\u011fi anlam\u0131na gelir. 105 [&hellip;]","og_url":"https:\/\/fernox.com\/tr\/product\/tf1-sigma-mini\/","og_site_name":"Fernox Turkey","article_modified_time":"2026-03-19T10:02:35+00:00","og_image":[{"width":600,"height":600,"url":"https:\/\/fernox.com\/tr\/wp-content\/uploads\/sites\/24\/2026\/03\/62709-1LRS.jpg","type":"image\/jpeg"}],"twitter_card":"summary_large_image","twitter_misc":{"Estimated reading time":"1 minute"},"schema":{"@context":"https:\/\/schema.org","@graph":[{"@type":"WebPage","@id":"https:\/\/fernox.com\/tr\/product\/tf1-sigma-mini\/","url":"https:\/\/fernox.com\/tr\/product\/tf1-sigma-mini\/","name":"TF1 Sigma Mini - Fernox Turkey","isPartOf":{"@id":"https:\/\/fernox.com\/tr\/#website"},"primaryImageOfPage":{"@id":"https:\/\/fernox.com\/tr\/product\/tf1-sigma-mini\/#primaryimage"},"image":{"@id":"https:\/\/fernox.com\/tr\/product\/tf1-sigma-mini\/#primaryimage"},"thumbnailUrl":"https:\/\/fernox.com\/tr\/wp-content\/uploads\/sites\/24\/2026\/03\/62709-1LRS.jpg","datePublished":"2026-03-19T09:31:36+00:00","dateModified":"2026-03-19T10:02:35+00:00","breadcrumb":{"@id":"https:\/\/fernox.com\/tr\/product\/tf1-sigma-mini\/#breadcrumb"},"inLanguage":"en-GB","potentialAction":[{"@type":"ReadAction","target":["https:\/\/fernox.com\/tr\/product\/tf1-sigma-mini\/"]}]},{"@type":"ImageObject","inLanguage":"en-GB","@id":"https:\/\/fernox.com\/tr\/product\/tf1-sigma-mini\/#primaryimage","url":"https:\/\/fernox.com\/tr\/wp-content\/uploads\/sites\/24\/2026\/03\/62709-1LRS.jpg","contentUrl":"https:\/\/fernox.com\/tr\/wp-content\/uploads\/sites\/24\/2026\/03\/62709-1LRS.jpg","width":600,"height":600},{"@type":"BreadcrumbList","@id":"https:\/\/fernox.com\/tr\/product\/tf1-sigma-mini\/#breadcrumb","itemListElement":[{"@type":"ListItem","position":1,"name":"Home","item":"https:\/\/fernox.com\/tr\/"},{"@type":"ListItem","position":2,"name":"Products","item":"https:\/\/fernox.com\/tr\/shop\/"},{"@type":"ListItem","position":3,"name":"TF1 Sigma Mini"}]},{"@type":"WebSite","@id":"https:\/\/fernox.com\/tr\/#website","url":"https:\/\/fernox.com\/tr\/","name":"Fernox Turkey","description":"","publisher":{"@id":"https:\/\/fernox.com\/tr\/#organization"},"potentialAction":[{"@type":"SearchAction","target":{"@type":"EntryPoint","urlTemplate":"https:\/\/fernox.com\/tr\/?s={search_term_string}"},"query-input":{"@type":"PropertyValueSpecification","valueRequired":true,"valueName":"search_term_string"}}],"inLanguage":"en-GB"},{"@type":"Organization","@id":"https:\/\/fernox.com\/tr\/#organization","name":"Fernox Turkey","url":"https:\/\/fernox.com\/tr\/","logo":{"@type":"ImageObject","inLanguage":"en-GB","@id":"https:\/\/fernox.com\/tr\/#\/schema\/logo\/image\/","url":"https:\/\/fernox.com\/tr\/wp-content\/uploads\/sites\/24\/2020\/11\/cropped-fernox-Logo-transparent.png","contentUrl":"https:\/\/fernox.com\/tr\/wp-content\/uploads\/sites\/24\/2020\/11\/cropped-fernox-Logo-transparent.png","width":664,"height":150,"caption":"Fernox Turkey"},"image":{"@id":"https:\/\/fernox.com\/tr\/#\/schema\/logo\/image\/"}}]}},"_links":{"self":[{"href":"https:\/\/fernox.com\/tr\/wp-json\/wp\/v2\/product\/39487","targetHints":{"allow":["GET"]}}],"collection":[{"href":"https:\/\/fernox.com\/tr\/wp-json\/wp\/v2\/product"}],"about":[{"href":"https:\/\/fernox.com\/tr\/wp-json\/wp\/v2\/types\/product"}],"wp:featuredmedia":[{"embeddable":true,"href":"https:\/\/fernox.com\/tr\/wp-json\/wp\/v2\/media\/39690"}],"wp:attachment":[{"href":"https:\/\/fernox.com\/tr\/wp-json\/wp\/v2\/media?parent=39487"}],"wp:term":[{"taxonomy":"product_brand","embeddable":true,"href":"https:\/\/fernox.com\/tr\/wp-json\/wp\/v2\/product_brand?post=39487"},{"taxonomy":"product_cat","embeddable":true,"href":"https:\/\/fernox.com\/tr\/wp-json\/wp\/v2\/product_cat?post=39487"},{"taxonomy":"product_tag","embeddable":true,"href":"https:\/\/fernox.com\/tr\/wp-json\/wp\/v2\/product_tag?post=39487"}],"curies":[{"name":"wp","href":"https:\/\/api.w.org\/{rel}","templated":true}]}}