{"id":39484,"date":"2026-03-19T12:31:36","date_gmt":"2026-03-19T09:31:36","guid":{"rendered":"https:\/\/fernox.com\/tr\/product\/cleaner-f3-express-200ml\/"},"modified":"2026-03-19T13:02:42","modified_gmt":"2026-03-19T10:02:42","slug":"cleaner-f3-express-200ml","status":"publish","type":"product","link":"https:\/\/fernox.com\/tr\/product\/cleaner-f3-express-200ml\/","title":{"rendered":"Cleaner F3 Express 200ml"},"content":{"rendered":"<p>Cleaner F3, \u0131s\u0131tma verimlili\u011fini ilk g\u00fcnk\u00fc haline getirmek ve kazan g\u00fcr\u00fclt\u00fcs\u00fcnden kurtulmak i\u00e7in mevcut merkezi \u0131s\u0131tma<br \/>\nsistemlerindeki \u00e7amur, kire\u00e7 ve d\u00f6k\u00fcnt\u00fclerden ar\u0131nd\u0131ran etkili, evrensel pH n\u00f6tr, k\u00f6p\u00fcrmeyen bir temizleyicidir. Yerel d\u00fczenleme ve en iyi uygulamalara uygun yeni \u0131s\u0131tma sistemleri kullanmaya ba\u015flarken, Cleaner F3 kazan \u00f6mr\u00fcn\u00fc ve sistem verimlili\u011fini uzatmaya yard\u0131mc\u0131 olmak i\u00e7in eritken art\u0131klar\u0131 ve di\u011fer kurulum kal\u0131nt\u0131lar\u0131n\u0131 gidermek i\u00e7in idealdir. Fernox Express \u00fcr\u00fcnleri, \u00fcr\u00fcn\u00fc d\u0131\u015far\u0131 atmak i\u00e7in Bariyer Bas\u0131n\u00e7 Paketi teknolojisi ve bas\u0131n\u00e7l\u0131 hava itici kullan\u0131r, bu da \u00fcr\u00fcnlerin tamam\u0131n\u0131n yan\u0131c\u0131 olmamas\u0131n\u0131 sa\u011flar. \u0130tici (bas\u0131n\u00e7l\u0131 hava) aktif \u00fcr\u00fcnle kar\u0131\u015ft\u0131r\u0131lmaz, bu nedenle sistemde korozyon riskini h\u0131zland\u0131rabilecek havan\u0131n girme riski yoktur.<\/p>\n<ul>\n<li>H\u0131zl\u0131 ve kolay kullan\u0131m &#8211; 30 saniyede dozlama &#8211; sistem bo\u015faltmadan<\/li>\n<li>Yeni ve mevcut \u0131s\u0131tma sistemlerini kullanmaya ba\u015flamak i\u00e7in n\u00f6tr, evrensel temizleyici<\/li>\n<li>Protector F1 ile birlikte kullan\u0131ld\u0131\u011f\u0131nda odan\u0131z\u0131 her \u0131s\u0131tman\u0131zda %15&#8217;e varan enerji tasarrufu sa\u011flayabilir<\/li>\n<li>200 ml&#8217;lik %100 geri d\u00f6n\u00fc\u015f\u00fcml\u00fc \u015fi\u015fedeki \u00fcr\u00fcn, 65 litreye kadar sistem suyunu (8 radyat\u00f6r) ve 125 m2&#8217;ye varan yerden \u0131s\u0131tma sistemlerini temizler<\/li>\n<li>Al\u00fcminyum da dahil olmak \u00fczere t\u00fcm metaller ve malzemelerle uyumlu<\/li>\n<li>pH N\u00f6tr, tehlikeli olmayan ve do\u011fa dostu form\u00fcl &#8211; radyat\u00f6r, havluluk, doldurma devresi veya TF1 Sistem Filtresi ile ekleyin<\/li>\n<\/ul>\n","protected":false},"excerpt":{"rendered":"<p>Cleaner F3, \u0131s\u0131tma verimlili\u011fini ilk g\u00fcnk\u00fc haline getirmek ve kazan g\u00fcr\u00fclt\u00fcs\u00fcnden kurtulmak i\u00e7in mevcut merkezi \u0131s\u0131tma sistemlerindeki \u00e7amur, kire\u00e7 ve d\u00f6k\u00fcnt\u00fclerden ar\u0131nd\u0131ran etkili, evrensel pH n\u00f6tr, k\u00f6p\u00fcrmeyen bir temizleyicidir. Yerel d\u00fczenleme ve en iyi uygulamalara uygun yeni \u0131s\u0131tma sistemleri kullanmaya ba\u015flarken, Cleaner F3 kazan \u00f6mr\u00fcn\u00fc ve sistem verimlili\u011fini uzatmaya yard\u0131mc\u0131 olmak i\u00e7in eritken art\u0131klar\u0131 ve [&hellip;]<\/p>\n","protected":false},"featured_media":39685,"template":"","meta":{"_acf_changed":false},"product_brand":[],"product_cat":[178],"product_tag":[],"class_list":{"0":"post-39484","1":"product","2":"type-product","3":"status-publish","4":"has-post-thumbnail","6":"product_cat-cleaners","8":"first","9":"instock","10":"purchasable","11":"product-type-variable"},"acf":[],"yoast_head":"<!-- This site is optimized with the Yoast SEO plugin v27.3 - https:\/\/yoast.com\/product\/yoast-seo-wordpress\/ -->\n<title>Cleaner F3 Express 200ml - Fernox Turkey<\/title>\n<meta name=\"robots\" content=\"index, follow, max-snippet:-1, max-image-preview:large, max-video-preview:-1\" \/>\n<link rel=\"canonical\" href=\"https:\/\/fernox.com\/tr\/product\/cleaner-f3-express-200ml\/\" \/>\n<meta property=\"og:locale\" content=\"en_GB\" \/>\n<meta property=\"og:type\" content=\"article\" \/>\n<meta property=\"og:title\" content=\"Cleaner F3 Express 200ml - Fernox Turkey\" \/>\n<meta property=\"og:description\" content=\"Cleaner F3, \u0131s\u0131tma verimlili\u011fini ilk g\u00fcnk\u00fc haline getirmek ve kazan g\u00fcr\u00fclt\u00fcs\u00fcnden kurtulmak i\u00e7in mevcut merkezi \u0131s\u0131tma sistemlerindeki \u00e7amur, kire\u00e7 ve d\u00f6k\u00fcnt\u00fclerden ar\u0131nd\u0131ran etkili, evrensel pH n\u00f6tr, k\u00f6p\u00fcrmeyen bir temizleyicidir. Yerel d\u00fczenleme ve en iyi uygulamalara uygun yeni \u0131s\u0131tma sistemleri kullanmaya ba\u015flarken, Cleaner F3 kazan \u00f6mr\u00fcn\u00fc ve sistem verimlili\u011fini uzatmaya yard\u0131mc\u0131 olmak i\u00e7in eritken art\u0131klar\u0131 ve [&hellip;]\" \/>\n<meta property=\"og:url\" content=\"https:\/\/fernox.com\/tr\/product\/cleaner-f3-express-200ml\/\" \/>\n<meta property=\"og:site_name\" content=\"Fernox Turkey\" \/>\n<meta property=\"article:modified_time\" content=\"2026-03-19T10:02:42+00:00\" \/>\n<meta property=\"og:image\" content=\"https:\/\/fernox.com\/tr\/wp-content\/uploads\/sites\/24\/2026\/03\/62697-1LRS_9t0pkl.jpg\" \/>\n\t<meta property=\"og:image:width\" content=\"800\" \/>\n\t<meta property=\"og:image:height\" content=\"800\" \/>\n\t<meta property=\"og:image:type\" content=\"image\/jpeg\" \/>\n<meta name=\"twitter:card\" content=\"summary_large_image\" \/>\n<meta name=\"twitter:label1\" content=\"Estimated reading time\" \/>\n\t<meta name=\"twitter:data1\" content=\"1 minute\" \/>\n<script type=\"application\/ld+json\" class=\"yoast-schema-graph\">{\"@context\":\"https:\\\/\\\/schema.org\",\"@graph\":[{\"@type\":\"WebPage\",\"@id\":\"https:\\\/\\\/fernox.com\\\/tr\\\/product\\\/cleaner-f3-express-200ml\\\/\",\"url\":\"https:\\\/\\\/fernox.com\\\/tr\\\/product\\\/cleaner-f3-express-200ml\\\/\",\"name\":\"Cleaner F3 Express 200ml - Fernox Turkey\",\"isPartOf\":{\"@id\":\"https:\\\/\\\/fernox.com\\\/tr\\\/#website\"},\"primaryImageOfPage\":{\"@id\":\"https:\\\/\\\/fernox.com\\\/tr\\\/product\\\/cleaner-f3-express-200ml\\\/#primaryimage\"},\"image\":{\"@id\":\"https:\\\/\\\/fernox.com\\\/tr\\\/product\\\/cleaner-f3-express-200ml\\\/#primaryimage\"},\"thumbnailUrl\":\"https:\\\/\\\/fernox.com\\\/tr\\\/wp-content\\\/uploads\\\/sites\\\/24\\\/2026\\\/03\\\/62697-1LRS_9t0pkl.jpg\",\"datePublished\":\"2026-03-19T09:31:36+00:00\",\"dateModified\":\"2026-03-19T10:02:42+00:00\",\"breadcrumb\":{\"@id\":\"https:\\\/\\\/fernox.com\\\/tr\\\/product\\\/cleaner-f3-express-200ml\\\/#breadcrumb\"},\"inLanguage\":\"en-GB\",\"potentialAction\":[{\"@type\":\"ReadAction\",\"target\":[\"https:\\\/\\\/fernox.com\\\/tr\\\/product\\\/cleaner-f3-express-200ml\\\/\"]}]},{\"@type\":\"ImageObject\",\"inLanguage\":\"en-GB\",\"@id\":\"https:\\\/\\\/fernox.com\\\/tr\\\/product\\\/cleaner-f3-express-200ml\\\/#primaryimage\",\"url\":\"https:\\\/\\\/fernox.com\\\/tr\\\/wp-content\\\/uploads\\\/sites\\\/24\\\/2026\\\/03\\\/62697-1LRS_9t0pkl.jpg\",\"contentUrl\":\"https:\\\/\\\/fernox.com\\\/tr\\\/wp-content\\\/uploads\\\/sites\\\/24\\\/2026\\\/03\\\/62697-1LRS_9t0pkl.jpg\",\"width\":800,\"height\":800},{\"@type\":\"BreadcrumbList\",\"@id\":\"https:\\\/\\\/fernox.com\\\/tr\\\/product\\\/cleaner-f3-express-200ml\\\/#breadcrumb\",\"itemListElement\":[{\"@type\":\"ListItem\",\"position\":1,\"name\":\"Home\",\"item\":\"https:\\\/\\\/fernox.com\\\/tr\\\/\"},{\"@type\":\"ListItem\",\"position\":2,\"name\":\"Products\",\"item\":\"https:\\\/\\\/fernox.com\\\/tr\\\/shop\\\/\"},{\"@type\":\"ListItem\",\"position\":3,\"name\":\"Cleaner F3 Express 200ml\"}]},{\"@type\":\"WebSite\",\"@id\":\"https:\\\/\\\/fernox.com\\\/tr\\\/#website\",\"url\":\"https:\\\/\\\/fernox.com\\\/tr\\\/\",\"name\":\"Fernox Turkey\",\"description\":\"\",\"publisher\":{\"@id\":\"https:\\\/\\\/fernox.com\\\/tr\\\/#organization\"},\"potentialAction\":[{\"@type\":\"SearchAction\",\"target\":{\"@type\":\"EntryPoint\",\"urlTemplate\":\"https:\\\/\\\/fernox.com\\\/tr\\\/?s={search_term_string}\"},\"query-input\":{\"@type\":\"PropertyValueSpecification\",\"valueRequired\":true,\"valueName\":\"search_term_string\"}}],\"inLanguage\":\"en-GB\"},{\"@type\":\"Organization\",\"@id\":\"https:\\\/\\\/fernox.com\\\/tr\\\/#organization\",\"name\":\"Fernox Turkey\",\"url\":\"https:\\\/\\\/fernox.com\\\/tr\\\/\",\"logo\":{\"@type\":\"ImageObject\",\"inLanguage\":\"en-GB\",\"@id\":\"https:\\\/\\\/fernox.com\\\/tr\\\/#\\\/schema\\\/logo\\\/image\\\/\",\"url\":\"https:\\\/\\\/fernox.com\\\/tr\\\/wp-content\\\/uploads\\\/sites\\\/24\\\/2020\\\/11\\\/cropped-fernox-Logo-transparent.png\",\"contentUrl\":\"https:\\\/\\\/fernox.com\\\/tr\\\/wp-content\\\/uploads\\\/sites\\\/24\\\/2020\\\/11\\\/cropped-fernox-Logo-transparent.png\",\"width\":664,\"height\":150,\"caption\":\"Fernox Turkey\"},\"image\":{\"@id\":\"https:\\\/\\\/fernox.com\\\/tr\\\/#\\\/schema\\\/logo\\\/image\\\/\"}}]}<\/script>\n<!-- \/ Yoast SEO plugin. -->","yoast_head_json":{"title":"Cleaner F3 Express 200ml - Fernox Turkey","robots":{"index":"index","follow":"follow","max-snippet":"max-snippet:-1","max-image-preview":"max-image-preview:large","max-video-preview":"max-video-preview:-1"},"canonical":"https:\/\/fernox.com\/tr\/product\/cleaner-f3-express-200ml\/","og_locale":"en_GB","og_type":"article","og_title":"Cleaner F3 Express 200ml - Fernox Turkey","og_description":"Cleaner F3, \u0131s\u0131tma verimlili\u011fini ilk g\u00fcnk\u00fc haline getirmek ve kazan g\u00fcr\u00fclt\u00fcs\u00fcnden kurtulmak i\u00e7in mevcut merkezi \u0131s\u0131tma sistemlerindeki \u00e7amur, kire\u00e7 ve d\u00f6k\u00fcnt\u00fclerden ar\u0131nd\u0131ran etkili, evrensel pH n\u00f6tr, k\u00f6p\u00fcrmeyen bir temizleyicidir. Yerel d\u00fczenleme ve en iyi uygulamalara uygun yeni \u0131s\u0131tma sistemleri kullanmaya ba\u015flarken, Cleaner F3 kazan \u00f6mr\u00fcn\u00fc ve sistem verimlili\u011fini uzatmaya yard\u0131mc\u0131 olmak i\u00e7in eritken art\u0131klar\u0131 ve [&hellip;]","og_url":"https:\/\/fernox.com\/tr\/product\/cleaner-f3-express-200ml\/","og_site_name":"Fernox Turkey","article_modified_time":"2026-03-19T10:02:42+00:00","og_image":[{"width":800,"height":800,"url":"https:\/\/fernox.com\/tr\/wp-content\/uploads\/sites\/24\/2026\/03\/62697-1LRS_9t0pkl.jpg","type":"image\/jpeg"}],"twitter_card":"summary_large_image","twitter_misc":{"Estimated reading time":"1 minute"},"schema":{"@context":"https:\/\/schema.org","@graph":[{"@type":"WebPage","@id":"https:\/\/fernox.com\/tr\/product\/cleaner-f3-express-200ml\/","url":"https:\/\/fernox.com\/tr\/product\/cleaner-f3-express-200ml\/","name":"Cleaner F3 Express 200ml - Fernox Turkey","isPartOf":{"@id":"https:\/\/fernox.com\/tr\/#website"},"primaryImageOfPage":{"@id":"https:\/\/fernox.com\/tr\/product\/cleaner-f3-express-200ml\/#primaryimage"},"image":{"@id":"https:\/\/fernox.com\/tr\/product\/cleaner-f3-express-200ml\/#primaryimage"},"thumbnailUrl":"https:\/\/fernox.com\/tr\/wp-content\/uploads\/sites\/24\/2026\/03\/62697-1LRS_9t0pkl.jpg","datePublished":"2026-03-19T09:31:36+00:00","dateModified":"2026-03-19T10:02:42+00:00","breadcrumb":{"@id":"https:\/\/fernox.com\/tr\/product\/cleaner-f3-express-200ml\/#breadcrumb"},"inLanguage":"en-GB","potentialAction":[{"@type":"ReadAction","target":["https:\/\/fernox.com\/tr\/product\/cleaner-f3-express-200ml\/"]}]},{"@type":"ImageObject","inLanguage":"en-GB","@id":"https:\/\/fernox.com\/tr\/product\/cleaner-f3-express-200ml\/#primaryimage","url":"https:\/\/fernox.com\/tr\/wp-content\/uploads\/sites\/24\/2026\/03\/62697-1LRS_9t0pkl.jpg","contentUrl":"https:\/\/fernox.com\/tr\/wp-content\/uploads\/sites\/24\/2026\/03\/62697-1LRS_9t0pkl.jpg","width":800,"height":800},{"@type":"BreadcrumbList","@id":"https:\/\/fernox.com\/tr\/product\/cleaner-f3-express-200ml\/#breadcrumb","itemListElement":[{"@type":"ListItem","position":1,"name":"Home","item":"https:\/\/fernox.com\/tr\/"},{"@type":"ListItem","position":2,"name":"Products","item":"https:\/\/fernox.com\/tr\/shop\/"},{"@type":"ListItem","position":3,"name":"Cleaner F3 Express 200ml"}]},{"@type":"WebSite","@id":"https:\/\/fernox.com\/tr\/#website","url":"https:\/\/fernox.com\/tr\/","name":"Fernox Turkey","description":"","publisher":{"@id":"https:\/\/fernox.com\/tr\/#organization"},"potentialAction":[{"@type":"SearchAction","target":{"@type":"EntryPoint","urlTemplate":"https:\/\/fernox.com\/tr\/?s={search_term_string}"},"query-input":{"@type":"PropertyValueSpecification","valueRequired":true,"valueName":"search_term_string"}}],"inLanguage":"en-GB"},{"@type":"Organization","@id":"https:\/\/fernox.com\/tr\/#organization","name":"Fernox Turkey","url":"https:\/\/fernox.com\/tr\/","logo":{"@type":"ImageObject","inLanguage":"en-GB","@id":"https:\/\/fernox.com\/tr\/#\/schema\/logo\/image\/","url":"https:\/\/fernox.com\/tr\/wp-content\/uploads\/sites\/24\/2020\/11\/cropped-fernox-Logo-transparent.png","contentUrl":"https:\/\/fernox.com\/tr\/wp-content\/uploads\/sites\/24\/2020\/11\/cropped-fernox-Logo-transparent.png","width":664,"height":150,"caption":"Fernox Turkey"},"image":{"@id":"https:\/\/fernox.com\/tr\/#\/schema\/logo\/image\/"}}]}},"_links":{"self":[{"href":"https:\/\/fernox.com\/tr\/wp-json\/wp\/v2\/product\/39484","targetHints":{"allow":["GET"]}}],"collection":[{"href":"https:\/\/fernox.com\/tr\/wp-json\/wp\/v2\/product"}],"about":[{"href":"https:\/\/fernox.com\/tr\/wp-json\/wp\/v2\/types\/product"}],"wp:featuredmedia":[{"embeddable":true,"href":"https:\/\/fernox.com\/tr\/wp-json\/wp\/v2\/media\/39685"}],"wp:attachment":[{"href":"https:\/\/fernox.com\/tr\/wp-json\/wp\/v2\/media?parent=39484"}],"wp:term":[{"taxonomy":"product_brand","embeddable":true,"href":"https:\/\/fernox.com\/tr\/wp-json\/wp\/v2\/product_brand?post=39484"},{"taxonomy":"product_cat","embeddable":true,"href":"https:\/\/fernox.com\/tr\/wp-json\/wp\/v2\/product_cat?post=39484"},{"taxonomy":"product_tag","embeddable":true,"href":"https:\/\/fernox.com\/tr\/wp-json\/wp\/v2\/product_tag?post=39484"}],"curies":[{"name":"wp","href":"https:\/\/api.w.org\/{rel}","templated":true}]}}