{"id":39481,"date":"2026-03-19T12:31:36","date_gmt":"2026-03-19T09:31:36","guid":{"rendered":"https:\/\/fernox.com\/tr\/product\/protector-f1-express-200ml\/"},"modified":"2026-03-19T13:02:44","modified_gmt":"2026-03-19T10:02:44","slug":"protector-f1-express-200ml","status":"publish","type":"product","link":"https:\/\/fernox.com\/tr\/product\/protector-f1-express-200ml\/","title":{"rendered":"Protector F1 Express 200ml"},"content":{"rendered":"<p>Protector F1, merkezi \u0131s\u0131tma sisteminde a\u015f\u0131nma ve kire\u00e7 olu\u015fumunu engelleyen sekt\u00f6rde lider inhibit\u00f6r\u00fcr\u00fcd\u00fcr. Bu y\u00fcksek<br \/>\nperformansl\u0131 \u00fcr\u00fcn, koruyucu bir tabaka olu\u015fturmak i\u00e7in sistemin metal y\u00fczeyi ile reaksiyona giren katodik inhibit\u00f6rler ve \u00e7\u00f6z\u00fcnmez<br \/>\nbir tabaka olu\u015fturmak \u00fczere sert su tuzlar\u0131 ile birle\u015fen anodik inhibit\u00f6rlerin yan\u0131 s\u0131ra d\u00f6k\u00fcnt\u00fclerden korumak i\u00e7in \u0131s\u0131tma sistemi i\u00e7inde metale ba\u011flanan organik partik\u00fcllerin \u00fc\u00e7 inhibit\u00f6r\u00fcn\u00fc benzersiz bir \u015fekilde birle\u015ftirerek \u00fcst\u00fcn koruma sunar. Ayr\u0131ca Fernox Protector F1, sistem suyu pH seviyesinin korozyon ve kire\u00e7 olu\u015fumunu \u00f6nlemek i\u00e7in optimum pH aral\u0131\u011f\u0131 olan 6.5&#8217;in alt\u0131na inmemesini veya 8.5&#8217;in \u00fczerine \u00e7\u0131kmamas\u0131n\u0131 sa\u011flamak i\u00e7in geli\u015fmi\u015f pH tamponlama sa\u011flamaktad\u0131r. Yerel d\u00fczenlemelere ve en iyi<br \/>\nuygulamalara uygun olarak ve sistemin uzun s\u00fcreli korunmas\u0131 i\u00e7in yo\u011funluk seviyeleri, kazan veya sistem hizmetinin bir par\u00e7as\u0131 olarak y\u0131ll\u0131k olarak korunmal\u0131 ve kontrol edilmelidir. Protector F1, di\u011fer t\u00fcm Fernox \u00fcr\u00fcnleriyle uyumlu olup al\u00fcminyum dahil merkezi \u0131s\u0131tma sistemlerinde kullan\u0131lan t\u00fcm malzeme ve metallerle kullan\u0131ma uygundur. Fernox Express \u00fcr\u00fcnleri, \u00fcr\u00fcn\u00fc d\u0131\u015far\u0131 atmak i\u00e7in Bariyer Bas\u0131n\u00e7 Paketi teknolojisi ve bas\u0131n\u00e7l\u0131 hava itici kullan\u0131r, bu da \u00fcr\u00fcnlerin tamam\u0131n\u0131n yan\u0131c\u0131 olmamas\u0131n\u0131 sa\u011flar. \u0130tici (bas\u0131n\u00e7l\u0131 hava) aktif \u00fcr\u00fcnle kar\u0131\u015ft\u0131r\u0131lmaz, bu nedenle sistemde korozyon riskini h\u0131zland\u0131rabilecek havan\u0131n girme riski yoktur.<\/p>\n<ul>\n<li>Kazan bozulmalar\u0131n\u0131 ve erken kazan ar\u0131zas\u0131n\u0131 \u00f6nlemek i\u00e7in kar\u0131\u015f\u0131k metal merkezi \u0131s\u0131tma sistemlerinde korozyona ve kire\u00e7lenmeye kar\u015f\u0131 korur<\/li>\n<li>H\u0131zl\u0131 ve kolay &#8211; 30 saniyede radyat\u00f6r, doldurma halkas\u0131 veya TF1 Sistem Filtresi ile dozlama &#8211; sistem bo\u015faltmaya gerek yok<\/li>\n<li>Cleaner F3 ile birlikte kullan\u0131ld\u0131\u011f\u0131nda odan\u0131z\u0131 her \u0131s\u0131tman\u0131zda %15&#8217;e varan enerji tasarrufu sa\u011flayabilir<\/li>\n<li>\u00dcreticinin garanti gereksinimleriyle uyumludur<\/li>\n<li>65 litreye kadar sistem suyunu (8 radyat\u00f6r) ve 125 m2&#8217;ye varan yerden \u0131s\u0131tma sistemlerini temizler.<\/li>\n<li>Y\u00fcksek performansl\u0131, toksik olmayan form\u00fclasyon<\/li>\n<\/ul>\n","protected":false},"excerpt":{"rendered":"<p>Protector F1, merkezi \u0131s\u0131tma sisteminde a\u015f\u0131nma ve kire\u00e7 olu\u015fumunu engelleyen sekt\u00f6rde lider inhibit\u00f6r\u00fcr\u00fcd\u00fcr. Bu y\u00fcksek performansl\u0131 \u00fcr\u00fcn, koruyucu bir tabaka olu\u015fturmak i\u00e7in sistemin metal y\u00fczeyi ile reaksiyona giren katodik inhibit\u00f6rler ve \u00e7\u00f6z\u00fcnmez bir tabaka olu\u015fturmak \u00fczere sert su tuzlar\u0131 ile birle\u015fen anodik inhibit\u00f6rlerin yan\u0131 s\u0131ra d\u00f6k\u00fcnt\u00fclerden korumak i\u00e7in \u0131s\u0131tma sistemi i\u00e7inde metale ba\u011flanan organik partik\u00fcllerin [&hellip;]<\/p>\n","protected":false},"featured_media":39684,"template":"","meta":{"_acf_changed":false},"product_brand":[],"product_cat":[175],"product_tag":[],"class_list":{"0":"post-39481","1":"product","2":"type-product","3":"status-publish","4":"has-post-thumbnail","6":"product_cat-inhibitors-protectors","8":"first","9":"instock","10":"purchasable","11":"product-type-variable"},"acf":[],"yoast_head":"<!-- This site is optimized with the Yoast SEO plugin v27.3 - https:\/\/yoast.com\/product\/yoast-seo-wordpress\/ -->\n<title>Protector F1 Express 200ml - Fernox Turkey<\/title>\n<meta name=\"robots\" content=\"index, follow, max-snippet:-1, max-image-preview:large, max-video-preview:-1\" \/>\n<link rel=\"canonical\" href=\"https:\/\/fernox.com\/tr\/product\/protector-f1-express-200ml\/\" \/>\n<meta property=\"og:locale\" content=\"en_GB\" \/>\n<meta property=\"og:type\" content=\"article\" \/>\n<meta property=\"og:title\" content=\"Protector F1 Express 200ml - Fernox Turkey\" \/>\n<meta property=\"og:description\" content=\"Protector F1, merkezi \u0131s\u0131tma sisteminde a\u015f\u0131nma ve kire\u00e7 olu\u015fumunu engelleyen sekt\u00f6rde lider inhibit\u00f6r\u00fcr\u00fcd\u00fcr. Bu y\u00fcksek performansl\u0131 \u00fcr\u00fcn, koruyucu bir tabaka olu\u015fturmak i\u00e7in sistemin metal y\u00fczeyi ile reaksiyona giren katodik inhibit\u00f6rler ve \u00e7\u00f6z\u00fcnmez bir tabaka olu\u015fturmak \u00fczere sert su tuzlar\u0131 ile birle\u015fen anodik inhibit\u00f6rlerin yan\u0131 s\u0131ra d\u00f6k\u00fcnt\u00fclerden korumak i\u00e7in \u0131s\u0131tma sistemi i\u00e7inde metale ba\u011flanan organik partik\u00fcllerin [&hellip;]\" \/>\n<meta property=\"og:url\" content=\"https:\/\/fernox.com\/tr\/product\/protector-f1-express-200ml\/\" \/>\n<meta property=\"og:site_name\" content=\"Fernox Turkey\" \/>\n<meta property=\"article:modified_time\" content=\"2026-03-19T10:02:44+00:00\" \/>\n<meta property=\"og:image\" content=\"https:\/\/fernox.com\/tr\/wp-content\/uploads\/sites\/24\/2026\/03\/62696-1LRS_82t24r.jpg\" \/>\n\t<meta property=\"og:image:width\" content=\"800\" \/>\n\t<meta property=\"og:image:height\" content=\"800\" \/>\n\t<meta property=\"og:image:type\" content=\"image\/jpeg\" \/>\n<meta name=\"twitter:card\" content=\"summary_large_image\" \/>\n<meta name=\"twitter:label1\" content=\"Estimated reading time\" \/>\n\t<meta name=\"twitter:data1\" content=\"2 minutes\" \/>\n<script type=\"application\/ld+json\" class=\"yoast-schema-graph\">{\"@context\":\"https:\\\/\\\/schema.org\",\"@graph\":[{\"@type\":\"WebPage\",\"@id\":\"https:\\\/\\\/fernox.com\\\/tr\\\/product\\\/protector-f1-express-200ml\\\/\",\"url\":\"https:\\\/\\\/fernox.com\\\/tr\\\/product\\\/protector-f1-express-200ml\\\/\",\"name\":\"Protector F1 Express 200ml - Fernox Turkey\",\"isPartOf\":{\"@id\":\"https:\\\/\\\/fernox.com\\\/tr\\\/#website\"},\"primaryImageOfPage\":{\"@id\":\"https:\\\/\\\/fernox.com\\\/tr\\\/product\\\/protector-f1-express-200ml\\\/#primaryimage\"},\"image\":{\"@id\":\"https:\\\/\\\/fernox.com\\\/tr\\\/product\\\/protector-f1-express-200ml\\\/#primaryimage\"},\"thumbnailUrl\":\"https:\\\/\\\/fernox.com\\\/tr\\\/wp-content\\\/uploads\\\/sites\\\/24\\\/2026\\\/03\\\/62696-1LRS_82t24r.jpg\",\"datePublished\":\"2026-03-19T09:31:36+00:00\",\"dateModified\":\"2026-03-19T10:02:44+00:00\",\"breadcrumb\":{\"@id\":\"https:\\\/\\\/fernox.com\\\/tr\\\/product\\\/protector-f1-express-200ml\\\/#breadcrumb\"},\"inLanguage\":\"en-GB\",\"potentialAction\":[{\"@type\":\"ReadAction\",\"target\":[\"https:\\\/\\\/fernox.com\\\/tr\\\/product\\\/protector-f1-express-200ml\\\/\"]}]},{\"@type\":\"ImageObject\",\"inLanguage\":\"en-GB\",\"@id\":\"https:\\\/\\\/fernox.com\\\/tr\\\/product\\\/protector-f1-express-200ml\\\/#primaryimage\",\"url\":\"https:\\\/\\\/fernox.com\\\/tr\\\/wp-content\\\/uploads\\\/sites\\\/24\\\/2026\\\/03\\\/62696-1LRS_82t24r.jpg\",\"contentUrl\":\"https:\\\/\\\/fernox.com\\\/tr\\\/wp-content\\\/uploads\\\/sites\\\/24\\\/2026\\\/03\\\/62696-1LRS_82t24r.jpg\",\"width\":800,\"height\":800},{\"@type\":\"BreadcrumbList\",\"@id\":\"https:\\\/\\\/fernox.com\\\/tr\\\/product\\\/protector-f1-express-200ml\\\/#breadcrumb\",\"itemListElement\":[{\"@type\":\"ListItem\",\"position\":1,\"name\":\"Home\",\"item\":\"https:\\\/\\\/fernox.com\\\/tr\\\/\"},{\"@type\":\"ListItem\",\"position\":2,\"name\":\"Products\",\"item\":\"https:\\\/\\\/fernox.com\\\/tr\\\/shop\\\/\"},{\"@type\":\"ListItem\",\"position\":3,\"name\":\"Protector F1 Express 200ml\"}]},{\"@type\":\"WebSite\",\"@id\":\"https:\\\/\\\/fernox.com\\\/tr\\\/#website\",\"url\":\"https:\\\/\\\/fernox.com\\\/tr\\\/\",\"name\":\"Fernox Turkey\",\"description\":\"\",\"publisher\":{\"@id\":\"https:\\\/\\\/fernox.com\\\/tr\\\/#organization\"},\"potentialAction\":[{\"@type\":\"SearchAction\",\"target\":{\"@type\":\"EntryPoint\",\"urlTemplate\":\"https:\\\/\\\/fernox.com\\\/tr\\\/?s={search_term_string}\"},\"query-input\":{\"@type\":\"PropertyValueSpecification\",\"valueRequired\":true,\"valueName\":\"search_term_string\"}}],\"inLanguage\":\"en-GB\"},{\"@type\":\"Organization\",\"@id\":\"https:\\\/\\\/fernox.com\\\/tr\\\/#organization\",\"name\":\"Fernox Turkey\",\"url\":\"https:\\\/\\\/fernox.com\\\/tr\\\/\",\"logo\":{\"@type\":\"ImageObject\",\"inLanguage\":\"en-GB\",\"@id\":\"https:\\\/\\\/fernox.com\\\/tr\\\/#\\\/schema\\\/logo\\\/image\\\/\",\"url\":\"https:\\\/\\\/fernox.com\\\/tr\\\/wp-content\\\/uploads\\\/sites\\\/24\\\/2020\\\/11\\\/cropped-fernox-Logo-transparent.png\",\"contentUrl\":\"https:\\\/\\\/fernox.com\\\/tr\\\/wp-content\\\/uploads\\\/sites\\\/24\\\/2020\\\/11\\\/cropped-fernox-Logo-transparent.png\",\"width\":664,\"height\":150,\"caption\":\"Fernox Turkey\"},\"image\":{\"@id\":\"https:\\\/\\\/fernox.com\\\/tr\\\/#\\\/schema\\\/logo\\\/image\\\/\"}}]}<\/script>\n<!-- \/ Yoast SEO plugin. -->","yoast_head_json":{"title":"Protector F1 Express 200ml - Fernox Turkey","robots":{"index":"index","follow":"follow","max-snippet":"max-snippet:-1","max-image-preview":"max-image-preview:large","max-video-preview":"max-video-preview:-1"},"canonical":"https:\/\/fernox.com\/tr\/product\/protector-f1-express-200ml\/","og_locale":"en_GB","og_type":"article","og_title":"Protector F1 Express 200ml - Fernox Turkey","og_description":"Protector F1, merkezi \u0131s\u0131tma sisteminde a\u015f\u0131nma ve kire\u00e7 olu\u015fumunu engelleyen sekt\u00f6rde lider inhibit\u00f6r\u00fcr\u00fcd\u00fcr. Bu y\u00fcksek performansl\u0131 \u00fcr\u00fcn, koruyucu bir tabaka olu\u015fturmak i\u00e7in sistemin metal y\u00fczeyi ile reaksiyona giren katodik inhibit\u00f6rler ve \u00e7\u00f6z\u00fcnmez bir tabaka olu\u015fturmak \u00fczere sert su tuzlar\u0131 ile birle\u015fen anodik inhibit\u00f6rlerin yan\u0131 s\u0131ra d\u00f6k\u00fcnt\u00fclerden korumak i\u00e7in \u0131s\u0131tma sistemi i\u00e7inde metale ba\u011flanan organik partik\u00fcllerin [&hellip;]","og_url":"https:\/\/fernox.com\/tr\/product\/protector-f1-express-200ml\/","og_site_name":"Fernox Turkey","article_modified_time":"2026-03-19T10:02:44+00:00","og_image":[{"width":800,"height":800,"url":"https:\/\/fernox.com\/tr\/wp-content\/uploads\/sites\/24\/2026\/03\/62696-1LRS_82t24r.jpg","type":"image\/jpeg"}],"twitter_card":"summary_large_image","twitter_misc":{"Estimated reading time":"2 minutes"},"schema":{"@context":"https:\/\/schema.org","@graph":[{"@type":"WebPage","@id":"https:\/\/fernox.com\/tr\/product\/protector-f1-express-200ml\/","url":"https:\/\/fernox.com\/tr\/product\/protector-f1-express-200ml\/","name":"Protector F1 Express 200ml - Fernox Turkey","isPartOf":{"@id":"https:\/\/fernox.com\/tr\/#website"},"primaryImageOfPage":{"@id":"https:\/\/fernox.com\/tr\/product\/protector-f1-express-200ml\/#primaryimage"},"image":{"@id":"https:\/\/fernox.com\/tr\/product\/protector-f1-express-200ml\/#primaryimage"},"thumbnailUrl":"https:\/\/fernox.com\/tr\/wp-content\/uploads\/sites\/24\/2026\/03\/62696-1LRS_82t24r.jpg","datePublished":"2026-03-19T09:31:36+00:00","dateModified":"2026-03-19T10:02:44+00:00","breadcrumb":{"@id":"https:\/\/fernox.com\/tr\/product\/protector-f1-express-200ml\/#breadcrumb"},"inLanguage":"en-GB","potentialAction":[{"@type":"ReadAction","target":["https:\/\/fernox.com\/tr\/product\/protector-f1-express-200ml\/"]}]},{"@type":"ImageObject","inLanguage":"en-GB","@id":"https:\/\/fernox.com\/tr\/product\/protector-f1-express-200ml\/#primaryimage","url":"https:\/\/fernox.com\/tr\/wp-content\/uploads\/sites\/24\/2026\/03\/62696-1LRS_82t24r.jpg","contentUrl":"https:\/\/fernox.com\/tr\/wp-content\/uploads\/sites\/24\/2026\/03\/62696-1LRS_82t24r.jpg","width":800,"height":800},{"@type":"BreadcrumbList","@id":"https:\/\/fernox.com\/tr\/product\/protector-f1-express-200ml\/#breadcrumb","itemListElement":[{"@type":"ListItem","position":1,"name":"Home","item":"https:\/\/fernox.com\/tr\/"},{"@type":"ListItem","position":2,"name":"Products","item":"https:\/\/fernox.com\/tr\/shop\/"},{"@type":"ListItem","position":3,"name":"Protector F1 Express 200ml"}]},{"@type":"WebSite","@id":"https:\/\/fernox.com\/tr\/#website","url":"https:\/\/fernox.com\/tr\/","name":"Fernox Turkey","description":"","publisher":{"@id":"https:\/\/fernox.com\/tr\/#organization"},"potentialAction":[{"@type":"SearchAction","target":{"@type":"EntryPoint","urlTemplate":"https:\/\/fernox.com\/tr\/?s={search_term_string}"},"query-input":{"@type":"PropertyValueSpecification","valueRequired":true,"valueName":"search_term_string"}}],"inLanguage":"en-GB"},{"@type":"Organization","@id":"https:\/\/fernox.com\/tr\/#organization","name":"Fernox Turkey","url":"https:\/\/fernox.com\/tr\/","logo":{"@type":"ImageObject","inLanguage":"en-GB","@id":"https:\/\/fernox.com\/tr\/#\/schema\/logo\/image\/","url":"https:\/\/fernox.com\/tr\/wp-content\/uploads\/sites\/24\/2020\/11\/cropped-fernox-Logo-transparent.png","contentUrl":"https:\/\/fernox.com\/tr\/wp-content\/uploads\/sites\/24\/2020\/11\/cropped-fernox-Logo-transparent.png","width":664,"height":150,"caption":"Fernox Turkey"},"image":{"@id":"https:\/\/fernox.com\/tr\/#\/schema\/logo\/image\/"}}]}},"_links":{"self":[{"href":"https:\/\/fernox.com\/tr\/wp-json\/wp\/v2\/product\/39481","targetHints":{"allow":["GET"]}}],"collection":[{"href":"https:\/\/fernox.com\/tr\/wp-json\/wp\/v2\/product"}],"about":[{"href":"https:\/\/fernox.com\/tr\/wp-json\/wp\/v2\/types\/product"}],"wp:featuredmedia":[{"embeddable":true,"href":"https:\/\/fernox.com\/tr\/wp-json\/wp\/v2\/media\/39684"}],"wp:attachment":[{"href":"https:\/\/fernox.com\/tr\/wp-json\/wp\/v2\/media?parent=39481"}],"wp:term":[{"taxonomy":"product_brand","embeddable":true,"href":"https:\/\/fernox.com\/tr\/wp-json\/wp\/v2\/product_brand?post=39481"},{"taxonomy":"product_cat","embeddable":true,"href":"https:\/\/fernox.com\/tr\/wp-json\/wp\/v2\/product_cat?post=39481"},{"taxonomy":"product_tag","embeddable":true,"href":"https:\/\/fernox.com\/tr\/wp-json\/wp\/v2\/product_tag?post=39481"}],"curies":[{"name":"wp","href":"https:\/\/api.w.org\/{rel}","templated":true}]}}