{"id":39470,"date":"2026-03-19T12:31:24","date_gmt":"2026-03-19T09:31:24","guid":{"rendered":"https:\/\/fernox.com\/tr\/product\/tf1-antifreeze-valve\/"},"modified":"2026-03-19T13:02:46","modified_gmt":"2026-03-19T10:02:46","slug":"tf1-antifreeze-valve","status":"publish","type":"product","link":"https:\/\/fernox.com\/tr\/product\/tf1-antifreeze-valve\/","title":{"rendered":"TF1 Antifreeze Valve"},"content":{"rendered":"<p>Fernox TF1 Antifriz Vanas\u0131, su bazl\u0131 hava kaynakl\u0131 Is\u0131 Pompas\u0131 \u0131s\u0131tma sistemlerini korumak i\u00e7in \u00f6zel olarak tasarlanm\u0131\u015ft\u0131r. So\u011fuk havalarda, s\u0131cakl\u0131klar d\u00fc\u015ft\u00fc\u011f\u00fcnde, glikol bazl\u0131 bir s\u0131v\u0131 ile i\u015flem g\u00f6rmeyen sistemler, \u0131s\u0131 pompas\u0131 devresi i\u00e7inde donabilir ve potansiyel olarak hassas \u0131s\u0131 pompas\u0131 bile\u015fenlerinde ve sistem borular\u0131nda zararl\u0131 ve maliyetli hasara neden olabilir; sonunda erken bozulmaya ve onar\u0131ma neden olur.<\/p>\n<p>Fernox TF1 Antifriz Valfi, devredeki s\u0131v\u0131n\u0131n donma noktas\u0131na yak\u0131n oldu\u011funu, yani devre s\u0131cakl\u0131\u011f\u0131n\u0131n 3\u00b0C&#8217;nin alt\u0131na d\u00fc\u015ft\u00fc\u011f\u00fcn\u00fc alg\u0131layarak sistemlerin donmas\u0131n\u0131 \u00f6nlemek i\u00e7in geli\u015ftirilmi\u015f, kurulumu kolay bir bile\u015fendir. TF1 Antifriz Valfi, sistem suyunu otomatik olarak a\u00e7\u0131p serbest b\u0131rakarak Is\u0131 Pompas\u0131 sisteminde buz olu\u015fmas\u0131n\u0131 \u00f6nler ve sistemin \u00e7al\u0131\u015fmas\u0131n\u0131 korur.<\/p>\n<ul>\n<li>Su bazl\u0131 Is\u0131 Pompas\u0131 sistemlerini korumak i\u00e7in \u00f6zel olarak tasarlanm\u0131\u015f y\u00fcksek performansl\u0131 bir antifriz valfi.<\/li>\n<li>Sa\u011flam, dayan\u0131kl\u0131 ve uzun s\u00fcreli kullan\u0131m i\u00e7in pirin\u00e7ten \u00fcretilmi\u015ftir.<\/li>\n<li>Y\u00fcksek performans i\u00e7in end\u00fcstri lideri KV valfleri.<\/li>\n<li>Devre s\u0131cakl\u0131\u011f\u0131 3\u00b0C&#8217;nin alt\u0131na d\u00fc\u015ft\u00fc\u011f\u00fcnde otomatik \u00e7al\u0131\u015fma.<\/li>\n<li>Gidi\u015f ve d\u00f6n\u00fc\u015f borular\u0131na montaj kolayl\u0131\u011f\u0131 i\u00e7in hem Erkek hem de Di\u015fi BSP ba\u011flant\u0131lar\u0131yla birlikte verilir.<\/li>\n<li>Birden fazla uygulama i\u00e7in tam uyumluluk sa\u011flamak i\u00e7in farkl\u0131 boyutlarda mevcuttur.<\/li>\n<\/ul>\n","protected":false},"excerpt":{"rendered":"<p>Fernox TF1 Antifriz Vanas\u0131, su bazl\u0131 hava kaynakl\u0131 Is\u0131 Pompas\u0131 \u0131s\u0131tma sistemlerini korumak i\u00e7in \u00f6zel olarak tasarlanm\u0131\u015ft\u0131r. So\u011fuk havalarda, s\u0131cakl\u0131klar d\u00fc\u015ft\u00fc\u011f\u00fcnde, glikol bazl\u0131 bir s\u0131v\u0131 ile i\u015flem g\u00f6rmeyen sistemler, \u0131s\u0131 pompas\u0131 devresi i\u00e7inde donabilir ve potansiyel olarak hassas \u0131s\u0131 pompas\u0131 bile\u015fenlerinde ve sistem borular\u0131nda zararl\u0131 ve maliyetli hasara neden olabilir; sonunda erken bozulmaya ve onar\u0131ma [&hellip;]<\/p>\n","protected":false},"featured_media":39679,"template":"","meta":{"_acf_changed":false},"product_brand":[],"product_cat":[128,202],"product_tag":[],"class_list":{"0":"post-39470","1":"product","2":"type-product","3":"status-publish","4":"has-post-thumbnail","6":"product_cat-renewable-technologies","7":"product_cat-renewable-technologiesdevices","8":"pa_metrik-baglanti-olcusu-1-1-2","9":"pa_metrik-baglanti-olcusu-1-1-4","10":"pa_metrik-baglanti-olcusu-184","11":"pa_metrik-baglanti-olcusu-28mm","12":"pa_uyum-tipi-bsp","13":"pa_uyum-tipi-compression","15":"first","16":"instock","17":"featured","18":"purchasable","19":"product-type-variable"},"acf":[],"yoast_head":"<!-- This site is optimized with the Yoast SEO plugin v27.3 - https:\/\/yoast.com\/product\/yoast-seo-wordpress\/ -->\n<title>TF1 Antifreeze Valve - Fernox Turkey<\/title>\n<meta name=\"robots\" content=\"index, follow, max-snippet:-1, max-image-preview:large, max-video-preview:-1\" \/>\n<link rel=\"canonical\" href=\"https:\/\/fernox.com\/tr\/product\/tf1-antifreeze-valve\/\" \/>\n<meta property=\"og:locale\" content=\"en_GB\" \/>\n<meta property=\"og:type\" content=\"article\" \/>\n<meta property=\"og:title\" content=\"TF1 Antifreeze Valve - Fernox Turkey\" \/>\n<meta property=\"og:description\" content=\"Fernox TF1 Antifriz Vanas\u0131, su bazl\u0131 hava kaynakl\u0131 Is\u0131 Pompas\u0131 \u0131s\u0131tma sistemlerini korumak i\u00e7in \u00f6zel olarak tasarlanm\u0131\u015ft\u0131r. So\u011fuk havalarda, s\u0131cakl\u0131klar d\u00fc\u015ft\u00fc\u011f\u00fcnde, glikol bazl\u0131 bir s\u0131v\u0131 ile i\u015flem g\u00f6rmeyen sistemler, \u0131s\u0131 pompas\u0131 devresi i\u00e7inde donabilir ve potansiyel olarak hassas \u0131s\u0131 pompas\u0131 bile\u015fenlerinde ve sistem borular\u0131nda zararl\u0131 ve maliyetli hasara neden olabilir; sonunda erken bozulmaya ve onar\u0131ma [&hellip;]\" \/>\n<meta property=\"og:url\" content=\"https:\/\/fernox.com\/tr\/product\/tf1-antifreeze-valve\/\" \/>\n<meta property=\"og:site_name\" content=\"Fernox Turkey\" \/>\n<meta property=\"article:modified_time\" content=\"2026-03-19T10:02:46+00:00\" \/>\n<meta property=\"og:image\" content=\"https:\/\/fernox.com\/tr\/wp-content\/uploads\/sites\/24\/2026\/03\/62664-1LRS.jpg\" \/>\n\t<meta property=\"og:image:width\" content=\"600\" \/>\n\t<meta property=\"og:image:height\" content=\"600\" \/>\n\t<meta property=\"og:image:type\" content=\"image\/jpeg\" \/>\n<meta name=\"twitter:card\" content=\"summary_large_image\" \/>\n<meta name=\"twitter:label1\" content=\"Estimated reading time\" \/>\n\t<meta name=\"twitter:data1\" content=\"1 minute\" \/>\n<script type=\"application\/ld+json\" class=\"yoast-schema-graph\">{\"@context\":\"https:\\\/\\\/schema.org\",\"@graph\":[{\"@type\":\"WebPage\",\"@id\":\"https:\\\/\\\/fernox.com\\\/tr\\\/product\\\/tf1-antifreeze-valve\\\/\",\"url\":\"https:\\\/\\\/fernox.com\\\/tr\\\/product\\\/tf1-antifreeze-valve\\\/\",\"name\":\"TF1 Antifreeze Valve - Fernox Turkey\",\"isPartOf\":{\"@id\":\"https:\\\/\\\/fernox.com\\\/tr\\\/#website\"},\"primaryImageOfPage\":{\"@id\":\"https:\\\/\\\/fernox.com\\\/tr\\\/product\\\/tf1-antifreeze-valve\\\/#primaryimage\"},\"image\":{\"@id\":\"https:\\\/\\\/fernox.com\\\/tr\\\/product\\\/tf1-antifreeze-valve\\\/#primaryimage\"},\"thumbnailUrl\":\"https:\\\/\\\/fernox.com\\\/tr\\\/wp-content\\\/uploads\\\/sites\\\/24\\\/2026\\\/03\\\/62664-1LRS.jpg\",\"datePublished\":\"2026-03-19T09:31:24+00:00\",\"dateModified\":\"2026-03-19T10:02:46+00:00\",\"breadcrumb\":{\"@id\":\"https:\\\/\\\/fernox.com\\\/tr\\\/product\\\/tf1-antifreeze-valve\\\/#breadcrumb\"},\"inLanguage\":\"en-GB\",\"potentialAction\":[{\"@type\":\"ReadAction\",\"target\":[\"https:\\\/\\\/fernox.com\\\/tr\\\/product\\\/tf1-antifreeze-valve\\\/\"]}]},{\"@type\":\"ImageObject\",\"inLanguage\":\"en-GB\",\"@id\":\"https:\\\/\\\/fernox.com\\\/tr\\\/product\\\/tf1-antifreeze-valve\\\/#primaryimage\",\"url\":\"https:\\\/\\\/fernox.com\\\/tr\\\/wp-content\\\/uploads\\\/sites\\\/24\\\/2026\\\/03\\\/62664-1LRS.jpg\",\"contentUrl\":\"https:\\\/\\\/fernox.com\\\/tr\\\/wp-content\\\/uploads\\\/sites\\\/24\\\/2026\\\/03\\\/62664-1LRS.jpg\",\"width\":600,\"height\":600},{\"@type\":\"BreadcrumbList\",\"@id\":\"https:\\\/\\\/fernox.com\\\/tr\\\/product\\\/tf1-antifreeze-valve\\\/#breadcrumb\",\"itemListElement\":[{\"@type\":\"ListItem\",\"position\":1,\"name\":\"Home\",\"item\":\"https:\\\/\\\/fernox.com\\\/tr\\\/\"},{\"@type\":\"ListItem\",\"position\":2,\"name\":\"Products\",\"item\":\"https:\\\/\\\/fernox.com\\\/tr\\\/shop\\\/\"},{\"@type\":\"ListItem\",\"position\":3,\"name\":\"TF1 Antifreeze Valve\"}]},{\"@type\":\"WebSite\",\"@id\":\"https:\\\/\\\/fernox.com\\\/tr\\\/#website\",\"url\":\"https:\\\/\\\/fernox.com\\\/tr\\\/\",\"name\":\"Fernox Turkey\",\"description\":\"\",\"publisher\":{\"@id\":\"https:\\\/\\\/fernox.com\\\/tr\\\/#organization\"},\"potentialAction\":[{\"@type\":\"SearchAction\",\"target\":{\"@type\":\"EntryPoint\",\"urlTemplate\":\"https:\\\/\\\/fernox.com\\\/tr\\\/?s={search_term_string}\"},\"query-input\":{\"@type\":\"PropertyValueSpecification\",\"valueRequired\":true,\"valueName\":\"search_term_string\"}}],\"inLanguage\":\"en-GB\"},{\"@type\":\"Organization\",\"@id\":\"https:\\\/\\\/fernox.com\\\/tr\\\/#organization\",\"name\":\"Fernox Turkey\",\"url\":\"https:\\\/\\\/fernox.com\\\/tr\\\/\",\"logo\":{\"@type\":\"ImageObject\",\"inLanguage\":\"en-GB\",\"@id\":\"https:\\\/\\\/fernox.com\\\/tr\\\/#\\\/schema\\\/logo\\\/image\\\/\",\"url\":\"https:\\\/\\\/fernox.com\\\/tr\\\/wp-content\\\/uploads\\\/sites\\\/24\\\/2020\\\/11\\\/cropped-fernox-Logo-transparent.png\",\"contentUrl\":\"https:\\\/\\\/fernox.com\\\/tr\\\/wp-content\\\/uploads\\\/sites\\\/24\\\/2020\\\/11\\\/cropped-fernox-Logo-transparent.png\",\"width\":664,\"height\":150,\"caption\":\"Fernox Turkey\"},\"image\":{\"@id\":\"https:\\\/\\\/fernox.com\\\/tr\\\/#\\\/schema\\\/logo\\\/image\\\/\"}}]}<\/script>\n<!-- \/ Yoast SEO plugin. -->","yoast_head_json":{"title":"TF1 Antifreeze Valve - Fernox Turkey","robots":{"index":"index","follow":"follow","max-snippet":"max-snippet:-1","max-image-preview":"max-image-preview:large","max-video-preview":"max-video-preview:-1"},"canonical":"https:\/\/fernox.com\/tr\/product\/tf1-antifreeze-valve\/","og_locale":"en_GB","og_type":"article","og_title":"TF1 Antifreeze Valve - Fernox Turkey","og_description":"Fernox TF1 Antifriz Vanas\u0131, su bazl\u0131 hava kaynakl\u0131 Is\u0131 Pompas\u0131 \u0131s\u0131tma sistemlerini korumak i\u00e7in \u00f6zel olarak tasarlanm\u0131\u015ft\u0131r. So\u011fuk havalarda, s\u0131cakl\u0131klar d\u00fc\u015ft\u00fc\u011f\u00fcnde, glikol bazl\u0131 bir s\u0131v\u0131 ile i\u015flem g\u00f6rmeyen sistemler, \u0131s\u0131 pompas\u0131 devresi i\u00e7inde donabilir ve potansiyel olarak hassas \u0131s\u0131 pompas\u0131 bile\u015fenlerinde ve sistem borular\u0131nda zararl\u0131 ve maliyetli hasara neden olabilir; sonunda erken bozulmaya ve onar\u0131ma [&hellip;]","og_url":"https:\/\/fernox.com\/tr\/product\/tf1-antifreeze-valve\/","og_site_name":"Fernox Turkey","article_modified_time":"2026-03-19T10:02:46+00:00","og_image":[{"width":600,"height":600,"url":"https:\/\/fernox.com\/tr\/wp-content\/uploads\/sites\/24\/2026\/03\/62664-1LRS.jpg","type":"image\/jpeg"}],"twitter_card":"summary_large_image","twitter_misc":{"Estimated reading time":"1 minute"},"schema":{"@context":"https:\/\/schema.org","@graph":[{"@type":"WebPage","@id":"https:\/\/fernox.com\/tr\/product\/tf1-antifreeze-valve\/","url":"https:\/\/fernox.com\/tr\/product\/tf1-antifreeze-valve\/","name":"TF1 Antifreeze Valve - Fernox Turkey","isPartOf":{"@id":"https:\/\/fernox.com\/tr\/#website"},"primaryImageOfPage":{"@id":"https:\/\/fernox.com\/tr\/product\/tf1-antifreeze-valve\/#primaryimage"},"image":{"@id":"https:\/\/fernox.com\/tr\/product\/tf1-antifreeze-valve\/#primaryimage"},"thumbnailUrl":"https:\/\/fernox.com\/tr\/wp-content\/uploads\/sites\/24\/2026\/03\/62664-1LRS.jpg","datePublished":"2026-03-19T09:31:24+00:00","dateModified":"2026-03-19T10:02:46+00:00","breadcrumb":{"@id":"https:\/\/fernox.com\/tr\/product\/tf1-antifreeze-valve\/#breadcrumb"},"inLanguage":"en-GB","potentialAction":[{"@type":"ReadAction","target":["https:\/\/fernox.com\/tr\/product\/tf1-antifreeze-valve\/"]}]},{"@type":"ImageObject","inLanguage":"en-GB","@id":"https:\/\/fernox.com\/tr\/product\/tf1-antifreeze-valve\/#primaryimage","url":"https:\/\/fernox.com\/tr\/wp-content\/uploads\/sites\/24\/2026\/03\/62664-1LRS.jpg","contentUrl":"https:\/\/fernox.com\/tr\/wp-content\/uploads\/sites\/24\/2026\/03\/62664-1LRS.jpg","width":600,"height":600},{"@type":"BreadcrumbList","@id":"https:\/\/fernox.com\/tr\/product\/tf1-antifreeze-valve\/#breadcrumb","itemListElement":[{"@type":"ListItem","position":1,"name":"Home","item":"https:\/\/fernox.com\/tr\/"},{"@type":"ListItem","position":2,"name":"Products","item":"https:\/\/fernox.com\/tr\/shop\/"},{"@type":"ListItem","position":3,"name":"TF1 Antifreeze Valve"}]},{"@type":"WebSite","@id":"https:\/\/fernox.com\/tr\/#website","url":"https:\/\/fernox.com\/tr\/","name":"Fernox Turkey","description":"","publisher":{"@id":"https:\/\/fernox.com\/tr\/#organization"},"potentialAction":[{"@type":"SearchAction","target":{"@type":"EntryPoint","urlTemplate":"https:\/\/fernox.com\/tr\/?s={search_term_string}"},"query-input":{"@type":"PropertyValueSpecification","valueRequired":true,"valueName":"search_term_string"}}],"inLanguage":"en-GB"},{"@type":"Organization","@id":"https:\/\/fernox.com\/tr\/#organization","name":"Fernox Turkey","url":"https:\/\/fernox.com\/tr\/","logo":{"@type":"ImageObject","inLanguage":"en-GB","@id":"https:\/\/fernox.com\/tr\/#\/schema\/logo\/image\/","url":"https:\/\/fernox.com\/tr\/wp-content\/uploads\/sites\/24\/2020\/11\/cropped-fernox-Logo-transparent.png","contentUrl":"https:\/\/fernox.com\/tr\/wp-content\/uploads\/sites\/24\/2020\/11\/cropped-fernox-Logo-transparent.png","width":664,"height":150,"caption":"Fernox Turkey"},"image":{"@id":"https:\/\/fernox.com\/tr\/#\/schema\/logo\/image\/"}}]}},"_links":{"self":[{"href":"https:\/\/fernox.com\/tr\/wp-json\/wp\/v2\/product\/39470","targetHints":{"allow":["GET"]}}],"collection":[{"href":"https:\/\/fernox.com\/tr\/wp-json\/wp\/v2\/product"}],"about":[{"href":"https:\/\/fernox.com\/tr\/wp-json\/wp\/v2\/types\/product"}],"wp:featuredmedia":[{"embeddable":true,"href":"https:\/\/fernox.com\/tr\/wp-json\/wp\/v2\/media\/39679"}],"wp:attachment":[{"href":"https:\/\/fernox.com\/tr\/wp-json\/wp\/v2\/media?parent=39470"}],"wp:term":[{"taxonomy":"product_brand","embeddable":true,"href":"https:\/\/fernox.com\/tr\/wp-json\/wp\/v2\/product_brand?post=39470"},{"taxonomy":"product_cat","embeddable":true,"href":"https:\/\/fernox.com\/tr\/wp-json\/wp\/v2\/product_cat?post=39470"},{"taxonomy":"product_tag","embeddable":true,"href":"https:\/\/fernox.com\/tr\/wp-json\/wp\/v2\/product_tag?post=39470"}],"curies":[{"name":"wp","href":"https:\/\/api.w.org\/{rel}","templated":true}]}}