{"id":39460,"date":"2026-03-19T12:31:17","date_gmt":"2026-03-19T09:31:17","guid":{"rendered":"https:\/\/fernox.com\/tr\/product\/tf1-sigma-hp-filter\/"},"modified":"2026-03-19T13:02:49","modified_gmt":"2026-03-19T10:02:49","slug":"tf1-sigma-hp-filter","status":"publish","type":"product","link":"https:\/\/fernox.com\/tr\/product\/tf1-sigma-hp-filter\/","title":{"rendered":"TF1 Sigma HP Filter"},"content":{"rendered":"<p>Hava ve Toprak Kaynakl\u0131 Is\u0131 Pompalar\u0131n\u0131 korumak i\u00e7in \u00f6zel olarak tasarlanan TF1 Sigma HP Filter, patent ba\u015fvurusu yap\u0131lm\u0131\u015f teknolojiyi kullanarak yenilenebilir \u0131s\u0131tma sistemlerinden gelen her t\u00fcrl\u00fc birikintiyi etkili bir \u015fekilde temizler. Yenilik\u00e7i TF1 Sigma HP Filter, y\u00fcksek ak\u0131\u015f h\u0131zlar\u0131nda bile ak\u0131\u015f\u0131 k\u0131s\u0131tlamaz ve engellemez, b\u00f6ylece sistemin Performans Katsay\u0131s\u0131&#8217; n\u0131n (COP) korunmas\u0131n\u0131 sa\u011flayarak enerji t\u00fcketimini ve yak\u0131t israf\u0131n\u0131 azalt\u0131r. Kurulumu basit ve h\u0131zl\u0131 olan TF1 Sigma HP Filter, standart olarak tam ge\u00e7i\u015fli vanalarla birlikte sat\u0131\u015fa sunulmas\u0131 sistem performans\u0131n\u0131 iyile\u015ftiren ve enerji verimlili\u011fini art\u0131ran bir fakt\u00f6rd\u00fcr.<\/p>\n<ul>\n<li>Hava ve Toprak Kaynakl\u0131 Is\u0131 Pompas\u0131 sistemleri i\u00e7in \u00f6zel olarak tasarlanm\u0131\u015f verimli, y\u00fcksek performansl\u0131 filtre.<\/li>\n<li>TF1 Sigma HP Filter, y\u00fcksek ak\u0131\u015f h\u0131zlar\u0131nda ve \u00e7ok \u00e7e\u015fitli birikinti t\u00fcrlerinde son derece etkili olan benzersiz filtreleme teknolojisiyle sistemin kirleticilerden ar\u0131nm\u0131\u015f olarak kalmas\u0131n\u0131 sa\u011flar.<\/li>\n<li>Dayan\u0131kl\u0131 ve sa\u011flam yap\u0131l\u0131 TF1 Sigma HP Filter, y\u00fcksek kaliteli cam elyafla takviye edilmi\u015f m\u00fchendislik polimerinden imal edilmi\u015f olup standart olarak tam ge\u00e7i\u015fli pirin\u00e7 vanalar i\u00e7erir.<\/li>\n<li>Tahliye vanas\u0131 arac\u0131l\u0131\u011f\u0131yla kolay temizlenebilen ve h\u0131zl\u0131 bak\u0131m yap\u0131labilen TF1 Sigma HP Filter, sistemin kapat\u0131lmas\u0131n\u0131 veya filtrenin s\u00f6k\u00fclmesini gerektirmez, bu da y\u0131ll\u0131k bak\u0131m i\u00e7in sahada daha az zaman harcanmas\u0131n\u0131 sa\u011flar.<\/li>\n<li>Kurulumu kolay olan bu s\u0131zd\u0131rmaz filtre, yatay ve dikey y\u00f6nde kurulabilir.<\/li>\n<li>Is\u0131 Pompas\u0131n\u0131n maksimum COP&#8217;ta \u00e7al\u0131\u015fmas\u0131n\u0131 sa\u011flayan pazar lideri diferansiyel bas\u0131n\u00e7 de\u011ferleri.<\/li>\n<\/ul>\n","protected":false},"excerpt":{"rendered":"<p>Hava ve Toprak Kaynakl\u0131 Is\u0131 Pompalar\u0131n\u0131 korumak i\u00e7in \u00f6zel olarak tasarlanan TF1 Sigma HP Filter, patent ba\u015fvurusu yap\u0131lm\u0131\u015f teknolojiyi kullanarak yenilenebilir \u0131s\u0131tma sistemlerinden gelen her t\u00fcrl\u00fc birikintiyi etkili bir \u015fekilde temizler. Yenilik\u00e7i TF1 Sigma HP Filter, y\u00fcksek ak\u0131\u015f h\u0131zlar\u0131nda bile ak\u0131\u015f\u0131 k\u0131s\u0131tlamaz ve engellemez, b\u00f6ylece sistemin Performans Katsay\u0131s\u0131&#8217; n\u0131n (COP) korunmas\u0131n\u0131 sa\u011flayarak enerji t\u00fcketimini ve [&hellip;]<\/p>\n","protected":false},"featured_media":39675,"template":"","meta":{"_acf_changed":false},"product_brand":[],"product_cat":[174,128,202],"product_tag":[],"class_list":{"0":"post-39460","1":"product","2":"type-product","3":"status-publish","4":"has-post-thumbnail","6":"product_cat-filters","7":"product_cat-renewable-technologies","8":"product_cat-renewable-technologiesdevices","9":"pa_metrik-baglanti-olcusu-1-1-2","10":"pa_metrik-baglanti-olcusu-1-1-4","11":"pa_metrik-baglanti-olcusu-184","12":"pa_metrik-baglanti-olcusu-28mm","13":"pa_uyum-tipi-with-valves","15":"first","16":"instock","17":"purchasable","18":"product-type-variable"},"acf":[],"yoast_head":"<!-- This site is optimized with the Yoast SEO plugin v27.3 - https:\/\/yoast.com\/product\/yoast-seo-wordpress\/ -->\n<title>TF1 Sigma HP Filter - Fernox Turkey<\/title>\n<meta name=\"robots\" content=\"index, follow, max-snippet:-1, max-image-preview:large, max-video-preview:-1\" \/>\n<link rel=\"canonical\" href=\"https:\/\/fernox.com\/tr\/product\/tf1-sigma-hp-filter\/\" \/>\n<meta property=\"og:locale\" content=\"en_GB\" \/>\n<meta property=\"og:type\" content=\"article\" \/>\n<meta property=\"og:title\" content=\"TF1 Sigma HP Filter - Fernox Turkey\" \/>\n<meta property=\"og:description\" content=\"Hava ve Toprak Kaynakl\u0131 Is\u0131 Pompalar\u0131n\u0131 korumak i\u00e7in \u00f6zel olarak tasarlanan TF1 Sigma HP Filter, patent ba\u015fvurusu yap\u0131lm\u0131\u015f teknolojiyi kullanarak yenilenebilir \u0131s\u0131tma sistemlerinden gelen her t\u00fcrl\u00fc birikintiyi etkili bir \u015fekilde temizler. Yenilik\u00e7i TF1 Sigma HP Filter, y\u00fcksek ak\u0131\u015f h\u0131zlar\u0131nda bile ak\u0131\u015f\u0131 k\u0131s\u0131tlamaz ve engellemez, b\u00f6ylece sistemin Performans Katsay\u0131s\u0131&#8217; n\u0131n (COP) korunmas\u0131n\u0131 sa\u011flayarak enerji t\u00fcketimini ve [&hellip;]\" \/>\n<meta property=\"og:url\" content=\"https:\/\/fernox.com\/tr\/product\/tf1-sigma-hp-filter\/\" \/>\n<meta property=\"og:site_name\" content=\"Fernox Turkey\" \/>\n<meta property=\"article:modified_time\" content=\"2026-03-19T10:02:49+00:00\" \/>\n<meta property=\"og:image\" content=\"https:\/\/fernox.com\/tr\/wp-content\/uploads\/sites\/24\/2026\/03\/62615_LRS.jpg\" \/>\n\t<meta property=\"og:image:width\" content=\"600\" \/>\n\t<meta property=\"og:image:height\" content=\"600\" \/>\n\t<meta property=\"og:image:type\" content=\"image\/jpeg\" \/>\n<meta name=\"twitter:card\" content=\"summary_large_image\" \/>\n<meta name=\"twitter:label1\" content=\"Estimated reading time\" \/>\n\t<meta name=\"twitter:data1\" content=\"1 minute\" \/>\n<script type=\"application\/ld+json\" class=\"yoast-schema-graph\">{\"@context\":\"https:\\\/\\\/schema.org\",\"@graph\":[{\"@type\":\"WebPage\",\"@id\":\"https:\\\/\\\/fernox.com\\\/tr\\\/product\\\/tf1-sigma-hp-filter\\\/\",\"url\":\"https:\\\/\\\/fernox.com\\\/tr\\\/product\\\/tf1-sigma-hp-filter\\\/\",\"name\":\"TF1 Sigma HP Filter - Fernox Turkey\",\"isPartOf\":{\"@id\":\"https:\\\/\\\/fernox.com\\\/tr\\\/#website\"},\"primaryImageOfPage\":{\"@id\":\"https:\\\/\\\/fernox.com\\\/tr\\\/product\\\/tf1-sigma-hp-filter\\\/#primaryimage\"},\"image\":{\"@id\":\"https:\\\/\\\/fernox.com\\\/tr\\\/product\\\/tf1-sigma-hp-filter\\\/#primaryimage\"},\"thumbnailUrl\":\"https:\\\/\\\/fernox.com\\\/tr\\\/wp-content\\\/uploads\\\/sites\\\/24\\\/2026\\\/03\\\/62615_LRS.jpg\",\"datePublished\":\"2026-03-19T09:31:17+00:00\",\"dateModified\":\"2026-03-19T10:02:49+00:00\",\"breadcrumb\":{\"@id\":\"https:\\\/\\\/fernox.com\\\/tr\\\/product\\\/tf1-sigma-hp-filter\\\/#breadcrumb\"},\"inLanguage\":\"en-GB\",\"potentialAction\":[{\"@type\":\"ReadAction\",\"target\":[\"https:\\\/\\\/fernox.com\\\/tr\\\/product\\\/tf1-sigma-hp-filter\\\/\"]}]},{\"@type\":\"ImageObject\",\"inLanguage\":\"en-GB\",\"@id\":\"https:\\\/\\\/fernox.com\\\/tr\\\/product\\\/tf1-sigma-hp-filter\\\/#primaryimage\",\"url\":\"https:\\\/\\\/fernox.com\\\/tr\\\/wp-content\\\/uploads\\\/sites\\\/24\\\/2026\\\/03\\\/62615_LRS.jpg\",\"contentUrl\":\"https:\\\/\\\/fernox.com\\\/tr\\\/wp-content\\\/uploads\\\/sites\\\/24\\\/2026\\\/03\\\/62615_LRS.jpg\",\"width\":600,\"height\":600},{\"@type\":\"BreadcrumbList\",\"@id\":\"https:\\\/\\\/fernox.com\\\/tr\\\/product\\\/tf1-sigma-hp-filter\\\/#breadcrumb\",\"itemListElement\":[{\"@type\":\"ListItem\",\"position\":1,\"name\":\"Home\",\"item\":\"https:\\\/\\\/fernox.com\\\/tr\\\/\"},{\"@type\":\"ListItem\",\"position\":2,\"name\":\"Products\",\"item\":\"https:\\\/\\\/fernox.com\\\/tr\\\/shop\\\/\"},{\"@type\":\"ListItem\",\"position\":3,\"name\":\"TF1 Sigma HP Filter\"}]},{\"@type\":\"WebSite\",\"@id\":\"https:\\\/\\\/fernox.com\\\/tr\\\/#website\",\"url\":\"https:\\\/\\\/fernox.com\\\/tr\\\/\",\"name\":\"Fernox Turkey\",\"description\":\"\",\"publisher\":{\"@id\":\"https:\\\/\\\/fernox.com\\\/tr\\\/#organization\"},\"potentialAction\":[{\"@type\":\"SearchAction\",\"target\":{\"@type\":\"EntryPoint\",\"urlTemplate\":\"https:\\\/\\\/fernox.com\\\/tr\\\/?s={search_term_string}\"},\"query-input\":{\"@type\":\"PropertyValueSpecification\",\"valueRequired\":true,\"valueName\":\"search_term_string\"}}],\"inLanguage\":\"en-GB\"},{\"@type\":\"Organization\",\"@id\":\"https:\\\/\\\/fernox.com\\\/tr\\\/#organization\",\"name\":\"Fernox Turkey\",\"url\":\"https:\\\/\\\/fernox.com\\\/tr\\\/\",\"logo\":{\"@type\":\"ImageObject\",\"inLanguage\":\"en-GB\",\"@id\":\"https:\\\/\\\/fernox.com\\\/tr\\\/#\\\/schema\\\/logo\\\/image\\\/\",\"url\":\"https:\\\/\\\/fernox.com\\\/tr\\\/wp-content\\\/uploads\\\/sites\\\/24\\\/2020\\\/11\\\/cropped-fernox-Logo-transparent.png\",\"contentUrl\":\"https:\\\/\\\/fernox.com\\\/tr\\\/wp-content\\\/uploads\\\/sites\\\/24\\\/2020\\\/11\\\/cropped-fernox-Logo-transparent.png\",\"width\":664,\"height\":150,\"caption\":\"Fernox Turkey\"},\"image\":{\"@id\":\"https:\\\/\\\/fernox.com\\\/tr\\\/#\\\/schema\\\/logo\\\/image\\\/\"}}]}<\/script>\n<!-- \/ Yoast SEO plugin. -->","yoast_head_json":{"title":"TF1 Sigma HP Filter - Fernox Turkey","robots":{"index":"index","follow":"follow","max-snippet":"max-snippet:-1","max-image-preview":"max-image-preview:large","max-video-preview":"max-video-preview:-1"},"canonical":"https:\/\/fernox.com\/tr\/product\/tf1-sigma-hp-filter\/","og_locale":"en_GB","og_type":"article","og_title":"TF1 Sigma HP Filter - Fernox Turkey","og_description":"Hava ve Toprak Kaynakl\u0131 Is\u0131 Pompalar\u0131n\u0131 korumak i\u00e7in \u00f6zel olarak tasarlanan TF1 Sigma HP Filter, patent ba\u015fvurusu yap\u0131lm\u0131\u015f teknolojiyi kullanarak yenilenebilir \u0131s\u0131tma sistemlerinden gelen her t\u00fcrl\u00fc birikintiyi etkili bir \u015fekilde temizler. Yenilik\u00e7i TF1 Sigma HP Filter, y\u00fcksek ak\u0131\u015f h\u0131zlar\u0131nda bile ak\u0131\u015f\u0131 k\u0131s\u0131tlamaz ve engellemez, b\u00f6ylece sistemin Performans Katsay\u0131s\u0131&#8217; n\u0131n (COP) korunmas\u0131n\u0131 sa\u011flayarak enerji t\u00fcketimini ve [&hellip;]","og_url":"https:\/\/fernox.com\/tr\/product\/tf1-sigma-hp-filter\/","og_site_name":"Fernox Turkey","article_modified_time":"2026-03-19T10:02:49+00:00","og_image":[{"width":600,"height":600,"url":"https:\/\/fernox.com\/tr\/wp-content\/uploads\/sites\/24\/2026\/03\/62615_LRS.jpg","type":"image\/jpeg"}],"twitter_card":"summary_large_image","twitter_misc":{"Estimated reading time":"1 minute"},"schema":{"@context":"https:\/\/schema.org","@graph":[{"@type":"WebPage","@id":"https:\/\/fernox.com\/tr\/product\/tf1-sigma-hp-filter\/","url":"https:\/\/fernox.com\/tr\/product\/tf1-sigma-hp-filter\/","name":"TF1 Sigma HP Filter - Fernox Turkey","isPartOf":{"@id":"https:\/\/fernox.com\/tr\/#website"},"primaryImageOfPage":{"@id":"https:\/\/fernox.com\/tr\/product\/tf1-sigma-hp-filter\/#primaryimage"},"image":{"@id":"https:\/\/fernox.com\/tr\/product\/tf1-sigma-hp-filter\/#primaryimage"},"thumbnailUrl":"https:\/\/fernox.com\/tr\/wp-content\/uploads\/sites\/24\/2026\/03\/62615_LRS.jpg","datePublished":"2026-03-19T09:31:17+00:00","dateModified":"2026-03-19T10:02:49+00:00","breadcrumb":{"@id":"https:\/\/fernox.com\/tr\/product\/tf1-sigma-hp-filter\/#breadcrumb"},"inLanguage":"en-GB","potentialAction":[{"@type":"ReadAction","target":["https:\/\/fernox.com\/tr\/product\/tf1-sigma-hp-filter\/"]}]},{"@type":"ImageObject","inLanguage":"en-GB","@id":"https:\/\/fernox.com\/tr\/product\/tf1-sigma-hp-filter\/#primaryimage","url":"https:\/\/fernox.com\/tr\/wp-content\/uploads\/sites\/24\/2026\/03\/62615_LRS.jpg","contentUrl":"https:\/\/fernox.com\/tr\/wp-content\/uploads\/sites\/24\/2026\/03\/62615_LRS.jpg","width":600,"height":600},{"@type":"BreadcrumbList","@id":"https:\/\/fernox.com\/tr\/product\/tf1-sigma-hp-filter\/#breadcrumb","itemListElement":[{"@type":"ListItem","position":1,"name":"Home","item":"https:\/\/fernox.com\/tr\/"},{"@type":"ListItem","position":2,"name":"Products","item":"https:\/\/fernox.com\/tr\/shop\/"},{"@type":"ListItem","position":3,"name":"TF1 Sigma HP Filter"}]},{"@type":"WebSite","@id":"https:\/\/fernox.com\/tr\/#website","url":"https:\/\/fernox.com\/tr\/","name":"Fernox Turkey","description":"","publisher":{"@id":"https:\/\/fernox.com\/tr\/#organization"},"potentialAction":[{"@type":"SearchAction","target":{"@type":"EntryPoint","urlTemplate":"https:\/\/fernox.com\/tr\/?s={search_term_string}"},"query-input":{"@type":"PropertyValueSpecification","valueRequired":true,"valueName":"search_term_string"}}],"inLanguage":"en-GB"},{"@type":"Organization","@id":"https:\/\/fernox.com\/tr\/#organization","name":"Fernox Turkey","url":"https:\/\/fernox.com\/tr\/","logo":{"@type":"ImageObject","inLanguage":"en-GB","@id":"https:\/\/fernox.com\/tr\/#\/schema\/logo\/image\/","url":"https:\/\/fernox.com\/tr\/wp-content\/uploads\/sites\/24\/2020\/11\/cropped-fernox-Logo-transparent.png","contentUrl":"https:\/\/fernox.com\/tr\/wp-content\/uploads\/sites\/24\/2020\/11\/cropped-fernox-Logo-transparent.png","width":664,"height":150,"caption":"Fernox Turkey"},"image":{"@id":"https:\/\/fernox.com\/tr\/#\/schema\/logo\/image\/"}}]}},"_links":{"self":[{"href":"https:\/\/fernox.com\/tr\/wp-json\/wp\/v2\/product\/39460","targetHints":{"allow":["GET"]}}],"collection":[{"href":"https:\/\/fernox.com\/tr\/wp-json\/wp\/v2\/product"}],"about":[{"href":"https:\/\/fernox.com\/tr\/wp-json\/wp\/v2\/types\/product"}],"wp:featuredmedia":[{"embeddable":true,"href":"https:\/\/fernox.com\/tr\/wp-json\/wp\/v2\/media\/39675"}],"wp:attachment":[{"href":"https:\/\/fernox.com\/tr\/wp-json\/wp\/v2\/media?parent=39460"}],"wp:term":[{"taxonomy":"product_brand","embeddable":true,"href":"https:\/\/fernox.com\/tr\/wp-json\/wp\/v2\/product_brand?post=39460"},{"taxonomy":"product_cat","embeddable":true,"href":"https:\/\/fernox.com\/tr\/wp-json\/wp\/v2\/product_cat?post=39460"},{"taxonomy":"product_tag","embeddable":true,"href":"https:\/\/fernox.com\/tr\/wp-json\/wp\/v2\/product_tag?post=39460"}],"curies":[{"name":"wp","href":"https:\/\/api.w.org\/{rel}","templated":true}]}}