{"id":39456,"date":"2026-04-27T02:31:58","date_gmt":"2026-04-26T23:31:58","guid":{"rendered":"https:\/\/fernox.com\/tr\/product\/heat-transfer-fluid-hp-eg-20l\/"},"modified":"2026-04-27T02:31:58","modified_gmt":"2026-04-26T23:31:58","slug":"heat-transfer-fluid-hp-eg-20l","status":"publish","type":"product","link":"https:\/\/fernox.com\/tr\/product\/heat-transfer-fluid-hp-eg-20l\/","title":{"rendered":"Heat Transfer Fluid HP-EG 20L"},"content":{"rendered":"<p>Etilen glikol bazl\u0131 Hava ve Toprak Kaynakl\u0131 Is\u0131 Pompalar\u0131 i\u00e7in konsantre bir \u0131s\u0131 transfer s\u0131v\u0131s\u0131. Bu y\u00fcksek performans \u00fcr\u00fcn\u00fc, korozyona ve kirecin yan\u0131 s\u0131ra -10 ila -33\u00b0C aras\u0131 donmaya kar\u015f\u0131 koruma sa\u011flamak \u00fczere tasarlanm\u0131\u015ft\u0131r.<\/p>\n<ul>\n<li>Korozyona ve kire\u00e7lenmeye kar\u015f\u0131 maksimum koruma, sistemin \u00f6mr\u00fcn\u00fc uzatmak i\u00e7in y\u00fcksek performansl\u0131 \u0131s\u0131 transfer s\u0131v\u0131s\u0131\n<\/li>\n<li>Propilen glikol bazl\u0131 \u00fcr\u00fcnlerden daha y\u00fcksek verim ve daha d\u00fc\u015f\u00fck ak\u0131\u015f direnci\n<\/li>\n<li>Daha d\u00fc\u015f\u00fck ak\u0131\u015f direnci, \u0131s\u0131 transfer s\u0131v\u0131s\u0131n\u0131 sistem etraf\u0131nda pompalamak i\u00e7in daha az enerji kullanmas\u0131 demektir\n<\/li>\n<li>Kar\u0131\u015f\u0131k metal sistem i\u00e7in optimum sistem pH&#8217;\u0131n\u0131 korumak i\u00e7in m\u00fckemmel pH tamponlama\n<\/li>\n<li>Is\u0131l verimlili\u011fin temel gereklilik oldu\u011fu durumlarda maliyet etkin \u00e7\u00f6z\u00fcm.\n<\/li>\n<li>Is\u0131 pompas\u0131 sistemlerindeki t\u00fcm metal ve malzemelerle uyumlu<br \/>\n<\/li>\n<\/ul>\n","protected":false},"excerpt":{"rendered":"<p>Etilen glikol bazl\u0131 Hava ve Toprak Kaynakl\u0131 Is\u0131 Pompalar\u0131 i\u00e7in konsantre bir \u0131s\u0131 transfer s\u0131v\u0131s\u0131. Bu y\u00fcksek performans \u00fcr\u00fcn\u00fc, korozyona ve kirecin yan\u0131 s\u0131ra -10 ila -33\u00b0C aras\u0131 donmaya kar\u015f\u0131 koruma sa\u011flamak \u00fczere tasarlanm\u0131\u015ft\u0131r. Korozyona ve kire\u00e7lenmeye kar\u015f\u0131 maksimum koruma, sistemin \u00f6mr\u00fcn\u00fc uzatmak i\u00e7in y\u00fcksek performansl\u0131 \u0131s\u0131 transfer s\u0131v\u0131s\u0131 Propilen glikol bazl\u0131 \u00fcr\u00fcnlerden daha y\u00fcksek [&hellip;]<\/p>\n","protected":false},"featured_media":40072,"template":"","meta":{"_acf_changed":false},"product_brand":[],"product_cat":[203,128,204],"product_tag":[],"class_list":{"0":"post-39456","1":"product","2":"type-product","3":"status-publish","4":"has-post-thumbnail","6":"product_cat-heat-pumps","7":"product_cat-renewable-technologies","8":"product_cat-renewable-technologieschemistry","10":"first","11":"instock","12":"purchasable","13":"product-type-simple"},"acf":[],"_links":{"self":[{"href":"https:\/\/fernox.com\/tr\/wp-json\/wp\/v2\/product\/39456","targetHints":{"allow":["GET"]}}],"collection":[{"href":"https:\/\/fernox.com\/tr\/wp-json\/wp\/v2\/product"}],"about":[{"href":"https:\/\/fernox.com\/tr\/wp-json\/wp\/v2\/types\/product"}],"wp:featuredmedia":[{"embeddable":true,"href":"https:\/\/fernox.com\/tr\/wp-json\/wp\/v2\/media\/40072"}],"wp:attachment":[{"href":"https:\/\/fernox.com\/tr\/wp-json\/wp\/v2\/media?parent=39456"}],"wp:term":[{"taxonomy":"product_brand","embeddable":true,"href":"https:\/\/fernox.com\/tr\/wp-json\/wp\/v2\/product_brand?post=39456"},{"taxonomy":"product_cat","embeddable":true,"href":"https:\/\/fernox.com\/tr\/wp-json\/wp\/v2\/product_cat?post=39456"},{"taxonomy":"product_tag","embeddable":true,"href":"https:\/\/fernox.com\/tr\/wp-json\/wp\/v2\/product_tag?post=39456"}],"curies":[{"name":"wp","href":"https:\/\/api.w.org\/{rel}","templated":true}]}}