{"id":39452,"date":"2026-03-19T12:31:08","date_gmt":"2026-03-19T09:31:08","guid":{"rendered":"https:\/\/fernox.com\/tr\/product\/tf1-sigma-ub-filter\/"},"modified":"2026-03-19T13:02:51","modified_gmt":"2026-03-19T10:02:51","slug":"tf1-sigma-ub-filter","status":"publish","type":"product","link":"https:\/\/fernox.com\/tr\/product\/tf1-sigma-ub-filter\/","title":{"rendered":"TF1 Sigma UB Filter"},"content":{"rendered":"<p>K\u00fc\u00e7\u00fck, k\u0131s\u0131tl\u0131 alanlarda ve gizli boru tesisat\u0131 ile kolay kurulum i\u00e7in tasarlanm\u0131\u015f pirin\u00e7 manifoldlu kompozit kazan alt\u0131 sistem filtresi. Bu y\u00fcksek performansl\u0131 filtre, kompakt, \u00e7ok y\u00f6nl\u00fc tasar\u0131m\u0131 sayesinde do\u011frudan kazan\u0131n alt\u0131na veya k\u0131s\u0131tl\u0131 alanlara monte edilebilir. TF1 Sigma UB Filter, en iyi kurulum se\u00e7iminin yap\u0131lmas\u0131n\u0131 sa\u011flar ve sistem kal\u0131nt\u0131lar\u0131n\u0131n birikmesine kar\u015f\u0131 y\u00fcksek verimli koruma sa\u011flar<\/p>\n<ul>\n<li>Y\u00fcksek kapasiteli, kompakt tasar\u0131m<\/li>\n<li>K\u0131s\u0131tl\u0131 alanlarda kullan\u0131m i\u00e7in ideal<\/li>\n<li>Filtre izolasyonuna ve temizleme i\u015flevine sahip entegre \u00fc\u00e7 yollu vana<\/li>\n<li>\u00dcst kalite cam takviyeli m\u00fchendislik s\u0131n\u0131f\u0131 polimerden ve g\u00f6zeneksiz d\u00f6vme pirin\u00e7ten yap\u0131lm\u0131\u015f dayan\u0131kl\u0131 ve sa\u011flam yap\u0131<\/li>\n<li>Ak\u0131\u015f\u0131 t\u0131kamaz veya k\u0131s\u0131tlamaz<\/li>\n<li>0,75 ve 1 in\u00e7 giri\u015f ba\u011flant\u0131lar\u0131<\/li>\n<\/ul>\n","protected":false},"excerpt":{"rendered":"<p>K\u00fc\u00e7\u00fck, k\u0131s\u0131tl\u0131 alanlarda ve gizli boru tesisat\u0131 ile kolay kurulum i\u00e7in tasarlanm\u0131\u015f pirin\u00e7 manifoldlu kompozit kazan alt\u0131 sistem filtresi. Bu y\u00fcksek performansl\u0131 filtre, kompakt, \u00e7ok y\u00f6nl\u00fc tasar\u0131m\u0131 sayesinde do\u011frudan kazan\u0131n alt\u0131na veya k\u0131s\u0131tl\u0131 alanlara monte edilebilir. TF1 Sigma UB Filter, en iyi kurulum se\u00e7iminin yap\u0131lmas\u0131n\u0131 sa\u011flar ve sistem kal\u0131nt\u0131lar\u0131n\u0131n birikmesine kar\u015f\u0131 y\u00fcksek verimli koruma sa\u011flar [&hellip;]<\/p>\n","protected":false},"featured_media":39670,"template":"","meta":{"_acf_changed":false},"product_brand":[],"product_cat":[174],"product_tag":[],"class_list":{"0":"post-39452","1":"product","2":"type-product","3":"status-publish","4":"has-post-thumbnail","6":"product_cat-filters","7":"pa_metrik-baglanti-olcusu-3-4","8":"pa_uyum-tipi-bsp","10":"first","11":"instock","12":"purchasable","13":"product-type-variable"},"acf":[],"yoast_head":"<!-- This site is optimized with the Yoast SEO plugin v27.3 - https:\/\/yoast.com\/product\/yoast-seo-wordpress\/ -->\n<title>TF1 Sigma UB Filter - Fernox Turkey<\/title>\n<meta name=\"robots\" content=\"index, follow, max-snippet:-1, max-image-preview:large, max-video-preview:-1\" \/>\n<link rel=\"canonical\" href=\"https:\/\/fernox.com\/tr\/product\/tf1-sigma-ub-filter\/\" \/>\n<meta property=\"og:locale\" content=\"en_GB\" \/>\n<meta property=\"og:type\" content=\"article\" \/>\n<meta property=\"og:title\" content=\"TF1 Sigma UB Filter - Fernox Turkey\" \/>\n<meta property=\"og:description\" content=\"K\u00fc\u00e7\u00fck, k\u0131s\u0131tl\u0131 alanlarda ve gizli boru tesisat\u0131 ile kolay kurulum i\u00e7in tasarlanm\u0131\u015f pirin\u00e7 manifoldlu kompozit kazan alt\u0131 sistem filtresi. Bu y\u00fcksek performansl\u0131 filtre, kompakt, \u00e7ok y\u00f6nl\u00fc tasar\u0131m\u0131 sayesinde do\u011frudan kazan\u0131n alt\u0131na veya k\u0131s\u0131tl\u0131 alanlara monte edilebilir. TF1 Sigma UB Filter, en iyi kurulum se\u00e7iminin yap\u0131lmas\u0131n\u0131 sa\u011flar ve sistem kal\u0131nt\u0131lar\u0131n\u0131n birikmesine kar\u015f\u0131 y\u00fcksek verimli koruma sa\u011flar [&hellip;]\" \/>\n<meta property=\"og:url\" content=\"https:\/\/fernox.com\/tr\/product\/tf1-sigma-ub-filter\/\" \/>\n<meta property=\"og:site_name\" content=\"Fernox Turkey\" \/>\n<meta property=\"article:modified_time\" content=\"2026-03-19T10:02:51+00:00\" \/>\n<meta property=\"og:image\" content=\"https:\/\/fernox.com\/tr\/wp-content\/uploads\/sites\/24\/2026\/03\/62589_1LRS.jpg\" \/>\n\t<meta property=\"og:image:width\" content=\"600\" \/>\n\t<meta property=\"og:image:height\" content=\"600\" \/>\n\t<meta property=\"og:image:type\" content=\"image\/jpeg\" \/>\n<meta name=\"twitter:card\" content=\"summary_large_image\" \/>\n<meta name=\"twitter:label1\" content=\"Estimated reading time\" \/>\n\t<meta name=\"twitter:data1\" content=\"1 minute\" \/>\n<script type=\"application\/ld+json\" class=\"yoast-schema-graph\">{\"@context\":\"https:\\\/\\\/schema.org\",\"@graph\":[{\"@type\":\"WebPage\",\"@id\":\"https:\\\/\\\/fernox.com\\\/tr\\\/product\\\/tf1-sigma-ub-filter\\\/\",\"url\":\"https:\\\/\\\/fernox.com\\\/tr\\\/product\\\/tf1-sigma-ub-filter\\\/\",\"name\":\"TF1 Sigma UB Filter - Fernox Turkey\",\"isPartOf\":{\"@id\":\"https:\\\/\\\/fernox.com\\\/tr\\\/#website\"},\"primaryImageOfPage\":{\"@id\":\"https:\\\/\\\/fernox.com\\\/tr\\\/product\\\/tf1-sigma-ub-filter\\\/#primaryimage\"},\"image\":{\"@id\":\"https:\\\/\\\/fernox.com\\\/tr\\\/product\\\/tf1-sigma-ub-filter\\\/#primaryimage\"},\"thumbnailUrl\":\"https:\\\/\\\/fernox.com\\\/tr\\\/wp-content\\\/uploads\\\/sites\\\/24\\\/2026\\\/03\\\/62589_1LRS.jpg\",\"datePublished\":\"2026-03-19T09:31:08+00:00\",\"dateModified\":\"2026-03-19T10:02:51+00:00\",\"breadcrumb\":{\"@id\":\"https:\\\/\\\/fernox.com\\\/tr\\\/product\\\/tf1-sigma-ub-filter\\\/#breadcrumb\"},\"inLanguage\":\"en-GB\",\"potentialAction\":[{\"@type\":\"ReadAction\",\"target\":[\"https:\\\/\\\/fernox.com\\\/tr\\\/product\\\/tf1-sigma-ub-filter\\\/\"]}]},{\"@type\":\"ImageObject\",\"inLanguage\":\"en-GB\",\"@id\":\"https:\\\/\\\/fernox.com\\\/tr\\\/product\\\/tf1-sigma-ub-filter\\\/#primaryimage\",\"url\":\"https:\\\/\\\/fernox.com\\\/tr\\\/wp-content\\\/uploads\\\/sites\\\/24\\\/2026\\\/03\\\/62589_1LRS.jpg\",\"contentUrl\":\"https:\\\/\\\/fernox.com\\\/tr\\\/wp-content\\\/uploads\\\/sites\\\/24\\\/2026\\\/03\\\/62589_1LRS.jpg\",\"width\":600,\"height\":600},{\"@type\":\"BreadcrumbList\",\"@id\":\"https:\\\/\\\/fernox.com\\\/tr\\\/product\\\/tf1-sigma-ub-filter\\\/#breadcrumb\",\"itemListElement\":[{\"@type\":\"ListItem\",\"position\":1,\"name\":\"Home\",\"item\":\"https:\\\/\\\/fernox.com\\\/tr\\\/\"},{\"@type\":\"ListItem\",\"position\":2,\"name\":\"Products\",\"item\":\"https:\\\/\\\/fernox.com\\\/tr\\\/shop\\\/\"},{\"@type\":\"ListItem\",\"position\":3,\"name\":\"TF1 Sigma UB Filter\"}]},{\"@type\":\"WebSite\",\"@id\":\"https:\\\/\\\/fernox.com\\\/tr\\\/#website\",\"url\":\"https:\\\/\\\/fernox.com\\\/tr\\\/\",\"name\":\"Fernox Turkey\",\"description\":\"\",\"publisher\":{\"@id\":\"https:\\\/\\\/fernox.com\\\/tr\\\/#organization\"},\"potentialAction\":[{\"@type\":\"SearchAction\",\"target\":{\"@type\":\"EntryPoint\",\"urlTemplate\":\"https:\\\/\\\/fernox.com\\\/tr\\\/?s={search_term_string}\"},\"query-input\":{\"@type\":\"PropertyValueSpecification\",\"valueRequired\":true,\"valueName\":\"search_term_string\"}}],\"inLanguage\":\"en-GB\"},{\"@type\":\"Organization\",\"@id\":\"https:\\\/\\\/fernox.com\\\/tr\\\/#organization\",\"name\":\"Fernox Turkey\",\"url\":\"https:\\\/\\\/fernox.com\\\/tr\\\/\",\"logo\":{\"@type\":\"ImageObject\",\"inLanguage\":\"en-GB\",\"@id\":\"https:\\\/\\\/fernox.com\\\/tr\\\/#\\\/schema\\\/logo\\\/image\\\/\",\"url\":\"https:\\\/\\\/fernox.com\\\/tr\\\/wp-content\\\/uploads\\\/sites\\\/24\\\/2020\\\/11\\\/cropped-fernox-Logo-transparent.png\",\"contentUrl\":\"https:\\\/\\\/fernox.com\\\/tr\\\/wp-content\\\/uploads\\\/sites\\\/24\\\/2020\\\/11\\\/cropped-fernox-Logo-transparent.png\",\"width\":664,\"height\":150,\"caption\":\"Fernox Turkey\"},\"image\":{\"@id\":\"https:\\\/\\\/fernox.com\\\/tr\\\/#\\\/schema\\\/logo\\\/image\\\/\"}}]}<\/script>\n<!-- \/ Yoast SEO plugin. -->","yoast_head_json":{"title":"TF1 Sigma UB Filter - Fernox Turkey","robots":{"index":"index","follow":"follow","max-snippet":"max-snippet:-1","max-image-preview":"max-image-preview:large","max-video-preview":"max-video-preview:-1"},"canonical":"https:\/\/fernox.com\/tr\/product\/tf1-sigma-ub-filter\/","og_locale":"en_GB","og_type":"article","og_title":"TF1 Sigma UB Filter - Fernox Turkey","og_description":"K\u00fc\u00e7\u00fck, k\u0131s\u0131tl\u0131 alanlarda ve gizli boru tesisat\u0131 ile kolay kurulum i\u00e7in tasarlanm\u0131\u015f pirin\u00e7 manifoldlu kompozit kazan alt\u0131 sistem filtresi. Bu y\u00fcksek performansl\u0131 filtre, kompakt, \u00e7ok y\u00f6nl\u00fc tasar\u0131m\u0131 sayesinde do\u011frudan kazan\u0131n alt\u0131na veya k\u0131s\u0131tl\u0131 alanlara monte edilebilir. TF1 Sigma UB Filter, en iyi kurulum se\u00e7iminin yap\u0131lmas\u0131n\u0131 sa\u011flar ve sistem kal\u0131nt\u0131lar\u0131n\u0131n birikmesine kar\u015f\u0131 y\u00fcksek verimli koruma sa\u011flar [&hellip;]","og_url":"https:\/\/fernox.com\/tr\/product\/tf1-sigma-ub-filter\/","og_site_name":"Fernox Turkey","article_modified_time":"2026-03-19T10:02:51+00:00","og_image":[{"width":600,"height":600,"url":"https:\/\/fernox.com\/tr\/wp-content\/uploads\/sites\/24\/2026\/03\/62589_1LRS.jpg","type":"image\/jpeg"}],"twitter_card":"summary_large_image","twitter_misc":{"Estimated reading time":"1 minute"},"schema":{"@context":"https:\/\/schema.org","@graph":[{"@type":"WebPage","@id":"https:\/\/fernox.com\/tr\/product\/tf1-sigma-ub-filter\/","url":"https:\/\/fernox.com\/tr\/product\/tf1-sigma-ub-filter\/","name":"TF1 Sigma UB Filter - Fernox Turkey","isPartOf":{"@id":"https:\/\/fernox.com\/tr\/#website"},"primaryImageOfPage":{"@id":"https:\/\/fernox.com\/tr\/product\/tf1-sigma-ub-filter\/#primaryimage"},"image":{"@id":"https:\/\/fernox.com\/tr\/product\/tf1-sigma-ub-filter\/#primaryimage"},"thumbnailUrl":"https:\/\/fernox.com\/tr\/wp-content\/uploads\/sites\/24\/2026\/03\/62589_1LRS.jpg","datePublished":"2026-03-19T09:31:08+00:00","dateModified":"2026-03-19T10:02:51+00:00","breadcrumb":{"@id":"https:\/\/fernox.com\/tr\/product\/tf1-sigma-ub-filter\/#breadcrumb"},"inLanguage":"en-GB","potentialAction":[{"@type":"ReadAction","target":["https:\/\/fernox.com\/tr\/product\/tf1-sigma-ub-filter\/"]}]},{"@type":"ImageObject","inLanguage":"en-GB","@id":"https:\/\/fernox.com\/tr\/product\/tf1-sigma-ub-filter\/#primaryimage","url":"https:\/\/fernox.com\/tr\/wp-content\/uploads\/sites\/24\/2026\/03\/62589_1LRS.jpg","contentUrl":"https:\/\/fernox.com\/tr\/wp-content\/uploads\/sites\/24\/2026\/03\/62589_1LRS.jpg","width":600,"height":600},{"@type":"BreadcrumbList","@id":"https:\/\/fernox.com\/tr\/product\/tf1-sigma-ub-filter\/#breadcrumb","itemListElement":[{"@type":"ListItem","position":1,"name":"Home","item":"https:\/\/fernox.com\/tr\/"},{"@type":"ListItem","position":2,"name":"Products","item":"https:\/\/fernox.com\/tr\/shop\/"},{"@type":"ListItem","position":3,"name":"TF1 Sigma UB Filter"}]},{"@type":"WebSite","@id":"https:\/\/fernox.com\/tr\/#website","url":"https:\/\/fernox.com\/tr\/","name":"Fernox Turkey","description":"","publisher":{"@id":"https:\/\/fernox.com\/tr\/#organization"},"potentialAction":[{"@type":"SearchAction","target":{"@type":"EntryPoint","urlTemplate":"https:\/\/fernox.com\/tr\/?s={search_term_string}"},"query-input":{"@type":"PropertyValueSpecification","valueRequired":true,"valueName":"search_term_string"}}],"inLanguage":"en-GB"},{"@type":"Organization","@id":"https:\/\/fernox.com\/tr\/#organization","name":"Fernox Turkey","url":"https:\/\/fernox.com\/tr\/","logo":{"@type":"ImageObject","inLanguage":"en-GB","@id":"https:\/\/fernox.com\/tr\/#\/schema\/logo\/image\/","url":"https:\/\/fernox.com\/tr\/wp-content\/uploads\/sites\/24\/2020\/11\/cropped-fernox-Logo-transparent.png","contentUrl":"https:\/\/fernox.com\/tr\/wp-content\/uploads\/sites\/24\/2020\/11\/cropped-fernox-Logo-transparent.png","width":664,"height":150,"caption":"Fernox Turkey"},"image":{"@id":"https:\/\/fernox.com\/tr\/#\/schema\/logo\/image\/"}}]}},"_links":{"self":[{"href":"https:\/\/fernox.com\/tr\/wp-json\/wp\/v2\/product\/39452","targetHints":{"allow":["GET"]}}],"collection":[{"href":"https:\/\/fernox.com\/tr\/wp-json\/wp\/v2\/product"}],"about":[{"href":"https:\/\/fernox.com\/tr\/wp-json\/wp\/v2\/types\/product"}],"wp:featuredmedia":[{"embeddable":true,"href":"https:\/\/fernox.com\/tr\/wp-json\/wp\/v2\/media\/39670"}],"wp:attachment":[{"href":"https:\/\/fernox.com\/tr\/wp-json\/wp\/v2\/media?parent=39452"}],"wp:term":[{"taxonomy":"product_brand","embeddable":true,"href":"https:\/\/fernox.com\/tr\/wp-json\/wp\/v2\/product_brand?post=39452"},{"taxonomy":"product_cat","embeddable":true,"href":"https:\/\/fernox.com\/tr\/wp-json\/wp\/v2\/product_cat?post=39452"},{"taxonomy":"product_tag","embeddable":true,"href":"https:\/\/fernox.com\/tr\/wp-json\/wp\/v2\/product_tag?post=39452"}],"curies":[{"name":"wp","href":"https:\/\/api.w.org\/{rel}","templated":true}]}}