{"id":39446,"date":"2026-03-19T12:31:01","date_gmt":"2026-03-19T09:31:01","guid":{"rendered":"https:\/\/fernox.com\/tr\/product\/tf1-sigma-filter-thermal-cover\/"},"modified":"2026-03-19T12:31:05","modified_gmt":"2026-03-19T09:31:05","slug":"tf1-sigma-filter-thermal-cover","status":"publish","type":"product","link":"https:\/\/fernox.com\/tr\/product\/tf1-sigma-filter-thermal-cover\/","title":{"rendered":"TF1 Sigma Filter Thermal Cover"},"content":{"rendered":"<p>Geni\u015fletilmi\u015f Polipropilenden (EPP) \u00fcretilen Fernox TF1 Sigma Filtre Termal Kapa\u011f\u0131, sistem \u0131s\u0131 kayb\u0131n\u0131 en aza indirmek ve enerji verimlili\u011fini en \u00fcst d\u00fczeye \u00e7\u0131karmak i\u00e7in merkezi \u0131s\u0131tma sistemlerine tak\u0131lan s\u0131ral\u0131 sistem filtrelerini yal\u0131tmak i\u00e7in kullan\u0131l\u0131r.<\/p>\n<ul>\n<li>G\u00fc\u00e7l\u00fc ve dayan\u0131kl\u0131 bir mahfaza\n<\/li>\n<li>Azalt\u0131lm\u0131\u015f \u0131s\u0131 kayb\u0131\n<\/li>\n<li>Daha fazla \u0131s\u0131tma sistemi verimlili\u011fi\n<\/li>\n<li>Dahili bile\u015fenlerden ve s\u0131cak y\u00fczeylerden koruma\n<p><\/li>\n<\/ul>\n","protected":false},"excerpt":{"rendered":"<p>Geni\u015fletilmi\u015f Polipropilenden (EPP) \u00fcretilen Fernox TF1 Sigma Filtre Termal Kapa\u011f\u0131, sistem \u0131s\u0131 kayb\u0131n\u0131 en aza indirmek ve enerji verimlili\u011fini en \u00fcst d\u00fczeye \u00e7\u0131karmak i\u00e7in merkezi \u0131s\u0131tma sistemlerine tak\u0131lan s\u0131ral\u0131 sistem filtrelerini yal\u0131tmak i\u00e7in kullan\u0131l\u0131r. G\u00fc\u00e7l\u00fc ve dayan\u0131kl\u0131 bir mahfaza Azalt\u0131lm\u0131\u015f \u0131s\u0131 kayb\u0131 Daha fazla \u0131s\u0131tma sistemi verimlili\u011fi Dahili bile\u015fenlerden ve s\u0131cak y\u00fczeylerden koruma<\/p>\n","protected":false},"featured_media":39666,"template":"","meta":{"_acf_changed":false},"product_brand":[],"product_cat":[174],"product_tag":[],"class_list":{"0":"post-39446","1":"product","2":"type-product","3":"status-publish","4":"has-post-thumbnail","6":"product_cat-filters","7":"pa_uyum-tipi-tailored-fit","9":"first","10":"instock","11":"purchasable","12":"product-type-simple"},"acf":[],"yoast_head":"<!-- This site is optimized with the Yoast SEO plugin v27.3 - https:\/\/yoast.com\/product\/yoast-seo-wordpress\/ -->\n<title>TF1 Sigma Filter Thermal Cover - Fernox Turkey<\/title>\n<meta name=\"robots\" content=\"index, follow, max-snippet:-1, max-image-preview:large, max-video-preview:-1\" \/>\n<link rel=\"canonical\" href=\"https:\/\/fernox.com\/tr\/product\/tf1-sigma-filter-thermal-cover\/\" \/>\n<meta property=\"og:locale\" content=\"en_GB\" \/>\n<meta property=\"og:type\" content=\"article\" \/>\n<meta property=\"og:title\" content=\"TF1 Sigma Filter Thermal Cover - Fernox Turkey\" \/>\n<meta property=\"og:description\" content=\"Geni\u015fletilmi\u015f Polipropilenden (EPP) \u00fcretilen Fernox TF1 Sigma Filtre Termal Kapa\u011f\u0131, sistem \u0131s\u0131 kayb\u0131n\u0131 en aza indirmek ve enerji verimlili\u011fini en \u00fcst d\u00fczeye \u00e7\u0131karmak i\u00e7in merkezi \u0131s\u0131tma sistemlerine tak\u0131lan s\u0131ral\u0131 sistem filtrelerini yal\u0131tmak i\u00e7in kullan\u0131l\u0131r. G\u00fc\u00e7l\u00fc ve dayan\u0131kl\u0131 bir mahfaza Azalt\u0131lm\u0131\u015f \u0131s\u0131 kayb\u0131 Daha fazla \u0131s\u0131tma sistemi verimlili\u011fi Dahili bile\u015fenlerden ve s\u0131cak y\u00fczeylerden koruma\" \/>\n<meta property=\"og:url\" content=\"https:\/\/fernox.com\/tr\/product\/tf1-sigma-filter-thermal-cover\/\" \/>\n<meta property=\"og:site_name\" content=\"Fernox Turkey\" \/>\n<meta property=\"article:modified_time\" content=\"2026-03-19T09:31:05+00:00\" \/>\n<meta property=\"og:image\" content=\"https:\/\/fernox.com\/tr\/wp-content\/uploads\/sites\/24\/2026\/03\/62585_1LRS.jpg\" \/>\n\t<meta property=\"og:image:width\" content=\"600\" \/>\n\t<meta property=\"og:image:height\" content=\"600\" \/>\n\t<meta property=\"og:image:type\" content=\"image\/jpeg\" \/>\n<meta name=\"twitter:card\" content=\"summary_large_image\" \/>\n<script type=\"application\/ld+json\" class=\"yoast-schema-graph\">{\"@context\":\"https:\\\/\\\/schema.org\",\"@graph\":[{\"@type\":\"WebPage\",\"@id\":\"https:\\\/\\\/fernox.com\\\/tr\\\/product\\\/tf1-sigma-filter-thermal-cover\\\/\",\"url\":\"https:\\\/\\\/fernox.com\\\/tr\\\/product\\\/tf1-sigma-filter-thermal-cover\\\/\",\"name\":\"TF1 Sigma Filter Thermal Cover - Fernox Turkey\",\"isPartOf\":{\"@id\":\"https:\\\/\\\/fernox.com\\\/tr\\\/#website\"},\"primaryImageOfPage\":{\"@id\":\"https:\\\/\\\/fernox.com\\\/tr\\\/product\\\/tf1-sigma-filter-thermal-cover\\\/#primaryimage\"},\"image\":{\"@id\":\"https:\\\/\\\/fernox.com\\\/tr\\\/product\\\/tf1-sigma-filter-thermal-cover\\\/#primaryimage\"},\"thumbnailUrl\":\"https:\\\/\\\/fernox.com\\\/tr\\\/wp-content\\\/uploads\\\/sites\\\/24\\\/2026\\\/03\\\/62585_1LRS.jpg\",\"datePublished\":\"2026-03-19T09:31:01+00:00\",\"dateModified\":\"2026-03-19T09:31:05+00:00\",\"breadcrumb\":{\"@id\":\"https:\\\/\\\/fernox.com\\\/tr\\\/product\\\/tf1-sigma-filter-thermal-cover\\\/#breadcrumb\"},\"inLanguage\":\"en-GB\",\"potentialAction\":[{\"@type\":\"ReadAction\",\"target\":[\"https:\\\/\\\/fernox.com\\\/tr\\\/product\\\/tf1-sigma-filter-thermal-cover\\\/\"]}]},{\"@type\":\"ImageObject\",\"inLanguage\":\"en-GB\",\"@id\":\"https:\\\/\\\/fernox.com\\\/tr\\\/product\\\/tf1-sigma-filter-thermal-cover\\\/#primaryimage\",\"url\":\"https:\\\/\\\/fernox.com\\\/tr\\\/wp-content\\\/uploads\\\/sites\\\/24\\\/2026\\\/03\\\/62585_1LRS.jpg\",\"contentUrl\":\"https:\\\/\\\/fernox.com\\\/tr\\\/wp-content\\\/uploads\\\/sites\\\/24\\\/2026\\\/03\\\/62585_1LRS.jpg\",\"width\":600,\"height\":600},{\"@type\":\"BreadcrumbList\",\"@id\":\"https:\\\/\\\/fernox.com\\\/tr\\\/product\\\/tf1-sigma-filter-thermal-cover\\\/#breadcrumb\",\"itemListElement\":[{\"@type\":\"ListItem\",\"position\":1,\"name\":\"Home\",\"item\":\"https:\\\/\\\/fernox.com\\\/tr\\\/\"},{\"@type\":\"ListItem\",\"position\":2,\"name\":\"Products\",\"item\":\"https:\\\/\\\/fernox.com\\\/tr\\\/shop\\\/\"},{\"@type\":\"ListItem\",\"position\":3,\"name\":\"TF1 Sigma Filter Thermal Cover\"}]},{\"@type\":\"WebSite\",\"@id\":\"https:\\\/\\\/fernox.com\\\/tr\\\/#website\",\"url\":\"https:\\\/\\\/fernox.com\\\/tr\\\/\",\"name\":\"Fernox Turkey\",\"description\":\"\",\"publisher\":{\"@id\":\"https:\\\/\\\/fernox.com\\\/tr\\\/#organization\"},\"potentialAction\":[{\"@type\":\"SearchAction\",\"target\":{\"@type\":\"EntryPoint\",\"urlTemplate\":\"https:\\\/\\\/fernox.com\\\/tr\\\/?s={search_term_string}\"},\"query-input\":{\"@type\":\"PropertyValueSpecification\",\"valueRequired\":true,\"valueName\":\"search_term_string\"}}],\"inLanguage\":\"en-GB\"},{\"@type\":\"Organization\",\"@id\":\"https:\\\/\\\/fernox.com\\\/tr\\\/#organization\",\"name\":\"Fernox Turkey\",\"url\":\"https:\\\/\\\/fernox.com\\\/tr\\\/\",\"logo\":{\"@type\":\"ImageObject\",\"inLanguage\":\"en-GB\",\"@id\":\"https:\\\/\\\/fernox.com\\\/tr\\\/#\\\/schema\\\/logo\\\/image\\\/\",\"url\":\"https:\\\/\\\/fernox.com\\\/tr\\\/wp-content\\\/uploads\\\/sites\\\/24\\\/2020\\\/11\\\/cropped-fernox-Logo-transparent.png\",\"contentUrl\":\"https:\\\/\\\/fernox.com\\\/tr\\\/wp-content\\\/uploads\\\/sites\\\/24\\\/2020\\\/11\\\/cropped-fernox-Logo-transparent.png\",\"width\":664,\"height\":150,\"caption\":\"Fernox Turkey\"},\"image\":{\"@id\":\"https:\\\/\\\/fernox.com\\\/tr\\\/#\\\/schema\\\/logo\\\/image\\\/\"}}]}<\/script>\n<!-- \/ Yoast SEO plugin. -->","yoast_head_json":{"title":"TF1 Sigma Filter Thermal Cover - Fernox Turkey","robots":{"index":"index","follow":"follow","max-snippet":"max-snippet:-1","max-image-preview":"max-image-preview:large","max-video-preview":"max-video-preview:-1"},"canonical":"https:\/\/fernox.com\/tr\/product\/tf1-sigma-filter-thermal-cover\/","og_locale":"en_GB","og_type":"article","og_title":"TF1 Sigma Filter Thermal Cover - Fernox Turkey","og_description":"Geni\u015fletilmi\u015f Polipropilenden (EPP) \u00fcretilen Fernox TF1 Sigma Filtre Termal Kapa\u011f\u0131, sistem \u0131s\u0131 kayb\u0131n\u0131 en aza indirmek ve enerji verimlili\u011fini en \u00fcst d\u00fczeye \u00e7\u0131karmak i\u00e7in merkezi \u0131s\u0131tma sistemlerine tak\u0131lan s\u0131ral\u0131 sistem filtrelerini yal\u0131tmak i\u00e7in kullan\u0131l\u0131r. G\u00fc\u00e7l\u00fc ve dayan\u0131kl\u0131 bir mahfaza Azalt\u0131lm\u0131\u015f \u0131s\u0131 kayb\u0131 Daha fazla \u0131s\u0131tma sistemi verimlili\u011fi Dahili bile\u015fenlerden ve s\u0131cak y\u00fczeylerden koruma","og_url":"https:\/\/fernox.com\/tr\/product\/tf1-sigma-filter-thermal-cover\/","og_site_name":"Fernox Turkey","article_modified_time":"2026-03-19T09:31:05+00:00","og_image":[{"width":600,"height":600,"url":"https:\/\/fernox.com\/tr\/wp-content\/uploads\/sites\/24\/2026\/03\/62585_1LRS.jpg","type":"image\/jpeg"}],"twitter_card":"summary_large_image","schema":{"@context":"https:\/\/schema.org","@graph":[{"@type":"WebPage","@id":"https:\/\/fernox.com\/tr\/product\/tf1-sigma-filter-thermal-cover\/","url":"https:\/\/fernox.com\/tr\/product\/tf1-sigma-filter-thermal-cover\/","name":"TF1 Sigma Filter Thermal Cover - Fernox Turkey","isPartOf":{"@id":"https:\/\/fernox.com\/tr\/#website"},"primaryImageOfPage":{"@id":"https:\/\/fernox.com\/tr\/product\/tf1-sigma-filter-thermal-cover\/#primaryimage"},"image":{"@id":"https:\/\/fernox.com\/tr\/product\/tf1-sigma-filter-thermal-cover\/#primaryimage"},"thumbnailUrl":"https:\/\/fernox.com\/tr\/wp-content\/uploads\/sites\/24\/2026\/03\/62585_1LRS.jpg","datePublished":"2026-03-19T09:31:01+00:00","dateModified":"2026-03-19T09:31:05+00:00","breadcrumb":{"@id":"https:\/\/fernox.com\/tr\/product\/tf1-sigma-filter-thermal-cover\/#breadcrumb"},"inLanguage":"en-GB","potentialAction":[{"@type":"ReadAction","target":["https:\/\/fernox.com\/tr\/product\/tf1-sigma-filter-thermal-cover\/"]}]},{"@type":"ImageObject","inLanguage":"en-GB","@id":"https:\/\/fernox.com\/tr\/product\/tf1-sigma-filter-thermal-cover\/#primaryimage","url":"https:\/\/fernox.com\/tr\/wp-content\/uploads\/sites\/24\/2026\/03\/62585_1LRS.jpg","contentUrl":"https:\/\/fernox.com\/tr\/wp-content\/uploads\/sites\/24\/2026\/03\/62585_1LRS.jpg","width":600,"height":600},{"@type":"BreadcrumbList","@id":"https:\/\/fernox.com\/tr\/product\/tf1-sigma-filter-thermal-cover\/#breadcrumb","itemListElement":[{"@type":"ListItem","position":1,"name":"Home","item":"https:\/\/fernox.com\/tr\/"},{"@type":"ListItem","position":2,"name":"Products","item":"https:\/\/fernox.com\/tr\/shop\/"},{"@type":"ListItem","position":3,"name":"TF1 Sigma Filter Thermal Cover"}]},{"@type":"WebSite","@id":"https:\/\/fernox.com\/tr\/#website","url":"https:\/\/fernox.com\/tr\/","name":"Fernox Turkey","description":"","publisher":{"@id":"https:\/\/fernox.com\/tr\/#organization"},"potentialAction":[{"@type":"SearchAction","target":{"@type":"EntryPoint","urlTemplate":"https:\/\/fernox.com\/tr\/?s={search_term_string}"},"query-input":{"@type":"PropertyValueSpecification","valueRequired":true,"valueName":"search_term_string"}}],"inLanguage":"en-GB"},{"@type":"Organization","@id":"https:\/\/fernox.com\/tr\/#organization","name":"Fernox Turkey","url":"https:\/\/fernox.com\/tr\/","logo":{"@type":"ImageObject","inLanguage":"en-GB","@id":"https:\/\/fernox.com\/tr\/#\/schema\/logo\/image\/","url":"https:\/\/fernox.com\/tr\/wp-content\/uploads\/sites\/24\/2020\/11\/cropped-fernox-Logo-transparent.png","contentUrl":"https:\/\/fernox.com\/tr\/wp-content\/uploads\/sites\/24\/2020\/11\/cropped-fernox-Logo-transparent.png","width":664,"height":150,"caption":"Fernox Turkey"},"image":{"@id":"https:\/\/fernox.com\/tr\/#\/schema\/logo\/image\/"}}]}},"_links":{"self":[{"href":"https:\/\/fernox.com\/tr\/wp-json\/wp\/v2\/product\/39446","targetHints":{"allow":["GET"]}}],"collection":[{"href":"https:\/\/fernox.com\/tr\/wp-json\/wp\/v2\/product"}],"about":[{"href":"https:\/\/fernox.com\/tr\/wp-json\/wp\/v2\/types\/product"}],"wp:featuredmedia":[{"embeddable":true,"href":"https:\/\/fernox.com\/tr\/wp-json\/wp\/v2\/media\/39666"}],"wp:attachment":[{"href":"https:\/\/fernox.com\/tr\/wp-json\/wp\/v2\/media?parent=39446"}],"wp:term":[{"taxonomy":"product_brand","embeddable":true,"href":"https:\/\/fernox.com\/tr\/wp-json\/wp\/v2\/product_brand?post=39446"},{"taxonomy":"product_cat","embeddable":true,"href":"https:\/\/fernox.com\/tr\/wp-json\/wp\/v2\/product_cat?post=39446"},{"taxonomy":"product_tag","embeddable":true,"href":"https:\/\/fernox.com\/tr\/wp-json\/wp\/v2\/product_tag?post=39446"}],"curies":[{"name":"wp","href":"https:\/\/api.w.org\/{rel}","templated":true}]}}