{"id":39441,"date":"2026-04-27T02:31:34","date_gmt":"2026-04-26T23:31:34","guid":{"rendered":"https:\/\/fernox.com\/tr\/product\/tf1-sigma-filter\/"},"modified":"2026-04-27T02:32:43","modified_gmt":"2026-04-26T23:32:43","slug":"tf1-sigma-filter","status":"publish","type":"product","link":"https:\/\/fernox.com\/tr\/product\/tf1-sigma-filter\/","title":{"rendered":"TF1 Sigma Filter"},"content":{"rendered":"<p>Y\u00fcksek performansl\u0131, hassas tasarlanm\u0131\u015f hat i\u00e7i sistem filtresi TF1 Sigma Filter&#8217;in, daha fazla g\u00fcvenilirlik ve g\u00fc\u00e7 i\u00e7in s\u0131zd\u0131rmaz, kapaks\u0131z tasar\u0131m\u0131 bulunmaktad\u0131r. 45\u2070&#8217;ye kadar \u00e7oklu y\u00f6nlerde konumland\u0131r\u0131lma \u00f6zelli\u011fi sayesinde k\u0131s\u0131tl\u0131 alanlarda kullan\u0131m i\u00e7in idealdir.<br \/>\nKurulumu basit olan kompozit plastik filtre, dikey ve yatay boru tesisat\u0131na uyar ve g\u00fcvenli \u00e7\u0131karma i\u00e7in Hidronik Par\u00e7ac\u0131k Ay\u0131rma (HPS) eylemin kontaminantlar\u0131 \u00fcnitenin g\u00fc\u00e7l\u00fc manyetik d\u00fczene\u011fine iletmesini sa\u011flayarak \u00e7al\u0131\u015f\u0131r.<\/p>\n<ul>\n<li>G\u00fcvenilirli\u011fi en \u00fcst d\u00fczeye \u00e7\u0131karmak ve tahliye vanas\u0131 arac\u0131l\u0131\u011f\u0131yla h\u0131zl\u0131, kolay temizli\u011fi desteklemek i\u00e7in bas\u0131n\u00e7 testinden ge\u00e7irilmi\u015f, yenilik\u00e7i s\u0131zd\u0131rmaz \u00fcnite tasar\u0131m\u0131\n<\/li>\n<li>Manyetik ve manyetik olmayan birikinti aral\u0131\u011f\u0131n\u0131 HPS teknolojisi ile yakalayan benzersiz eylem\n<\/li>\n<li>Plastik manifold \u00fczerinde pirin\u00e7 ile y\u00fcksek kaliteli cam takviyeli m\u00fchendislik s\u0131n\u0131f\u0131 polimerinden yap\u0131lm\u0131\u015f dayan\u0131kl\u0131 ve sa\u011flam yap\u0131\n<\/li>\n<li>Tahliye valfi arac\u0131l\u0131\u011f\u0131yla kullan\u0131\u015fl\u0131, kar\u0131\u015f\u0131kl\u0131k yaratmayan ve h\u0131zl\u0131 dozlama &#8211; sisteme servis yap\u0131l\u0131rken sahada daha az zaman harcan\u0131r\n<\/li>\n<li>Kurulumu kolay &#8211; yatay ve dikey boru tesisat\u0131 oryantasyonuna uyar\n<\/li>\n<li>Ak\u0131\u015f\u0131 t\u0131kamaz veya k\u0131s\u0131tlamaz<br \/>\n<\/li>\n<\/ul>\n","protected":false},"excerpt":{"rendered":"<p>Y\u00fcksek performansl\u0131, hassas tasarlanm\u0131\u015f hat i\u00e7i sistem filtresi TF1 Sigma Filter&#8217;in, daha fazla g\u00fcvenilirlik ve g\u00fc\u00e7 i\u00e7in s\u0131zd\u0131rmaz, kapaks\u0131z tasar\u0131m\u0131 bulunmaktad\u0131r. 45\u2070&#8217;ye kadar \u00e7oklu y\u00f6nlerde konumland\u0131r\u0131lma \u00f6zelli\u011fi sayesinde k\u0131s\u0131tl\u0131 alanlarda kullan\u0131m i\u00e7in idealdir. Kurulumu basit olan kompozit plastik filtre, dikey ve yatay boru tesisat\u0131na uyar ve g\u00fcvenli \u00e7\u0131karma i\u00e7in Hidronik Par\u00e7ac\u0131k Ay\u0131rma (HPS) eylemin kontaminantlar\u0131 [&hellip;]<\/p>\n","protected":false},"featured_media":40063,"template":"","meta":{"_acf_changed":false},"product_brand":[],"product_cat":[174],"product_tag":[],"class_list":{"0":"post-39441","1":"product","2":"type-product","3":"status-publish","4":"has-post-thumbnail","6":"product_cat-filters","7":"pa_fit-size-225","8":"pa_fit-size-3-4","9":"pa_fit-type-bsp","10":"pa_fit-type-with-valves","12":"first","13":"instock","14":"purchasable","15":"product-type-variable"},"acf":[],"_links":{"self":[{"href":"https:\/\/fernox.com\/tr\/wp-json\/wp\/v2\/product\/39441","targetHints":{"allow":["GET"]}}],"collection":[{"href":"https:\/\/fernox.com\/tr\/wp-json\/wp\/v2\/product"}],"about":[{"href":"https:\/\/fernox.com\/tr\/wp-json\/wp\/v2\/types\/product"}],"wp:featuredmedia":[{"embeddable":true,"href":"https:\/\/fernox.com\/tr\/wp-json\/wp\/v2\/media\/40063"}],"wp:attachment":[{"href":"https:\/\/fernox.com\/tr\/wp-json\/wp\/v2\/media?parent=39441"}],"wp:term":[{"taxonomy":"product_brand","embeddable":true,"href":"https:\/\/fernox.com\/tr\/wp-json\/wp\/v2\/product_brand?post=39441"},{"taxonomy":"product_cat","embeddable":true,"href":"https:\/\/fernox.com\/tr\/wp-json\/wp\/v2\/product_cat?post=39441"},{"taxonomy":"product_tag","embeddable":true,"href":"https:\/\/fernox.com\/tr\/wp-json\/wp\/v2\/product_tag?post=39441"}],"curies":[{"name":"wp","href":"https:\/\/api.w.org\/{rel}","templated":true}]}}