{"id":39439,"date":"2026-04-27T02:31:32","date_gmt":"2026-04-26T23:31:32","guid":{"rendered":"https:\/\/fernox.com\/tr\/product\/tf1-delta-filter\/"},"modified":"2026-04-27T02:31:33","modified_gmt":"2026-04-26T23:31:33","slug":"tf1-delta-filter","status":"publish","type":"product","link":"https:\/\/fernox.com\/tr\/product\/tf1-delta-filter\/","title":{"rendered":"TF1 Delta Filter"},"content":{"rendered":"<p>Hassas olarak tasarlanm\u0131\u015f Fernox TF1 Delta Filter, b\u00fcy\u00fck hacimli ve d\u00fc\u015f\u00fck s\u0131cakl\u0131kl\u0131 ticari \u0131s\u0131tma ve so\u011futma sistemlerindeki hayati ve pahal\u0131 bile\u015fenleri korumak i\u00e7in \u00f6zel olarak tasarlanm\u0131\u015f y\u00fcksek kaliteli, nikel kaplamal\u0131, pirin\u00e7 s\u0131ral\u0131 sistem filtresidir. TF1 Delta Filtresinin \u00fc\u00e7 filtreleme y\u00f6ntemi bulunmaktad\u0131r: manyetik, hidrosiklonik ve otomatik veya manuel hava alma.  Ana bile\u015fenleri manyetik ve manyetik olmayan d\u00f6k\u00fcnt\u00fclerden korur ve ayr\u0131ca sistem suyundaki s\u0131k\u0131\u015fm\u0131\u015f havay\u0131 giderir. Sistem \u00e7al\u0131\u015f\u0131r durumdayken yerinde kurulumu, servisi ve temizli\u011fi kolayd\u0131r ve hat i\u00e7i veya baypasta kullan\u0131labilir.<\/p>\n<ul>\n<li>B\u00fcy\u00fck hacimli, ticari sistemler i\u00e7in manyetik ve hidro siklonik filtrasyon ile optimum performans\n<\/li>\n<li>Duvara yak\u0131n kurulumu h\u0131zl\u0131 ve kolay (gerekli olan en az boru de\u011fi\u015fimiyle). Her iki ak\u0131\u015f y\u00f6n\u00fcnde de yatay ve dikey boru tesisat\u0131na uyar\n<\/li>\n<li>16 barl\u0131k (232 psi) maksimum \u00e7al\u0131\u015fma bas\u0131nc\u0131\n<\/li>\n<li>Otomatik Kesme Valfi ile Otomatik Hava Tahliyesi &#8211; 12 bar (174 psi)\n<\/li>\n<li>Y\u00fcksek dereceli, y\u00fcksek s\u0131cakl\u0131kl\u0131 neodim magnet\n<\/li>\n<li>5 Y\u0131l Garanti<br \/>\n<\/li>\n<\/ul>\n","protected":false},"excerpt":{"rendered":"<p>Hassas olarak tasarlanm\u0131\u015f Fernox TF1 Delta Filter, b\u00fcy\u00fck hacimli ve d\u00fc\u015f\u00fck s\u0131cakl\u0131kl\u0131 ticari \u0131s\u0131tma ve so\u011futma sistemlerindeki hayati ve pahal\u0131 bile\u015fenleri korumak i\u00e7in \u00f6zel olarak tasarlanm\u0131\u015f y\u00fcksek kaliteli, nikel kaplamal\u0131, pirin\u00e7 s\u0131ral\u0131 sistem filtresidir. TF1 Delta Filtresinin \u00fc\u00e7 filtreleme y\u00f6ntemi bulunmaktad\u0131r: manyetik, hidrosiklonik ve otomatik veya manuel hava alma. Ana bile\u015fenleri manyetik ve manyetik olmayan [&hellip;]<\/p>\n","protected":false},"featured_media":40062,"template":"","meta":{"_acf_changed":false},"product_brand":[],"product_cat":[214,174,176],"product_tag":[],"class_list":{"0":"post-39439","1":"product","2":"type-product","3":"status-publish","4":"has-post-thumbnail","6":"product_cat-commercial-rangedevices","7":"product_cat-filters","8":"product_cat-commercial-range","9":"pa_fit-size-223","10":"pa_fit-type-with-valves","12":"first","13":"instock","14":"purchasable","15":"product-type-simple"},"acf":[],"_links":{"self":[{"href":"https:\/\/fernox.com\/tr\/wp-json\/wp\/v2\/product\/39439","targetHints":{"allow":["GET"]}}],"collection":[{"href":"https:\/\/fernox.com\/tr\/wp-json\/wp\/v2\/product"}],"about":[{"href":"https:\/\/fernox.com\/tr\/wp-json\/wp\/v2\/types\/product"}],"wp:featuredmedia":[{"embeddable":true,"href":"https:\/\/fernox.com\/tr\/wp-json\/wp\/v2\/media\/40062"}],"wp:attachment":[{"href":"https:\/\/fernox.com\/tr\/wp-json\/wp\/v2\/media?parent=39439"}],"wp:term":[{"taxonomy":"product_brand","embeddable":true,"href":"https:\/\/fernox.com\/tr\/wp-json\/wp\/v2\/product_brand?post=39439"},{"taxonomy":"product_cat","embeddable":true,"href":"https:\/\/fernox.com\/tr\/wp-json\/wp\/v2\/product_cat?post=39439"},{"taxonomy":"product_tag","embeddable":true,"href":"https:\/\/fernox.com\/tr\/wp-json\/wp\/v2\/product_tag?post=39439"}],"curies":[{"name":"wp","href":"https:\/\/api.w.org\/{rel}","templated":true}]}}