{"id":39432,"date":"2026-03-19T12:30:29","date_gmt":"2026-03-19T09:30:29","guid":{"rendered":"https:\/\/fernox.com\/tr\/product\/tf1-omega-filter\/"},"modified":"2026-03-19T13:02:58","modified_gmt":"2026-03-19T10:02:58","slug":"tf1-omega-filter","status":"publish","type":"product","link":"https:\/\/fernox.com\/tr\/product\/tf1-omega-filter\/","title":{"rendered":"TF1 Omega+ Filter"},"content":{"rendered":"<p>TF1 Omega + Filtresi, daha b\u00fcy\u00fck, hafif ticari \u0131s\u0131tma ve so\u011futma sistemleri i\u00e7in tasarlanm\u0131\u015f y\u00fcksek performansl\u0131 merkezi \u0131s\u0131tma sistemi filtresidir. Manyetik ve manyetik olmayan sistem kal\u0131nt\u0131lar\u0131n\u0131 gidermek i\u00e7in benzersiz Hidronik Par\u00e7ac\u0131k Ay\u0131rma (HPS) teknolojisi ve manyetik filtreleme kullan\u0131r ve kazan ar\u0131za riskini azalt\u0131r ve \u0131s\u0131tma sistemin verimlili\u011fini ve \u00f6mr\u00fcn\u00fc art\u0131r\u0131r. Bas\u0131n\u00e7 testi uygulanm\u0131\u015f bu s\u0131zd\u0131rmaz filtre, \u00e7e\u015fitli ak\u0131\u015f h\u0131zlar\u0131nda ve sistem boyutlar\u0131nda y\u00fcksek verimli yakalama i\u015flevi sundu\u011fu i\u00e7in g\u00fcvenilirlik ve performans ama\u00e7 do\u011frultusunda \u00fcretilmi\u015ftir.<\/p>\n<ul>\n<li>Hafif ticari \u0131s\u0131tma sistemleri i\u00e7in tasarlanm\u0131\u015f olan bas\u0131n\u00e7 testi yap\u0131lm\u0131\u015f, yal\u0131t\u0131ml\u0131 birim.<\/li>\n<li>\u00c7e\u015fitli ak\u0131\u015f h\u0131zlar\u0131nda ve sistem boyutlar\u0131nda y\u00fcksek etkili yakalama. 1 \u00bc \u201dve 1 \u00bd\u201d di\u015fi boru ba\u011flant\u0131s\u0131 olarak mevcuttur.<\/li>\n<li>Kurulumu kolay &#8211; yatay ve dikey boru tesisat\u0131 oryantasyonuna uyar. Filtre 45\u2070 derece a\u00e7\u0131yla \u00e7al\u0131\u015fabilir.<\/li>\n<li>Bir dizi manyetik ve manyetik olmayan birikinti t\u00fcr\u00fcn\u00fcn yakalanmas\u0131n\u0131 sa\u011flayan daha b\u00fcy\u00fck sistem boyutlar\u0131 i\u00e7in \u00f6zel olarak tasarlanm\u0131\u015f benzersiz eylem.<\/li>\n<li>Ak\u0131\u015f\u0131 t\u0131kamayacak veya k\u0131s\u0131tlamayacak.<\/li>\n<li>10 Y\u0131l Garanti<\/li>\n<\/ul>\n","protected":false},"excerpt":{"rendered":"<p>TF1 Omega + Filtresi, daha b\u00fcy\u00fck, hafif ticari \u0131s\u0131tma ve so\u011futma sistemleri i\u00e7in tasarlanm\u0131\u015f y\u00fcksek performansl\u0131 merkezi \u0131s\u0131tma sistemi filtresidir. Manyetik ve manyetik olmayan sistem kal\u0131nt\u0131lar\u0131n\u0131 gidermek i\u00e7in benzersiz Hidronik Par\u00e7ac\u0131k Ay\u0131rma (HPS) teknolojisi ve manyetik filtreleme kullan\u0131r ve kazan ar\u0131za riskini azalt\u0131r ve \u0131s\u0131tma sistemin verimlili\u011fini ve \u00f6mr\u00fcn\u00fc art\u0131r\u0131r. Bas\u0131n\u00e7 testi uygulanm\u0131\u015f bu s\u0131zd\u0131rmaz [&hellip;]<\/p>\n","protected":false},"featured_media":39661,"template":"","meta":{"_acf_changed":false},"product_brand":[],"product_cat":[214,174,176],"product_tag":[],"class_list":{"0":"post-39432","1":"product","2":"type-product","3":"status-publish","4":"has-post-thumbnail","6":"product_cat-commercial-rangedevices","7":"product_cat-filters","8":"product_cat-commercial-range","9":"pa_metrik-baglanti-olcusu-1-1-2","10":"pa_metrik-baglanti-olcusu-1-1-4","11":"pa_uyum-tipi-bsp","13":"first","14":"instock","15":"purchasable","16":"product-type-variable"},"acf":[],"yoast_head":"<!-- This site is optimized with the Yoast SEO plugin v27.3 - https:\/\/yoast.com\/product\/yoast-seo-wordpress\/ -->\n<title>TF1 Omega+ Filter - Fernox Turkey<\/title>\n<meta name=\"robots\" content=\"index, follow, max-snippet:-1, max-image-preview:large, max-video-preview:-1\" \/>\n<link rel=\"canonical\" href=\"https:\/\/fernox.com\/tr\/product\/tf1-omega-filter\/\" \/>\n<meta property=\"og:locale\" content=\"en_GB\" \/>\n<meta property=\"og:type\" content=\"article\" \/>\n<meta property=\"og:title\" content=\"TF1 Omega+ Filter - Fernox Turkey\" \/>\n<meta property=\"og:description\" content=\"TF1 Omega + Filtresi, daha b\u00fcy\u00fck, hafif ticari \u0131s\u0131tma ve so\u011futma sistemleri i\u00e7in tasarlanm\u0131\u015f y\u00fcksek performansl\u0131 merkezi \u0131s\u0131tma sistemi filtresidir. Manyetik ve manyetik olmayan sistem kal\u0131nt\u0131lar\u0131n\u0131 gidermek i\u00e7in benzersiz Hidronik Par\u00e7ac\u0131k Ay\u0131rma (HPS) teknolojisi ve manyetik filtreleme kullan\u0131r ve kazan ar\u0131za riskini azalt\u0131r ve \u0131s\u0131tma sistemin verimlili\u011fini ve \u00f6mr\u00fcn\u00fc art\u0131r\u0131r. Bas\u0131n\u00e7 testi uygulanm\u0131\u015f bu s\u0131zd\u0131rmaz [&hellip;]\" \/>\n<meta property=\"og:url\" content=\"https:\/\/fernox.com\/tr\/product\/tf1-omega-filter\/\" \/>\n<meta property=\"og:site_name\" content=\"Fernox Turkey\" \/>\n<meta property=\"article:modified_time\" content=\"2026-03-19T10:02:58+00:00\" \/>\n<meta property=\"og:image\" content=\"https:\/\/fernox.com\/tr\/wp-content\/uploads\/sites\/24\/2026\/03\/62375-1LRS.jpg\" \/>\n\t<meta property=\"og:image:width\" content=\"600\" \/>\n\t<meta property=\"og:image:height\" content=\"600\" \/>\n\t<meta property=\"og:image:type\" content=\"image\/jpeg\" \/>\n<meta name=\"twitter:card\" content=\"summary_large_image\" \/>\n<meta name=\"twitter:label1\" content=\"Estimated reading time\" \/>\n\t<meta name=\"twitter:data1\" content=\"1 minute\" \/>\n<script type=\"application\/ld+json\" class=\"yoast-schema-graph\">{\"@context\":\"https:\\\/\\\/schema.org\",\"@graph\":[{\"@type\":\"WebPage\",\"@id\":\"https:\\\/\\\/fernox.com\\\/tr\\\/product\\\/tf1-omega-filter\\\/\",\"url\":\"https:\\\/\\\/fernox.com\\\/tr\\\/product\\\/tf1-omega-filter\\\/\",\"name\":\"TF1 Omega+ Filter - Fernox Turkey\",\"isPartOf\":{\"@id\":\"https:\\\/\\\/fernox.com\\\/tr\\\/#website\"},\"primaryImageOfPage\":{\"@id\":\"https:\\\/\\\/fernox.com\\\/tr\\\/product\\\/tf1-omega-filter\\\/#primaryimage\"},\"image\":{\"@id\":\"https:\\\/\\\/fernox.com\\\/tr\\\/product\\\/tf1-omega-filter\\\/#primaryimage\"},\"thumbnailUrl\":\"https:\\\/\\\/fernox.com\\\/tr\\\/wp-content\\\/uploads\\\/sites\\\/24\\\/2026\\\/03\\\/62375-1LRS.jpg\",\"datePublished\":\"2026-03-19T09:30:29+00:00\",\"dateModified\":\"2026-03-19T10:02:58+00:00\",\"breadcrumb\":{\"@id\":\"https:\\\/\\\/fernox.com\\\/tr\\\/product\\\/tf1-omega-filter\\\/#breadcrumb\"},\"inLanguage\":\"en-GB\",\"potentialAction\":[{\"@type\":\"ReadAction\",\"target\":[\"https:\\\/\\\/fernox.com\\\/tr\\\/product\\\/tf1-omega-filter\\\/\"]}]},{\"@type\":\"ImageObject\",\"inLanguage\":\"en-GB\",\"@id\":\"https:\\\/\\\/fernox.com\\\/tr\\\/product\\\/tf1-omega-filter\\\/#primaryimage\",\"url\":\"https:\\\/\\\/fernox.com\\\/tr\\\/wp-content\\\/uploads\\\/sites\\\/24\\\/2026\\\/03\\\/62375-1LRS.jpg\",\"contentUrl\":\"https:\\\/\\\/fernox.com\\\/tr\\\/wp-content\\\/uploads\\\/sites\\\/24\\\/2026\\\/03\\\/62375-1LRS.jpg\",\"width\":600,\"height\":600},{\"@type\":\"BreadcrumbList\",\"@id\":\"https:\\\/\\\/fernox.com\\\/tr\\\/product\\\/tf1-omega-filter\\\/#breadcrumb\",\"itemListElement\":[{\"@type\":\"ListItem\",\"position\":1,\"name\":\"Home\",\"item\":\"https:\\\/\\\/fernox.com\\\/tr\\\/\"},{\"@type\":\"ListItem\",\"position\":2,\"name\":\"Products\",\"item\":\"https:\\\/\\\/fernox.com\\\/tr\\\/shop\\\/\"},{\"@type\":\"ListItem\",\"position\":3,\"name\":\"TF1 Omega+ Filter\"}]},{\"@type\":\"WebSite\",\"@id\":\"https:\\\/\\\/fernox.com\\\/tr\\\/#website\",\"url\":\"https:\\\/\\\/fernox.com\\\/tr\\\/\",\"name\":\"Fernox Turkey\",\"description\":\"\",\"publisher\":{\"@id\":\"https:\\\/\\\/fernox.com\\\/tr\\\/#organization\"},\"potentialAction\":[{\"@type\":\"SearchAction\",\"target\":{\"@type\":\"EntryPoint\",\"urlTemplate\":\"https:\\\/\\\/fernox.com\\\/tr\\\/?s={search_term_string}\"},\"query-input\":{\"@type\":\"PropertyValueSpecification\",\"valueRequired\":true,\"valueName\":\"search_term_string\"}}],\"inLanguage\":\"en-GB\"},{\"@type\":\"Organization\",\"@id\":\"https:\\\/\\\/fernox.com\\\/tr\\\/#organization\",\"name\":\"Fernox Turkey\",\"url\":\"https:\\\/\\\/fernox.com\\\/tr\\\/\",\"logo\":{\"@type\":\"ImageObject\",\"inLanguage\":\"en-GB\",\"@id\":\"https:\\\/\\\/fernox.com\\\/tr\\\/#\\\/schema\\\/logo\\\/image\\\/\",\"url\":\"https:\\\/\\\/fernox.com\\\/tr\\\/wp-content\\\/uploads\\\/sites\\\/24\\\/2020\\\/11\\\/cropped-fernox-Logo-transparent.png\",\"contentUrl\":\"https:\\\/\\\/fernox.com\\\/tr\\\/wp-content\\\/uploads\\\/sites\\\/24\\\/2020\\\/11\\\/cropped-fernox-Logo-transparent.png\",\"width\":664,\"height\":150,\"caption\":\"Fernox Turkey\"},\"image\":{\"@id\":\"https:\\\/\\\/fernox.com\\\/tr\\\/#\\\/schema\\\/logo\\\/image\\\/\"}}]}<\/script>\n<!-- \/ Yoast SEO plugin. -->","yoast_head_json":{"title":"TF1 Omega+ Filter - Fernox Turkey","robots":{"index":"index","follow":"follow","max-snippet":"max-snippet:-1","max-image-preview":"max-image-preview:large","max-video-preview":"max-video-preview:-1"},"canonical":"https:\/\/fernox.com\/tr\/product\/tf1-omega-filter\/","og_locale":"en_GB","og_type":"article","og_title":"TF1 Omega+ Filter - Fernox Turkey","og_description":"TF1 Omega + Filtresi, daha b\u00fcy\u00fck, hafif ticari \u0131s\u0131tma ve so\u011futma sistemleri i\u00e7in tasarlanm\u0131\u015f y\u00fcksek performansl\u0131 merkezi \u0131s\u0131tma sistemi filtresidir. Manyetik ve manyetik olmayan sistem kal\u0131nt\u0131lar\u0131n\u0131 gidermek i\u00e7in benzersiz Hidronik Par\u00e7ac\u0131k Ay\u0131rma (HPS) teknolojisi ve manyetik filtreleme kullan\u0131r ve kazan ar\u0131za riskini azalt\u0131r ve \u0131s\u0131tma sistemin verimlili\u011fini ve \u00f6mr\u00fcn\u00fc art\u0131r\u0131r. Bas\u0131n\u00e7 testi uygulanm\u0131\u015f bu s\u0131zd\u0131rmaz [&hellip;]","og_url":"https:\/\/fernox.com\/tr\/product\/tf1-omega-filter\/","og_site_name":"Fernox Turkey","article_modified_time":"2026-03-19T10:02:58+00:00","og_image":[{"width":600,"height":600,"url":"https:\/\/fernox.com\/tr\/wp-content\/uploads\/sites\/24\/2026\/03\/62375-1LRS.jpg","type":"image\/jpeg"}],"twitter_card":"summary_large_image","twitter_misc":{"Estimated reading time":"1 minute"},"schema":{"@context":"https:\/\/schema.org","@graph":[{"@type":"WebPage","@id":"https:\/\/fernox.com\/tr\/product\/tf1-omega-filter\/","url":"https:\/\/fernox.com\/tr\/product\/tf1-omega-filter\/","name":"TF1 Omega+ Filter - Fernox Turkey","isPartOf":{"@id":"https:\/\/fernox.com\/tr\/#website"},"primaryImageOfPage":{"@id":"https:\/\/fernox.com\/tr\/product\/tf1-omega-filter\/#primaryimage"},"image":{"@id":"https:\/\/fernox.com\/tr\/product\/tf1-omega-filter\/#primaryimage"},"thumbnailUrl":"https:\/\/fernox.com\/tr\/wp-content\/uploads\/sites\/24\/2026\/03\/62375-1LRS.jpg","datePublished":"2026-03-19T09:30:29+00:00","dateModified":"2026-03-19T10:02:58+00:00","breadcrumb":{"@id":"https:\/\/fernox.com\/tr\/product\/tf1-omega-filter\/#breadcrumb"},"inLanguage":"en-GB","potentialAction":[{"@type":"ReadAction","target":["https:\/\/fernox.com\/tr\/product\/tf1-omega-filter\/"]}]},{"@type":"ImageObject","inLanguage":"en-GB","@id":"https:\/\/fernox.com\/tr\/product\/tf1-omega-filter\/#primaryimage","url":"https:\/\/fernox.com\/tr\/wp-content\/uploads\/sites\/24\/2026\/03\/62375-1LRS.jpg","contentUrl":"https:\/\/fernox.com\/tr\/wp-content\/uploads\/sites\/24\/2026\/03\/62375-1LRS.jpg","width":600,"height":600},{"@type":"BreadcrumbList","@id":"https:\/\/fernox.com\/tr\/product\/tf1-omega-filter\/#breadcrumb","itemListElement":[{"@type":"ListItem","position":1,"name":"Home","item":"https:\/\/fernox.com\/tr\/"},{"@type":"ListItem","position":2,"name":"Products","item":"https:\/\/fernox.com\/tr\/shop\/"},{"@type":"ListItem","position":3,"name":"TF1 Omega+ Filter"}]},{"@type":"WebSite","@id":"https:\/\/fernox.com\/tr\/#website","url":"https:\/\/fernox.com\/tr\/","name":"Fernox Turkey","description":"","publisher":{"@id":"https:\/\/fernox.com\/tr\/#organization"},"potentialAction":[{"@type":"SearchAction","target":{"@type":"EntryPoint","urlTemplate":"https:\/\/fernox.com\/tr\/?s={search_term_string}"},"query-input":{"@type":"PropertyValueSpecification","valueRequired":true,"valueName":"search_term_string"}}],"inLanguage":"en-GB"},{"@type":"Organization","@id":"https:\/\/fernox.com\/tr\/#organization","name":"Fernox Turkey","url":"https:\/\/fernox.com\/tr\/","logo":{"@type":"ImageObject","inLanguage":"en-GB","@id":"https:\/\/fernox.com\/tr\/#\/schema\/logo\/image\/","url":"https:\/\/fernox.com\/tr\/wp-content\/uploads\/sites\/24\/2020\/11\/cropped-fernox-Logo-transparent.png","contentUrl":"https:\/\/fernox.com\/tr\/wp-content\/uploads\/sites\/24\/2020\/11\/cropped-fernox-Logo-transparent.png","width":664,"height":150,"caption":"Fernox Turkey"},"image":{"@id":"https:\/\/fernox.com\/tr\/#\/schema\/logo\/image\/"}}]}},"_links":{"self":[{"href":"https:\/\/fernox.com\/tr\/wp-json\/wp\/v2\/product\/39432","targetHints":{"allow":["GET"]}}],"collection":[{"href":"https:\/\/fernox.com\/tr\/wp-json\/wp\/v2\/product"}],"about":[{"href":"https:\/\/fernox.com\/tr\/wp-json\/wp\/v2\/types\/product"}],"wp:featuredmedia":[{"embeddable":true,"href":"https:\/\/fernox.com\/tr\/wp-json\/wp\/v2\/media\/39661"}],"wp:attachment":[{"href":"https:\/\/fernox.com\/tr\/wp-json\/wp\/v2\/media?parent=39432"}],"wp:term":[{"taxonomy":"product_brand","embeddable":true,"href":"https:\/\/fernox.com\/tr\/wp-json\/wp\/v2\/product_brand?post=39432"},{"taxonomy":"product_cat","embeddable":true,"href":"https:\/\/fernox.com\/tr\/wp-json\/wp\/v2\/product_cat?post=39432"},{"taxonomy":"product_tag","embeddable":true,"href":"https:\/\/fernox.com\/tr\/wp-json\/wp\/v2\/product_tag?post=39432"}],"curies":[{"name":"wp","href":"https:\/\/api.w.org\/{rel}","templated":true}]}}