{"id":39430,"date":"2026-04-27T02:31:26","date_gmt":"2026-04-26T23:31:26","guid":{"rendered":"https:\/\/fernox.com\/tr\/product\/turbidity-tube\/"},"modified":"2026-04-27T02:31:27","modified_gmt":"2026-04-26T23:31:27","slug":"turbidity-tube","status":"publish","type":"product","link":"https:\/\/fernox.com\/tr\/product\/turbidity-tube\/","title":{"rendered":"Turbidity Tube"},"content":{"rendered":"<p>Fernox Bulan\u0131kl\u0131k t\u00fcp\u00fc, sistem suyunun kalitesini kontrol etmek ve sistemin optimum verimlilikte \u00e7al\u0131\u015fmas\u0131n\u0131 sa\u011flamak ve kazan\u0131n tamamen korunmas\u0131n\u0131 temin etmek i\u00e7in uygun tedaviyi belirlemek amac\u0131yla basit ve kullan\u0131m\u0131 kolay bir bulan\u0131kl\u0131k testidir.<\/p>\n<ul>\n<li>Sistemin maksimum verimlili\u011fini koruyun\n<\/li>\n<li>Kazan\u0131n ar\u0131zalanmas\u0131n\u0131 \u00f6nlemeye yard\u0131mc\u0131 olur\n<\/li>\n<li>Kazan\u0131n \u00f6mr\u00fcn\u00fc uzat\u0131r\n<\/li>\n<li>H\u0131zl\u0131 ve kolay saha kullan\u0131m\u0131 \u2013 hemen d\u00fczeltici i\u015flem yap\u0131lmas\u0131n\u0131 sa\u011flar\n<\/li>\n<li>Vidal\u0131 kapak i\u00e7erir\n<p><\/li>\n<\/ul>\n","protected":false},"excerpt":{"rendered":"<p>Fernox Bulan\u0131kl\u0131k t\u00fcp\u00fc, sistem suyunun kalitesini kontrol etmek ve sistemin optimum verimlilikte \u00e7al\u0131\u015fmas\u0131n\u0131 sa\u011flamak ve kazan\u0131n tamamen korunmas\u0131n\u0131 temin etmek i\u00e7in uygun tedaviyi belirlemek amac\u0131yla basit ve kullan\u0131m\u0131 kolay bir bulan\u0131kl\u0131k testidir. Sistemin maksimum verimlili\u011fini koruyun Kazan\u0131n ar\u0131zalanmas\u0131n\u0131 \u00f6nlemeye yard\u0131mc\u0131 olur Kazan\u0131n \u00f6mr\u00fcn\u00fc uzat\u0131r H\u0131zl\u0131 ve kolay saha kullan\u0131m\u0131 \u2013 hemen d\u00fczeltici i\u015flem yap\u0131lmas\u0131n\u0131 sa\u011flar [&hellip;]<\/p>\n","protected":false},"featured_media":40057,"template":"","meta":{"_acf_changed":false},"product_brand":[],"product_cat":[180],"product_tag":[],"class_list":{"0":"post-39430","1":"product","2":"type-product","3":"status-publish","4":"has-post-thumbnail","6":"product_cat-test-kits","8":"first","9":"instock","10":"purchasable","11":"product-type-simple"},"acf":[],"_links":{"self":[{"href":"https:\/\/fernox.com\/tr\/wp-json\/wp\/v2\/product\/39430","targetHints":{"allow":["GET"]}}],"collection":[{"href":"https:\/\/fernox.com\/tr\/wp-json\/wp\/v2\/product"}],"about":[{"href":"https:\/\/fernox.com\/tr\/wp-json\/wp\/v2\/types\/product"}],"wp:featuredmedia":[{"embeddable":true,"href":"https:\/\/fernox.com\/tr\/wp-json\/wp\/v2\/media\/40057"}],"wp:attachment":[{"href":"https:\/\/fernox.com\/tr\/wp-json\/wp\/v2\/media?parent=39430"}],"wp:term":[{"taxonomy":"product_brand","embeddable":true,"href":"https:\/\/fernox.com\/tr\/wp-json\/wp\/v2\/product_brand?post=39430"},{"taxonomy":"product_cat","embeddable":true,"href":"https:\/\/fernox.com\/tr\/wp-json\/wp\/v2\/product_cat?post=39430"},{"taxonomy":"product_tag","embeddable":true,"href":"https:\/\/fernox.com\/tr\/wp-json\/wp\/v2\/product_tag?post=39430"}],"curies":[{"name":"wp","href":"https:\/\/api.w.org\/{rel}","templated":true}]}}