{"id":39428,"date":"2026-04-08T14:09:27","date_gmt":"2026-04-08T11:09:27","guid":{"rendered":"https:\/\/fernox.com\/tr\/product\/protector-filter-fluid-f9-10l\/"},"modified":"2026-04-08T14:09:29","modified_gmt":"2026-04-08T11:09:29","slug":"protector-filter-fluid-f9-10l","status":"publish","type":"product","link":"https:\/\/fernox.com\/tr\/product\/protector-filter-fluid-f9-10l\/","title":{"rendered":"Protector+ Filter Fluid F9 10L"},"content":{"rendered":"<p>Protector+ Filter Fluid F9, HVAC ve hafif ticari \u0131s\u0131tma ve so\u011futma sistemlerinde korozyona kar\u015f\u0131 m\u00fckemmel koruma sa\u011flayan, kire\u00e7 olu\u015fumunu engelleyen ve pH kontrol\u00fcn\u00fc sa\u011flayan da\u011f\u0131t\u0131c\u0131 teknolojisine sahip geli\u015fmi\u015f bir inhibit\u00f6rd\u00fcr. Fernox&#8217;un ticari kullan\u0131ma y\u00f6nelik s\u0131ral\u0131 sistem filtreleri veya benzerleriyle kullan\u0131lmak \u00fczere tasarlanan bu benzersiz inhibit\u00f6r paketi, korozyon birikintileri, ta\u015flar ve di\u011fer sistem kirlerinin bir filtre yard\u0131m\u0131yla g\u00fcvenli bir \u015fekilde toplanmas\u0131na yard\u0131mc\u0131 olan bir aktif da\u011f\u0131t\u0131c\u0131 i\u00e7erir. Bu yenilik\u00e7i form\u00fcl sistemin kullan\u0131m \u00f6mr\u00fcn\u00fc uzat\u0131r ve optimum verimlili\u011finin s\u00fcrd\u00fcr\u00fclmesini sa\u011flar. Protector+ Filter Fluid F9 di\u011fer Fernox ticari \u00fcr\u00fcnleriyle uyumludur, t\u00fcm materyaller ve \u0131s\u0131tma ve so\u011futma sistemlerinde yayg\u0131n olarak kullan\u0131lan, \u00e7elik ve al\u00fcminyum dahil, b\u00fct\u00fcn metallerde kullan\u0131ma uygundur. 10 litrelik bir \u00fcr\u00fcn, %0,5 &#8216;lik dozajlama oran\u0131 ile 2000 litreye kadar sistem suyunu ar\u0131tabilir.<\/p>\n<ul>\n<li>Benzersiz inhibit\u00f6r ve da\u011f\u0131t\u0131c\u0131 paketi, sistem i\u00e7inde dola\u015fan birikintileri kald\u0131rmak ve bunlar\u0131n g\u00fcvenli bir \u015fekilde toplanarak giderilmesi i\u00e7in bir s\u0131ral\u0131 sistem filtresine ta\u015f\u0131mak amac\u0131yla tasarlanm\u0131\u015ft\u0131r\n<\/li>\n<li>Mutlaka sistem filtresiyle birlikte kullan\u0131lmal\u0131d\u0131r\n<\/li>\n<li>\u00c7elik ve al\u00fcminyum dahil kar\u0131\u015f\u0131k metallerden olu\u015fan HVAC \u0131s\u0131tma ve so\u011futma sistemlerinde korozyona ve ta\u015f olu\u015fumuna kar\u015f\u0131 en \u00fcst d\u00fczeyde koruma sa\u011flar\n<\/li>\n<li>Sistemin i\u00e7inde s\u00fcrekli olarak bulunarak borular\u0131n temiz kalmas\u0131n\u0131 ve optimum ak\u0131\u015f h\u0131z\u0131n\u0131n korunmas\u0131n\u0131 sa\u011flamak suretiyle sistemin verimli \u00e7al\u0131\u015fmas\u0131na yard\u0131mc\u0131 olmak i\u00e7in tasarlanm\u0131\u015ft\u0131r. Plans\u0131z sistem duru\u015fu riskini azalt\u0131r\n<\/li>\n<li>Geli\u015fmi\u015f pH tamponu, sistem suyunun pH seviyesinin bir optimum pH aral\u0131\u011f\u0131yla (7 &#8211; 8.5) sabitlenmesini sa\u011flar\n<\/li>\n<li>Y\u00fcksek performans, NSF CIAS (ABD ULUSAL B\u0130L\u0130M VAKFI), CIAS ve Belgaqua (Bel\u00e7ika \u0130\u00e7me Suyu ve At\u0131k Su Ar\u0131tma Hizmetleri Mesleki Federasyonu) onayl\u0131 toksik olmayan ve \u00e7evre dostu i\u00e7erik<br \/>\n<\/li>\n<\/ul>\n","protected":false},"excerpt":{"rendered":"<p>Protector+ Filter Fluid F9, HVAC ve hafif ticari \u0131s\u0131tma ve so\u011futma sistemlerinde korozyona kar\u015f\u0131 m\u00fckemmel koruma sa\u011flayan, kire\u00e7 olu\u015fumunu engelleyen ve pH kontrol\u00fcn\u00fc sa\u011flayan da\u011f\u0131t\u0131c\u0131 teknolojisine sahip geli\u015fmi\u015f bir inhibit\u00f6rd\u00fcr. Fernox&#8217;un ticari kullan\u0131ma y\u00f6nelik s\u0131ral\u0131 sistem filtreleri veya benzerleriyle kullan\u0131lmak \u00fczere tasarlanan bu benzersiz inhibit\u00f6r paketi, korozyon birikintileri, ta\u015flar ve di\u011fer sistem kirlerinin bir filtre [&hellip;]<\/p>\n","protected":false},"featured_media":39737,"template":"","meta":{"_acf_changed":false},"product_brand":[],"product_cat":[213,175,176],"product_tag":[],"class_list":{"0":"post-39428","1":"product","2":"type-product","3":"status-publish","4":"has-post-thumbnail","6":"product_cat-commercial-rangechemistry","7":"product_cat-inhibitors-protectors","8":"product_cat-commercial-range","10":"first","11":"instock","12":"purchasable","13":"product-type-simple"},"acf":[],"_links":{"self":[{"href":"https:\/\/fernox.com\/tr\/wp-json\/wp\/v2\/product\/39428","targetHints":{"allow":["GET"]}}],"collection":[{"href":"https:\/\/fernox.com\/tr\/wp-json\/wp\/v2\/product"}],"about":[{"href":"https:\/\/fernox.com\/tr\/wp-json\/wp\/v2\/types\/product"}],"wp:featuredmedia":[{"embeddable":true,"href":"https:\/\/fernox.com\/tr\/wp-json\/wp\/v2\/media\/39737"}],"wp:attachment":[{"href":"https:\/\/fernox.com\/tr\/wp-json\/wp\/v2\/media?parent=39428"}],"wp:term":[{"taxonomy":"product_brand","embeddable":true,"href":"https:\/\/fernox.com\/tr\/wp-json\/wp\/v2\/product_brand?post=39428"},{"taxonomy":"product_cat","embeddable":true,"href":"https:\/\/fernox.com\/tr\/wp-json\/wp\/v2\/product_cat?post=39428"},{"taxonomy":"product_tag","embeddable":true,"href":"https:\/\/fernox.com\/tr\/wp-json\/wp\/v2\/product_tag?post=39428"}],"curies":[{"name":"wp","href":"https:\/\/api.w.org\/{rel}","templated":true}]}}