{"id":39426,"date":"2026-04-27T02:31:23","date_gmt":"2026-04-26T23:31:23","guid":{"rendered":"https:\/\/fernox.com\/tr\/product\/leak-sealer-f4-10l\/"},"modified":"2026-04-27T02:31:23","modified_gmt":"2026-04-26T23:31:23","slug":"leak-sealer-f4-10l","status":"publish","type":"product","link":"https:\/\/fernox.com\/tr\/product\/leak-sealer-f4-10l\/","title":{"rendered":"Leak Sealer F4 10L"},"content":{"rendered":"<p>Leak Sealer F4, HVAC ve hafif ticari \u0131s\u0131tma ve so\u011futma sistemlerinde bas\u0131n\u00e7 kayb\u0131na ve kazan ar\u0131zas\u0131na neden olabilecek k\u00fc\u00e7\u00fck, eri\u015filmesi zor s\u0131z\u0131nt\u0131lar\u0131 terlemeleri \u00f6nlemek amac\u0131yla kullan\u0131lmak \u00fczere geli\u015ftirilen i\u00e7 s\u0131z\u0131nt\u0131lara y\u00f6nelik bir s\u0131zd\u0131rmazl\u0131k \u00fcr\u00fcn\u00fcd\u00fcr. \u00dcr\u00fcn sistemin i\u00e7inde da\u011f\u0131ld\u0131ktan sonra oksijen ka\u00e7a\u011f\u0131 olan b\u00f6lgeyi tespit eder ve buradaki g\u00f6zenekleri kapatmak i\u00e7in polimer olu\u015fturur. Uyguland\u0131ktan sonra 1-24 saat i\u00e7inde etkili olan sekt\u00f6r\u00fcn \u00f6nde gelen su ar\u0131tma kimyasal\u0131n\u0131n benzersiz s\u0131zd\u0131rmazl\u0131k \u00f6zelli\u011finin, pompalar, hava tahliye delikleri ve g\u00fcvenlik cihazlar\u0131 gibi savunmas\u0131z sistem bile\u015fenlerinde t\u0131kan\u0131kl\u0131klar veya daralmalar\u0131 \u00f6nledi\u011fi kan\u0131tlanm\u0131\u015ft\u0131r. Sistemin tamamen bo\u015falt\u0131lmas\u0131na gerek kalmadan s\u0131z\u0131nt\u0131 h\u0131zl\u0131 ve verimli bir \u015fekilde kapat\u0131labilir. 10 litrelik bir \u00fcr\u00fcn, %0,5 &#8216;lik dozajlama oran\u0131 ile 2000 litreye kadar sistem suyunu ar\u0131tabilir.<\/p>\n<ul>\n<li>Silikon em\u00fclsiyonu bazl\u0131 \u00fcr\u00fcn, HVAC ve hafif ticari sistemlerdeki mikroskobik, eri\u015filmesi zor s\u0131z\u0131nt\u0131lar\u0131 ve terlemeleri borular\u0131n kenarlar\u0131na toplanarak kapatmak \u00fczere tasarlanm\u0131\u015ft\u0131r\n<\/li>\n<li>Sistemin tamamen bo\u015falt\u0131lmas\u0131 zorunlulu\u011funu ortadan kald\u0131r\u0131r\n<\/li>\n<li>Uyguland\u0131ktan sonra 1-24 saat i\u00e7inde etkili oldu\u011fu kan\u0131tlanm\u0131\u015ft\u0131r\n<\/li>\n<li>Bas\u0131n\u00e7 kayb\u0131 sorunlar\u0131n\u0131 k\u00fc\u00e7\u00fck m\u00fcdahalelerle h\u0131zl\u0131 ve etkin bir \u015fekilde \u00e7\u00f6zer\n<\/li>\n<li>G\u00fcvenlidir &#8211; borularda veya pompalar, hava tahliye delikleri ve \u0131s\u0131 e\u015fanj\u00f6rleri gibi savunmas\u0131z kazan bile\u015fenlerinde t\u0131kanmalara yol a\u00e7maz\n<\/li>\n<li>\u00dcr\u00fcn sistemin i\u00e7inde h\u0131zla da\u011f\u0131larak oksijen ka\u00e7a\u011f\u0131 olan b\u00f6lgeyi tespit eder ve buradaki g\u00f6zenekleri kapat\u0131r<br \/>\n<\/li>\n<\/ul>\n","protected":false},"excerpt":{"rendered":"<p>Leak Sealer F4, HVAC ve hafif ticari \u0131s\u0131tma ve so\u011futma sistemlerinde bas\u0131n\u00e7 kayb\u0131na ve kazan ar\u0131zas\u0131na neden olabilecek k\u00fc\u00e7\u00fck, eri\u015filmesi zor s\u0131z\u0131nt\u0131lar\u0131 terlemeleri \u00f6nlemek amac\u0131yla kullan\u0131lmak \u00fczere geli\u015ftirilen i\u00e7 s\u0131z\u0131nt\u0131lara y\u00f6nelik bir s\u0131zd\u0131rmazl\u0131k \u00fcr\u00fcn\u00fcd\u00fcr. \u00dcr\u00fcn sistemin i\u00e7inde da\u011f\u0131ld\u0131ktan sonra oksijen ka\u00e7a\u011f\u0131 olan b\u00f6lgeyi tespit eder ve buradaki g\u00f6zenekleri kapatmak i\u00e7in polimer olu\u015fturur. Uyguland\u0131ktan sonra 1-24 [&hellip;]<\/p>\n","protected":false},"featured_media":40055,"template":"","meta":{"_acf_changed":false},"product_brand":[],"product_cat":[213,177,176],"product_tag":[],"class_list":{"0":"post-39426","1":"product","2":"type-product","3":"status-publish","4":"has-post-thumbnail","6":"product_cat-commercial-rangechemistry","7":"product_cat-leak-sealers","8":"product_cat-commercial-range","10":"first","11":"instock","12":"purchasable","13":"product-type-simple"},"acf":[],"_links":{"self":[{"href":"https:\/\/fernox.com\/tr\/wp-json\/wp\/v2\/product\/39426","targetHints":{"allow":["GET"]}}],"collection":[{"href":"https:\/\/fernox.com\/tr\/wp-json\/wp\/v2\/product"}],"about":[{"href":"https:\/\/fernox.com\/tr\/wp-json\/wp\/v2\/types\/product"}],"wp:featuredmedia":[{"embeddable":true,"href":"https:\/\/fernox.com\/tr\/wp-json\/wp\/v2\/media\/40055"}],"wp:attachment":[{"href":"https:\/\/fernox.com\/tr\/wp-json\/wp\/v2\/media?parent=39426"}],"wp:term":[{"taxonomy":"product_brand","embeddable":true,"href":"https:\/\/fernox.com\/tr\/wp-json\/wp\/v2\/product_brand?post=39426"},{"taxonomy":"product_cat","embeddable":true,"href":"https:\/\/fernox.com\/tr\/wp-json\/wp\/v2\/product_cat?post=39426"},{"taxonomy":"product_tag","embeddable":true,"href":"https:\/\/fernox.com\/tr\/wp-json\/wp\/v2\/product_tag?post=39426"}],"curies":[{"name":"wp","href":"https:\/\/api.w.org\/{rel}","templated":true}]}}