{"id":39424,"date":"2026-03-19T12:30:20","date_gmt":"2026-03-19T09:30:20","guid":{"rendered":"https:\/\/fernox.com\/tr\/product\/cleaner-f3-10l\/"},"modified":"2026-03-19T12:30:24","modified_gmt":"2026-03-19T09:30:24","slug":"cleaner-f3-10l","status":"publish","type":"product","link":"https:\/\/fernox.com\/tr\/product\/cleaner-f3-10l\/","title":{"rendered":"Cleaner F3 10L"},"content":{"rendered":"<p>HVAC ve hafif ticari \u0131s\u0131tma ve so\u011futma sistemleri i\u00e7in tasarlanan \u00fcniversal temizleyici Cleaner F3, yeni sistemlerin kullan\u0131m \u00f6ncesi temizli\u011finde, flux kal\u0131nt\u0131lar\u0131, ya\u011flar ve di\u011fer birikintilerin giderilmesi amac\u0131yla kullan\u0131l\u0131r. Cleaner F3 mevcut kirli sistemlerde bulunan \u00e7amur, tortu ve di\u011fer birikintileri temizlemek i\u00e7in kullan\u0131ld\u0131\u011f\u0131nda ise verimlili\u011fi art\u0131r\u0131r ve sistem bile\u015fenlerinin hasar g\u00f6rmesini engeller. Y\u00fcksek performansl\u0131 ve \u00e7abuk etkili temizleyici t\u00fcm materyaller ve \u00fczere, \u0131s\u0131t\u0131ma ve so\u011futma sistemlerinde yayg\u0131n olarak kullan\u0131lan, \u00e7elik al\u00fcminyum dahil, b\u00fct\u00fcn metallerle uyumludur. 10 litrelik bir \u00fcr\u00fcn, %0,5 &#8216;lik dozajlama oran\u0131 ile 2000 litreye kadar sistem suyunu ar\u0131tabilir.<\/p>\n<ul>\n<li>Yeni ve mevcut HVAC ve hafif ticari \u0131s\u0131tma sistemlerinin kullan\u0131lmaya ba\u015flamadan \u00f6nce temizlenmesi i\u00e7in uygun \u00fcniversal, pH n\u00f6tr temizleyici\n<\/li>\n<li>Pazarda \u00f6nc\u00fc olan fluxlar, ya\u011flar, demir oksitler ve di\u011fer sistem birikintilerini h\u0131zl\u0131 ve etkin bir bi\u00e7imde gidermek i\u00e7in \u00f6zel olarak geli\u015ftirilmi\u015ftir\n<\/li>\n<li>\u00c7al\u0131\u015fma ko\u015fullar\u0131nda sistemde bir haftay\u0131 a\u015fmamak kayd\u0131yla bekletilmesi tavsiye edilir\n<\/li>\n<li>Koruyuculu temizleyici, temizlik s\u0131ras\u0131nda sistemi korumak amac\u0131yla tasarlanm\u0131\u015ft\u0131r\n<\/li>\n<li>\u0130\u00e7erdi\u011fi h\u0131zl\u0131 da\u011f\u0131t\u0131c\u0131 teknolojisi, her t\u00fcrl\u00fc sistem suyu (sert, yumu\u015fak, suni olarak yumu\u015fat\u0131lm\u0131\u015f ve saf) i\u00e7in uygundur\n<\/li>\n<li>Kulland\u0131ktan sonra sistemden temizlenmesini kolayla\u015ft\u0131ran k\u00f6p\u00fcrmeyen form\u00fcl\u00fc alanda zamandan tasarruf sa\u011flar<br \/>\n<\/li>\n<\/ul>\n","protected":false},"excerpt":{"rendered":"<p>HVAC ve hafif ticari \u0131s\u0131tma ve so\u011futma sistemleri i\u00e7in tasarlanan \u00fcniversal temizleyici Cleaner F3, yeni sistemlerin kullan\u0131m \u00f6ncesi temizli\u011finde, flux kal\u0131nt\u0131lar\u0131, ya\u011flar ve di\u011fer birikintilerin giderilmesi amac\u0131yla kullan\u0131l\u0131r. Cleaner F3 mevcut kirli sistemlerde bulunan \u00e7amur, tortu ve di\u011fer birikintileri temizlemek i\u00e7in kullan\u0131ld\u0131\u011f\u0131nda ise verimlili\u011fi art\u0131r\u0131r ve sistem bile\u015fenlerinin hasar g\u00f6rmesini engeller. Y\u00fcksek performansl\u0131 ve \u00e7abuk [&hellip;]<\/p>\n","protected":false},"featured_media":39655,"template":"","meta":{"_acf_changed":false},"product_brand":[],"product_cat":[213,178,176],"product_tag":[],"class_list":{"0":"post-39424","1":"product","2":"type-product","3":"status-publish","4":"has-post-thumbnail","6":"product_cat-commercial-rangechemistry","7":"product_cat-cleaners","8":"product_cat-commercial-range","10":"first","11":"instock","12":"purchasable","13":"product-type-simple"},"acf":[],"yoast_head":"<!-- This site is optimized with the Yoast SEO plugin v27.3 - https:\/\/yoast.com\/product\/yoast-seo-wordpress\/ -->\n<title>Cleaner F3 10L - Fernox Turkey<\/title>\n<meta name=\"robots\" content=\"index, follow, max-snippet:-1, max-image-preview:large, max-video-preview:-1\" \/>\n<link rel=\"canonical\" href=\"https:\/\/fernox.com\/tr\/product\/cleaner-f3-10l\/\" \/>\n<meta property=\"og:locale\" content=\"en_GB\" \/>\n<meta property=\"og:type\" content=\"article\" \/>\n<meta property=\"og:title\" content=\"Cleaner F3 10L - Fernox Turkey\" \/>\n<meta property=\"og:description\" content=\"HVAC ve hafif ticari \u0131s\u0131tma ve so\u011futma sistemleri i\u00e7in tasarlanan \u00fcniversal temizleyici Cleaner F3, yeni sistemlerin kullan\u0131m \u00f6ncesi temizli\u011finde, flux kal\u0131nt\u0131lar\u0131, ya\u011flar ve di\u011fer birikintilerin giderilmesi amac\u0131yla kullan\u0131l\u0131r. Cleaner F3 mevcut kirli sistemlerde bulunan \u00e7amur, tortu ve di\u011fer birikintileri temizlemek i\u00e7in kullan\u0131ld\u0131\u011f\u0131nda ise verimlili\u011fi art\u0131r\u0131r ve sistem bile\u015fenlerinin hasar g\u00f6rmesini engeller. Y\u00fcksek performansl\u0131 ve \u00e7abuk [&hellip;]\" \/>\n<meta property=\"og:url\" content=\"https:\/\/fernox.com\/tr\/product\/cleaner-f3-10l\/\" \/>\n<meta property=\"og:site_name\" content=\"Fernox Turkey\" \/>\n<meta property=\"article:modified_time\" content=\"2026-03-19T09:30:24+00:00\" \/>\n<meta property=\"og:image\" content=\"https:\/\/fernox.com\/tr\/wp-content\/uploads\/sites\/24\/2026\/03\/62555-1LRS.jpg\" \/>\n\t<meta property=\"og:image:width\" content=\"800\" \/>\n\t<meta property=\"og:image:height\" content=\"800\" \/>\n\t<meta property=\"og:image:type\" content=\"image\/jpeg\" \/>\n<meta name=\"twitter:card\" content=\"summary_large_image\" \/>\n<meta name=\"twitter:label1\" content=\"Estimated reading time\" \/>\n\t<meta name=\"twitter:data1\" content=\"1 minute\" \/>\n<script type=\"application\/ld+json\" class=\"yoast-schema-graph\">{\"@context\":\"https:\\\/\\\/schema.org\",\"@graph\":[{\"@type\":\"WebPage\",\"@id\":\"https:\\\/\\\/fernox.com\\\/tr\\\/product\\\/cleaner-f3-10l\\\/\",\"url\":\"https:\\\/\\\/fernox.com\\\/tr\\\/product\\\/cleaner-f3-10l\\\/\",\"name\":\"Cleaner F3 10L - Fernox Turkey\",\"isPartOf\":{\"@id\":\"https:\\\/\\\/fernox.com\\\/tr\\\/#website\"},\"primaryImageOfPage\":{\"@id\":\"https:\\\/\\\/fernox.com\\\/tr\\\/product\\\/cleaner-f3-10l\\\/#primaryimage\"},\"image\":{\"@id\":\"https:\\\/\\\/fernox.com\\\/tr\\\/product\\\/cleaner-f3-10l\\\/#primaryimage\"},\"thumbnailUrl\":\"https:\\\/\\\/fernox.com\\\/tr\\\/wp-content\\\/uploads\\\/sites\\\/24\\\/2026\\\/03\\\/62555-1LRS.jpg\",\"datePublished\":\"2026-03-19T09:30:20+00:00\",\"dateModified\":\"2026-03-19T09:30:24+00:00\",\"breadcrumb\":{\"@id\":\"https:\\\/\\\/fernox.com\\\/tr\\\/product\\\/cleaner-f3-10l\\\/#breadcrumb\"},\"inLanguage\":\"en-GB\",\"potentialAction\":[{\"@type\":\"ReadAction\",\"target\":[\"https:\\\/\\\/fernox.com\\\/tr\\\/product\\\/cleaner-f3-10l\\\/\"]}]},{\"@type\":\"ImageObject\",\"inLanguage\":\"en-GB\",\"@id\":\"https:\\\/\\\/fernox.com\\\/tr\\\/product\\\/cleaner-f3-10l\\\/#primaryimage\",\"url\":\"https:\\\/\\\/fernox.com\\\/tr\\\/wp-content\\\/uploads\\\/sites\\\/24\\\/2026\\\/03\\\/62555-1LRS.jpg\",\"contentUrl\":\"https:\\\/\\\/fernox.com\\\/tr\\\/wp-content\\\/uploads\\\/sites\\\/24\\\/2026\\\/03\\\/62555-1LRS.jpg\",\"width\":800,\"height\":800},{\"@type\":\"BreadcrumbList\",\"@id\":\"https:\\\/\\\/fernox.com\\\/tr\\\/product\\\/cleaner-f3-10l\\\/#breadcrumb\",\"itemListElement\":[{\"@type\":\"ListItem\",\"position\":1,\"name\":\"Home\",\"item\":\"https:\\\/\\\/fernox.com\\\/tr\\\/\"},{\"@type\":\"ListItem\",\"position\":2,\"name\":\"Products\",\"item\":\"https:\\\/\\\/fernox.com\\\/tr\\\/shop\\\/\"},{\"@type\":\"ListItem\",\"position\":3,\"name\":\"Cleaner F3 10L\"}]},{\"@type\":\"WebSite\",\"@id\":\"https:\\\/\\\/fernox.com\\\/tr\\\/#website\",\"url\":\"https:\\\/\\\/fernox.com\\\/tr\\\/\",\"name\":\"Fernox Turkey\",\"description\":\"\",\"publisher\":{\"@id\":\"https:\\\/\\\/fernox.com\\\/tr\\\/#organization\"},\"potentialAction\":[{\"@type\":\"SearchAction\",\"target\":{\"@type\":\"EntryPoint\",\"urlTemplate\":\"https:\\\/\\\/fernox.com\\\/tr\\\/?s={search_term_string}\"},\"query-input\":{\"@type\":\"PropertyValueSpecification\",\"valueRequired\":true,\"valueName\":\"search_term_string\"}}],\"inLanguage\":\"en-GB\"},{\"@type\":\"Organization\",\"@id\":\"https:\\\/\\\/fernox.com\\\/tr\\\/#organization\",\"name\":\"Fernox Turkey\",\"url\":\"https:\\\/\\\/fernox.com\\\/tr\\\/\",\"logo\":{\"@type\":\"ImageObject\",\"inLanguage\":\"en-GB\",\"@id\":\"https:\\\/\\\/fernox.com\\\/tr\\\/#\\\/schema\\\/logo\\\/image\\\/\",\"url\":\"https:\\\/\\\/fernox.com\\\/tr\\\/wp-content\\\/uploads\\\/sites\\\/24\\\/2020\\\/11\\\/cropped-fernox-Logo-transparent.png\",\"contentUrl\":\"https:\\\/\\\/fernox.com\\\/tr\\\/wp-content\\\/uploads\\\/sites\\\/24\\\/2020\\\/11\\\/cropped-fernox-Logo-transparent.png\",\"width\":664,\"height\":150,\"caption\":\"Fernox Turkey\"},\"image\":{\"@id\":\"https:\\\/\\\/fernox.com\\\/tr\\\/#\\\/schema\\\/logo\\\/image\\\/\"}}]}<\/script>\n<!-- \/ Yoast SEO plugin. -->","yoast_head_json":{"title":"Cleaner F3 10L - Fernox Turkey","robots":{"index":"index","follow":"follow","max-snippet":"max-snippet:-1","max-image-preview":"max-image-preview:large","max-video-preview":"max-video-preview:-1"},"canonical":"https:\/\/fernox.com\/tr\/product\/cleaner-f3-10l\/","og_locale":"en_GB","og_type":"article","og_title":"Cleaner F3 10L - Fernox Turkey","og_description":"HVAC ve hafif ticari \u0131s\u0131tma ve so\u011futma sistemleri i\u00e7in tasarlanan \u00fcniversal temizleyici Cleaner F3, yeni sistemlerin kullan\u0131m \u00f6ncesi temizli\u011finde, flux kal\u0131nt\u0131lar\u0131, ya\u011flar ve di\u011fer birikintilerin giderilmesi amac\u0131yla kullan\u0131l\u0131r. Cleaner F3 mevcut kirli sistemlerde bulunan \u00e7amur, tortu ve di\u011fer birikintileri temizlemek i\u00e7in kullan\u0131ld\u0131\u011f\u0131nda ise verimlili\u011fi art\u0131r\u0131r ve sistem bile\u015fenlerinin hasar g\u00f6rmesini engeller. Y\u00fcksek performansl\u0131 ve \u00e7abuk [&hellip;]","og_url":"https:\/\/fernox.com\/tr\/product\/cleaner-f3-10l\/","og_site_name":"Fernox Turkey","article_modified_time":"2026-03-19T09:30:24+00:00","og_image":[{"width":800,"height":800,"url":"https:\/\/fernox.com\/tr\/wp-content\/uploads\/sites\/24\/2026\/03\/62555-1LRS.jpg","type":"image\/jpeg"}],"twitter_card":"summary_large_image","twitter_misc":{"Estimated reading time":"1 minute"},"schema":{"@context":"https:\/\/schema.org","@graph":[{"@type":"WebPage","@id":"https:\/\/fernox.com\/tr\/product\/cleaner-f3-10l\/","url":"https:\/\/fernox.com\/tr\/product\/cleaner-f3-10l\/","name":"Cleaner F3 10L - Fernox Turkey","isPartOf":{"@id":"https:\/\/fernox.com\/tr\/#website"},"primaryImageOfPage":{"@id":"https:\/\/fernox.com\/tr\/product\/cleaner-f3-10l\/#primaryimage"},"image":{"@id":"https:\/\/fernox.com\/tr\/product\/cleaner-f3-10l\/#primaryimage"},"thumbnailUrl":"https:\/\/fernox.com\/tr\/wp-content\/uploads\/sites\/24\/2026\/03\/62555-1LRS.jpg","datePublished":"2026-03-19T09:30:20+00:00","dateModified":"2026-03-19T09:30:24+00:00","breadcrumb":{"@id":"https:\/\/fernox.com\/tr\/product\/cleaner-f3-10l\/#breadcrumb"},"inLanguage":"en-GB","potentialAction":[{"@type":"ReadAction","target":["https:\/\/fernox.com\/tr\/product\/cleaner-f3-10l\/"]}]},{"@type":"ImageObject","inLanguage":"en-GB","@id":"https:\/\/fernox.com\/tr\/product\/cleaner-f3-10l\/#primaryimage","url":"https:\/\/fernox.com\/tr\/wp-content\/uploads\/sites\/24\/2026\/03\/62555-1LRS.jpg","contentUrl":"https:\/\/fernox.com\/tr\/wp-content\/uploads\/sites\/24\/2026\/03\/62555-1LRS.jpg","width":800,"height":800},{"@type":"BreadcrumbList","@id":"https:\/\/fernox.com\/tr\/product\/cleaner-f3-10l\/#breadcrumb","itemListElement":[{"@type":"ListItem","position":1,"name":"Home","item":"https:\/\/fernox.com\/tr\/"},{"@type":"ListItem","position":2,"name":"Products","item":"https:\/\/fernox.com\/tr\/shop\/"},{"@type":"ListItem","position":3,"name":"Cleaner F3 10L"}]},{"@type":"WebSite","@id":"https:\/\/fernox.com\/tr\/#website","url":"https:\/\/fernox.com\/tr\/","name":"Fernox Turkey","description":"","publisher":{"@id":"https:\/\/fernox.com\/tr\/#organization"},"potentialAction":[{"@type":"SearchAction","target":{"@type":"EntryPoint","urlTemplate":"https:\/\/fernox.com\/tr\/?s={search_term_string}"},"query-input":{"@type":"PropertyValueSpecification","valueRequired":true,"valueName":"search_term_string"}}],"inLanguage":"en-GB"},{"@type":"Organization","@id":"https:\/\/fernox.com\/tr\/#organization","name":"Fernox Turkey","url":"https:\/\/fernox.com\/tr\/","logo":{"@type":"ImageObject","inLanguage":"en-GB","@id":"https:\/\/fernox.com\/tr\/#\/schema\/logo\/image\/","url":"https:\/\/fernox.com\/tr\/wp-content\/uploads\/sites\/24\/2020\/11\/cropped-fernox-Logo-transparent.png","contentUrl":"https:\/\/fernox.com\/tr\/wp-content\/uploads\/sites\/24\/2020\/11\/cropped-fernox-Logo-transparent.png","width":664,"height":150,"caption":"Fernox Turkey"},"image":{"@id":"https:\/\/fernox.com\/tr\/#\/schema\/logo\/image\/"}}]}},"_links":{"self":[{"href":"https:\/\/fernox.com\/tr\/wp-json\/wp\/v2\/product\/39424","targetHints":{"allow":["GET"]}}],"collection":[{"href":"https:\/\/fernox.com\/tr\/wp-json\/wp\/v2\/product"}],"about":[{"href":"https:\/\/fernox.com\/tr\/wp-json\/wp\/v2\/types\/product"}],"wp:featuredmedia":[{"embeddable":true,"href":"https:\/\/fernox.com\/tr\/wp-json\/wp\/v2\/media\/39655"}],"wp:attachment":[{"href":"https:\/\/fernox.com\/tr\/wp-json\/wp\/v2\/media?parent=39424"}],"wp:term":[{"taxonomy":"product_brand","embeddable":true,"href":"https:\/\/fernox.com\/tr\/wp-json\/wp\/v2\/product_brand?post=39424"},{"taxonomy":"product_cat","embeddable":true,"href":"https:\/\/fernox.com\/tr\/wp-json\/wp\/v2\/product_cat?post=39424"},{"taxonomy":"product_tag","embeddable":true,"href":"https:\/\/fernox.com\/tr\/wp-json\/wp\/v2\/product_tag?post=39424"}],"curies":[{"name":"wp","href":"https:\/\/api.w.org\/{rel}","templated":true}]}}