{"id":39422,"date":"2026-04-27T02:31:19","date_gmt":"2026-04-26T23:31:19","guid":{"rendered":"https:\/\/fernox.com\/tr\/product\/protector-f1-10l\/"},"modified":"2026-04-27T02:31:20","modified_gmt":"2026-04-26T23:31:20","slug":"protector-f1-10l","status":"publish","type":"product","link":"https:\/\/fernox.com\/tr\/product\/protector-f1-10l\/","title":{"rendered":"Protector F1 10L"},"content":{"rendered":"<p>Protector F1, hafif ticari ve HVAC (Is\u0131tma, Havaland\u0131rma ve \u0130klimlendirme) \u0131s\u0131tma ve so\u011futma sistemlerini korozyon ve kire\u00e7 birikintisi olu\u015fumuna kar\u015f\u0131 korur. Bu \u00fcr\u00fcn ayr\u0131ca, kar\u0131\u015f\u0131k metaller i\u00e7eren sistemlerde korozyonun \u00f6nlenmesi i\u00e7in sistemdeki suyun optimum pH aral\u0131\u011f\u0131nda kalmas\u0131n\u0131 sa\u011flamaya yarayan pH tamponu i\u015flevini g\u00f6r\u00fcr. Protector F1, di\u011fer Fernox ticari \u00fcr\u00fcnleriyle uyumludur ve t\u00fcm materyaller ve \u0131s\u0131tma ve so\u011futma sistemlerinde yayg\u0131n olarak kullan\u0131lan, \u00e7elik ve al\u00fcminyum dahil, b\u00fct\u00fcn metallerde kullan\u0131ma uygundur. 10 litrelik bir \u00fcr\u00fcn, %0,5 &#8216;lik dozajlama oran\u0131 ile 2000 litreye kadar sistem suyunu ar\u0131tabilir. Maksimum koruma i\u00e7in \u00fcr\u00fcn konsantrasyon d\u00fczeyleri d\u00fczenli olarak kontrol edilmeli ve gerektik\u00e7e \u00fcr\u00fcn ilave edilmelidir.<\/p>\n<ul>\n<li>Kar\u0131\u015f\u0131k metaller i\u00e7eren HVAC ve hafif ticari merkezi \u0131s\u0131tma sistemlerini korozyona ve ta\u015f olu\u015fumuna kar\u015f\u0131 koruyarak kazan\u0131n ar\u0131zalanmas\u0131n\u0131 ve erken bozulmas\u0131n\u0131 \u00f6nler\n<\/li>\n<li>Organik, anodik ve katodik korozyon \u00f6nlemeden olu\u015fan benzersiz \u00fc\u00e7 inhibit\u00f6r form\u00fcl\u00fcyle maksimum etkinlik sa\u011flar\n<\/li>\n<li>Geli\u015fmi\u015f pH tamponu, sistem suyunun pH seviyesinin optimum pH aral\u0131\u011f\u0131nda (7 &#8211; 8.5) sabitlenmesini sa\u011flar\n<\/li>\n<li>Ba\u015flang\u0131\u00e7 pH seviyesinin y\u00fcksek olmas\u0131, tipik olarak HVAC sistemlerinde kullan\u0131lan \u00e7elik sistem bile\u015fenleri \u00fczerindeki performans\u0131 optimize ederken ayn\u0131 zamanda al\u00fcminyum bile\u015fenleri de korur\n<\/li>\n<li>Bak\u0131m maliyetinden tasarruf sa\u011flar, plans\u0131z sistem duru\u015fu riskini azalt\u0131r, enerji verimlili\u011finin s\u00fcrd\u00fcr\u00fclmesini sa\u011flar ve sistemin kullan\u0131m \u00f6mr\u00fcn\u00fc uzat\u0131r\n<\/li>\n<li>Y\u00fcksek performans, NSF CIAS (ABD ULUSAL B\u0130L\u0130M VAKFI), CIAS ve Belgaqua (Bel\u00e7ika \u0130\u00e7me Suyu ve At\u0131k Su Ar\u0131tma Hizmetleri Mesleki Federasyonu) onayl\u0131 toksik olmayan ve \u00e7evre dostu i\u00e7erik<br \/>\n<\/li>\n<\/ul>\n","protected":false},"excerpt":{"rendered":"<p>Protector F1, hafif ticari ve HVAC (Is\u0131tma, Havaland\u0131rma ve \u0130klimlendirme) \u0131s\u0131tma ve so\u011futma sistemlerini korozyon ve kire\u00e7 birikintisi olu\u015fumuna kar\u015f\u0131 korur. Bu \u00fcr\u00fcn ayr\u0131ca, kar\u0131\u015f\u0131k metaller i\u00e7eren sistemlerde korozyonun \u00f6nlenmesi i\u00e7in sistemdeki suyun optimum pH aral\u0131\u011f\u0131nda kalmas\u0131n\u0131 sa\u011flamaya yarayan pH tamponu i\u015flevini g\u00f6r\u00fcr. Protector F1, di\u011fer Fernox ticari \u00fcr\u00fcnleriyle uyumludur ve t\u00fcm materyaller ve \u0131s\u0131tma [&hellip;]<\/p>\n","protected":false},"featured_media":40053,"template":"","meta":{"_acf_changed":false},"product_brand":[],"product_cat":[213,175,176],"product_tag":[],"class_list":{"0":"post-39422","1":"product","2":"type-product","3":"status-publish","4":"has-post-thumbnail","6":"product_cat-commercial-rangechemistry","7":"product_cat-inhibitors-protectors","8":"product_cat-commercial-range","10":"first","11":"instock","12":"purchasable","13":"product-type-simple"},"acf":[],"_links":{"self":[{"href":"https:\/\/fernox.com\/tr\/wp-json\/wp\/v2\/product\/39422","targetHints":{"allow":["GET"]}}],"collection":[{"href":"https:\/\/fernox.com\/tr\/wp-json\/wp\/v2\/product"}],"about":[{"href":"https:\/\/fernox.com\/tr\/wp-json\/wp\/v2\/types\/product"}],"wp:featuredmedia":[{"embeddable":true,"href":"https:\/\/fernox.com\/tr\/wp-json\/wp\/v2\/media\/40053"}],"wp:attachment":[{"href":"https:\/\/fernox.com\/tr\/wp-json\/wp\/v2\/media?parent=39422"}],"wp:term":[{"taxonomy":"product_brand","embeddable":true,"href":"https:\/\/fernox.com\/tr\/wp-json\/wp\/v2\/product_brand?post=39422"},{"taxonomy":"product_cat","embeddable":true,"href":"https:\/\/fernox.com\/tr\/wp-json\/wp\/v2\/product_cat?post=39422"},{"taxonomy":"product_tag","embeddable":true,"href":"https:\/\/fernox.com\/tr\/wp-json\/wp\/v2\/product_tag?post=39422"}],"curies":[{"name":"wp","href":"https:\/\/api.w.org\/{rel}","templated":true}]}}