{"id":39420,"date":"2026-03-19T12:30:06","date_gmt":"2026-03-19T09:30:06","guid":{"rendered":"https:\/\/fernox.com\/tr\/product\/heat-transfer-fluid-hp-5c-10-litre\/"},"modified":"2026-03-19T12:30:17","modified_gmt":"2026-03-19T09:30:17","slug":"heat-transfer-fluid-hp-5c-10-litre","status":"publish","type":"product","link":"https:\/\/fernox.com\/tr\/product\/heat-transfer-fluid-hp-5c-10-litre\/","title":{"rendered":"Heat Transfer Fluid HP-5c 10 Litre"},"content":{"rendered":"<p>Toksik olmayan, konsantre Hava ve Toprak Kaynakl\u0131 Is\u0131 Pompalar\u0131 ve zeminden \u0131s\u0131tma sistemleri i\u00e7in \u0131s\u0131 transfer s\u0131v\u0131s\u0131 Bu \u00fcr\u00fcn, korozyona ve kirecin yan\u0131 s\u0131ra -4 ila -14\u00b0C aras\u0131 donmaya kar\u015f\u0131 koruma sa\u011flamak \u00fczere tasarlanm\u0131\u015ft\u0131r.<\/p>\n<ul>\n<li>Hava ve Yer Kaynakl\u0131 Is\u0131 Pompalar\u0131 ve yerden \u0131s\u0131tma sistemleri i\u00e7in uygun konsantre \u0131s\u0131 transfer s\u0131v\u0131s\u0131\n<\/li>\n<li>-4\u00b0C ile -14\u00b0C aras\u0131nda donma korumas\u0131 sa\u011flar.\n<\/li>\n<li>A\u015f\u0131nma ve kire\u00e7 tortusuna kar\u015f\u0131 koruma sa\u011flar\n<p><\/li>\n<\/ul>\n","protected":false},"excerpt":{"rendered":"<p>Toksik olmayan, konsantre Hava ve Toprak Kaynakl\u0131 Is\u0131 Pompalar\u0131 ve zeminden \u0131s\u0131tma sistemleri i\u00e7in \u0131s\u0131 transfer s\u0131v\u0131s\u0131 Bu \u00fcr\u00fcn, korozyona ve kirecin yan\u0131 s\u0131ra -4 ila -14\u00b0C aras\u0131 donmaya kar\u015f\u0131 koruma sa\u011flamak \u00fczere tasarlanm\u0131\u015ft\u0131r. Hava ve Yer Kaynakl\u0131 Is\u0131 Pompalar\u0131 ve yerden \u0131s\u0131tma sistemleri i\u00e7in uygun konsantre \u0131s\u0131 transfer s\u0131v\u0131s\u0131 -4\u00b0C ile -14\u00b0C aras\u0131nda donma [&hellip;]<\/p>\n","protected":false},"featured_media":39653,"template":"","meta":{"_acf_changed":false},"product_brand":[],"product_cat":[128,204],"product_tag":[],"class_list":{"0":"post-39420","1":"product","2":"type-product","3":"status-publish","4":"has-post-thumbnail","6":"product_cat-renewable-technologies","7":"product_cat-renewable-technologieschemistry","9":"first","10":"instock","11":"purchasable","12":"product-type-simple"},"acf":[],"yoast_head":"<!-- This site is optimized with the Yoast SEO plugin v27.3 - https:\/\/yoast.com\/product\/yoast-seo-wordpress\/ -->\n<title>Heat Transfer Fluid HP-5c 10 Litre - Fernox Turkey<\/title>\n<meta name=\"robots\" content=\"index, follow, max-snippet:-1, max-image-preview:large, max-video-preview:-1\" \/>\n<link rel=\"canonical\" href=\"https:\/\/fernox.com\/tr\/product\/heat-transfer-fluid-hp-5c-10-litre\/\" \/>\n<meta property=\"og:locale\" content=\"en_GB\" \/>\n<meta property=\"og:type\" content=\"article\" \/>\n<meta property=\"og:title\" content=\"Heat Transfer Fluid HP-5c 10 Litre - Fernox Turkey\" \/>\n<meta property=\"og:description\" content=\"Toksik olmayan, konsantre Hava ve Toprak Kaynakl\u0131 Is\u0131 Pompalar\u0131 ve zeminden \u0131s\u0131tma sistemleri i\u00e7in \u0131s\u0131 transfer s\u0131v\u0131s\u0131 Bu \u00fcr\u00fcn, korozyona ve kirecin yan\u0131 s\u0131ra -4 ila -14\u00b0C aras\u0131 donmaya kar\u015f\u0131 koruma sa\u011flamak \u00fczere tasarlanm\u0131\u015ft\u0131r. Hava ve Yer Kaynakl\u0131 Is\u0131 Pompalar\u0131 ve yerden \u0131s\u0131tma sistemleri i\u00e7in uygun konsantre \u0131s\u0131 transfer s\u0131v\u0131s\u0131 -4\u00b0C ile -14\u00b0C aras\u0131nda donma [&hellip;]\" \/>\n<meta property=\"og:url\" content=\"https:\/\/fernox.com\/tr\/product\/heat-transfer-fluid-hp-5c-10-litre\/\" \/>\n<meta property=\"og:site_name\" content=\"Fernox Turkey\" \/>\n<meta property=\"article:modified_time\" content=\"2026-03-19T09:30:17+00:00\" \/>\n<meta property=\"og:image\" content=\"https:\/\/fernox.com\/tr\/wp-content\/uploads\/sites\/24\/2026\/03\/62543-1LRS.jpg\" \/>\n\t<meta property=\"og:image:width\" content=\"600\" \/>\n\t<meta property=\"og:image:height\" content=\"600\" \/>\n\t<meta property=\"og:image:type\" content=\"image\/jpeg\" \/>\n<meta name=\"twitter:card\" content=\"summary_large_image\" \/>\n<script type=\"application\/ld+json\" class=\"yoast-schema-graph\">{\"@context\":\"https:\\\/\\\/schema.org\",\"@graph\":[{\"@type\":\"WebPage\",\"@id\":\"https:\\\/\\\/fernox.com\\\/tr\\\/product\\\/heat-transfer-fluid-hp-5c-10-litre\\\/\",\"url\":\"https:\\\/\\\/fernox.com\\\/tr\\\/product\\\/heat-transfer-fluid-hp-5c-10-litre\\\/\",\"name\":\"Heat Transfer Fluid HP-5c 10 Litre - Fernox Turkey\",\"isPartOf\":{\"@id\":\"https:\\\/\\\/fernox.com\\\/tr\\\/#website\"},\"primaryImageOfPage\":{\"@id\":\"https:\\\/\\\/fernox.com\\\/tr\\\/product\\\/heat-transfer-fluid-hp-5c-10-litre\\\/#primaryimage\"},\"image\":{\"@id\":\"https:\\\/\\\/fernox.com\\\/tr\\\/product\\\/heat-transfer-fluid-hp-5c-10-litre\\\/#primaryimage\"},\"thumbnailUrl\":\"https:\\\/\\\/fernox.com\\\/tr\\\/wp-content\\\/uploads\\\/sites\\\/24\\\/2026\\\/03\\\/62543-1LRS.jpg\",\"datePublished\":\"2026-03-19T09:30:06+00:00\",\"dateModified\":\"2026-03-19T09:30:17+00:00\",\"breadcrumb\":{\"@id\":\"https:\\\/\\\/fernox.com\\\/tr\\\/product\\\/heat-transfer-fluid-hp-5c-10-litre\\\/#breadcrumb\"},\"inLanguage\":\"en-GB\",\"potentialAction\":[{\"@type\":\"ReadAction\",\"target\":[\"https:\\\/\\\/fernox.com\\\/tr\\\/product\\\/heat-transfer-fluid-hp-5c-10-litre\\\/\"]}]},{\"@type\":\"ImageObject\",\"inLanguage\":\"en-GB\",\"@id\":\"https:\\\/\\\/fernox.com\\\/tr\\\/product\\\/heat-transfer-fluid-hp-5c-10-litre\\\/#primaryimage\",\"url\":\"https:\\\/\\\/fernox.com\\\/tr\\\/wp-content\\\/uploads\\\/sites\\\/24\\\/2026\\\/03\\\/62543-1LRS.jpg\",\"contentUrl\":\"https:\\\/\\\/fernox.com\\\/tr\\\/wp-content\\\/uploads\\\/sites\\\/24\\\/2026\\\/03\\\/62543-1LRS.jpg\",\"width\":600,\"height\":600},{\"@type\":\"BreadcrumbList\",\"@id\":\"https:\\\/\\\/fernox.com\\\/tr\\\/product\\\/heat-transfer-fluid-hp-5c-10-litre\\\/#breadcrumb\",\"itemListElement\":[{\"@type\":\"ListItem\",\"position\":1,\"name\":\"Home\",\"item\":\"https:\\\/\\\/fernox.com\\\/tr\\\/\"},{\"@type\":\"ListItem\",\"position\":2,\"name\":\"Products\",\"item\":\"https:\\\/\\\/fernox.com\\\/tr\\\/shop\\\/\"},{\"@type\":\"ListItem\",\"position\":3,\"name\":\"Heat Transfer Fluid HP-5c 10 Litre\"}]},{\"@type\":\"WebSite\",\"@id\":\"https:\\\/\\\/fernox.com\\\/tr\\\/#website\",\"url\":\"https:\\\/\\\/fernox.com\\\/tr\\\/\",\"name\":\"Fernox Turkey\",\"description\":\"\",\"publisher\":{\"@id\":\"https:\\\/\\\/fernox.com\\\/tr\\\/#organization\"},\"potentialAction\":[{\"@type\":\"SearchAction\",\"target\":{\"@type\":\"EntryPoint\",\"urlTemplate\":\"https:\\\/\\\/fernox.com\\\/tr\\\/?s={search_term_string}\"},\"query-input\":{\"@type\":\"PropertyValueSpecification\",\"valueRequired\":true,\"valueName\":\"search_term_string\"}}],\"inLanguage\":\"en-GB\"},{\"@type\":\"Organization\",\"@id\":\"https:\\\/\\\/fernox.com\\\/tr\\\/#organization\",\"name\":\"Fernox Turkey\",\"url\":\"https:\\\/\\\/fernox.com\\\/tr\\\/\",\"logo\":{\"@type\":\"ImageObject\",\"inLanguage\":\"en-GB\",\"@id\":\"https:\\\/\\\/fernox.com\\\/tr\\\/#\\\/schema\\\/logo\\\/image\\\/\",\"url\":\"https:\\\/\\\/fernox.com\\\/tr\\\/wp-content\\\/uploads\\\/sites\\\/24\\\/2020\\\/11\\\/cropped-fernox-Logo-transparent.png\",\"contentUrl\":\"https:\\\/\\\/fernox.com\\\/tr\\\/wp-content\\\/uploads\\\/sites\\\/24\\\/2020\\\/11\\\/cropped-fernox-Logo-transparent.png\",\"width\":664,\"height\":150,\"caption\":\"Fernox Turkey\"},\"image\":{\"@id\":\"https:\\\/\\\/fernox.com\\\/tr\\\/#\\\/schema\\\/logo\\\/image\\\/\"}}]}<\/script>\n<!-- \/ Yoast SEO plugin. -->","yoast_head_json":{"title":"Heat Transfer Fluid HP-5c 10 Litre - Fernox Turkey","robots":{"index":"index","follow":"follow","max-snippet":"max-snippet:-1","max-image-preview":"max-image-preview:large","max-video-preview":"max-video-preview:-1"},"canonical":"https:\/\/fernox.com\/tr\/product\/heat-transfer-fluid-hp-5c-10-litre\/","og_locale":"en_GB","og_type":"article","og_title":"Heat Transfer Fluid HP-5c 10 Litre - Fernox Turkey","og_description":"Toksik olmayan, konsantre Hava ve Toprak Kaynakl\u0131 Is\u0131 Pompalar\u0131 ve zeminden \u0131s\u0131tma sistemleri i\u00e7in \u0131s\u0131 transfer s\u0131v\u0131s\u0131 Bu \u00fcr\u00fcn, korozyona ve kirecin yan\u0131 s\u0131ra -4 ila -14\u00b0C aras\u0131 donmaya kar\u015f\u0131 koruma sa\u011flamak \u00fczere tasarlanm\u0131\u015ft\u0131r. Hava ve Yer Kaynakl\u0131 Is\u0131 Pompalar\u0131 ve yerden \u0131s\u0131tma sistemleri i\u00e7in uygun konsantre \u0131s\u0131 transfer s\u0131v\u0131s\u0131 -4\u00b0C ile -14\u00b0C aras\u0131nda donma [&hellip;]","og_url":"https:\/\/fernox.com\/tr\/product\/heat-transfer-fluid-hp-5c-10-litre\/","og_site_name":"Fernox Turkey","article_modified_time":"2026-03-19T09:30:17+00:00","og_image":[{"width":600,"height":600,"url":"https:\/\/fernox.com\/tr\/wp-content\/uploads\/sites\/24\/2026\/03\/62543-1LRS.jpg","type":"image\/jpeg"}],"twitter_card":"summary_large_image","schema":{"@context":"https:\/\/schema.org","@graph":[{"@type":"WebPage","@id":"https:\/\/fernox.com\/tr\/product\/heat-transfer-fluid-hp-5c-10-litre\/","url":"https:\/\/fernox.com\/tr\/product\/heat-transfer-fluid-hp-5c-10-litre\/","name":"Heat Transfer Fluid HP-5c 10 Litre - Fernox Turkey","isPartOf":{"@id":"https:\/\/fernox.com\/tr\/#website"},"primaryImageOfPage":{"@id":"https:\/\/fernox.com\/tr\/product\/heat-transfer-fluid-hp-5c-10-litre\/#primaryimage"},"image":{"@id":"https:\/\/fernox.com\/tr\/product\/heat-transfer-fluid-hp-5c-10-litre\/#primaryimage"},"thumbnailUrl":"https:\/\/fernox.com\/tr\/wp-content\/uploads\/sites\/24\/2026\/03\/62543-1LRS.jpg","datePublished":"2026-03-19T09:30:06+00:00","dateModified":"2026-03-19T09:30:17+00:00","breadcrumb":{"@id":"https:\/\/fernox.com\/tr\/product\/heat-transfer-fluid-hp-5c-10-litre\/#breadcrumb"},"inLanguage":"en-GB","potentialAction":[{"@type":"ReadAction","target":["https:\/\/fernox.com\/tr\/product\/heat-transfer-fluid-hp-5c-10-litre\/"]}]},{"@type":"ImageObject","inLanguage":"en-GB","@id":"https:\/\/fernox.com\/tr\/product\/heat-transfer-fluid-hp-5c-10-litre\/#primaryimage","url":"https:\/\/fernox.com\/tr\/wp-content\/uploads\/sites\/24\/2026\/03\/62543-1LRS.jpg","contentUrl":"https:\/\/fernox.com\/tr\/wp-content\/uploads\/sites\/24\/2026\/03\/62543-1LRS.jpg","width":600,"height":600},{"@type":"BreadcrumbList","@id":"https:\/\/fernox.com\/tr\/product\/heat-transfer-fluid-hp-5c-10-litre\/#breadcrumb","itemListElement":[{"@type":"ListItem","position":1,"name":"Home","item":"https:\/\/fernox.com\/tr\/"},{"@type":"ListItem","position":2,"name":"Products","item":"https:\/\/fernox.com\/tr\/shop\/"},{"@type":"ListItem","position":3,"name":"Heat Transfer Fluid HP-5c 10 Litre"}]},{"@type":"WebSite","@id":"https:\/\/fernox.com\/tr\/#website","url":"https:\/\/fernox.com\/tr\/","name":"Fernox Turkey","description":"","publisher":{"@id":"https:\/\/fernox.com\/tr\/#organization"},"potentialAction":[{"@type":"SearchAction","target":{"@type":"EntryPoint","urlTemplate":"https:\/\/fernox.com\/tr\/?s={search_term_string}"},"query-input":{"@type":"PropertyValueSpecification","valueRequired":true,"valueName":"search_term_string"}}],"inLanguage":"en-GB"},{"@type":"Organization","@id":"https:\/\/fernox.com\/tr\/#organization","name":"Fernox Turkey","url":"https:\/\/fernox.com\/tr\/","logo":{"@type":"ImageObject","inLanguage":"en-GB","@id":"https:\/\/fernox.com\/tr\/#\/schema\/logo\/image\/","url":"https:\/\/fernox.com\/tr\/wp-content\/uploads\/sites\/24\/2020\/11\/cropped-fernox-Logo-transparent.png","contentUrl":"https:\/\/fernox.com\/tr\/wp-content\/uploads\/sites\/24\/2020\/11\/cropped-fernox-Logo-transparent.png","width":664,"height":150,"caption":"Fernox Turkey"},"image":{"@id":"https:\/\/fernox.com\/tr\/#\/schema\/logo\/image\/"}}]}},"_links":{"self":[{"href":"https:\/\/fernox.com\/tr\/wp-json\/wp\/v2\/product\/39420","targetHints":{"allow":["GET"]}}],"collection":[{"href":"https:\/\/fernox.com\/tr\/wp-json\/wp\/v2\/product"}],"about":[{"href":"https:\/\/fernox.com\/tr\/wp-json\/wp\/v2\/types\/product"}],"wp:featuredmedia":[{"embeddable":true,"href":"https:\/\/fernox.com\/tr\/wp-json\/wp\/v2\/media\/39653"}],"wp:attachment":[{"href":"https:\/\/fernox.com\/tr\/wp-json\/wp\/v2\/media?parent=39420"}],"wp:term":[{"taxonomy":"product_brand","embeddable":true,"href":"https:\/\/fernox.com\/tr\/wp-json\/wp\/v2\/product_brand?post=39420"},{"taxonomy":"product_cat","embeddable":true,"href":"https:\/\/fernox.com\/tr\/wp-json\/wp\/v2\/product_cat?post=39420"},{"taxonomy":"product_tag","embeddable":true,"href":"https:\/\/fernox.com\/tr\/wp-json\/wp\/v2\/product_tag?post=39420"}],"curies":[{"name":"wp","href":"https:\/\/api.w.org\/{rel}","templated":true}]}}