{"id":39412,"date":"2026-04-27T02:31:12","date_gmt":"2026-04-26T23:31:12","guid":{"rendered":"https:\/\/fernox.com\/tr\/product\/heat-transfer-fluid-hp-15-20-litre\/"},"modified":"2026-04-27T02:31:14","modified_gmt":"2026-04-26T23:31:14","slug":"heat-transfer-fluid-hp-15-20-litre","status":"publish","type":"product","link":"https:\/\/fernox.com\/tr\/product\/heat-transfer-fluid-hp-15-20-litre\/","title":{"rendered":"Heat Transfer Fluid HP-15 20 Litre"},"content":{"rendered":"<p>Toksik olmayan, kullan\u0131ma haz\u0131r Hava ve Toprak Kaynakl\u0131 Is\u0131 Pompalar\u0131 i\u00e7in \u0131s\u0131 transfer s\u0131v\u0131s\u0131 inhibe edildi. Bu \u00fcr\u00fcn, -15\u00b0C&#8217;ye kadar donmaya kar\u015f\u0131 koruman\u0131n yan\u0131 s\u0131ra korozyon ve kire\u00e7lenmeye kar\u015f\u0131 koruma sa\u011flamak \u00fczere tasarlanm\u0131\u015ft\u0131r.<\/p>\n<ul>\n<li>Hava ve Yer Kaynakl\u0131 Is\u0131 Pompalar\u0131 i\u00e7in kullan\u0131ma haz\u0131r \u0131s\u0131 transfer s\u0131v\u0131s\u0131\n<\/li>\n<li>-15\u00b0C&#8217;ye kadar donma korumas\u0131 sa\u011flar.\n<\/li>\n<li>A\u015f\u0131nma ve kire\u00e7 tortusuna kar\u015f\u0131 koruma sa\u011flar\n<p><\/li>\n<\/ul>\n","protected":false},"excerpt":{"rendered":"<p>Toksik olmayan, kullan\u0131ma haz\u0131r Hava ve Toprak Kaynakl\u0131 Is\u0131 Pompalar\u0131 i\u00e7in \u0131s\u0131 transfer s\u0131v\u0131s\u0131 inhibe edildi. Bu \u00fcr\u00fcn, -15\u00b0C&#8217;ye kadar donmaya kar\u015f\u0131 koruman\u0131n yan\u0131 s\u0131ra korozyon ve kire\u00e7lenmeye kar\u015f\u0131 koruma sa\u011flamak \u00fczere tasarlanm\u0131\u015ft\u0131r. Hava ve Yer Kaynakl\u0131 Is\u0131 Pompalar\u0131 i\u00e7in kullan\u0131ma haz\u0131r \u0131s\u0131 transfer s\u0131v\u0131s\u0131 -15\u00b0C&#8217;ye kadar donma korumas\u0131 sa\u011flar. A\u015f\u0131nma ve kire\u00e7 tortusuna kar\u015f\u0131 [&hellip;]<\/p>\n","protected":false},"featured_media":40048,"template":"","meta":{"_acf_changed":false},"product_brand":[],"product_cat":[128,204],"product_tag":[],"class_list":{"0":"post-39412","1":"product","2":"type-product","3":"status-publish","4":"has-post-thumbnail","6":"product_cat-renewable-technologies","7":"product_cat-renewable-technologieschemistry","9":"first","10":"instock","11":"purchasable","12":"product-type-simple"},"acf":[],"_links":{"self":[{"href":"https:\/\/fernox.com\/tr\/wp-json\/wp\/v2\/product\/39412","targetHints":{"allow":["GET"]}}],"collection":[{"href":"https:\/\/fernox.com\/tr\/wp-json\/wp\/v2\/product"}],"about":[{"href":"https:\/\/fernox.com\/tr\/wp-json\/wp\/v2\/types\/product"}],"wp:featuredmedia":[{"embeddable":true,"href":"https:\/\/fernox.com\/tr\/wp-json\/wp\/v2\/media\/40048"}],"wp:attachment":[{"href":"https:\/\/fernox.com\/tr\/wp-json\/wp\/v2\/media?parent=39412"}],"wp:term":[{"taxonomy":"product_brand","embeddable":true,"href":"https:\/\/fernox.com\/tr\/wp-json\/wp\/v2\/product_brand?post=39412"},{"taxonomy":"product_cat","embeddable":true,"href":"https:\/\/fernox.com\/tr\/wp-json\/wp\/v2\/product_cat?post=39412"},{"taxonomy":"product_tag","embeddable":true,"href":"https:\/\/fernox.com\/tr\/wp-json\/wp\/v2\/product_tag?post=39412"}],"curies":[{"name":"wp","href":"https:\/\/api.w.org\/{rel}","templated":true}]}}