{"id":39400,"date":"2026-04-27T02:31:07","date_gmt":"2026-04-26T23:31:07","guid":{"rendered":"https:\/\/fernox.com\/tr\/product\/leak-sealer-f4-500ml\/"},"modified":"2026-04-27T02:31:08","modified_gmt":"2026-04-26T23:31:08","slug":"leak-sealer-f4-500ml","status":"publish","type":"product","link":"https:\/\/fernox.com\/tr\/product\/leak-sealer-f4-500ml\/","title":{"rendered":"Leak Sealer F4 500ml"},"content":{"rendered":"<p>Leak Sealer F4, bas\u0131n\u00e7 kayb\u0131na ve kazan\u0131n bozulmas\u0131na neden olabilecek k\u00fc\u00e7\u00fck, eri\u015filemeyen s\u0131z\u0131nt\u0131lar\u0131 gidermek i\u00e7in merkezi \u0131s\u0131tma sisteminde kullan\u0131labilecek \u015fekilde geli\u015ftirilmi\u015f i\u00e7 s\u0131z\u0131nt\u0131lar\u0131 gideren bir \u00fcr\u00fcnd\u00fcr. Sistem i\u00e7ine d\u00f6k\u00fcld\u00fckten sonra \u00fcr\u00fcn, oksijen ka\u00e7a\u011f\u0131 olan b\u00f6lgeyi tespit eder ve buray\u0131 kapatmak i\u00e7in polimer olu\u015fturur. Uyguland\u0131ktan sonra 1-24 saat i\u00e7erisinde etkili olan sekt\u00f6r\u00fcn \u00f6nc\u00fcs\u00fc konumundaki su temizletme kimyasal\u0131n\u0131n benzersiz s\u0131zd\u0131rmazl\u0131k etkinli\u011finin, kazan veya pompalar ve g\u00fcvenlik cihazlar\u0131 gibi savunmas\u0131z sistem bile\u015fenlerinde t\u0131kanmalar\u0131 veya daralmalar\u0131 \u00f6nledi\u011fi kan\u0131tlanm\u0131\u015ft\u0131r. Sistemin tamamen bo\u015falt\u0131lmas\u0131na gerek kalmadan s\u0131z\u0131nt\u0131 h\u0131zl\u0131 ve verimli bir \u015fekilde kapat\u0131labilir.<\/p>\n<ul>\n<li>Kapal\u0131 sistemlerde bas\u0131n\u00e7 kayb\u0131n\u0131 azaltmak i\u00e7in idealdir\n<\/li>\n<li>Eri\u015filemeyen, i\u00e7 mikroskobik s\u0131z\u0131nt\u0131lar\u0131 h\u0131zla tespit eder ve m\u00fch\u00fcrler\n<\/li>\n<li>Bo\u015falt\u0131rken ve bak\u0131mda zaman ve para tasarrufu sa\u011flar\n<\/li>\n<li>G\u00fcvenli kullan\u0131m &#8211; borularda veya pompalar, havaland\u0131rma delikleri ve \u0131s\u0131 e\u015fanj\u00f6rleri gibi hassas kazan bile\u015fenlerinde t\u0131kanmalara neden olmaz\n<\/li>\n<li>Sistemde kal\u0131c\u0131d\u0131r &#8211; al\u00fcminyum dahil t\u00fcm metal ve malzemelerle uyumludur\n<\/li>\n<li>500 ml&#8217;lik geri d\u00f6n\u00fc\u015f\u00fcml\u00fc \u015fi\u015fedeki \u00fcr\u00fcn, 130 litreye kadar sistem suyunu (16 radyat\u00f6r) ve 250 m2&#8217;ye varan yerden \u0131s\u0131tma sistemlerini temizler.<br \/>\n<\/li>\n<\/ul>\n","protected":false},"excerpt":{"rendered":"<p>Leak Sealer F4, bas\u0131n\u00e7 kayb\u0131na ve kazan\u0131n bozulmas\u0131na neden olabilecek k\u00fc\u00e7\u00fck, eri\u015filemeyen s\u0131z\u0131nt\u0131lar\u0131 gidermek i\u00e7in merkezi \u0131s\u0131tma sisteminde kullan\u0131labilecek \u015fekilde geli\u015ftirilmi\u015f i\u00e7 s\u0131z\u0131nt\u0131lar\u0131 gideren bir \u00fcr\u00fcnd\u00fcr. Sistem i\u00e7ine d\u00f6k\u00fcld\u00fckten sonra \u00fcr\u00fcn, oksijen ka\u00e7a\u011f\u0131 olan b\u00f6lgeyi tespit eder ve buray\u0131 kapatmak i\u00e7in polimer olu\u015fturur. Uyguland\u0131ktan sonra 1-24 saat i\u00e7erisinde etkili olan sekt\u00f6r\u00fcn \u00f6nc\u00fcs\u00fc konumundaki su temizletme [&hellip;]<\/p>\n","protected":false},"featured_media":40037,"template":"","meta":{"_acf_changed":false},"product_brand":[],"product_cat":[177],"product_tag":[],"class_list":{"0":"post-39400","1":"product","2":"type-product","3":"status-publish","4":"has-post-thumbnail","6":"product_cat-leak-sealers","8":"first","9":"instock","10":"purchasable","11":"product-type-simple"},"acf":[],"_links":{"self":[{"href":"https:\/\/fernox.com\/tr\/wp-json\/wp\/v2\/product\/39400","targetHints":{"allow":["GET"]}}],"collection":[{"href":"https:\/\/fernox.com\/tr\/wp-json\/wp\/v2\/product"}],"about":[{"href":"https:\/\/fernox.com\/tr\/wp-json\/wp\/v2\/types\/product"}],"wp:featuredmedia":[{"embeddable":true,"href":"https:\/\/fernox.com\/tr\/wp-json\/wp\/v2\/media\/40037"}],"wp:attachment":[{"href":"https:\/\/fernox.com\/tr\/wp-json\/wp\/v2\/media?parent=39400"}],"wp:term":[{"taxonomy":"product_brand","embeddable":true,"href":"https:\/\/fernox.com\/tr\/wp-json\/wp\/v2\/product_brand?post=39400"},{"taxonomy":"product_cat","embeddable":true,"href":"https:\/\/fernox.com\/tr\/wp-json\/wp\/v2\/product_cat?post=39400"},{"taxonomy":"product_tag","embeddable":true,"href":"https:\/\/fernox.com\/tr\/wp-json\/wp\/v2\/product_tag?post=39400"}],"curies":[{"name":"wp","href":"https:\/\/api.w.org\/{rel}","templated":true}]}}