{"id":39398,"date":"2026-03-19T12:29:48","date_gmt":"2026-03-19T09:29:48","guid":{"rendered":"https:\/\/fernox.com\/tr\/product\/cleaner-f3-500ml\/"},"modified":"2026-03-19T12:29:51","modified_gmt":"2026-03-19T09:29:51","slug":"cleaner-f3-500ml","status":"publish","type":"product","link":"https:\/\/fernox.com\/tr\/product\/cleaner-f3-500ml\/","title":{"rendered":"Cleaner F3 500ml"},"content":{"rendered":"<p>Cleaner F3, \u0131s\u0131tma verimlili\u011fini ilk g\u00fcnk\u00fc haline getirmek ve kazan g\u00fcr\u00fclt\u00fcs\u00fcnden kurtulmak i\u00e7in mevcut merkezi \u0131s\u0131tma sistemlerindeki \u00e7amur, kire\u00e7 ve d\u00f6k\u00fcnt\u00fclerden ar\u0131nd\u0131ran etkili, evrensel pH n\u00f6tr, k\u00f6p\u00fcrmeyen s\u0131v\u0131 temizleyicidir. Yerel d\u00fczenleme ve en iyi uygulamalara uygun yeni \u0131s\u0131tma sistemleri kullanmaya ba\u015flarken, Cleaner F3 kazan \u00f6mr\u00fcn\u00fc ve sistem verimlili\u011fini uzatmaya yard\u0131mc\u0131 olmak i\u00e7in eritken art\u0131klar\u0131 ve di\u011fer kurulum kal\u0131nt\u0131lar\u0131n\u0131 gidermek i\u00e7in idealdir. Temizleme i\u015flemini h\u0131zland\u0131rmak i\u00e7in petek temizleme makinesi ile kullan\u0131ma uygundur. Al\u00fcminyum dahil \u0131s\u0131tma sistemlerinde yayg\u0131n olarak kullan\u0131lan t\u00fcm metallerle uyumlu, tehlikesiz bir \u00fcr\u00fcnd\u00fcr.<\/p>\n<ul>\n<li>Yeni ve mevcut \u0131s\u0131tma sistemlerini kullanmaya ba\u015flamak i\u00e7in etkili, evrensel temizleyici\n<\/li>\n<li>Enerji verimlili\u011fini ilk g\u00fcnk\u00fc haline getirmek ve sistem ile kazan \u00f6mr\u00fcn\u00fc uzatmak i\u00e7in \u00e7amur, kire\u00e7 ve di\u011fer kurulum kal\u0131nt\u0131lar\u0131ndan ar\u0131nd\u0131r\u0131r\n<\/li>\n<li>Protector F1 ile birlikte kullan\u0131ld\u0131\u011f\u0131nda odan\u0131z\u0131 her \u0131s\u0131tman\u0131zda %15&#8217;e varan enerji tasarrufu sa\u011flayabilir\n<\/li>\n<li>Al\u00fcminyum dahil \u0131s\u0131tma sistemlerinde yayg\u0131n olarak kullan\u0131lan t\u00fcm metallerle uyumludur\n<\/li>\n<li>500 ml&#8217;lik geri d\u00f6n\u00fc\u015f\u00fcml\u00fc \u015fi\u015fedeki \u00fcr\u00fcn, 130 litreye kadar sistem suyunu (16 radyat\u00f6r) ve 250 m2&#8217;ye varan yerden \u0131s\u0131tma sistemlerini temizler.\n<\/li>\n<li>Sistemden temizlenmesi h\u0131zl\u0131 ve kolay pH N\u00f6tr, tehlikeli olmayan, k\u00f6p\u00fcrmeyen form\u00fclasyon &#8211; alanda zaman tasarrufu<br \/>\n<\/li>\n<\/ul>\n","protected":false},"excerpt":{"rendered":"<p>Cleaner F3, \u0131s\u0131tma verimlili\u011fini ilk g\u00fcnk\u00fc haline getirmek ve kazan g\u00fcr\u00fclt\u00fcs\u00fcnden kurtulmak i\u00e7in mevcut merkezi \u0131s\u0131tma sistemlerindeki \u00e7amur, kire\u00e7 ve d\u00f6k\u00fcnt\u00fclerden ar\u0131nd\u0131ran etkili, evrensel pH n\u00f6tr, k\u00f6p\u00fcrmeyen s\u0131v\u0131 temizleyicidir. Yerel d\u00fczenleme ve en iyi uygulamalara uygun yeni \u0131s\u0131tma sistemleri kullanmaya ba\u015flarken, Cleaner F3 kazan \u00f6mr\u00fcn\u00fc ve sistem verimlili\u011fini uzatmaya yard\u0131mc\u0131 olmak i\u00e7in eritken art\u0131klar\u0131 ve [&hellip;]<\/p>\n","protected":false},"featured_media":39637,"template":"","meta":{"_acf_changed":false},"product_brand":[],"product_cat":[178],"product_tag":[],"class_list":{"0":"post-39398","1":"product","2":"type-product","3":"status-publish","4":"has-post-thumbnail","6":"product_cat-cleaners","8":"first","9":"instock","10":"featured","11":"purchasable","12":"product-type-simple"},"acf":[],"yoast_head":"<!-- This site is optimized with the Yoast SEO plugin v27.3 - https:\/\/yoast.com\/product\/yoast-seo-wordpress\/ -->\n<title>Cleaner F3 500ml - Fernox Turkey<\/title>\n<meta name=\"robots\" content=\"index, follow, max-snippet:-1, max-image-preview:large, max-video-preview:-1\" \/>\n<link rel=\"canonical\" href=\"https:\/\/fernox.com\/tr\/product\/cleaner-f3-500ml\/\" \/>\n<meta property=\"og:locale\" content=\"en_GB\" \/>\n<meta property=\"og:type\" content=\"article\" \/>\n<meta property=\"og:title\" content=\"Cleaner F3 500ml - Fernox Turkey\" \/>\n<meta property=\"og:description\" content=\"Cleaner F3, \u0131s\u0131tma verimlili\u011fini ilk g\u00fcnk\u00fc haline getirmek ve kazan g\u00fcr\u00fclt\u00fcs\u00fcnden kurtulmak i\u00e7in mevcut merkezi \u0131s\u0131tma sistemlerindeki \u00e7amur, kire\u00e7 ve d\u00f6k\u00fcnt\u00fclerden ar\u0131nd\u0131ran etkili, evrensel pH n\u00f6tr, k\u00f6p\u00fcrmeyen s\u0131v\u0131 temizleyicidir. Yerel d\u00fczenleme ve en iyi uygulamalara uygun yeni \u0131s\u0131tma sistemleri kullanmaya ba\u015flarken, Cleaner F3 kazan \u00f6mr\u00fcn\u00fc ve sistem verimlili\u011fini uzatmaya yard\u0131mc\u0131 olmak i\u00e7in eritken art\u0131klar\u0131 ve [&hellip;]\" \/>\n<meta property=\"og:url\" content=\"https:\/\/fernox.com\/tr\/product\/cleaner-f3-500ml\/\" \/>\n<meta property=\"og:site_name\" content=\"Fernox Turkey\" \/>\n<meta property=\"article:modified_time\" content=\"2026-03-19T09:29:51+00:00\" \/>\n<meta property=\"og:image\" content=\"https:\/\/fernox.com\/tr\/wp-content\/uploads\/sites\/24\/2026\/03\/57790-1LRS.jpg\" \/>\n\t<meta property=\"og:image:width\" content=\"600\" \/>\n\t<meta property=\"og:image:height\" content=\"600\" \/>\n\t<meta property=\"og:image:type\" content=\"image\/jpeg\" \/>\n<meta name=\"twitter:card\" content=\"summary_large_image\" \/>\n<meta name=\"twitter:label1\" content=\"Estimated reading time\" \/>\n\t<meta name=\"twitter:data1\" content=\"1 minute\" \/>\n<script type=\"application\/ld+json\" class=\"yoast-schema-graph\">{\"@context\":\"https:\\\/\\\/schema.org\",\"@graph\":[{\"@type\":\"WebPage\",\"@id\":\"https:\\\/\\\/fernox.com\\\/tr\\\/product\\\/cleaner-f3-500ml\\\/\",\"url\":\"https:\\\/\\\/fernox.com\\\/tr\\\/product\\\/cleaner-f3-500ml\\\/\",\"name\":\"Cleaner F3 500ml - Fernox Turkey\",\"isPartOf\":{\"@id\":\"https:\\\/\\\/fernox.com\\\/tr\\\/#website\"},\"primaryImageOfPage\":{\"@id\":\"https:\\\/\\\/fernox.com\\\/tr\\\/product\\\/cleaner-f3-500ml\\\/#primaryimage\"},\"image\":{\"@id\":\"https:\\\/\\\/fernox.com\\\/tr\\\/product\\\/cleaner-f3-500ml\\\/#primaryimage\"},\"thumbnailUrl\":\"https:\\\/\\\/fernox.com\\\/tr\\\/wp-content\\\/uploads\\\/sites\\\/24\\\/2026\\\/03\\\/57790-1LRS.jpg\",\"datePublished\":\"2026-03-19T09:29:48+00:00\",\"dateModified\":\"2026-03-19T09:29:51+00:00\",\"breadcrumb\":{\"@id\":\"https:\\\/\\\/fernox.com\\\/tr\\\/product\\\/cleaner-f3-500ml\\\/#breadcrumb\"},\"inLanguage\":\"en-GB\",\"potentialAction\":[{\"@type\":\"ReadAction\",\"target\":[\"https:\\\/\\\/fernox.com\\\/tr\\\/product\\\/cleaner-f3-500ml\\\/\"]}]},{\"@type\":\"ImageObject\",\"inLanguage\":\"en-GB\",\"@id\":\"https:\\\/\\\/fernox.com\\\/tr\\\/product\\\/cleaner-f3-500ml\\\/#primaryimage\",\"url\":\"https:\\\/\\\/fernox.com\\\/tr\\\/wp-content\\\/uploads\\\/sites\\\/24\\\/2026\\\/03\\\/57790-1LRS.jpg\",\"contentUrl\":\"https:\\\/\\\/fernox.com\\\/tr\\\/wp-content\\\/uploads\\\/sites\\\/24\\\/2026\\\/03\\\/57790-1LRS.jpg\",\"width\":600,\"height\":600},{\"@type\":\"BreadcrumbList\",\"@id\":\"https:\\\/\\\/fernox.com\\\/tr\\\/product\\\/cleaner-f3-500ml\\\/#breadcrumb\",\"itemListElement\":[{\"@type\":\"ListItem\",\"position\":1,\"name\":\"Home\",\"item\":\"https:\\\/\\\/fernox.com\\\/tr\\\/\"},{\"@type\":\"ListItem\",\"position\":2,\"name\":\"Products\",\"item\":\"https:\\\/\\\/fernox.com\\\/tr\\\/shop\\\/\"},{\"@type\":\"ListItem\",\"position\":3,\"name\":\"Cleaner F3 500ml\"}]},{\"@type\":\"WebSite\",\"@id\":\"https:\\\/\\\/fernox.com\\\/tr\\\/#website\",\"url\":\"https:\\\/\\\/fernox.com\\\/tr\\\/\",\"name\":\"Fernox Turkey\",\"description\":\"\",\"publisher\":{\"@id\":\"https:\\\/\\\/fernox.com\\\/tr\\\/#organization\"},\"potentialAction\":[{\"@type\":\"SearchAction\",\"target\":{\"@type\":\"EntryPoint\",\"urlTemplate\":\"https:\\\/\\\/fernox.com\\\/tr\\\/?s={search_term_string}\"},\"query-input\":{\"@type\":\"PropertyValueSpecification\",\"valueRequired\":true,\"valueName\":\"search_term_string\"}}],\"inLanguage\":\"en-GB\"},{\"@type\":\"Organization\",\"@id\":\"https:\\\/\\\/fernox.com\\\/tr\\\/#organization\",\"name\":\"Fernox Turkey\",\"url\":\"https:\\\/\\\/fernox.com\\\/tr\\\/\",\"logo\":{\"@type\":\"ImageObject\",\"inLanguage\":\"en-GB\",\"@id\":\"https:\\\/\\\/fernox.com\\\/tr\\\/#\\\/schema\\\/logo\\\/image\\\/\",\"url\":\"https:\\\/\\\/fernox.com\\\/tr\\\/wp-content\\\/uploads\\\/sites\\\/24\\\/2020\\\/11\\\/cropped-fernox-Logo-transparent.png\",\"contentUrl\":\"https:\\\/\\\/fernox.com\\\/tr\\\/wp-content\\\/uploads\\\/sites\\\/24\\\/2020\\\/11\\\/cropped-fernox-Logo-transparent.png\",\"width\":664,\"height\":150,\"caption\":\"Fernox Turkey\"},\"image\":{\"@id\":\"https:\\\/\\\/fernox.com\\\/tr\\\/#\\\/schema\\\/logo\\\/image\\\/\"}}]}<\/script>\n<!-- \/ Yoast SEO plugin. -->","yoast_head_json":{"title":"Cleaner F3 500ml - Fernox Turkey","robots":{"index":"index","follow":"follow","max-snippet":"max-snippet:-1","max-image-preview":"max-image-preview:large","max-video-preview":"max-video-preview:-1"},"canonical":"https:\/\/fernox.com\/tr\/product\/cleaner-f3-500ml\/","og_locale":"en_GB","og_type":"article","og_title":"Cleaner F3 500ml - Fernox Turkey","og_description":"Cleaner F3, \u0131s\u0131tma verimlili\u011fini ilk g\u00fcnk\u00fc haline getirmek ve kazan g\u00fcr\u00fclt\u00fcs\u00fcnden kurtulmak i\u00e7in mevcut merkezi \u0131s\u0131tma sistemlerindeki \u00e7amur, kire\u00e7 ve d\u00f6k\u00fcnt\u00fclerden ar\u0131nd\u0131ran etkili, evrensel pH n\u00f6tr, k\u00f6p\u00fcrmeyen s\u0131v\u0131 temizleyicidir. Yerel d\u00fczenleme ve en iyi uygulamalara uygun yeni \u0131s\u0131tma sistemleri kullanmaya ba\u015flarken, Cleaner F3 kazan \u00f6mr\u00fcn\u00fc ve sistem verimlili\u011fini uzatmaya yard\u0131mc\u0131 olmak i\u00e7in eritken art\u0131klar\u0131 ve [&hellip;]","og_url":"https:\/\/fernox.com\/tr\/product\/cleaner-f3-500ml\/","og_site_name":"Fernox Turkey","article_modified_time":"2026-03-19T09:29:51+00:00","og_image":[{"width":600,"height":600,"url":"https:\/\/fernox.com\/tr\/wp-content\/uploads\/sites\/24\/2026\/03\/57790-1LRS.jpg","type":"image\/jpeg"}],"twitter_card":"summary_large_image","twitter_misc":{"Estimated reading time":"1 minute"},"schema":{"@context":"https:\/\/schema.org","@graph":[{"@type":"WebPage","@id":"https:\/\/fernox.com\/tr\/product\/cleaner-f3-500ml\/","url":"https:\/\/fernox.com\/tr\/product\/cleaner-f3-500ml\/","name":"Cleaner F3 500ml - Fernox Turkey","isPartOf":{"@id":"https:\/\/fernox.com\/tr\/#website"},"primaryImageOfPage":{"@id":"https:\/\/fernox.com\/tr\/product\/cleaner-f3-500ml\/#primaryimage"},"image":{"@id":"https:\/\/fernox.com\/tr\/product\/cleaner-f3-500ml\/#primaryimage"},"thumbnailUrl":"https:\/\/fernox.com\/tr\/wp-content\/uploads\/sites\/24\/2026\/03\/57790-1LRS.jpg","datePublished":"2026-03-19T09:29:48+00:00","dateModified":"2026-03-19T09:29:51+00:00","breadcrumb":{"@id":"https:\/\/fernox.com\/tr\/product\/cleaner-f3-500ml\/#breadcrumb"},"inLanguage":"en-GB","potentialAction":[{"@type":"ReadAction","target":["https:\/\/fernox.com\/tr\/product\/cleaner-f3-500ml\/"]}]},{"@type":"ImageObject","inLanguage":"en-GB","@id":"https:\/\/fernox.com\/tr\/product\/cleaner-f3-500ml\/#primaryimage","url":"https:\/\/fernox.com\/tr\/wp-content\/uploads\/sites\/24\/2026\/03\/57790-1LRS.jpg","contentUrl":"https:\/\/fernox.com\/tr\/wp-content\/uploads\/sites\/24\/2026\/03\/57790-1LRS.jpg","width":600,"height":600},{"@type":"BreadcrumbList","@id":"https:\/\/fernox.com\/tr\/product\/cleaner-f3-500ml\/#breadcrumb","itemListElement":[{"@type":"ListItem","position":1,"name":"Home","item":"https:\/\/fernox.com\/tr\/"},{"@type":"ListItem","position":2,"name":"Products","item":"https:\/\/fernox.com\/tr\/shop\/"},{"@type":"ListItem","position":3,"name":"Cleaner F3 500ml"}]},{"@type":"WebSite","@id":"https:\/\/fernox.com\/tr\/#website","url":"https:\/\/fernox.com\/tr\/","name":"Fernox Turkey","description":"","publisher":{"@id":"https:\/\/fernox.com\/tr\/#organization"},"potentialAction":[{"@type":"SearchAction","target":{"@type":"EntryPoint","urlTemplate":"https:\/\/fernox.com\/tr\/?s={search_term_string}"},"query-input":{"@type":"PropertyValueSpecification","valueRequired":true,"valueName":"search_term_string"}}],"inLanguage":"en-GB"},{"@type":"Organization","@id":"https:\/\/fernox.com\/tr\/#organization","name":"Fernox Turkey","url":"https:\/\/fernox.com\/tr\/","logo":{"@type":"ImageObject","inLanguage":"en-GB","@id":"https:\/\/fernox.com\/tr\/#\/schema\/logo\/image\/","url":"https:\/\/fernox.com\/tr\/wp-content\/uploads\/sites\/24\/2020\/11\/cropped-fernox-Logo-transparent.png","contentUrl":"https:\/\/fernox.com\/tr\/wp-content\/uploads\/sites\/24\/2020\/11\/cropped-fernox-Logo-transparent.png","width":664,"height":150,"caption":"Fernox Turkey"},"image":{"@id":"https:\/\/fernox.com\/tr\/#\/schema\/logo\/image\/"}}]}},"_links":{"self":[{"href":"https:\/\/fernox.com\/tr\/wp-json\/wp\/v2\/product\/39398","targetHints":{"allow":["GET"]}}],"collection":[{"href":"https:\/\/fernox.com\/tr\/wp-json\/wp\/v2\/product"}],"about":[{"href":"https:\/\/fernox.com\/tr\/wp-json\/wp\/v2\/types\/product"}],"wp:featuredmedia":[{"embeddable":true,"href":"https:\/\/fernox.com\/tr\/wp-json\/wp\/v2\/media\/39637"}],"wp:attachment":[{"href":"https:\/\/fernox.com\/tr\/wp-json\/wp\/v2\/media?parent=39398"}],"wp:term":[{"taxonomy":"product_brand","embeddable":true,"href":"https:\/\/fernox.com\/tr\/wp-json\/wp\/v2\/product_brand?post=39398"},{"taxonomy":"product_cat","embeddable":true,"href":"https:\/\/fernox.com\/tr\/wp-json\/wp\/v2\/product_cat?post=39398"},{"taxonomy":"product_tag","embeddable":true,"href":"https:\/\/fernox.com\/tr\/wp-json\/wp\/v2\/product_tag?post=39398"}],"curies":[{"name":"wp","href":"https:\/\/api.w.org\/{rel}","templated":true}]}}