{"id":39396,"date":"2026-03-19T12:29:48","date_gmt":"2026-03-19T09:29:48","guid":{"rendered":"https:\/\/fernox.com\/tr\/product\/protector-f1-500ml\/"},"modified":"2026-03-19T12:29:50","modified_gmt":"2026-03-19T09:29:50","slug":"protector-f1-500ml","status":"publish","type":"product","link":"https:\/\/fernox.com\/tr\/product\/protector-f1-500ml\/","title":{"rendered":"Protector F1 500ml"},"content":{"rendered":"<p>Protector F1, merkezi \u0131s\u0131tma sisteminde a\u015f\u0131nma ve kire\u00e7 olu\u015fumunu engelleyen sekt\u00f6rde lider inhibit\u00f6r\u00fcr\u00fcd\u00fcr. Bu y\u00fcksek performansl\u0131 \u00fcr\u00fcn, koruyucu tabaka olu\u015fturmak i\u00e7in sistemin metal y\u00fczeyi ile reaksiyona giren katodik inhibit\u00f6rler ve \u00e7\u00f6z\u00fcnmez tabaka olu\u015fturmak \u00fczere sert su tuzlar\u0131 ile birle\u015fen anodik inhibit\u00f6rlerin yan\u0131 s\u0131ra d\u00f6k\u00fcnt\u00fclerden korumak i\u00e7in \u0131s\u0131tma sistemi i\u00e7inde metale ba\u011flanan organik partik\u00fcllerin \u00fc\u00e7 inhibit\u00f6r\u00fcn\u00fc benzersiz bir \u015fekilde birle\u015ftirerek \u00fcst\u00fcn koruma sa\u011flamaktad\u0131r. Ayr\u0131ca Fernox Protector F1, sistem suyu pH seviyesinin korozyon ve kire\u00e7 olu\u015fumunu \u00f6nlemek i\u00e7in optimum pH aral\u0131\u011f\u0131 olan 6.5&#8217;in alt\u0131na inmemesini veya 8.5&#8217;in \u00fczerine \u00e7\u0131kmamas\u0131n\u0131 sa\u011flamak i\u00e7in geli\u015fmi\u015f pH tamponlama sa\u011flamaktad\u0131r. Yerel d\u00fczenlemelere ve en iyi uygulamalara uygun olarak ve sistemin uzun s\u00fcreli korunmas\u0131 i\u00e7in yo\u011funluk seviyeleri, kazan veya sistem hizmetinin par\u00e7as\u0131 olarak y\u0131ll\u0131k olarak korunmal\u0131 ve kontrol edilmelidir. Protector F1, di\u011fer t\u00fcm Fernox \u00fcr\u00fcnleriyle uyumlu olup al\u00fcminyum dahil merkezi \u0131s\u0131tma sistemlerinde kullan\u0131lan t\u00fcm malzeme ve metallerle kullan\u0131ma uygundur.<\/p>\n<ul>\n<li>Kazan bozulmalar\u0131n\u0131 ve erken kazan ar\u0131zas\u0131n\u0131 \u00f6nlemek i\u00e7in kar\u0131\u015f\u0131k metal merkezi \u0131s\u0131tma sistemlerinde korozyona ve kire\u00e7lenmeye kar\u015f\u0131 korur\n<\/li>\n<li>Cleaner F3 ile birlikte kullan\u0131ld\u0131\u011f\u0131nda odan\u0131z\u0131 her \u0131s\u0131tman\u0131zda %15&#8217;e varan enerji tasarrufu sa\u011flayabilir\n<\/li>\n<li>Radyat\u00f6rlerin s\u0131k s\u0131k hava almas\u0131n\u0131 engeller ve so\u011fuk alan olu\u015fumunu \u00f6nler\n<\/li>\n<li>Bak\u0131m masraflar\u0131n\u0131 azalt\u0131r, enerji verimlili\u011fi ve yak\u0131t faturalar\u0131ndan tasarruf sa\u011flar\n<\/li>\n<li>\u00dcreticinin garanti gereksinimleriyle uyumludur\n<\/li>\n<li>Y\u00fcksek performansl\u0131, toksik olmayan, \u00e7evre dostu &#8211; NSF CIAS, KIWA ve Belgaqua onayl\u0131 form\u00fcl<br \/>\n<\/li>\n<\/ul>\n","protected":false},"excerpt":{"rendered":"<p>Protector F1, merkezi \u0131s\u0131tma sisteminde a\u015f\u0131nma ve kire\u00e7 olu\u015fumunu engelleyen sekt\u00f6rde lider inhibit\u00f6r\u00fcr\u00fcd\u00fcr. Bu y\u00fcksek performansl\u0131 \u00fcr\u00fcn, koruyucu tabaka olu\u015fturmak i\u00e7in sistemin metal y\u00fczeyi ile reaksiyona giren katodik inhibit\u00f6rler ve \u00e7\u00f6z\u00fcnmez tabaka olu\u015fturmak \u00fczere sert su tuzlar\u0131 ile birle\u015fen anodik inhibit\u00f6rlerin yan\u0131 s\u0131ra d\u00f6k\u00fcnt\u00fclerden korumak i\u00e7in \u0131s\u0131tma sistemi i\u00e7inde metale ba\u011flanan organik partik\u00fcllerin \u00fc\u00e7 inhibit\u00f6r\u00fcn\u00fc [&hellip;]<\/p>\n","protected":false},"featured_media":39636,"template":"","meta":{"_acf_changed":false},"product_brand":[],"product_cat":[175],"product_tag":[],"class_list":{"0":"post-39396","1":"product","2":"type-product","3":"status-publish","4":"has-post-thumbnail","6":"product_cat-inhibitors-protectors","8":"first","9":"instock","10":"featured","11":"purchasable","12":"product-type-simple"},"acf":[],"yoast_head":"<!-- This site is optimized with the Yoast SEO plugin v27.3 - https:\/\/yoast.com\/product\/yoast-seo-wordpress\/ -->\n<title>Protector F1 500ml - Fernox Turkey<\/title>\n<meta name=\"robots\" content=\"index, follow, max-snippet:-1, max-image-preview:large, max-video-preview:-1\" \/>\n<link rel=\"canonical\" href=\"https:\/\/fernox.com\/tr\/product\/protector-f1-500ml\/\" \/>\n<meta property=\"og:locale\" content=\"en_GB\" \/>\n<meta property=\"og:type\" content=\"article\" \/>\n<meta property=\"og:title\" content=\"Protector F1 500ml - Fernox Turkey\" \/>\n<meta property=\"og:description\" content=\"Protector F1, merkezi \u0131s\u0131tma sisteminde a\u015f\u0131nma ve kire\u00e7 olu\u015fumunu engelleyen sekt\u00f6rde lider inhibit\u00f6r\u00fcr\u00fcd\u00fcr. Bu y\u00fcksek performansl\u0131 \u00fcr\u00fcn, koruyucu tabaka olu\u015fturmak i\u00e7in sistemin metal y\u00fczeyi ile reaksiyona giren katodik inhibit\u00f6rler ve \u00e7\u00f6z\u00fcnmez tabaka olu\u015fturmak \u00fczere sert su tuzlar\u0131 ile birle\u015fen anodik inhibit\u00f6rlerin yan\u0131 s\u0131ra d\u00f6k\u00fcnt\u00fclerden korumak i\u00e7in \u0131s\u0131tma sistemi i\u00e7inde metale ba\u011flanan organik partik\u00fcllerin \u00fc\u00e7 inhibit\u00f6r\u00fcn\u00fc [&hellip;]\" \/>\n<meta property=\"og:url\" content=\"https:\/\/fernox.com\/tr\/product\/protector-f1-500ml\/\" \/>\n<meta property=\"og:site_name\" content=\"Fernox Turkey\" \/>\n<meta property=\"article:modified_time\" content=\"2026-03-19T09:29:50+00:00\" \/>\n<meta property=\"og:image\" content=\"https:\/\/fernox.com\/tr\/wp-content\/uploads\/sites\/24\/2026\/03\/57789-1LRS.jpg\" \/>\n\t<meta property=\"og:image:width\" content=\"600\" \/>\n\t<meta property=\"og:image:height\" content=\"600\" \/>\n\t<meta property=\"og:image:type\" content=\"image\/jpeg\" \/>\n<meta name=\"twitter:card\" content=\"summary_large_image\" \/>\n<meta name=\"twitter:label1\" content=\"Estimated reading time\" \/>\n\t<meta name=\"twitter:data1\" content=\"1 minute\" \/>\n<script type=\"application\/ld+json\" class=\"yoast-schema-graph\">{\"@context\":\"https:\\\/\\\/schema.org\",\"@graph\":[{\"@type\":\"WebPage\",\"@id\":\"https:\\\/\\\/fernox.com\\\/tr\\\/product\\\/protector-f1-500ml\\\/\",\"url\":\"https:\\\/\\\/fernox.com\\\/tr\\\/product\\\/protector-f1-500ml\\\/\",\"name\":\"Protector F1 500ml - Fernox Turkey\",\"isPartOf\":{\"@id\":\"https:\\\/\\\/fernox.com\\\/tr\\\/#website\"},\"primaryImageOfPage\":{\"@id\":\"https:\\\/\\\/fernox.com\\\/tr\\\/product\\\/protector-f1-500ml\\\/#primaryimage\"},\"image\":{\"@id\":\"https:\\\/\\\/fernox.com\\\/tr\\\/product\\\/protector-f1-500ml\\\/#primaryimage\"},\"thumbnailUrl\":\"https:\\\/\\\/fernox.com\\\/tr\\\/wp-content\\\/uploads\\\/sites\\\/24\\\/2026\\\/03\\\/57789-1LRS.jpg\",\"datePublished\":\"2026-03-19T09:29:48+00:00\",\"dateModified\":\"2026-03-19T09:29:50+00:00\",\"breadcrumb\":{\"@id\":\"https:\\\/\\\/fernox.com\\\/tr\\\/product\\\/protector-f1-500ml\\\/#breadcrumb\"},\"inLanguage\":\"en-GB\",\"potentialAction\":[{\"@type\":\"ReadAction\",\"target\":[\"https:\\\/\\\/fernox.com\\\/tr\\\/product\\\/protector-f1-500ml\\\/\"]}]},{\"@type\":\"ImageObject\",\"inLanguage\":\"en-GB\",\"@id\":\"https:\\\/\\\/fernox.com\\\/tr\\\/product\\\/protector-f1-500ml\\\/#primaryimage\",\"url\":\"https:\\\/\\\/fernox.com\\\/tr\\\/wp-content\\\/uploads\\\/sites\\\/24\\\/2026\\\/03\\\/57789-1LRS.jpg\",\"contentUrl\":\"https:\\\/\\\/fernox.com\\\/tr\\\/wp-content\\\/uploads\\\/sites\\\/24\\\/2026\\\/03\\\/57789-1LRS.jpg\",\"width\":600,\"height\":600},{\"@type\":\"BreadcrumbList\",\"@id\":\"https:\\\/\\\/fernox.com\\\/tr\\\/product\\\/protector-f1-500ml\\\/#breadcrumb\",\"itemListElement\":[{\"@type\":\"ListItem\",\"position\":1,\"name\":\"Home\",\"item\":\"https:\\\/\\\/fernox.com\\\/tr\\\/\"},{\"@type\":\"ListItem\",\"position\":2,\"name\":\"Products\",\"item\":\"https:\\\/\\\/fernox.com\\\/tr\\\/shop\\\/\"},{\"@type\":\"ListItem\",\"position\":3,\"name\":\"Protector F1 500ml\"}]},{\"@type\":\"WebSite\",\"@id\":\"https:\\\/\\\/fernox.com\\\/tr\\\/#website\",\"url\":\"https:\\\/\\\/fernox.com\\\/tr\\\/\",\"name\":\"Fernox Turkey\",\"description\":\"\",\"publisher\":{\"@id\":\"https:\\\/\\\/fernox.com\\\/tr\\\/#organization\"},\"potentialAction\":[{\"@type\":\"SearchAction\",\"target\":{\"@type\":\"EntryPoint\",\"urlTemplate\":\"https:\\\/\\\/fernox.com\\\/tr\\\/?s={search_term_string}\"},\"query-input\":{\"@type\":\"PropertyValueSpecification\",\"valueRequired\":true,\"valueName\":\"search_term_string\"}}],\"inLanguage\":\"en-GB\"},{\"@type\":\"Organization\",\"@id\":\"https:\\\/\\\/fernox.com\\\/tr\\\/#organization\",\"name\":\"Fernox Turkey\",\"url\":\"https:\\\/\\\/fernox.com\\\/tr\\\/\",\"logo\":{\"@type\":\"ImageObject\",\"inLanguage\":\"en-GB\",\"@id\":\"https:\\\/\\\/fernox.com\\\/tr\\\/#\\\/schema\\\/logo\\\/image\\\/\",\"url\":\"https:\\\/\\\/fernox.com\\\/tr\\\/wp-content\\\/uploads\\\/sites\\\/24\\\/2020\\\/11\\\/cropped-fernox-Logo-transparent.png\",\"contentUrl\":\"https:\\\/\\\/fernox.com\\\/tr\\\/wp-content\\\/uploads\\\/sites\\\/24\\\/2020\\\/11\\\/cropped-fernox-Logo-transparent.png\",\"width\":664,\"height\":150,\"caption\":\"Fernox Turkey\"},\"image\":{\"@id\":\"https:\\\/\\\/fernox.com\\\/tr\\\/#\\\/schema\\\/logo\\\/image\\\/\"}}]}<\/script>\n<!-- \/ Yoast SEO plugin. -->","yoast_head_json":{"title":"Protector F1 500ml - Fernox Turkey","robots":{"index":"index","follow":"follow","max-snippet":"max-snippet:-1","max-image-preview":"max-image-preview:large","max-video-preview":"max-video-preview:-1"},"canonical":"https:\/\/fernox.com\/tr\/product\/protector-f1-500ml\/","og_locale":"en_GB","og_type":"article","og_title":"Protector F1 500ml - Fernox Turkey","og_description":"Protector F1, merkezi \u0131s\u0131tma sisteminde a\u015f\u0131nma ve kire\u00e7 olu\u015fumunu engelleyen sekt\u00f6rde lider inhibit\u00f6r\u00fcr\u00fcd\u00fcr. Bu y\u00fcksek performansl\u0131 \u00fcr\u00fcn, koruyucu tabaka olu\u015fturmak i\u00e7in sistemin metal y\u00fczeyi ile reaksiyona giren katodik inhibit\u00f6rler ve \u00e7\u00f6z\u00fcnmez tabaka olu\u015fturmak \u00fczere sert su tuzlar\u0131 ile birle\u015fen anodik inhibit\u00f6rlerin yan\u0131 s\u0131ra d\u00f6k\u00fcnt\u00fclerden korumak i\u00e7in \u0131s\u0131tma sistemi i\u00e7inde metale ba\u011flanan organik partik\u00fcllerin \u00fc\u00e7 inhibit\u00f6r\u00fcn\u00fc [&hellip;]","og_url":"https:\/\/fernox.com\/tr\/product\/protector-f1-500ml\/","og_site_name":"Fernox Turkey","article_modified_time":"2026-03-19T09:29:50+00:00","og_image":[{"width":600,"height":600,"url":"https:\/\/fernox.com\/tr\/wp-content\/uploads\/sites\/24\/2026\/03\/57789-1LRS.jpg","type":"image\/jpeg"}],"twitter_card":"summary_large_image","twitter_misc":{"Estimated reading time":"1 minute"},"schema":{"@context":"https:\/\/schema.org","@graph":[{"@type":"WebPage","@id":"https:\/\/fernox.com\/tr\/product\/protector-f1-500ml\/","url":"https:\/\/fernox.com\/tr\/product\/protector-f1-500ml\/","name":"Protector F1 500ml - Fernox Turkey","isPartOf":{"@id":"https:\/\/fernox.com\/tr\/#website"},"primaryImageOfPage":{"@id":"https:\/\/fernox.com\/tr\/product\/protector-f1-500ml\/#primaryimage"},"image":{"@id":"https:\/\/fernox.com\/tr\/product\/protector-f1-500ml\/#primaryimage"},"thumbnailUrl":"https:\/\/fernox.com\/tr\/wp-content\/uploads\/sites\/24\/2026\/03\/57789-1LRS.jpg","datePublished":"2026-03-19T09:29:48+00:00","dateModified":"2026-03-19T09:29:50+00:00","breadcrumb":{"@id":"https:\/\/fernox.com\/tr\/product\/protector-f1-500ml\/#breadcrumb"},"inLanguage":"en-GB","potentialAction":[{"@type":"ReadAction","target":["https:\/\/fernox.com\/tr\/product\/protector-f1-500ml\/"]}]},{"@type":"ImageObject","inLanguage":"en-GB","@id":"https:\/\/fernox.com\/tr\/product\/protector-f1-500ml\/#primaryimage","url":"https:\/\/fernox.com\/tr\/wp-content\/uploads\/sites\/24\/2026\/03\/57789-1LRS.jpg","contentUrl":"https:\/\/fernox.com\/tr\/wp-content\/uploads\/sites\/24\/2026\/03\/57789-1LRS.jpg","width":600,"height":600},{"@type":"BreadcrumbList","@id":"https:\/\/fernox.com\/tr\/product\/protector-f1-500ml\/#breadcrumb","itemListElement":[{"@type":"ListItem","position":1,"name":"Home","item":"https:\/\/fernox.com\/tr\/"},{"@type":"ListItem","position":2,"name":"Products","item":"https:\/\/fernox.com\/tr\/shop\/"},{"@type":"ListItem","position":3,"name":"Protector F1 500ml"}]},{"@type":"WebSite","@id":"https:\/\/fernox.com\/tr\/#website","url":"https:\/\/fernox.com\/tr\/","name":"Fernox Turkey","description":"","publisher":{"@id":"https:\/\/fernox.com\/tr\/#organization"},"potentialAction":[{"@type":"SearchAction","target":{"@type":"EntryPoint","urlTemplate":"https:\/\/fernox.com\/tr\/?s={search_term_string}"},"query-input":{"@type":"PropertyValueSpecification","valueRequired":true,"valueName":"search_term_string"}}],"inLanguage":"en-GB"},{"@type":"Organization","@id":"https:\/\/fernox.com\/tr\/#organization","name":"Fernox Turkey","url":"https:\/\/fernox.com\/tr\/","logo":{"@type":"ImageObject","inLanguage":"en-GB","@id":"https:\/\/fernox.com\/tr\/#\/schema\/logo\/image\/","url":"https:\/\/fernox.com\/tr\/wp-content\/uploads\/sites\/24\/2020\/11\/cropped-fernox-Logo-transparent.png","contentUrl":"https:\/\/fernox.com\/tr\/wp-content\/uploads\/sites\/24\/2020\/11\/cropped-fernox-Logo-transparent.png","width":664,"height":150,"caption":"Fernox Turkey"},"image":{"@id":"https:\/\/fernox.com\/tr\/#\/schema\/logo\/image\/"}}]}},"_links":{"self":[{"href":"https:\/\/fernox.com\/tr\/wp-json\/wp\/v2\/product\/39396","targetHints":{"allow":["GET"]}}],"collection":[{"href":"https:\/\/fernox.com\/tr\/wp-json\/wp\/v2\/product"}],"about":[{"href":"https:\/\/fernox.com\/tr\/wp-json\/wp\/v2\/types\/product"}],"wp:featuredmedia":[{"embeddable":true,"href":"https:\/\/fernox.com\/tr\/wp-json\/wp\/v2\/media\/39636"}],"wp:attachment":[{"href":"https:\/\/fernox.com\/tr\/wp-json\/wp\/v2\/media?parent=39396"}],"wp:term":[{"taxonomy":"product_brand","embeddable":true,"href":"https:\/\/fernox.com\/tr\/wp-json\/wp\/v2\/product_brand?post=39396"},{"taxonomy":"product_cat","embeddable":true,"href":"https:\/\/fernox.com\/tr\/wp-json\/wp\/v2\/product_cat?post=39396"},{"taxonomy":"product_tag","embeddable":true,"href":"https:\/\/fernox.com\/tr\/wp-json\/wp\/v2\/product_tag?post=39396"}],"curies":[{"name":"wp","href":"https:\/\/api.w.org\/{rel}","templated":true}]}}