{"id":39394,"date":"2026-03-19T12:29:48","date_gmt":"2026-03-19T09:29:48","guid":{"rendered":"https:\/\/fernox.com\/tr\/product\/ds40-descaler-cleaner-2kg\/"},"modified":"2026-03-19T12:29:48","modified_gmt":"2026-03-19T09:29:48","slug":"ds40-descaler-cleaner-2kg","status":"publish","type":"product","link":"https:\/\/fernox.com\/tr\/product\/ds40-descaler-cleaner-2kg\/","title":{"rendered":"DS40 Descaler &#038; Cleaner  2kg"},"content":{"rendered":"<p>DS40 Kire\u00e7 \u00c7\u00f6z\u00fcc\u00fc ve Temizleyici, kire\u00e7, manyetit veya siyah \u00e7amuru ve di\u011fer sistem kal\u0131nt\u0131lar\u0131ndan ar\u0131nd\u0131rmak i\u00e7in tasarlanm\u0131\u015f h\u0131zl\u0131 etkili, sitrik asit bazl\u0131 bir temizleyicidir. Petek temizleme makinesiyle kullan\u0131m i\u00e7in idealdir. Ayr\u0131ca \u0131s\u0131 e\u015fanj\u00f6r\u00fc veya kazanda ayr\u0131 ayr\u0131 kireci gidermek i\u00e7in de kullan\u0131labilir. S\u0131v\u0131 n\u00f6trle\u015ftirici \u00fcr\u00fcnle birlikte sat\u0131lmaktad\u0131r.<\/p>\n<ul>\n<li>Kire\u00e7 tortusu, siyah tortu ve di\u011fer birikintileri h\u0131zl\u0131ca giderir\n<\/li>\n<li>Sirk\u00fclasyonu ilk g\u00fcnk\u00fc haline getirir ve daha etkili \u0131s\u0131nma sa\u011flar\n<\/li>\n<li>Petek temizleme makineleri ile kolay kullan\u0131m i\u00e7in toz, F&#038;E tank\u0131 veya uygun dozaj kab\u0131 ile uygulama\n<\/li>\n<li>\u00dcr\u00fcn tamamen kullan\u0131ld\u0131\u011f\u0131nda sar\u0131 renge d\u00f6n\u00fc\u015f\u00fcr &#8211; \u00fcr\u00fcnle birlikte verilen s\u0131v\u0131 n\u00f6trle\u015ftirici\n<\/li>\n<li>Al\u00fcminyum dahil t\u00fcm kar\u0131\u015f\u0131k metal sistemlerle uyumludur\n<\/li>\n<li>\u00dcr\u00fcnle birlikte verilen s\u0131v\u0131 n\u00f6trle\u015ftirici ile kullan\u0131m\u0131 uygun<br \/>\n<\/li>\n<\/ul>\n","protected":false},"excerpt":{"rendered":"<p>DS40 Kire\u00e7 \u00c7\u00f6z\u00fcc\u00fc ve Temizleyici, kire\u00e7, manyetit veya siyah \u00e7amuru ve di\u011fer sistem kal\u0131nt\u0131lar\u0131ndan ar\u0131nd\u0131rmak i\u00e7in tasarlanm\u0131\u015f h\u0131zl\u0131 etkili, sitrik asit bazl\u0131 bir temizleyicidir. Petek temizleme makinesiyle kullan\u0131m i\u00e7in idealdir. Ayr\u0131ca \u0131s\u0131 e\u015fanj\u00f6r\u00fc veya kazanda ayr\u0131 ayr\u0131 kireci gidermek i\u00e7in de kullan\u0131labilir. S\u0131v\u0131 n\u00f6trle\u015ftirici \u00fcr\u00fcnle birlikte sat\u0131lmaktad\u0131r. Kire\u00e7 tortusu, siyah tortu ve di\u011fer birikintileri h\u0131zl\u0131ca [&hellip;]<\/p>\n","protected":false},"featured_media":39635,"template":"","meta":{"_acf_changed":false},"product_brand":[],"product_cat":[178],"product_tag":[],"class_list":{"0":"post-39394","1":"product","2":"type-product","3":"status-publish","4":"has-post-thumbnail","6":"product_cat-cleaners","8":"first","9":"instock","10":"purchasable","11":"product-type-simple"},"acf":[],"yoast_head":"<!-- This site is optimized with the Yoast SEO plugin v27.3 - https:\/\/yoast.com\/product\/yoast-seo-wordpress\/ -->\n<title>DS40 Descaler &amp; Cleaner 2kg - Fernox Turkey<\/title>\n<meta name=\"robots\" content=\"index, follow, max-snippet:-1, max-image-preview:large, max-video-preview:-1\" \/>\n<link rel=\"canonical\" href=\"https:\/\/fernox.com\/tr\/product\/ds40-descaler-cleaner-2kg\/\" \/>\n<meta property=\"og:locale\" content=\"en_GB\" \/>\n<meta property=\"og:type\" content=\"article\" \/>\n<meta property=\"og:title\" content=\"DS40 Descaler &amp; Cleaner 2kg - Fernox Turkey\" \/>\n<meta property=\"og:description\" content=\"DS40 Kire\u00e7 \u00c7\u00f6z\u00fcc\u00fc ve Temizleyici, kire\u00e7, manyetit veya siyah \u00e7amuru ve di\u011fer sistem kal\u0131nt\u0131lar\u0131ndan ar\u0131nd\u0131rmak i\u00e7in tasarlanm\u0131\u015f h\u0131zl\u0131 etkili, sitrik asit bazl\u0131 bir temizleyicidir. Petek temizleme makinesiyle kullan\u0131m i\u00e7in idealdir. Ayr\u0131ca \u0131s\u0131 e\u015fanj\u00f6r\u00fc veya kazanda ayr\u0131 ayr\u0131 kireci gidermek i\u00e7in de kullan\u0131labilir. S\u0131v\u0131 n\u00f6trle\u015ftirici \u00fcr\u00fcnle birlikte sat\u0131lmaktad\u0131r. Kire\u00e7 tortusu, siyah tortu ve di\u011fer birikintileri h\u0131zl\u0131ca [&hellip;]\" \/>\n<meta property=\"og:url\" content=\"https:\/\/fernox.com\/tr\/product\/ds40-descaler-cleaner-2kg\/\" \/>\n<meta property=\"og:site_name\" content=\"Fernox Turkey\" \/>\n<meta property=\"og:image\" content=\"https:\/\/fernox.com\/tr\/wp-content\/uploads\/sites\/24\/2026\/03\/62485-1LRS.jpg\" \/>\n\t<meta property=\"og:image:width\" content=\"600\" \/>\n\t<meta property=\"og:image:height\" content=\"600\" \/>\n\t<meta property=\"og:image:type\" content=\"image\/jpeg\" \/>\n<meta name=\"twitter:card\" content=\"summary_large_image\" \/>\n<meta name=\"twitter:label1\" content=\"Estimated reading time\" \/>\n\t<meta name=\"twitter:data1\" content=\"1 minute\" \/>\n<script type=\"application\/ld+json\" class=\"yoast-schema-graph\">{\"@context\":\"https:\\\/\\\/schema.org\",\"@graph\":[{\"@type\":\"WebPage\",\"@id\":\"https:\\\/\\\/fernox.com\\\/tr\\\/product\\\/ds40-descaler-cleaner-2kg\\\/\",\"url\":\"https:\\\/\\\/fernox.com\\\/tr\\\/product\\\/ds40-descaler-cleaner-2kg\\\/\",\"name\":\"DS40 Descaler & Cleaner 2kg - Fernox Turkey\",\"isPartOf\":{\"@id\":\"https:\\\/\\\/fernox.com\\\/tr\\\/#website\"},\"primaryImageOfPage\":{\"@id\":\"https:\\\/\\\/fernox.com\\\/tr\\\/product\\\/ds40-descaler-cleaner-2kg\\\/#primaryimage\"},\"image\":{\"@id\":\"https:\\\/\\\/fernox.com\\\/tr\\\/product\\\/ds40-descaler-cleaner-2kg\\\/#primaryimage\"},\"thumbnailUrl\":\"https:\\\/\\\/fernox.com\\\/tr\\\/wp-content\\\/uploads\\\/sites\\\/24\\\/2026\\\/03\\\/62485-1LRS.jpg\",\"datePublished\":\"2026-03-19T09:29:48+00:00\",\"breadcrumb\":{\"@id\":\"https:\\\/\\\/fernox.com\\\/tr\\\/product\\\/ds40-descaler-cleaner-2kg\\\/#breadcrumb\"},\"inLanguage\":\"en-GB\",\"potentialAction\":[{\"@type\":\"ReadAction\",\"target\":[\"https:\\\/\\\/fernox.com\\\/tr\\\/product\\\/ds40-descaler-cleaner-2kg\\\/\"]}]},{\"@type\":\"ImageObject\",\"inLanguage\":\"en-GB\",\"@id\":\"https:\\\/\\\/fernox.com\\\/tr\\\/product\\\/ds40-descaler-cleaner-2kg\\\/#primaryimage\",\"url\":\"https:\\\/\\\/fernox.com\\\/tr\\\/wp-content\\\/uploads\\\/sites\\\/24\\\/2026\\\/03\\\/62485-1LRS.jpg\",\"contentUrl\":\"https:\\\/\\\/fernox.com\\\/tr\\\/wp-content\\\/uploads\\\/sites\\\/24\\\/2026\\\/03\\\/62485-1LRS.jpg\",\"width\":600,\"height\":600},{\"@type\":\"BreadcrumbList\",\"@id\":\"https:\\\/\\\/fernox.com\\\/tr\\\/product\\\/ds40-descaler-cleaner-2kg\\\/#breadcrumb\",\"itemListElement\":[{\"@type\":\"ListItem\",\"position\":1,\"name\":\"Home\",\"item\":\"https:\\\/\\\/fernox.com\\\/tr\\\/\"},{\"@type\":\"ListItem\",\"position\":2,\"name\":\"Products\",\"item\":\"https:\\\/\\\/fernox.com\\\/tr\\\/shop\\\/\"},{\"@type\":\"ListItem\",\"position\":3,\"name\":\"DS40 Descaler &#038; Cleaner 2kg\"}]},{\"@type\":\"WebSite\",\"@id\":\"https:\\\/\\\/fernox.com\\\/tr\\\/#website\",\"url\":\"https:\\\/\\\/fernox.com\\\/tr\\\/\",\"name\":\"Fernox Turkey\",\"description\":\"\",\"publisher\":{\"@id\":\"https:\\\/\\\/fernox.com\\\/tr\\\/#organization\"},\"potentialAction\":[{\"@type\":\"SearchAction\",\"target\":{\"@type\":\"EntryPoint\",\"urlTemplate\":\"https:\\\/\\\/fernox.com\\\/tr\\\/?s={search_term_string}\"},\"query-input\":{\"@type\":\"PropertyValueSpecification\",\"valueRequired\":true,\"valueName\":\"search_term_string\"}}],\"inLanguage\":\"en-GB\"},{\"@type\":\"Organization\",\"@id\":\"https:\\\/\\\/fernox.com\\\/tr\\\/#organization\",\"name\":\"Fernox Turkey\",\"url\":\"https:\\\/\\\/fernox.com\\\/tr\\\/\",\"logo\":{\"@type\":\"ImageObject\",\"inLanguage\":\"en-GB\",\"@id\":\"https:\\\/\\\/fernox.com\\\/tr\\\/#\\\/schema\\\/logo\\\/image\\\/\",\"url\":\"https:\\\/\\\/fernox.com\\\/tr\\\/wp-content\\\/uploads\\\/sites\\\/24\\\/2020\\\/11\\\/cropped-fernox-Logo-transparent.png\",\"contentUrl\":\"https:\\\/\\\/fernox.com\\\/tr\\\/wp-content\\\/uploads\\\/sites\\\/24\\\/2020\\\/11\\\/cropped-fernox-Logo-transparent.png\",\"width\":664,\"height\":150,\"caption\":\"Fernox Turkey\"},\"image\":{\"@id\":\"https:\\\/\\\/fernox.com\\\/tr\\\/#\\\/schema\\\/logo\\\/image\\\/\"}}]}<\/script>\n<!-- \/ Yoast SEO plugin. -->","yoast_head_json":{"title":"DS40 Descaler & Cleaner 2kg - Fernox Turkey","robots":{"index":"index","follow":"follow","max-snippet":"max-snippet:-1","max-image-preview":"max-image-preview:large","max-video-preview":"max-video-preview:-1"},"canonical":"https:\/\/fernox.com\/tr\/product\/ds40-descaler-cleaner-2kg\/","og_locale":"en_GB","og_type":"article","og_title":"DS40 Descaler & Cleaner 2kg - Fernox Turkey","og_description":"DS40 Kire\u00e7 \u00c7\u00f6z\u00fcc\u00fc ve Temizleyici, kire\u00e7, manyetit veya siyah \u00e7amuru ve di\u011fer sistem kal\u0131nt\u0131lar\u0131ndan ar\u0131nd\u0131rmak i\u00e7in tasarlanm\u0131\u015f h\u0131zl\u0131 etkili, sitrik asit bazl\u0131 bir temizleyicidir. Petek temizleme makinesiyle kullan\u0131m i\u00e7in idealdir. Ayr\u0131ca \u0131s\u0131 e\u015fanj\u00f6r\u00fc veya kazanda ayr\u0131 ayr\u0131 kireci gidermek i\u00e7in de kullan\u0131labilir. S\u0131v\u0131 n\u00f6trle\u015ftirici \u00fcr\u00fcnle birlikte sat\u0131lmaktad\u0131r. Kire\u00e7 tortusu, siyah tortu ve di\u011fer birikintileri h\u0131zl\u0131ca [&hellip;]","og_url":"https:\/\/fernox.com\/tr\/product\/ds40-descaler-cleaner-2kg\/","og_site_name":"Fernox Turkey","og_image":[{"width":600,"height":600,"url":"https:\/\/fernox.com\/tr\/wp-content\/uploads\/sites\/24\/2026\/03\/62485-1LRS.jpg","type":"image\/jpeg"}],"twitter_card":"summary_large_image","twitter_misc":{"Estimated reading time":"1 minute"},"schema":{"@context":"https:\/\/schema.org","@graph":[{"@type":"WebPage","@id":"https:\/\/fernox.com\/tr\/product\/ds40-descaler-cleaner-2kg\/","url":"https:\/\/fernox.com\/tr\/product\/ds40-descaler-cleaner-2kg\/","name":"DS40 Descaler & Cleaner 2kg - Fernox Turkey","isPartOf":{"@id":"https:\/\/fernox.com\/tr\/#website"},"primaryImageOfPage":{"@id":"https:\/\/fernox.com\/tr\/product\/ds40-descaler-cleaner-2kg\/#primaryimage"},"image":{"@id":"https:\/\/fernox.com\/tr\/product\/ds40-descaler-cleaner-2kg\/#primaryimage"},"thumbnailUrl":"https:\/\/fernox.com\/tr\/wp-content\/uploads\/sites\/24\/2026\/03\/62485-1LRS.jpg","datePublished":"2026-03-19T09:29:48+00:00","breadcrumb":{"@id":"https:\/\/fernox.com\/tr\/product\/ds40-descaler-cleaner-2kg\/#breadcrumb"},"inLanguage":"en-GB","potentialAction":[{"@type":"ReadAction","target":["https:\/\/fernox.com\/tr\/product\/ds40-descaler-cleaner-2kg\/"]}]},{"@type":"ImageObject","inLanguage":"en-GB","@id":"https:\/\/fernox.com\/tr\/product\/ds40-descaler-cleaner-2kg\/#primaryimage","url":"https:\/\/fernox.com\/tr\/wp-content\/uploads\/sites\/24\/2026\/03\/62485-1LRS.jpg","contentUrl":"https:\/\/fernox.com\/tr\/wp-content\/uploads\/sites\/24\/2026\/03\/62485-1LRS.jpg","width":600,"height":600},{"@type":"BreadcrumbList","@id":"https:\/\/fernox.com\/tr\/product\/ds40-descaler-cleaner-2kg\/#breadcrumb","itemListElement":[{"@type":"ListItem","position":1,"name":"Home","item":"https:\/\/fernox.com\/tr\/"},{"@type":"ListItem","position":2,"name":"Products","item":"https:\/\/fernox.com\/tr\/shop\/"},{"@type":"ListItem","position":3,"name":"DS40 Descaler &#038; Cleaner 2kg"}]},{"@type":"WebSite","@id":"https:\/\/fernox.com\/tr\/#website","url":"https:\/\/fernox.com\/tr\/","name":"Fernox Turkey","description":"","publisher":{"@id":"https:\/\/fernox.com\/tr\/#organization"},"potentialAction":[{"@type":"SearchAction","target":{"@type":"EntryPoint","urlTemplate":"https:\/\/fernox.com\/tr\/?s={search_term_string}"},"query-input":{"@type":"PropertyValueSpecification","valueRequired":true,"valueName":"search_term_string"}}],"inLanguage":"en-GB"},{"@type":"Organization","@id":"https:\/\/fernox.com\/tr\/#organization","name":"Fernox Turkey","url":"https:\/\/fernox.com\/tr\/","logo":{"@type":"ImageObject","inLanguage":"en-GB","@id":"https:\/\/fernox.com\/tr\/#\/schema\/logo\/image\/","url":"https:\/\/fernox.com\/tr\/wp-content\/uploads\/sites\/24\/2020\/11\/cropped-fernox-Logo-transparent.png","contentUrl":"https:\/\/fernox.com\/tr\/wp-content\/uploads\/sites\/24\/2020\/11\/cropped-fernox-Logo-transparent.png","width":664,"height":150,"caption":"Fernox Turkey"},"image":{"@id":"https:\/\/fernox.com\/tr\/#\/schema\/logo\/image\/"}}]}},"_links":{"self":[{"href":"https:\/\/fernox.com\/tr\/wp-json\/wp\/v2\/product\/39394","targetHints":{"allow":["GET"]}}],"collection":[{"href":"https:\/\/fernox.com\/tr\/wp-json\/wp\/v2\/product"}],"about":[{"href":"https:\/\/fernox.com\/tr\/wp-json\/wp\/v2\/types\/product"}],"wp:featuredmedia":[{"embeddable":true,"href":"https:\/\/fernox.com\/tr\/wp-json\/wp\/v2\/media\/39635"}],"wp:attachment":[{"href":"https:\/\/fernox.com\/tr\/wp-json\/wp\/v2\/media?parent=39394"}],"wp:term":[{"taxonomy":"product_brand","embeddable":true,"href":"https:\/\/fernox.com\/tr\/wp-json\/wp\/v2\/product_brand?post=39394"},{"taxonomy":"product_cat","embeddable":true,"href":"https:\/\/fernox.com\/tr\/wp-json\/wp\/v2\/product_cat?post=39394"},{"taxonomy":"product_tag","embeddable":true,"href":"https:\/\/fernox.com\/tr\/wp-json\/wp\/v2\/product_tag?post=39394"}],"curies":[{"name":"wp","href":"https:\/\/api.w.org\/{rel}","templated":true}]}}