{"id":39390,"date":"2026-03-19T12:29:41","date_gmt":"2026-03-19T09:29:41","guid":{"rendered":"https:\/\/fernox.com\/tr\/product\/protector-filter-fluid-f9-500ml\/"},"modified":"2026-03-19T12:29:44","modified_gmt":"2026-03-19T09:29:44","slug":"protector-filter-fluid-f9-500ml","status":"publish","type":"product","link":"https:\/\/fernox.com\/tr\/product\/protector-filter-fluid-f9-500ml\/","title":{"rendered":"Protector+ Filter Fluid F9 500ml"},"content":{"rendered":"<p>Fernox TF1 s\u0131ral\u0131 sistem filtreleri veya di\u011fer benzer filtrelerle kullan\u0131lmak \u00fczere tasarlanan bu benzersiz inhibit\u00f6r paketi, bir filtre arac\u0131l\u0131\u011f\u0131yla korozyon, d\u00f6k\u00fcnt\u00fc ve kirecin g\u00fcvenli bir \u015fekilde toplanmas\u0131na yard\u0131mc\u0131 oldu\u011fu kan\u0131tlanm\u0131\u015f bir aktif da\u011f\u0131t\u0131c\u0131 i\u00e7erir. Bu inhibit\u00f6r sistem filtresinin performans\u0131n\u0131 art\u0131r\u0131rken, korozyona ve kire\u00e7 olu\u015fumuna kar\u015f\u0131 tam koruma sa\u011flar. Bu yenilik\u00e7i, kan\u0131tlanm\u0131\u015f form\u00fcl ayn\u0131 zamanda sistem \u00f6mr\u00fcn\u00fc uzat\u0131rken \u00e7evre dostu form\u00fcl\u00fcyle optimum verimlilik sa\u011flar. Y\u0131ll\u0131k servis bak\u0131m\u0131n\u0131n par\u00e7as\u0131 olarak yo\u011funluk seviyeleri kontrol edilmelidir.<\/p>\n<ul>\n<li>G\u00fcvenli toplama ve \u00e7\u0131karma i\u00e7in sistemdeki kal\u0131nt\u0131lar\u0131 temizlemek ve sistem filtresine iletmek \u00fczere tasarlanm\u0131\u015f seyrelticili benzersiz inhibit\u00f6r paketi.\n<\/li>\n<li>Yaln\u0131zca sistem filtresi ile birlikte kullan\u0131lmal\u0131d\u0131r. Al\u00fcminyum dahil olmak \u00fczere kar\u0131\u015f\u0131k metal \u0131s\u0131tma ve so\u011futma sistemlerinde korozyona ve kire\u00e7lenmeye kar\u015f\u0131 birinci s\u0131n\u0131f koruma sa\u011flar\n<\/li>\n<li>Sistemde kal\u0131c\u0131 olarak kalacak \u015fekilde tasarlanm\u0131\u015ft\u0131r. 130 litreye kadar sistem suyunu (16 radyat\u00f6r) ve 250 m2&#8217;ye varan yerden \u0131s\u0131tma sistemlerini temizler.\n<\/li>\n<li>Tartar ve a\u015f\u0131nma olu\u015fumunu \u00f6nler\n<\/li>\n<li>Yenilik\u00e7i, s\u0131n\u0131f\u0131n\u0131n en iyisi form\u00fclasyon, verimlili\u011fi optimize eder ve sistem \u00f6mr\u00fcn\u00fc uzat\u0131r\n<\/li>\n<li>Son derece etkili, \u00e7evre dostu form\u00fclasyon. NSF CIAS ve Belgaqua onayl\u0131<br \/>\n<\/li>\n<\/ul>\n","protected":false},"excerpt":{"rendered":"<p>Fernox TF1 s\u0131ral\u0131 sistem filtreleri veya di\u011fer benzer filtrelerle kullan\u0131lmak \u00fczere tasarlanan bu benzersiz inhibit\u00f6r paketi, bir filtre arac\u0131l\u0131\u011f\u0131yla korozyon, d\u00f6k\u00fcnt\u00fc ve kirecin g\u00fcvenli bir \u015fekilde toplanmas\u0131na yard\u0131mc\u0131 oldu\u011fu kan\u0131tlanm\u0131\u015f bir aktif da\u011f\u0131t\u0131c\u0131 i\u00e7erir. Bu inhibit\u00f6r sistem filtresinin performans\u0131n\u0131 art\u0131r\u0131rken, korozyona ve kire\u00e7 olu\u015fumuna kar\u015f\u0131 tam koruma sa\u011flar. Bu yenilik\u00e7i, kan\u0131tlanm\u0131\u015f form\u00fcl ayn\u0131 zamanda sistem [&hellip;]<\/p>\n","protected":false},"featured_media":39633,"template":"","meta":{"_acf_changed":false},"product_brand":[],"product_cat":[175],"product_tag":[],"class_list":{"0":"post-39390","1":"product","2":"type-product","3":"status-publish","4":"has-post-thumbnail","6":"product_cat-inhibitors-protectors","8":"first","9":"instock","10":"purchasable","11":"product-type-simple"},"acf":[],"yoast_head":"<!-- This site is optimized with the Yoast SEO plugin v27.3 - https:\/\/yoast.com\/product\/yoast-seo-wordpress\/ -->\n<title>Protector+ Filter Fluid F9 500ml - Fernox Turkey<\/title>\n<meta name=\"robots\" content=\"index, follow, max-snippet:-1, max-image-preview:large, max-video-preview:-1\" \/>\n<link rel=\"canonical\" href=\"https:\/\/fernox.com\/tr\/product\/protector-filter-fluid-f9-500ml\/\" \/>\n<meta property=\"og:locale\" content=\"en_GB\" \/>\n<meta property=\"og:type\" content=\"article\" \/>\n<meta property=\"og:title\" content=\"Protector+ Filter Fluid F9 500ml - Fernox Turkey\" \/>\n<meta property=\"og:description\" content=\"Fernox TF1 s\u0131ral\u0131 sistem filtreleri veya di\u011fer benzer filtrelerle kullan\u0131lmak \u00fczere tasarlanan bu benzersiz inhibit\u00f6r paketi, bir filtre arac\u0131l\u0131\u011f\u0131yla korozyon, d\u00f6k\u00fcnt\u00fc ve kirecin g\u00fcvenli bir \u015fekilde toplanmas\u0131na yard\u0131mc\u0131 oldu\u011fu kan\u0131tlanm\u0131\u015f bir aktif da\u011f\u0131t\u0131c\u0131 i\u00e7erir. Bu inhibit\u00f6r sistem filtresinin performans\u0131n\u0131 art\u0131r\u0131rken, korozyona ve kire\u00e7 olu\u015fumuna kar\u015f\u0131 tam koruma sa\u011flar. Bu yenilik\u00e7i, kan\u0131tlanm\u0131\u015f form\u00fcl ayn\u0131 zamanda sistem [&hellip;]\" \/>\n<meta property=\"og:url\" content=\"https:\/\/fernox.com\/tr\/product\/protector-filter-fluid-f9-500ml\/\" \/>\n<meta property=\"og:site_name\" content=\"Fernox Turkey\" \/>\n<meta property=\"article:modified_time\" content=\"2026-03-19T09:29:44+00:00\" \/>\n<meta property=\"og:image\" content=\"https:\/\/fernox.com\/tr\/wp-content\/uploads\/sites\/24\/2026\/03\/62236-1LRS.jpg\" \/>\n\t<meta property=\"og:image:width\" content=\"800\" \/>\n\t<meta property=\"og:image:height\" content=\"800\" \/>\n\t<meta property=\"og:image:type\" content=\"image\/jpeg\" \/>\n<meta name=\"twitter:card\" content=\"summary_large_image\" \/>\n<meta name=\"twitter:label1\" content=\"Estimated reading time\" \/>\n\t<meta name=\"twitter:data1\" content=\"1 minute\" \/>\n<script type=\"application\/ld+json\" class=\"yoast-schema-graph\">{\"@context\":\"https:\\\/\\\/schema.org\",\"@graph\":[{\"@type\":\"WebPage\",\"@id\":\"https:\\\/\\\/fernox.com\\\/tr\\\/product\\\/protector-filter-fluid-f9-500ml\\\/\",\"url\":\"https:\\\/\\\/fernox.com\\\/tr\\\/product\\\/protector-filter-fluid-f9-500ml\\\/\",\"name\":\"Protector+ Filter Fluid F9 500ml - Fernox Turkey\",\"isPartOf\":{\"@id\":\"https:\\\/\\\/fernox.com\\\/tr\\\/#website\"},\"primaryImageOfPage\":{\"@id\":\"https:\\\/\\\/fernox.com\\\/tr\\\/product\\\/protector-filter-fluid-f9-500ml\\\/#primaryimage\"},\"image\":{\"@id\":\"https:\\\/\\\/fernox.com\\\/tr\\\/product\\\/protector-filter-fluid-f9-500ml\\\/#primaryimage\"},\"thumbnailUrl\":\"https:\\\/\\\/fernox.com\\\/tr\\\/wp-content\\\/uploads\\\/sites\\\/24\\\/2026\\\/03\\\/62236-1LRS.jpg\",\"datePublished\":\"2026-03-19T09:29:41+00:00\",\"dateModified\":\"2026-03-19T09:29:44+00:00\",\"breadcrumb\":{\"@id\":\"https:\\\/\\\/fernox.com\\\/tr\\\/product\\\/protector-filter-fluid-f9-500ml\\\/#breadcrumb\"},\"inLanguage\":\"en-GB\",\"potentialAction\":[{\"@type\":\"ReadAction\",\"target\":[\"https:\\\/\\\/fernox.com\\\/tr\\\/product\\\/protector-filter-fluid-f9-500ml\\\/\"]}]},{\"@type\":\"ImageObject\",\"inLanguage\":\"en-GB\",\"@id\":\"https:\\\/\\\/fernox.com\\\/tr\\\/product\\\/protector-filter-fluid-f9-500ml\\\/#primaryimage\",\"url\":\"https:\\\/\\\/fernox.com\\\/tr\\\/wp-content\\\/uploads\\\/sites\\\/24\\\/2026\\\/03\\\/62236-1LRS.jpg\",\"contentUrl\":\"https:\\\/\\\/fernox.com\\\/tr\\\/wp-content\\\/uploads\\\/sites\\\/24\\\/2026\\\/03\\\/62236-1LRS.jpg\",\"width\":800,\"height\":800},{\"@type\":\"BreadcrumbList\",\"@id\":\"https:\\\/\\\/fernox.com\\\/tr\\\/product\\\/protector-filter-fluid-f9-500ml\\\/#breadcrumb\",\"itemListElement\":[{\"@type\":\"ListItem\",\"position\":1,\"name\":\"Home\",\"item\":\"https:\\\/\\\/fernox.com\\\/tr\\\/\"},{\"@type\":\"ListItem\",\"position\":2,\"name\":\"Products\",\"item\":\"https:\\\/\\\/fernox.com\\\/tr\\\/shop\\\/\"},{\"@type\":\"ListItem\",\"position\":3,\"name\":\"Protector+ Filter Fluid F9 500ml\"}]},{\"@type\":\"WebSite\",\"@id\":\"https:\\\/\\\/fernox.com\\\/tr\\\/#website\",\"url\":\"https:\\\/\\\/fernox.com\\\/tr\\\/\",\"name\":\"Fernox Turkey\",\"description\":\"\",\"publisher\":{\"@id\":\"https:\\\/\\\/fernox.com\\\/tr\\\/#organization\"},\"potentialAction\":[{\"@type\":\"SearchAction\",\"target\":{\"@type\":\"EntryPoint\",\"urlTemplate\":\"https:\\\/\\\/fernox.com\\\/tr\\\/?s={search_term_string}\"},\"query-input\":{\"@type\":\"PropertyValueSpecification\",\"valueRequired\":true,\"valueName\":\"search_term_string\"}}],\"inLanguage\":\"en-GB\"},{\"@type\":\"Organization\",\"@id\":\"https:\\\/\\\/fernox.com\\\/tr\\\/#organization\",\"name\":\"Fernox Turkey\",\"url\":\"https:\\\/\\\/fernox.com\\\/tr\\\/\",\"logo\":{\"@type\":\"ImageObject\",\"inLanguage\":\"en-GB\",\"@id\":\"https:\\\/\\\/fernox.com\\\/tr\\\/#\\\/schema\\\/logo\\\/image\\\/\",\"url\":\"https:\\\/\\\/fernox.com\\\/tr\\\/wp-content\\\/uploads\\\/sites\\\/24\\\/2020\\\/11\\\/cropped-fernox-Logo-transparent.png\",\"contentUrl\":\"https:\\\/\\\/fernox.com\\\/tr\\\/wp-content\\\/uploads\\\/sites\\\/24\\\/2020\\\/11\\\/cropped-fernox-Logo-transparent.png\",\"width\":664,\"height\":150,\"caption\":\"Fernox Turkey\"},\"image\":{\"@id\":\"https:\\\/\\\/fernox.com\\\/tr\\\/#\\\/schema\\\/logo\\\/image\\\/\"}}]}<\/script>\n<!-- \/ Yoast SEO plugin. -->","yoast_head_json":{"title":"Protector+ Filter Fluid F9 500ml - Fernox Turkey","robots":{"index":"index","follow":"follow","max-snippet":"max-snippet:-1","max-image-preview":"max-image-preview:large","max-video-preview":"max-video-preview:-1"},"canonical":"https:\/\/fernox.com\/tr\/product\/protector-filter-fluid-f9-500ml\/","og_locale":"en_GB","og_type":"article","og_title":"Protector+ Filter Fluid F9 500ml - Fernox Turkey","og_description":"Fernox TF1 s\u0131ral\u0131 sistem filtreleri veya di\u011fer benzer filtrelerle kullan\u0131lmak \u00fczere tasarlanan bu benzersiz inhibit\u00f6r paketi, bir filtre arac\u0131l\u0131\u011f\u0131yla korozyon, d\u00f6k\u00fcnt\u00fc ve kirecin g\u00fcvenli bir \u015fekilde toplanmas\u0131na yard\u0131mc\u0131 oldu\u011fu kan\u0131tlanm\u0131\u015f bir aktif da\u011f\u0131t\u0131c\u0131 i\u00e7erir. Bu inhibit\u00f6r sistem filtresinin performans\u0131n\u0131 art\u0131r\u0131rken, korozyona ve kire\u00e7 olu\u015fumuna kar\u015f\u0131 tam koruma sa\u011flar. Bu yenilik\u00e7i, kan\u0131tlanm\u0131\u015f form\u00fcl ayn\u0131 zamanda sistem [&hellip;]","og_url":"https:\/\/fernox.com\/tr\/product\/protector-filter-fluid-f9-500ml\/","og_site_name":"Fernox Turkey","article_modified_time":"2026-03-19T09:29:44+00:00","og_image":[{"width":800,"height":800,"url":"https:\/\/fernox.com\/tr\/wp-content\/uploads\/sites\/24\/2026\/03\/62236-1LRS.jpg","type":"image\/jpeg"}],"twitter_card":"summary_large_image","twitter_misc":{"Estimated reading time":"1 minute"},"schema":{"@context":"https:\/\/schema.org","@graph":[{"@type":"WebPage","@id":"https:\/\/fernox.com\/tr\/product\/protector-filter-fluid-f9-500ml\/","url":"https:\/\/fernox.com\/tr\/product\/protector-filter-fluid-f9-500ml\/","name":"Protector+ Filter Fluid F9 500ml - Fernox Turkey","isPartOf":{"@id":"https:\/\/fernox.com\/tr\/#website"},"primaryImageOfPage":{"@id":"https:\/\/fernox.com\/tr\/product\/protector-filter-fluid-f9-500ml\/#primaryimage"},"image":{"@id":"https:\/\/fernox.com\/tr\/product\/protector-filter-fluid-f9-500ml\/#primaryimage"},"thumbnailUrl":"https:\/\/fernox.com\/tr\/wp-content\/uploads\/sites\/24\/2026\/03\/62236-1LRS.jpg","datePublished":"2026-03-19T09:29:41+00:00","dateModified":"2026-03-19T09:29:44+00:00","breadcrumb":{"@id":"https:\/\/fernox.com\/tr\/product\/protector-filter-fluid-f9-500ml\/#breadcrumb"},"inLanguage":"en-GB","potentialAction":[{"@type":"ReadAction","target":["https:\/\/fernox.com\/tr\/product\/protector-filter-fluid-f9-500ml\/"]}]},{"@type":"ImageObject","inLanguage":"en-GB","@id":"https:\/\/fernox.com\/tr\/product\/protector-filter-fluid-f9-500ml\/#primaryimage","url":"https:\/\/fernox.com\/tr\/wp-content\/uploads\/sites\/24\/2026\/03\/62236-1LRS.jpg","contentUrl":"https:\/\/fernox.com\/tr\/wp-content\/uploads\/sites\/24\/2026\/03\/62236-1LRS.jpg","width":800,"height":800},{"@type":"BreadcrumbList","@id":"https:\/\/fernox.com\/tr\/product\/protector-filter-fluid-f9-500ml\/#breadcrumb","itemListElement":[{"@type":"ListItem","position":1,"name":"Home","item":"https:\/\/fernox.com\/tr\/"},{"@type":"ListItem","position":2,"name":"Products","item":"https:\/\/fernox.com\/tr\/shop\/"},{"@type":"ListItem","position":3,"name":"Protector+ Filter Fluid F9 500ml"}]},{"@type":"WebSite","@id":"https:\/\/fernox.com\/tr\/#website","url":"https:\/\/fernox.com\/tr\/","name":"Fernox Turkey","description":"","publisher":{"@id":"https:\/\/fernox.com\/tr\/#organization"},"potentialAction":[{"@type":"SearchAction","target":{"@type":"EntryPoint","urlTemplate":"https:\/\/fernox.com\/tr\/?s={search_term_string}"},"query-input":{"@type":"PropertyValueSpecification","valueRequired":true,"valueName":"search_term_string"}}],"inLanguage":"en-GB"},{"@type":"Organization","@id":"https:\/\/fernox.com\/tr\/#organization","name":"Fernox Turkey","url":"https:\/\/fernox.com\/tr\/","logo":{"@type":"ImageObject","inLanguage":"en-GB","@id":"https:\/\/fernox.com\/tr\/#\/schema\/logo\/image\/","url":"https:\/\/fernox.com\/tr\/wp-content\/uploads\/sites\/24\/2020\/11\/cropped-fernox-Logo-transparent.png","contentUrl":"https:\/\/fernox.com\/tr\/wp-content\/uploads\/sites\/24\/2020\/11\/cropped-fernox-Logo-transparent.png","width":664,"height":150,"caption":"Fernox Turkey"},"image":{"@id":"https:\/\/fernox.com\/tr\/#\/schema\/logo\/image\/"}}]}},"_links":{"self":[{"href":"https:\/\/fernox.com\/tr\/wp-json\/wp\/v2\/product\/39390","targetHints":{"allow":["GET"]}}],"collection":[{"href":"https:\/\/fernox.com\/tr\/wp-json\/wp\/v2\/product"}],"about":[{"href":"https:\/\/fernox.com\/tr\/wp-json\/wp\/v2\/types\/product"}],"wp:featuredmedia":[{"embeddable":true,"href":"https:\/\/fernox.com\/tr\/wp-json\/wp\/v2\/media\/39633"}],"wp:attachment":[{"href":"https:\/\/fernox.com\/tr\/wp-json\/wp\/v2\/media?parent=39390"}],"wp:term":[{"taxonomy":"product_brand","embeddable":true,"href":"https:\/\/fernox.com\/tr\/wp-json\/wp\/v2\/product_brand?post=39390"},{"taxonomy":"product_cat","embeddable":true,"href":"https:\/\/fernox.com\/tr\/wp-json\/wp\/v2\/product_cat?post=39390"},{"taxonomy":"product_tag","embeddable":true,"href":"https:\/\/fernox.com\/tr\/wp-json\/wp\/v2\/product_tag?post=39390"}],"curies":[{"name":"wp","href":"https:\/\/api.w.org\/{rel}","templated":true}]}}