{"id":39386,"date":"2026-03-19T12:29:35","date_gmt":"2026-03-19T09:29:35","guid":{"rendered":"https:\/\/fernox.com\/tr\/product\/cleaner-f3-express-400ml\/"},"modified":"2026-03-19T12:29:39","modified_gmt":"2026-03-19T09:29:39","slug":"cleaner-f3-express-400ml","status":"publish","type":"product","link":"https:\/\/fernox.com\/tr\/product\/cleaner-f3-express-400ml\/","title":{"rendered":"Cleaner F3 Express 400ml"},"content":{"rendered":"<p>Power Cleaner F8, y\u00fcksek g\u00fc\u00e7te sitrik asit bazl\u0131 bir temizleyicidir ve a\u011f\u0131r kirlenmi\u015f \u0131s\u0131tma sistemlerinden tortu, kal\u0131nt\u0131 ve kireci gidermek i\u00e7in geli\u015ftirilmi\u015ftir. Mevcut sistemlerin h\u0131zl\u0131 ve kapsaml\u0131 \u015fekilde temizlenmesi gereken retrofit senaryolar\u0131 ve kombi de\u011fi\u015fimlerinde idealdir; bu h\u0131zl\u0131 etkili pH n\u00f6tr temizleyicinin g\u00fcc\u00fc, daha az zamanda \u00fcst\u00fcn temizlik sa\u011flar. Tek bir yo\u011fun \u015fi\u015fe, 130 litreye kadar (16 tekli radyat\u00f6r) daha b\u00fcy\u00fck merkezi \u0131s\u0131tma sistemlerinde veya 250 m\u00b2 yerden \u0131s\u0131tma alan\u0131nda kullan\u0131labilir. Power Cleaner F8, g\u00fc\u00e7l\u00fc temizleme (powerflushing) i\u015flemini destekler ve manuel ile manyetik temizleme s\u00fcre\u00e7lerinin etkinli\u011fini art\u0131r\u0131r. K\u00f6p\u00fcrmeyen form\u00fcl\u00fc sayesinde, sistemden kalan temizleyicinin giderilmesi i\u00e7in daha az zaman harcan\u0131r. pH n\u00f6tr form\u00fclasyonu, takip eden bir n\u00f6tralizasyon \u00fcr\u00fcn\u00fc kullan\u0131m\u0131n\u0131 gerektirmez. Is\u0131tma sistemlerinde yayg\u0131n olarak kullan\u0131lan al\u00fcminyum dahil t\u00fcm metal ve malzemelerle uyumludur.<\/p>\n<ul>\n<li>G\u00fc\u00e7l\u00fc, h\u0131zl\u0131 etkili sitrik asit bazl\u0131 temizleyici, mevcut ve a\u011f\u0131r kirlenmi\u015f sistemlerden tortu, kal\u0131nt\u0131 ve kireci giderir.\n<\/li>\n<li>Retrofit ve kombi de\u011fi\u015fim senaryolar\u0131 i\u00e7in idealdir.\n<\/li>\n<li>Is\u0131tma verimlili\u011fini geri kazand\u0131r\u0131r ve sistemin \u00f6mr\u00fcn\u00fc uzat\u0131r.\n<\/li>\n<li>Tek bir 500 ml geri d\u00f6n\u00fc\u015ft\u00fcr\u00fclebilir \u015fi\u015fe, 130 litre sistem suyunu (16 radyat\u00f6r) ve 250 m\u00b2 yerden \u0131s\u0131tma sistemine e\u015fde\u011fer alan\u0131 temizler.\n<\/li>\n<li>pH n\u00f6tr form\u00fclasyon \u2014 n\u00f6tralize edici \u00fcr\u00fcn gerektirmez, b\u00f6ylece sahada zaman ve maliyetten tasarruf sa\u011flar.\n<p><\/li>\n<\/ul>\n","protected":false},"excerpt":{"rendered":"<p>Power Cleaner F8, y\u00fcksek g\u00fc\u00e7te sitrik asit bazl\u0131 bir temizleyicidir ve a\u011f\u0131r kirlenmi\u015f \u0131s\u0131tma sistemlerinden tortu, kal\u0131nt\u0131 ve kireci gidermek i\u00e7in geli\u015ftirilmi\u015ftir. Mevcut sistemlerin h\u0131zl\u0131 ve kapsaml\u0131 \u015fekilde temizlenmesi gereken retrofit senaryolar\u0131 ve kombi de\u011fi\u015fimlerinde idealdir; bu h\u0131zl\u0131 etkili pH n\u00f6tr temizleyicinin g\u00fcc\u00fc, daha az zamanda \u00fcst\u00fcn temizlik sa\u011flar. Tek bir yo\u011fun \u015fi\u015fe, 130 litreye [&hellip;]<\/p>\n","protected":false},"featured_media":39631,"template":"","meta":{"_acf_changed":false},"product_brand":[],"product_cat":[178],"product_tag":[],"class_list":{"0":"post-39386","1":"product","2":"type-product","3":"status-publish","4":"has-post-thumbnail","6":"product_cat-cleaners","8":"first","9":"instock","10":"purchasable","11":"product-type-simple"},"acf":[],"yoast_head":"<!-- This site is optimized with the Yoast SEO plugin v27.3 - https:\/\/yoast.com\/product\/yoast-seo-wordpress\/ -->\n<title>Cleaner F3 Express 400ml - Fernox Turkey<\/title>\n<meta name=\"robots\" content=\"index, follow, max-snippet:-1, max-image-preview:large, max-video-preview:-1\" \/>\n<link rel=\"canonical\" href=\"https:\/\/fernox.com\/tr\/product\/cleaner-f3-express-400ml\/\" \/>\n<meta property=\"og:locale\" content=\"en_GB\" \/>\n<meta property=\"og:type\" content=\"article\" \/>\n<meta property=\"og:title\" content=\"Cleaner F3 Express 400ml - Fernox Turkey\" \/>\n<meta property=\"og:description\" content=\"Power Cleaner F8, y\u00fcksek g\u00fc\u00e7te sitrik asit bazl\u0131 bir temizleyicidir ve a\u011f\u0131r kirlenmi\u015f \u0131s\u0131tma sistemlerinden tortu, kal\u0131nt\u0131 ve kireci gidermek i\u00e7in geli\u015ftirilmi\u015ftir. Mevcut sistemlerin h\u0131zl\u0131 ve kapsaml\u0131 \u015fekilde temizlenmesi gereken retrofit senaryolar\u0131 ve kombi de\u011fi\u015fimlerinde idealdir; bu h\u0131zl\u0131 etkili pH n\u00f6tr temizleyicinin g\u00fcc\u00fc, daha az zamanda \u00fcst\u00fcn temizlik sa\u011flar. Tek bir yo\u011fun \u015fi\u015fe, 130 litreye [&hellip;]\" \/>\n<meta property=\"og:url\" content=\"https:\/\/fernox.com\/tr\/product\/cleaner-f3-express-400ml\/\" \/>\n<meta property=\"og:site_name\" content=\"Fernox Turkey\" \/>\n<meta property=\"article:modified_time\" content=\"2026-03-19T09:29:39+00:00\" \/>\n<meta property=\"og:image\" content=\"https:\/\/fernox.com\/tr\/wp-content\/uploads\/sites\/24\/2026\/03\/62420-1LRS_zkyxaf.jpg\" \/>\n\t<meta property=\"og:image:width\" content=\"800\" \/>\n\t<meta property=\"og:image:height\" content=\"800\" \/>\n\t<meta property=\"og:image:type\" content=\"image\/jpeg\" \/>\n<meta name=\"twitter:card\" content=\"summary_large_image\" \/>\n<meta name=\"twitter:label1\" content=\"Estimated reading time\" \/>\n\t<meta name=\"twitter:data1\" content=\"1 minute\" \/>\n<script type=\"application\/ld+json\" class=\"yoast-schema-graph\">{\"@context\":\"https:\\\/\\\/schema.org\",\"@graph\":[{\"@type\":\"WebPage\",\"@id\":\"https:\\\/\\\/fernox.com\\\/tr\\\/product\\\/cleaner-f3-express-400ml\\\/\",\"url\":\"https:\\\/\\\/fernox.com\\\/tr\\\/product\\\/cleaner-f3-express-400ml\\\/\",\"name\":\"Cleaner F3 Express 400ml - Fernox Turkey\",\"isPartOf\":{\"@id\":\"https:\\\/\\\/fernox.com\\\/tr\\\/#website\"},\"primaryImageOfPage\":{\"@id\":\"https:\\\/\\\/fernox.com\\\/tr\\\/product\\\/cleaner-f3-express-400ml\\\/#primaryimage\"},\"image\":{\"@id\":\"https:\\\/\\\/fernox.com\\\/tr\\\/product\\\/cleaner-f3-express-400ml\\\/#primaryimage\"},\"thumbnailUrl\":\"https:\\\/\\\/fernox.com\\\/tr\\\/wp-content\\\/uploads\\\/sites\\\/24\\\/2026\\\/03\\\/62420-1LRS_zkyxaf.jpg\",\"datePublished\":\"2026-03-19T09:29:35+00:00\",\"dateModified\":\"2026-03-19T09:29:39+00:00\",\"breadcrumb\":{\"@id\":\"https:\\\/\\\/fernox.com\\\/tr\\\/product\\\/cleaner-f3-express-400ml\\\/#breadcrumb\"},\"inLanguage\":\"en-GB\",\"potentialAction\":[{\"@type\":\"ReadAction\",\"target\":[\"https:\\\/\\\/fernox.com\\\/tr\\\/product\\\/cleaner-f3-express-400ml\\\/\"]}]},{\"@type\":\"ImageObject\",\"inLanguage\":\"en-GB\",\"@id\":\"https:\\\/\\\/fernox.com\\\/tr\\\/product\\\/cleaner-f3-express-400ml\\\/#primaryimage\",\"url\":\"https:\\\/\\\/fernox.com\\\/tr\\\/wp-content\\\/uploads\\\/sites\\\/24\\\/2026\\\/03\\\/62420-1LRS_zkyxaf.jpg\",\"contentUrl\":\"https:\\\/\\\/fernox.com\\\/tr\\\/wp-content\\\/uploads\\\/sites\\\/24\\\/2026\\\/03\\\/62420-1LRS_zkyxaf.jpg\",\"width\":800,\"height\":800},{\"@type\":\"BreadcrumbList\",\"@id\":\"https:\\\/\\\/fernox.com\\\/tr\\\/product\\\/cleaner-f3-express-400ml\\\/#breadcrumb\",\"itemListElement\":[{\"@type\":\"ListItem\",\"position\":1,\"name\":\"Home\",\"item\":\"https:\\\/\\\/fernox.com\\\/tr\\\/\"},{\"@type\":\"ListItem\",\"position\":2,\"name\":\"Products\",\"item\":\"https:\\\/\\\/fernox.com\\\/tr\\\/shop\\\/\"},{\"@type\":\"ListItem\",\"position\":3,\"name\":\"Cleaner F3 Express 400ml\"}]},{\"@type\":\"WebSite\",\"@id\":\"https:\\\/\\\/fernox.com\\\/tr\\\/#website\",\"url\":\"https:\\\/\\\/fernox.com\\\/tr\\\/\",\"name\":\"Fernox Turkey\",\"description\":\"\",\"publisher\":{\"@id\":\"https:\\\/\\\/fernox.com\\\/tr\\\/#organization\"},\"potentialAction\":[{\"@type\":\"SearchAction\",\"target\":{\"@type\":\"EntryPoint\",\"urlTemplate\":\"https:\\\/\\\/fernox.com\\\/tr\\\/?s={search_term_string}\"},\"query-input\":{\"@type\":\"PropertyValueSpecification\",\"valueRequired\":true,\"valueName\":\"search_term_string\"}}],\"inLanguage\":\"en-GB\"},{\"@type\":\"Organization\",\"@id\":\"https:\\\/\\\/fernox.com\\\/tr\\\/#organization\",\"name\":\"Fernox Turkey\",\"url\":\"https:\\\/\\\/fernox.com\\\/tr\\\/\",\"logo\":{\"@type\":\"ImageObject\",\"inLanguage\":\"en-GB\",\"@id\":\"https:\\\/\\\/fernox.com\\\/tr\\\/#\\\/schema\\\/logo\\\/image\\\/\",\"url\":\"https:\\\/\\\/fernox.com\\\/tr\\\/wp-content\\\/uploads\\\/sites\\\/24\\\/2020\\\/11\\\/cropped-fernox-Logo-transparent.png\",\"contentUrl\":\"https:\\\/\\\/fernox.com\\\/tr\\\/wp-content\\\/uploads\\\/sites\\\/24\\\/2020\\\/11\\\/cropped-fernox-Logo-transparent.png\",\"width\":664,\"height\":150,\"caption\":\"Fernox Turkey\"},\"image\":{\"@id\":\"https:\\\/\\\/fernox.com\\\/tr\\\/#\\\/schema\\\/logo\\\/image\\\/\"}}]}<\/script>\n<!-- \/ Yoast SEO plugin. -->","yoast_head_json":{"title":"Cleaner F3 Express 400ml - Fernox Turkey","robots":{"index":"index","follow":"follow","max-snippet":"max-snippet:-1","max-image-preview":"max-image-preview:large","max-video-preview":"max-video-preview:-1"},"canonical":"https:\/\/fernox.com\/tr\/product\/cleaner-f3-express-400ml\/","og_locale":"en_GB","og_type":"article","og_title":"Cleaner F3 Express 400ml - Fernox Turkey","og_description":"Power Cleaner F8, y\u00fcksek g\u00fc\u00e7te sitrik asit bazl\u0131 bir temizleyicidir ve a\u011f\u0131r kirlenmi\u015f \u0131s\u0131tma sistemlerinden tortu, kal\u0131nt\u0131 ve kireci gidermek i\u00e7in geli\u015ftirilmi\u015ftir. Mevcut sistemlerin h\u0131zl\u0131 ve kapsaml\u0131 \u015fekilde temizlenmesi gereken retrofit senaryolar\u0131 ve kombi de\u011fi\u015fimlerinde idealdir; bu h\u0131zl\u0131 etkili pH n\u00f6tr temizleyicinin g\u00fcc\u00fc, daha az zamanda \u00fcst\u00fcn temizlik sa\u011flar. Tek bir yo\u011fun \u015fi\u015fe, 130 litreye [&hellip;]","og_url":"https:\/\/fernox.com\/tr\/product\/cleaner-f3-express-400ml\/","og_site_name":"Fernox Turkey","article_modified_time":"2026-03-19T09:29:39+00:00","og_image":[{"width":800,"height":800,"url":"https:\/\/fernox.com\/tr\/wp-content\/uploads\/sites\/24\/2026\/03\/62420-1LRS_zkyxaf.jpg","type":"image\/jpeg"}],"twitter_card":"summary_large_image","twitter_misc":{"Estimated reading time":"1 minute"},"schema":{"@context":"https:\/\/schema.org","@graph":[{"@type":"WebPage","@id":"https:\/\/fernox.com\/tr\/product\/cleaner-f3-express-400ml\/","url":"https:\/\/fernox.com\/tr\/product\/cleaner-f3-express-400ml\/","name":"Cleaner F3 Express 400ml - Fernox Turkey","isPartOf":{"@id":"https:\/\/fernox.com\/tr\/#website"},"primaryImageOfPage":{"@id":"https:\/\/fernox.com\/tr\/product\/cleaner-f3-express-400ml\/#primaryimage"},"image":{"@id":"https:\/\/fernox.com\/tr\/product\/cleaner-f3-express-400ml\/#primaryimage"},"thumbnailUrl":"https:\/\/fernox.com\/tr\/wp-content\/uploads\/sites\/24\/2026\/03\/62420-1LRS_zkyxaf.jpg","datePublished":"2026-03-19T09:29:35+00:00","dateModified":"2026-03-19T09:29:39+00:00","breadcrumb":{"@id":"https:\/\/fernox.com\/tr\/product\/cleaner-f3-express-400ml\/#breadcrumb"},"inLanguage":"en-GB","potentialAction":[{"@type":"ReadAction","target":["https:\/\/fernox.com\/tr\/product\/cleaner-f3-express-400ml\/"]}]},{"@type":"ImageObject","inLanguage":"en-GB","@id":"https:\/\/fernox.com\/tr\/product\/cleaner-f3-express-400ml\/#primaryimage","url":"https:\/\/fernox.com\/tr\/wp-content\/uploads\/sites\/24\/2026\/03\/62420-1LRS_zkyxaf.jpg","contentUrl":"https:\/\/fernox.com\/tr\/wp-content\/uploads\/sites\/24\/2026\/03\/62420-1LRS_zkyxaf.jpg","width":800,"height":800},{"@type":"BreadcrumbList","@id":"https:\/\/fernox.com\/tr\/product\/cleaner-f3-express-400ml\/#breadcrumb","itemListElement":[{"@type":"ListItem","position":1,"name":"Home","item":"https:\/\/fernox.com\/tr\/"},{"@type":"ListItem","position":2,"name":"Products","item":"https:\/\/fernox.com\/tr\/shop\/"},{"@type":"ListItem","position":3,"name":"Cleaner F3 Express 400ml"}]},{"@type":"WebSite","@id":"https:\/\/fernox.com\/tr\/#website","url":"https:\/\/fernox.com\/tr\/","name":"Fernox Turkey","description":"","publisher":{"@id":"https:\/\/fernox.com\/tr\/#organization"},"potentialAction":[{"@type":"SearchAction","target":{"@type":"EntryPoint","urlTemplate":"https:\/\/fernox.com\/tr\/?s={search_term_string}"},"query-input":{"@type":"PropertyValueSpecification","valueRequired":true,"valueName":"search_term_string"}}],"inLanguage":"en-GB"},{"@type":"Organization","@id":"https:\/\/fernox.com\/tr\/#organization","name":"Fernox Turkey","url":"https:\/\/fernox.com\/tr\/","logo":{"@type":"ImageObject","inLanguage":"en-GB","@id":"https:\/\/fernox.com\/tr\/#\/schema\/logo\/image\/","url":"https:\/\/fernox.com\/tr\/wp-content\/uploads\/sites\/24\/2020\/11\/cropped-fernox-Logo-transparent.png","contentUrl":"https:\/\/fernox.com\/tr\/wp-content\/uploads\/sites\/24\/2020\/11\/cropped-fernox-Logo-transparent.png","width":664,"height":150,"caption":"Fernox Turkey"},"image":{"@id":"https:\/\/fernox.com\/tr\/#\/schema\/logo\/image\/"}}]}},"_links":{"self":[{"href":"https:\/\/fernox.com\/tr\/wp-json\/wp\/v2\/product\/39386","targetHints":{"allow":["GET"]}}],"collection":[{"href":"https:\/\/fernox.com\/tr\/wp-json\/wp\/v2\/product"}],"about":[{"href":"https:\/\/fernox.com\/tr\/wp-json\/wp\/v2\/types\/product"}],"wp:featuredmedia":[{"embeddable":true,"href":"https:\/\/fernox.com\/tr\/wp-json\/wp\/v2\/media\/39631"}],"wp:attachment":[{"href":"https:\/\/fernox.com\/tr\/wp-json\/wp\/v2\/media?parent=39386"}],"wp:term":[{"taxonomy":"product_brand","embeddable":true,"href":"https:\/\/fernox.com\/tr\/wp-json\/wp\/v2\/product_brand?post=39386"},{"taxonomy":"product_cat","embeddable":true,"href":"https:\/\/fernox.com\/tr\/wp-json\/wp\/v2\/product_cat?post=39386"},{"taxonomy":"product_tag","embeddable":true,"href":"https:\/\/fernox.com\/tr\/wp-json\/wp\/v2\/product_tag?post=39386"}],"curies":[{"name":"wp","href":"https:\/\/api.w.org\/{rel}","templated":true}]}}