{"id":39382,"date":"2026-03-19T12:29:35","date_gmt":"2026-03-19T09:29:35","guid":{"rendered":"https:\/\/fernox.com\/tr\/product\/tf1-sigma-filter-flushing-adapter\/"},"modified":"2026-03-19T12:29:36","modified_gmt":"2026-03-19T09:29:36","slug":"tf1-sigma-filter-flushing-adapter","status":"publish","type":"product","link":"https:\/\/fernox.com\/tr\/product\/tf1-sigma-filter-flushing-adapter\/","title":{"rendered":"TF1 Sigma Filter Flushing Adapter"},"content":{"rendered":"<p>Kullan\u0131m\u0131 kolay TF1 Sigma Y\u0131kama Adapt\u00f6r\u00fc, TF1 Sigma Filtre ile birlikte \u00e7al\u0131\u015fmak \u00fczere tasarlanm\u0131\u015ft\u0131r ve g\u00fc\u00e7 y\u0131kama makinesini sisteme h\u0131zl\u0131 ve kolay bir \u015fekilde ba\u011flamak i\u00e7in kullan\u0131l\u0131r. Filtre ana g\u00f6vdesini giri\u015f\/\u00e7\u0131k\u0131\u015f manifoldundan de\u011fi\u015ftirerek, Adapt\u00f6r \u00fcniteye tak\u0131labilir. Adapt\u00f6r ayr\u0131ca TF1 Sigma Filtresinin tahliye vanas\u0131 arac\u0131l\u0131\u011f\u0131yla h\u0131zl\u0131 ve kolay dozajlama imkan\u0131 sa\u011flar.<\/p>\n<ul>\n<li>Fernox TF1 Sigma Filtresi ile ba\u011flant\u0131 sayesinde h\u0131zl\u0131 ve kolay y\u0131kama\n<\/li>\n<li>Tam ak\u0131\u015f h\u0131z\u0131 ile temizlik verimlili\u011fini optimize eder\n<\/li>\n<li>Kombi kazan\u0131ndaki ikincil \u0131s\u0131 e\u015fanj\u00f6r\u00fcn\u00fcn birincil taraf\u0131n\u0131n, sadece evsel s\u0131cak su muslu\u011funu a\u00e7arak kazan y\u00f6nlendirme vanas\u0131n\u0131 devreye sokarak temizlenmesini sa\u011flar\n<\/li>\n<li>Fernox TF1 Sigma Filtre Y\u0131kama Adapt\u00f6r\u00fc 85\u00b0C&#8217;ye kadar dayan\u0131kl\u0131d\u0131r\n<p><\/li>\n<\/ul>\n","protected":false},"excerpt":{"rendered":"<p>Kullan\u0131m\u0131 kolay TF1 Sigma Y\u0131kama Adapt\u00f6r\u00fc, TF1 Sigma Filtre ile birlikte \u00e7al\u0131\u015fmak \u00fczere tasarlanm\u0131\u015ft\u0131r ve g\u00fc\u00e7 y\u0131kama makinesini sisteme h\u0131zl\u0131 ve kolay bir \u015fekilde ba\u011flamak i\u00e7in kullan\u0131l\u0131r. Filtre ana g\u00f6vdesini giri\u015f\/\u00e7\u0131k\u0131\u015f manifoldundan de\u011fi\u015ftirerek, Adapt\u00f6r \u00fcniteye tak\u0131labilir. Adapt\u00f6r ayr\u0131ca TF1 Sigma Filtresinin tahliye vanas\u0131 arac\u0131l\u0131\u011f\u0131yla h\u0131zl\u0131 ve kolay dozajlama imkan\u0131 sa\u011flar. Fernox TF1 Sigma Filtresi ile [&hellip;]<\/p>\n","protected":false},"featured_media":39629,"template":"","meta":{"_acf_changed":false},"product_brand":[],"product_cat":[179],"product_tag":[],"class_list":{"0":"post-39382","1":"product","2":"type-product","3":"status-publish","4":"has-post-thumbnail","6":"product_cat-equipment","8":"first","9":"instock","10":"purchasable","11":"product-type-simple"},"acf":[],"yoast_head":"<!-- This site is optimized with the Yoast SEO plugin v27.3 - https:\/\/yoast.com\/product\/yoast-seo-wordpress\/ -->\n<title>TF1 Sigma Filter Flushing Adapter - Fernox Turkey<\/title>\n<meta name=\"robots\" content=\"index, follow, max-snippet:-1, max-image-preview:large, max-video-preview:-1\" \/>\n<link rel=\"canonical\" href=\"https:\/\/fernox.com\/tr\/product\/tf1-sigma-filter-flushing-adapter\/\" \/>\n<meta property=\"og:locale\" content=\"en_GB\" \/>\n<meta property=\"og:type\" content=\"article\" \/>\n<meta property=\"og:title\" content=\"TF1 Sigma Filter Flushing Adapter - Fernox Turkey\" \/>\n<meta property=\"og:description\" content=\"Kullan\u0131m\u0131 kolay TF1 Sigma Y\u0131kama Adapt\u00f6r\u00fc, TF1 Sigma Filtre ile birlikte \u00e7al\u0131\u015fmak \u00fczere tasarlanm\u0131\u015ft\u0131r ve g\u00fc\u00e7 y\u0131kama makinesini sisteme h\u0131zl\u0131 ve kolay bir \u015fekilde ba\u011flamak i\u00e7in kullan\u0131l\u0131r. Filtre ana g\u00f6vdesini giri\u015f\/\u00e7\u0131k\u0131\u015f manifoldundan de\u011fi\u015ftirerek, Adapt\u00f6r \u00fcniteye tak\u0131labilir. Adapt\u00f6r ayr\u0131ca TF1 Sigma Filtresinin tahliye vanas\u0131 arac\u0131l\u0131\u011f\u0131yla h\u0131zl\u0131 ve kolay dozajlama imkan\u0131 sa\u011flar. Fernox TF1 Sigma Filtresi ile [&hellip;]\" \/>\n<meta property=\"og:url\" content=\"https:\/\/fernox.com\/tr\/product\/tf1-sigma-filter-flushing-adapter\/\" \/>\n<meta property=\"og:site_name\" content=\"Fernox Turkey\" \/>\n<meta property=\"article:modified_time\" content=\"2026-03-19T09:29:36+00:00\" \/>\n<meta property=\"og:image\" content=\"https:\/\/fernox.com\/tr\/wp-content\/uploads\/sites\/24\/2026\/03\/62453-1LRS.jpg\" \/>\n\t<meta property=\"og:image:width\" content=\"600\" \/>\n\t<meta property=\"og:image:height\" content=\"600\" \/>\n\t<meta property=\"og:image:type\" content=\"image\/jpeg\" \/>\n<meta name=\"twitter:card\" content=\"summary_large_image\" \/>\n<meta name=\"twitter:label1\" content=\"Estimated reading time\" \/>\n\t<meta name=\"twitter:data1\" content=\"1 minute\" \/>\n<script type=\"application\/ld+json\" class=\"yoast-schema-graph\">{\"@context\":\"https:\\\/\\\/schema.org\",\"@graph\":[{\"@type\":\"WebPage\",\"@id\":\"https:\\\/\\\/fernox.com\\\/tr\\\/product\\\/tf1-sigma-filter-flushing-adapter\\\/\",\"url\":\"https:\\\/\\\/fernox.com\\\/tr\\\/product\\\/tf1-sigma-filter-flushing-adapter\\\/\",\"name\":\"TF1 Sigma Filter Flushing Adapter - Fernox Turkey\",\"isPartOf\":{\"@id\":\"https:\\\/\\\/fernox.com\\\/tr\\\/#website\"},\"primaryImageOfPage\":{\"@id\":\"https:\\\/\\\/fernox.com\\\/tr\\\/product\\\/tf1-sigma-filter-flushing-adapter\\\/#primaryimage\"},\"image\":{\"@id\":\"https:\\\/\\\/fernox.com\\\/tr\\\/product\\\/tf1-sigma-filter-flushing-adapter\\\/#primaryimage\"},\"thumbnailUrl\":\"https:\\\/\\\/fernox.com\\\/tr\\\/wp-content\\\/uploads\\\/sites\\\/24\\\/2026\\\/03\\\/62453-1LRS.jpg\",\"datePublished\":\"2026-03-19T09:29:35+00:00\",\"dateModified\":\"2026-03-19T09:29:36+00:00\",\"breadcrumb\":{\"@id\":\"https:\\\/\\\/fernox.com\\\/tr\\\/product\\\/tf1-sigma-filter-flushing-adapter\\\/#breadcrumb\"},\"inLanguage\":\"en-GB\",\"potentialAction\":[{\"@type\":\"ReadAction\",\"target\":[\"https:\\\/\\\/fernox.com\\\/tr\\\/product\\\/tf1-sigma-filter-flushing-adapter\\\/\"]}]},{\"@type\":\"ImageObject\",\"inLanguage\":\"en-GB\",\"@id\":\"https:\\\/\\\/fernox.com\\\/tr\\\/product\\\/tf1-sigma-filter-flushing-adapter\\\/#primaryimage\",\"url\":\"https:\\\/\\\/fernox.com\\\/tr\\\/wp-content\\\/uploads\\\/sites\\\/24\\\/2026\\\/03\\\/62453-1LRS.jpg\",\"contentUrl\":\"https:\\\/\\\/fernox.com\\\/tr\\\/wp-content\\\/uploads\\\/sites\\\/24\\\/2026\\\/03\\\/62453-1LRS.jpg\",\"width\":600,\"height\":600},{\"@type\":\"BreadcrumbList\",\"@id\":\"https:\\\/\\\/fernox.com\\\/tr\\\/product\\\/tf1-sigma-filter-flushing-adapter\\\/#breadcrumb\",\"itemListElement\":[{\"@type\":\"ListItem\",\"position\":1,\"name\":\"Home\",\"item\":\"https:\\\/\\\/fernox.com\\\/tr\\\/\"},{\"@type\":\"ListItem\",\"position\":2,\"name\":\"Products\",\"item\":\"https:\\\/\\\/fernox.com\\\/tr\\\/shop\\\/\"},{\"@type\":\"ListItem\",\"position\":3,\"name\":\"TF1 Sigma Filter Flushing Adapter\"}]},{\"@type\":\"WebSite\",\"@id\":\"https:\\\/\\\/fernox.com\\\/tr\\\/#website\",\"url\":\"https:\\\/\\\/fernox.com\\\/tr\\\/\",\"name\":\"Fernox Turkey\",\"description\":\"\",\"publisher\":{\"@id\":\"https:\\\/\\\/fernox.com\\\/tr\\\/#organization\"},\"potentialAction\":[{\"@type\":\"SearchAction\",\"target\":{\"@type\":\"EntryPoint\",\"urlTemplate\":\"https:\\\/\\\/fernox.com\\\/tr\\\/?s={search_term_string}\"},\"query-input\":{\"@type\":\"PropertyValueSpecification\",\"valueRequired\":true,\"valueName\":\"search_term_string\"}}],\"inLanguage\":\"en-GB\"},{\"@type\":\"Organization\",\"@id\":\"https:\\\/\\\/fernox.com\\\/tr\\\/#organization\",\"name\":\"Fernox Turkey\",\"url\":\"https:\\\/\\\/fernox.com\\\/tr\\\/\",\"logo\":{\"@type\":\"ImageObject\",\"inLanguage\":\"en-GB\",\"@id\":\"https:\\\/\\\/fernox.com\\\/tr\\\/#\\\/schema\\\/logo\\\/image\\\/\",\"url\":\"https:\\\/\\\/fernox.com\\\/tr\\\/wp-content\\\/uploads\\\/sites\\\/24\\\/2020\\\/11\\\/cropped-fernox-Logo-transparent.png\",\"contentUrl\":\"https:\\\/\\\/fernox.com\\\/tr\\\/wp-content\\\/uploads\\\/sites\\\/24\\\/2020\\\/11\\\/cropped-fernox-Logo-transparent.png\",\"width\":664,\"height\":150,\"caption\":\"Fernox Turkey\"},\"image\":{\"@id\":\"https:\\\/\\\/fernox.com\\\/tr\\\/#\\\/schema\\\/logo\\\/image\\\/\"}}]}<\/script>\n<!-- \/ Yoast SEO plugin. -->","yoast_head_json":{"title":"TF1 Sigma Filter Flushing Adapter - Fernox Turkey","robots":{"index":"index","follow":"follow","max-snippet":"max-snippet:-1","max-image-preview":"max-image-preview:large","max-video-preview":"max-video-preview:-1"},"canonical":"https:\/\/fernox.com\/tr\/product\/tf1-sigma-filter-flushing-adapter\/","og_locale":"en_GB","og_type":"article","og_title":"TF1 Sigma Filter Flushing Adapter - Fernox Turkey","og_description":"Kullan\u0131m\u0131 kolay TF1 Sigma Y\u0131kama Adapt\u00f6r\u00fc, TF1 Sigma Filtre ile birlikte \u00e7al\u0131\u015fmak \u00fczere tasarlanm\u0131\u015ft\u0131r ve g\u00fc\u00e7 y\u0131kama makinesini sisteme h\u0131zl\u0131 ve kolay bir \u015fekilde ba\u011flamak i\u00e7in kullan\u0131l\u0131r. Filtre ana g\u00f6vdesini giri\u015f\/\u00e7\u0131k\u0131\u015f manifoldundan de\u011fi\u015ftirerek, Adapt\u00f6r \u00fcniteye tak\u0131labilir. Adapt\u00f6r ayr\u0131ca TF1 Sigma Filtresinin tahliye vanas\u0131 arac\u0131l\u0131\u011f\u0131yla h\u0131zl\u0131 ve kolay dozajlama imkan\u0131 sa\u011flar. Fernox TF1 Sigma Filtresi ile [&hellip;]","og_url":"https:\/\/fernox.com\/tr\/product\/tf1-sigma-filter-flushing-adapter\/","og_site_name":"Fernox Turkey","article_modified_time":"2026-03-19T09:29:36+00:00","og_image":[{"width":600,"height":600,"url":"https:\/\/fernox.com\/tr\/wp-content\/uploads\/sites\/24\/2026\/03\/62453-1LRS.jpg","type":"image\/jpeg"}],"twitter_card":"summary_large_image","twitter_misc":{"Estimated reading time":"1 minute"},"schema":{"@context":"https:\/\/schema.org","@graph":[{"@type":"WebPage","@id":"https:\/\/fernox.com\/tr\/product\/tf1-sigma-filter-flushing-adapter\/","url":"https:\/\/fernox.com\/tr\/product\/tf1-sigma-filter-flushing-adapter\/","name":"TF1 Sigma Filter Flushing Adapter - Fernox Turkey","isPartOf":{"@id":"https:\/\/fernox.com\/tr\/#website"},"primaryImageOfPage":{"@id":"https:\/\/fernox.com\/tr\/product\/tf1-sigma-filter-flushing-adapter\/#primaryimage"},"image":{"@id":"https:\/\/fernox.com\/tr\/product\/tf1-sigma-filter-flushing-adapter\/#primaryimage"},"thumbnailUrl":"https:\/\/fernox.com\/tr\/wp-content\/uploads\/sites\/24\/2026\/03\/62453-1LRS.jpg","datePublished":"2026-03-19T09:29:35+00:00","dateModified":"2026-03-19T09:29:36+00:00","breadcrumb":{"@id":"https:\/\/fernox.com\/tr\/product\/tf1-sigma-filter-flushing-adapter\/#breadcrumb"},"inLanguage":"en-GB","potentialAction":[{"@type":"ReadAction","target":["https:\/\/fernox.com\/tr\/product\/tf1-sigma-filter-flushing-adapter\/"]}]},{"@type":"ImageObject","inLanguage":"en-GB","@id":"https:\/\/fernox.com\/tr\/product\/tf1-sigma-filter-flushing-adapter\/#primaryimage","url":"https:\/\/fernox.com\/tr\/wp-content\/uploads\/sites\/24\/2026\/03\/62453-1LRS.jpg","contentUrl":"https:\/\/fernox.com\/tr\/wp-content\/uploads\/sites\/24\/2026\/03\/62453-1LRS.jpg","width":600,"height":600},{"@type":"BreadcrumbList","@id":"https:\/\/fernox.com\/tr\/product\/tf1-sigma-filter-flushing-adapter\/#breadcrumb","itemListElement":[{"@type":"ListItem","position":1,"name":"Home","item":"https:\/\/fernox.com\/tr\/"},{"@type":"ListItem","position":2,"name":"Products","item":"https:\/\/fernox.com\/tr\/shop\/"},{"@type":"ListItem","position":3,"name":"TF1 Sigma Filter Flushing Adapter"}]},{"@type":"WebSite","@id":"https:\/\/fernox.com\/tr\/#website","url":"https:\/\/fernox.com\/tr\/","name":"Fernox Turkey","description":"","publisher":{"@id":"https:\/\/fernox.com\/tr\/#organization"},"potentialAction":[{"@type":"SearchAction","target":{"@type":"EntryPoint","urlTemplate":"https:\/\/fernox.com\/tr\/?s={search_term_string}"},"query-input":{"@type":"PropertyValueSpecification","valueRequired":true,"valueName":"search_term_string"}}],"inLanguage":"en-GB"},{"@type":"Organization","@id":"https:\/\/fernox.com\/tr\/#organization","name":"Fernox Turkey","url":"https:\/\/fernox.com\/tr\/","logo":{"@type":"ImageObject","inLanguage":"en-GB","@id":"https:\/\/fernox.com\/tr\/#\/schema\/logo\/image\/","url":"https:\/\/fernox.com\/tr\/wp-content\/uploads\/sites\/24\/2020\/11\/cropped-fernox-Logo-transparent.png","contentUrl":"https:\/\/fernox.com\/tr\/wp-content\/uploads\/sites\/24\/2020\/11\/cropped-fernox-Logo-transparent.png","width":664,"height":150,"caption":"Fernox Turkey"},"image":{"@id":"https:\/\/fernox.com\/tr\/#\/schema\/logo\/image\/"}}]}},"_links":{"self":[{"href":"https:\/\/fernox.com\/tr\/wp-json\/wp\/v2\/product\/39382","targetHints":{"allow":["GET"]}}],"collection":[{"href":"https:\/\/fernox.com\/tr\/wp-json\/wp\/v2\/product"}],"about":[{"href":"https:\/\/fernox.com\/tr\/wp-json\/wp\/v2\/types\/product"}],"wp:featuredmedia":[{"embeddable":true,"href":"https:\/\/fernox.com\/tr\/wp-json\/wp\/v2\/media\/39629"}],"wp:attachment":[{"href":"https:\/\/fernox.com\/tr\/wp-json\/wp\/v2\/media?parent=39382"}],"wp:term":[{"taxonomy":"product_brand","embeddable":true,"href":"https:\/\/fernox.com\/tr\/wp-json\/wp\/v2\/product_brand?post=39382"},{"taxonomy":"product_cat","embeddable":true,"href":"https:\/\/fernox.com\/tr\/wp-json\/wp\/v2\/product_cat?post=39382"},{"taxonomy":"product_tag","embeddable":true,"href":"https:\/\/fernox.com\/tr\/wp-json\/wp\/v2\/product_tag?post=39382"}],"curies":[{"name":"wp","href":"https:\/\/api.w.org\/{rel}","templated":true}]}}