{"id":39379,"date":"2026-04-27T02:30:54","date_gmt":"2026-04-26T23:30:54","guid":{"rendered":"https:\/\/fernox.com\/tr\/product\/system-water-test\/"},"modified":"2026-04-27T02:30:55","modified_gmt":"2026-04-26T23:30:55","slug":"system-water-test","status":"publish","type":"product","link":"https:\/\/fernox.com\/tr\/product\/system-water-test\/","title":{"rendered":"System Water Test"},"content":{"rendered":"<p>Sistemin optimum etkinlikte \u00e7al\u0131\u015ft\u0131\u011f\u0131ndan ve kazan\u0131n tamamen korundu\u011fundan emin olmak amac\u0131yla sistem suyunun kalitesini kontrol etmek ve uygun ar\u0131tmay\u0131 belirlemek i\u00e7in kullan\u0131m\u0131 basit ve kolay bulan\u0131kl\u0131k testi.<\/p>\n<ul>\n<li>Maksimum sistem etkilili\u011fini korur\n<\/li>\n<li>Kazan ar\u0131zas\u0131n\u0131 \u00f6nlemeye yard\u0131mc\u0131 olur\n<\/li>\n<li>Kazan \u00f6mr\u00fcn\u00fc uzat\u0131r\n<\/li>\n<li>Yerinde kullan\u0131m\u0131 kolayd\u0131r &#8211; d\u00fczeltici eylemin hemen etkinle\u015fmesini sa\u011flar\n<p><\/li>\n<\/ul>\n","protected":false},"excerpt":{"rendered":"<p>Sistemin optimum etkinlikte \u00e7al\u0131\u015ft\u0131\u011f\u0131ndan ve kazan\u0131n tamamen korundu\u011fundan emin olmak amac\u0131yla sistem suyunun kalitesini kontrol etmek ve uygun ar\u0131tmay\u0131 belirlemek i\u00e7in kullan\u0131m\u0131 basit ve kolay bulan\u0131kl\u0131k testi. Maksimum sistem etkilili\u011fini korur Kazan ar\u0131zas\u0131n\u0131 \u00f6nlemeye yard\u0131mc\u0131 olur Kazan \u00f6mr\u00fcn\u00fc uzat\u0131r Yerinde kullan\u0131m\u0131 kolayd\u0131r &#8211; d\u00fczeltici eylemin hemen etkinle\u015fmesini sa\u011flar<\/p>\n","protected":false},"featured_media":40027,"template":"","meta":{"_acf_changed":false},"product_brand":[],"product_cat":[180],"product_tag":[],"class_list":{"0":"post-39379","1":"product","2":"type-product","3":"status-publish","4":"has-post-thumbnail","6":"product_cat-test-kits","8":"first","9":"instock","10":"purchasable","11":"product-type-simple"},"acf":[],"_links":{"self":[{"href":"https:\/\/fernox.com\/tr\/wp-json\/wp\/v2\/product\/39379","targetHints":{"allow":["GET"]}}],"collection":[{"href":"https:\/\/fernox.com\/tr\/wp-json\/wp\/v2\/product"}],"about":[{"href":"https:\/\/fernox.com\/tr\/wp-json\/wp\/v2\/types\/product"}],"wp:featuredmedia":[{"embeddable":true,"href":"https:\/\/fernox.com\/tr\/wp-json\/wp\/v2\/media\/40027"}],"wp:attachment":[{"href":"https:\/\/fernox.com\/tr\/wp-json\/wp\/v2\/media?parent=39379"}],"wp:term":[{"taxonomy":"product_brand","embeddable":true,"href":"https:\/\/fernox.com\/tr\/wp-json\/wp\/v2\/product_brand?post=39379"},{"taxonomy":"product_cat","embeddable":true,"href":"https:\/\/fernox.com\/tr\/wp-json\/wp\/v2\/product_cat?post=39379"},{"taxonomy":"product_tag","embeddable":true,"href":"https:\/\/fernox.com\/tr\/wp-json\/wp\/v2\/product_tag?post=39379"}],"curies":[{"name":"wp","href":"https:\/\/api.w.org\/{rel}","templated":true}]}}