{"id":39377,"date":"2026-03-19T12:29:09","date_gmt":"2026-03-19T09:29:09","guid":{"rendered":"https:\/\/fernox.com\/tr\/product\/protector-filter-fluid-f9-express-400ml\/"},"modified":"2026-03-19T12:29:29","modified_gmt":"2026-03-19T09:29:29","slug":"protector-filter-fluid-f9-express-400ml","status":"publish","type":"product","link":"https:\/\/fernox.com\/tr\/product\/protector-filter-fluid-f9-express-400ml\/","title":{"rendered":"Protector+ Filter Fluid F9 Express 400ml"},"content":{"rendered":"<p>Fernox TF1 s\u0131ral\u0131 sistem filtreleri veya benzer filtrelerle kullan\u0131m i\u00e7in tasarlanm\u0131\u015f bu benzersiz inhibit\u00f6r paketi, filtre arac\u0131l\u0131\u011f\u0131yla korozyon, tortu ve kirecin g\u00fcvenli bir \u015fekilde toplanmas\u0131n\u0131 destekledi\u011fi kan\u0131tlanm\u0131\u015f aktif bir da\u011f\u0131t\u0131c\u0131 i\u00e7erir. Protector+ Filter Fluid F9 Express, sistem filtresinin performans\u0131n\u0131 art\u0131r\u0131rken ayn\u0131 zamanda korozyon ve kire\u00e7 olu\u015fumuna kar\u015f\u0131 tam koruma sa\u011flar. Bu yenilik\u00e7i ve kan\u0131tlanm\u0131\u015f form\u00fclasyon, sistem \u00f6mr\u00fcn\u00fc uzat\u0131r ve optimum verimlili\u011fi korur; \u00fcstelik \u00e7evre dostu bir form\u00fcld\u00fcr. Konsantrasyon seviyeleri, y\u0131ll\u0131k bak\u0131m hizmeti s\u0131ras\u0131nda kontrol edilmelidir. Fernox Express serisi, \u00fcr\u00fcn\u00fcn tamam\u0131n\u0131n yan\u0131c\u0131 olmamas\u0131n\u0131 sa\u011flayan Barrier Pressure Pack teknolojisi ve s\u0131k\u0131\u015ft\u0131r\u0131lm\u0131\u015f hava itici gaz\u0131 kullan\u0131r. \u0130tici gaz (s\u0131k\u0131\u015ft\u0131r\u0131lm\u0131\u015f hava), aktif \u00fcr\u00fcnle kar\u0131\u015fmaz, b\u00f6ylece sisteme hava giri\u015fi riski ortadan kalkar ve bu da gelecekte olu\u015fabilecek korozyon riskini art\u0131rmaz.<\/p>\n<ul>\n<li>Sistemde dola\u015fan tortular\u0131 kald\u0131rarak sistem filtresine g\u00fcvenli bir \u015fekilde ta\u015f\u0131mak ve uzakla\u015ft\u0131rmak \u00fczere tasarlanm\u0131\u015f da\u011f\u0131t\u0131c\u0131 i\u00e7eren benzersiz inhibit\u00f6r paketi.\n<\/li>\n<li>H\u0131zl\u0131 ve pratik \u2013 radyat\u00f6r, doldurma vanas\u0131 veya Fernox TF1 Sistem Filtresi \u00fczerinden 30 saniyede dozajlan\u0131r \u2013 sistemi bo\u015faltmaya gerek yoktur.\n<\/li>\n<li>Yaln\u0131zca bir sistem filtresi ile birlikte kullan\u0131lmal\u0131d\u0131r \u2013 al\u00fcminyum dahil olmak \u00fczere kar\u0131\u015f\u0131k metal \u0131s\u0131tma ve so\u011futma sistemlerinde korozyon ve kirece kar\u015f\u0131 \u00fcst\u00fcn koruma sa\u011flar.\n<\/li>\n<li>Sistemde kal\u0131c\u0131 olarak b\u0131rak\u0131lmak \u00fczere tasarlanm\u0131\u015ft\u0131r. 130 litre sistem suyu (16 radyat\u00f6r) ve 250 m\u00b2&#8217;ye kadar yerden \u0131s\u0131tma sistemine kadar etkilidir.\n<\/li>\n<li>Kire\u00e7 ve korozyon olu\u015fumunu \u00f6nler.\n<\/li>\n<li>Son derece etkili, \u00e7evre dostu form\u00fclasyon. NSF CIAS ve Belgaqua onayl\u0131d\u0131r.<br \/>\n<\/li>\n<\/ul>\n","protected":false},"excerpt":{"rendered":"<p>Fernox TF1 s\u0131ral\u0131 sistem filtreleri veya benzer filtrelerle kullan\u0131m i\u00e7in tasarlanm\u0131\u015f bu benzersiz inhibit\u00f6r paketi, filtre arac\u0131l\u0131\u011f\u0131yla korozyon, tortu ve kirecin g\u00fcvenli bir \u015fekilde toplanmas\u0131n\u0131 destekledi\u011fi kan\u0131tlanm\u0131\u015f aktif bir da\u011f\u0131t\u0131c\u0131 i\u00e7erir. Protector+ Filter Fluid F9 Express, sistem filtresinin performans\u0131n\u0131 art\u0131r\u0131rken ayn\u0131 zamanda korozyon ve kire\u00e7 olu\u015fumuna kar\u015f\u0131 tam koruma sa\u011flar. Bu yenilik\u00e7i ve kan\u0131tlanm\u0131\u015f form\u00fclasyon, [&hellip;]<\/p>\n","protected":false},"featured_media":39626,"template":"","meta":{"_acf_changed":false},"product_brand":[],"product_cat":[175],"product_tag":[],"class_list":{"0":"post-39377","1":"product","2":"type-product","3":"status-publish","4":"has-post-thumbnail","6":"product_cat-inhibitors-protectors","8":"first","9":"instock","10":"purchasable","11":"product-type-simple"},"acf":[],"yoast_head":"<!-- This site is optimized with the Yoast SEO plugin v27.3 - https:\/\/yoast.com\/product\/yoast-seo-wordpress\/ -->\n<title>Protector+ Filter Fluid F9 Express 400ml - Fernox Turkey<\/title>\n<meta name=\"robots\" content=\"index, follow, max-snippet:-1, max-image-preview:large, max-video-preview:-1\" \/>\n<link rel=\"canonical\" href=\"https:\/\/fernox.com\/tr\/product\/protector-filter-fluid-f9-express-400ml\/\" \/>\n<meta property=\"og:locale\" content=\"en_GB\" \/>\n<meta property=\"og:type\" content=\"article\" \/>\n<meta property=\"og:title\" content=\"Protector+ Filter Fluid F9 Express 400ml - Fernox Turkey\" \/>\n<meta property=\"og:description\" content=\"Fernox TF1 s\u0131ral\u0131 sistem filtreleri veya benzer filtrelerle kullan\u0131m i\u00e7in tasarlanm\u0131\u015f bu benzersiz inhibit\u00f6r paketi, filtre arac\u0131l\u0131\u011f\u0131yla korozyon, tortu ve kirecin g\u00fcvenli bir \u015fekilde toplanmas\u0131n\u0131 destekledi\u011fi kan\u0131tlanm\u0131\u015f aktif bir da\u011f\u0131t\u0131c\u0131 i\u00e7erir. Protector+ Filter Fluid F9 Express, sistem filtresinin performans\u0131n\u0131 art\u0131r\u0131rken ayn\u0131 zamanda korozyon ve kire\u00e7 olu\u015fumuna kar\u015f\u0131 tam koruma sa\u011flar. Bu yenilik\u00e7i ve kan\u0131tlanm\u0131\u015f form\u00fclasyon, [&hellip;]\" \/>\n<meta property=\"og:url\" content=\"https:\/\/fernox.com\/tr\/product\/protector-filter-fluid-f9-express-400ml\/\" \/>\n<meta property=\"og:site_name\" content=\"Fernox Turkey\" \/>\n<meta property=\"article:modified_time\" content=\"2026-03-19T09:29:29+00:00\" \/>\n<meta property=\"og:image\" content=\"https:\/\/fernox.com\/tr\/wp-content\/uploads\/sites\/24\/2026\/03\/62310-1LRS_f2azec.jpg\" \/>\n\t<meta property=\"og:image:width\" content=\"800\" \/>\n\t<meta property=\"og:image:height\" content=\"800\" \/>\n\t<meta property=\"og:image:type\" content=\"image\/jpeg\" \/>\n<meta name=\"twitter:card\" content=\"summary_large_image\" \/>\n<meta name=\"twitter:label1\" content=\"Estimated reading time\" \/>\n\t<meta name=\"twitter:data1\" content=\"1 minute\" \/>\n<script type=\"application\/ld+json\" class=\"yoast-schema-graph\">{\"@context\":\"https:\\\/\\\/schema.org\",\"@graph\":[{\"@type\":\"WebPage\",\"@id\":\"https:\\\/\\\/fernox.com\\\/tr\\\/product\\\/protector-filter-fluid-f9-express-400ml\\\/\",\"url\":\"https:\\\/\\\/fernox.com\\\/tr\\\/product\\\/protector-filter-fluid-f9-express-400ml\\\/\",\"name\":\"Protector+ Filter Fluid F9 Express 400ml - Fernox Turkey\",\"isPartOf\":{\"@id\":\"https:\\\/\\\/fernox.com\\\/tr\\\/#website\"},\"primaryImageOfPage\":{\"@id\":\"https:\\\/\\\/fernox.com\\\/tr\\\/product\\\/protector-filter-fluid-f9-express-400ml\\\/#primaryimage\"},\"image\":{\"@id\":\"https:\\\/\\\/fernox.com\\\/tr\\\/product\\\/protector-filter-fluid-f9-express-400ml\\\/#primaryimage\"},\"thumbnailUrl\":\"https:\\\/\\\/fernox.com\\\/tr\\\/wp-content\\\/uploads\\\/sites\\\/24\\\/2026\\\/03\\\/62310-1LRS_f2azec.jpg\",\"datePublished\":\"2026-03-19T09:29:09+00:00\",\"dateModified\":\"2026-03-19T09:29:29+00:00\",\"breadcrumb\":{\"@id\":\"https:\\\/\\\/fernox.com\\\/tr\\\/product\\\/protector-filter-fluid-f9-express-400ml\\\/#breadcrumb\"},\"inLanguage\":\"en-GB\",\"potentialAction\":[{\"@type\":\"ReadAction\",\"target\":[\"https:\\\/\\\/fernox.com\\\/tr\\\/product\\\/protector-filter-fluid-f9-express-400ml\\\/\"]}]},{\"@type\":\"ImageObject\",\"inLanguage\":\"en-GB\",\"@id\":\"https:\\\/\\\/fernox.com\\\/tr\\\/product\\\/protector-filter-fluid-f9-express-400ml\\\/#primaryimage\",\"url\":\"https:\\\/\\\/fernox.com\\\/tr\\\/wp-content\\\/uploads\\\/sites\\\/24\\\/2026\\\/03\\\/62310-1LRS_f2azec.jpg\",\"contentUrl\":\"https:\\\/\\\/fernox.com\\\/tr\\\/wp-content\\\/uploads\\\/sites\\\/24\\\/2026\\\/03\\\/62310-1LRS_f2azec.jpg\",\"width\":800,\"height\":800},{\"@type\":\"BreadcrumbList\",\"@id\":\"https:\\\/\\\/fernox.com\\\/tr\\\/product\\\/protector-filter-fluid-f9-express-400ml\\\/#breadcrumb\",\"itemListElement\":[{\"@type\":\"ListItem\",\"position\":1,\"name\":\"Home\",\"item\":\"https:\\\/\\\/fernox.com\\\/tr\\\/\"},{\"@type\":\"ListItem\",\"position\":2,\"name\":\"Products\",\"item\":\"https:\\\/\\\/fernox.com\\\/tr\\\/shop\\\/\"},{\"@type\":\"ListItem\",\"position\":3,\"name\":\"Protector+ Filter Fluid F9 Express 400ml\"}]},{\"@type\":\"WebSite\",\"@id\":\"https:\\\/\\\/fernox.com\\\/tr\\\/#website\",\"url\":\"https:\\\/\\\/fernox.com\\\/tr\\\/\",\"name\":\"Fernox Turkey\",\"description\":\"\",\"publisher\":{\"@id\":\"https:\\\/\\\/fernox.com\\\/tr\\\/#organization\"},\"potentialAction\":[{\"@type\":\"SearchAction\",\"target\":{\"@type\":\"EntryPoint\",\"urlTemplate\":\"https:\\\/\\\/fernox.com\\\/tr\\\/?s={search_term_string}\"},\"query-input\":{\"@type\":\"PropertyValueSpecification\",\"valueRequired\":true,\"valueName\":\"search_term_string\"}}],\"inLanguage\":\"en-GB\"},{\"@type\":\"Organization\",\"@id\":\"https:\\\/\\\/fernox.com\\\/tr\\\/#organization\",\"name\":\"Fernox Turkey\",\"url\":\"https:\\\/\\\/fernox.com\\\/tr\\\/\",\"logo\":{\"@type\":\"ImageObject\",\"inLanguage\":\"en-GB\",\"@id\":\"https:\\\/\\\/fernox.com\\\/tr\\\/#\\\/schema\\\/logo\\\/image\\\/\",\"url\":\"https:\\\/\\\/fernox.com\\\/tr\\\/wp-content\\\/uploads\\\/sites\\\/24\\\/2020\\\/11\\\/cropped-fernox-Logo-transparent.png\",\"contentUrl\":\"https:\\\/\\\/fernox.com\\\/tr\\\/wp-content\\\/uploads\\\/sites\\\/24\\\/2020\\\/11\\\/cropped-fernox-Logo-transparent.png\",\"width\":664,\"height\":150,\"caption\":\"Fernox Turkey\"},\"image\":{\"@id\":\"https:\\\/\\\/fernox.com\\\/tr\\\/#\\\/schema\\\/logo\\\/image\\\/\"}}]}<\/script>\n<!-- \/ Yoast SEO plugin. -->","yoast_head_json":{"title":"Protector+ Filter Fluid F9 Express 400ml - Fernox Turkey","robots":{"index":"index","follow":"follow","max-snippet":"max-snippet:-1","max-image-preview":"max-image-preview:large","max-video-preview":"max-video-preview:-1"},"canonical":"https:\/\/fernox.com\/tr\/product\/protector-filter-fluid-f9-express-400ml\/","og_locale":"en_GB","og_type":"article","og_title":"Protector+ Filter Fluid F9 Express 400ml - Fernox Turkey","og_description":"Fernox TF1 s\u0131ral\u0131 sistem filtreleri veya benzer filtrelerle kullan\u0131m i\u00e7in tasarlanm\u0131\u015f bu benzersiz inhibit\u00f6r paketi, filtre arac\u0131l\u0131\u011f\u0131yla korozyon, tortu ve kirecin g\u00fcvenli bir \u015fekilde toplanmas\u0131n\u0131 destekledi\u011fi kan\u0131tlanm\u0131\u015f aktif bir da\u011f\u0131t\u0131c\u0131 i\u00e7erir. Protector+ Filter Fluid F9 Express, sistem filtresinin performans\u0131n\u0131 art\u0131r\u0131rken ayn\u0131 zamanda korozyon ve kire\u00e7 olu\u015fumuna kar\u015f\u0131 tam koruma sa\u011flar. Bu yenilik\u00e7i ve kan\u0131tlanm\u0131\u015f form\u00fclasyon, [&hellip;]","og_url":"https:\/\/fernox.com\/tr\/product\/protector-filter-fluid-f9-express-400ml\/","og_site_name":"Fernox Turkey","article_modified_time":"2026-03-19T09:29:29+00:00","og_image":[{"width":800,"height":800,"url":"https:\/\/fernox.com\/tr\/wp-content\/uploads\/sites\/24\/2026\/03\/62310-1LRS_f2azec.jpg","type":"image\/jpeg"}],"twitter_card":"summary_large_image","twitter_misc":{"Estimated reading time":"1 minute"},"schema":{"@context":"https:\/\/schema.org","@graph":[{"@type":"WebPage","@id":"https:\/\/fernox.com\/tr\/product\/protector-filter-fluid-f9-express-400ml\/","url":"https:\/\/fernox.com\/tr\/product\/protector-filter-fluid-f9-express-400ml\/","name":"Protector+ Filter Fluid F9 Express 400ml - Fernox Turkey","isPartOf":{"@id":"https:\/\/fernox.com\/tr\/#website"},"primaryImageOfPage":{"@id":"https:\/\/fernox.com\/tr\/product\/protector-filter-fluid-f9-express-400ml\/#primaryimage"},"image":{"@id":"https:\/\/fernox.com\/tr\/product\/protector-filter-fluid-f9-express-400ml\/#primaryimage"},"thumbnailUrl":"https:\/\/fernox.com\/tr\/wp-content\/uploads\/sites\/24\/2026\/03\/62310-1LRS_f2azec.jpg","datePublished":"2026-03-19T09:29:09+00:00","dateModified":"2026-03-19T09:29:29+00:00","breadcrumb":{"@id":"https:\/\/fernox.com\/tr\/product\/protector-filter-fluid-f9-express-400ml\/#breadcrumb"},"inLanguage":"en-GB","potentialAction":[{"@type":"ReadAction","target":["https:\/\/fernox.com\/tr\/product\/protector-filter-fluid-f9-express-400ml\/"]}]},{"@type":"ImageObject","inLanguage":"en-GB","@id":"https:\/\/fernox.com\/tr\/product\/protector-filter-fluid-f9-express-400ml\/#primaryimage","url":"https:\/\/fernox.com\/tr\/wp-content\/uploads\/sites\/24\/2026\/03\/62310-1LRS_f2azec.jpg","contentUrl":"https:\/\/fernox.com\/tr\/wp-content\/uploads\/sites\/24\/2026\/03\/62310-1LRS_f2azec.jpg","width":800,"height":800},{"@type":"BreadcrumbList","@id":"https:\/\/fernox.com\/tr\/product\/protector-filter-fluid-f9-express-400ml\/#breadcrumb","itemListElement":[{"@type":"ListItem","position":1,"name":"Home","item":"https:\/\/fernox.com\/tr\/"},{"@type":"ListItem","position":2,"name":"Products","item":"https:\/\/fernox.com\/tr\/shop\/"},{"@type":"ListItem","position":3,"name":"Protector+ Filter Fluid F9 Express 400ml"}]},{"@type":"WebSite","@id":"https:\/\/fernox.com\/tr\/#website","url":"https:\/\/fernox.com\/tr\/","name":"Fernox Turkey","description":"","publisher":{"@id":"https:\/\/fernox.com\/tr\/#organization"},"potentialAction":[{"@type":"SearchAction","target":{"@type":"EntryPoint","urlTemplate":"https:\/\/fernox.com\/tr\/?s={search_term_string}"},"query-input":{"@type":"PropertyValueSpecification","valueRequired":true,"valueName":"search_term_string"}}],"inLanguage":"en-GB"},{"@type":"Organization","@id":"https:\/\/fernox.com\/tr\/#organization","name":"Fernox Turkey","url":"https:\/\/fernox.com\/tr\/","logo":{"@type":"ImageObject","inLanguage":"en-GB","@id":"https:\/\/fernox.com\/tr\/#\/schema\/logo\/image\/","url":"https:\/\/fernox.com\/tr\/wp-content\/uploads\/sites\/24\/2020\/11\/cropped-fernox-Logo-transparent.png","contentUrl":"https:\/\/fernox.com\/tr\/wp-content\/uploads\/sites\/24\/2020\/11\/cropped-fernox-Logo-transparent.png","width":664,"height":150,"caption":"Fernox Turkey"},"image":{"@id":"https:\/\/fernox.com\/tr\/#\/schema\/logo\/image\/"}}]}},"_links":{"self":[{"href":"https:\/\/fernox.com\/tr\/wp-json\/wp\/v2\/product\/39377","targetHints":{"allow":["GET"]}}],"collection":[{"href":"https:\/\/fernox.com\/tr\/wp-json\/wp\/v2\/product"}],"about":[{"href":"https:\/\/fernox.com\/tr\/wp-json\/wp\/v2\/types\/product"}],"wp:featuredmedia":[{"embeddable":true,"href":"https:\/\/fernox.com\/tr\/wp-json\/wp\/v2\/media\/39626"}],"wp:attachment":[{"href":"https:\/\/fernox.com\/tr\/wp-json\/wp\/v2\/media?parent=39377"}],"wp:term":[{"taxonomy":"product_brand","embeddable":true,"href":"https:\/\/fernox.com\/tr\/wp-json\/wp\/v2\/product_brand?post=39377"},{"taxonomy":"product_cat","embeddable":true,"href":"https:\/\/fernox.com\/tr\/wp-json\/wp\/v2\/product_cat?post=39377"},{"taxonomy":"product_tag","embeddable":true,"href":"https:\/\/fernox.com\/tr\/wp-json\/wp\/v2\/product_tag?post=39377"}],"curies":[{"name":"wp","href":"https:\/\/api.w.org\/{rel}","templated":true}]}}