{"id":39370,"date":"2026-04-27T02:30:37","date_gmt":"2026-04-26T23:30:37","guid":{"rendered":"https:\/\/fernox.com\/tr\/product\/tf1-delta-filter-thermal-cover\/"},"modified":"2026-04-27T02:30:38","modified_gmt":"2026-04-26T23:30:38","slug":"tf1-delta-filter-thermal-cover","status":"publish","type":"product","link":"https:\/\/fernox.com\/tr\/product\/tf1-delta-filter-thermal-cover\/","title":{"rendered":"TF1 Delta Filter Thermal Cover"},"content":{"rendered":"<p>TF1 Delta Filtre Termal Kapa\u011f\u0131, halihaz\u0131rda bir TF1 Delta Filtresi ile korunan ticari merkezi \u0131s\u0131tma sisteminin verimlili\u011fini daha da art\u0131r\u0131r. Termal \u00d6rt\u00fcler olarak kullan\u0131lan Geni\u015fletilmi\u015f Polipropilen (EPP), sistem \u0131s\u0131 kayb\u0131n\u0131 minimum tutmak i\u00e7in filtreyi izole eder ve tam olarak kaplar.<\/p>\n<ul>\n<li>Boyutlar: 645mm (25.4\u2033) x 220mm (8.7\u2033)\n<\/li>\n<li>A\u011f\u0131rl\u0131k: 0.4kg (0.9lbs)\n<\/li>\n<li>S\u0131cak y\u00fczeylere kar\u015f\u0131 korur\n<\/li>\n<li>Is\u0131 kayb\u0131n\u0131n \u00f6nlenmesine yard\u0131mc\u0131 olur\n<p><\/li>\n<\/ul>\n","protected":false},"excerpt":{"rendered":"<p>TF1 Delta Filtre Termal Kapa\u011f\u0131, halihaz\u0131rda bir TF1 Delta Filtresi ile korunan ticari merkezi \u0131s\u0131tma sisteminin verimlili\u011fini daha da art\u0131r\u0131r. Termal \u00d6rt\u00fcler olarak kullan\u0131lan Geni\u015fletilmi\u015f Polipropilen (EPP), sistem \u0131s\u0131 kayb\u0131n\u0131 minimum tutmak i\u00e7in filtreyi izole eder ve tam olarak kaplar. Boyutlar: 645mm (25.4\u2033) x 220mm (8.7\u2033) A\u011f\u0131rl\u0131k: 0.4kg (0.9lbs) S\u0131cak y\u00fczeylere kar\u015f\u0131 korur Is\u0131 kayb\u0131n\u0131n [&hellip;]<\/p>\n","protected":false},"featured_media":40024,"template":"","meta":{"_acf_changed":false},"product_brand":[],"product_cat":[214,174,176],"product_tag":[],"class_list":{"0":"post-39370","1":"product","2":"type-product","3":"status-publish","4":"has-post-thumbnail","6":"product_cat-commercial-rangedevices","7":"product_cat-filters","8":"product_cat-commercial-range","9":"pa_fit-type-tailored-fit","11":"first","12":"instock","13":"purchasable","14":"product-type-simple"},"acf":[],"_links":{"self":[{"href":"https:\/\/fernox.com\/tr\/wp-json\/wp\/v2\/product\/39370","targetHints":{"allow":["GET"]}}],"collection":[{"href":"https:\/\/fernox.com\/tr\/wp-json\/wp\/v2\/product"}],"about":[{"href":"https:\/\/fernox.com\/tr\/wp-json\/wp\/v2\/types\/product"}],"wp:featuredmedia":[{"embeddable":true,"href":"https:\/\/fernox.com\/tr\/wp-json\/wp\/v2\/media\/40024"}],"wp:attachment":[{"href":"https:\/\/fernox.com\/tr\/wp-json\/wp\/v2\/media?parent=39370"}],"wp:term":[{"taxonomy":"product_brand","embeddable":true,"href":"https:\/\/fernox.com\/tr\/wp-json\/wp\/v2\/product_brand?post=39370"},{"taxonomy":"product_cat","embeddable":true,"href":"https:\/\/fernox.com\/tr\/wp-json\/wp\/v2\/product_cat?post=39370"},{"taxonomy":"product_tag","embeddable":true,"href":"https:\/\/fernox.com\/tr\/wp-json\/wp\/v2\/product_tag?post=39370"}],"curies":[{"name":"wp","href":"https:\/\/api.w.org\/{rel}","templated":true}]}}