{"id":4977,"date":"2020-12-10T10:11:15","date_gmt":"2020-12-10T10:11:15","guid":{"rendered":"https:\/\/fxdevelopment.co.uk\/uk\/?page_id=4977"},"modified":"2023-08-22T14:44:20","modified_gmt":"2023-08-22T14:44:20","slug":"oems-specifiers","status":"publish","type":"page","link":"https:\/\/fernox.com\/tr\/oems-specifiers\/","title":{"rendered":"OEM"},"content":{"rendered":"\t\t<div data-elementor-type=\"wp-page\" data-elementor-id=\"4977\" class=\"elementor elementor-4977\" data-elementor-post-type=\"page\">\n\t\t\t\t\t\t<section class=\"elementor-section elementor-top-section elementor-element elementor-element-4bb14d18 elementor-section-boxed elementor-section-height-default elementor-section-height-default\" data-id=\"4bb14d18\" data-element_type=\"section\" data-e-type=\"section\">\n\t\t\t\t\t\t<div class=\"elementor-container elementor-column-gap-default\">\n\t\t\t\t\t<div class=\"elementor-column elementor-col-100 elementor-top-column elementor-element elementor-element-313e544f\" data-id=\"313e544f\" data-element_type=\"column\" data-e-type=\"column\">\n\t\t\t<div class=\"elementor-widget-wrap elementor-element-populated\">\n\t\t\t\t\t\t<div class=\"elementor-element elementor-element-78fe5f09 elementor-widget elementor-widget-text-editor\" data-id=\"78fe5f09\" data-element_type=\"widget\" data-e-type=\"widget\" data-widget_type=\"text-editor.default\">\n\t\t\t\t<div class=\"elementor-widget-container\">\n\t\t\t\t\t\t\t\t\t\n<figure class=\"wp-block-image size-large is-resized\"><img fetchpriority=\"high\" decoding=\"async\" class=\"wp-image-21333\" src=\"https:\/\/fxdevelopment.co.uk\/usa-new\/wp-content\/uploads\/sites\/24\/2021\/02\/specifier1-edited.jpg\" alt=\"\" width=\"800\" height=\"450\" srcset=\"https:\/\/fernox.com\/tr\/wp-content\/uploads\/sites\/24\/2021\/02\/specifier1-edited.jpg 800w, https:\/\/fernox.com\/tr\/wp-content\/uploads\/sites\/24\/2021\/02\/specifier1-edited-300x169.jpg 300w, https:\/\/fernox.com\/tr\/wp-content\/uploads\/sites\/24\/2021\/02\/specifier1-edited-768x432.jpg 768w, https:\/\/fernox.com\/tr\/wp-content\/uploads\/sites\/24\/2021\/02\/specifier1-edited-600x338.jpg 600w\" sizes=\"(max-width: 800px) 100vw, 800px\" \/><\/figure>\n\n<h2 class=\"wp-block-heading\">Neden Fernox&#8217;u Se\u00e7melisiniz?<\/h2>\n\n<ul class=\"wp-block-list\">\n<li>Pazar lideri su ar\u0131tma \u00fcreticisi<\/li>\n<li>G\u00fcvenilir marka &#8211; \u0131s\u0131tma ve s\u0131hhi tesisat end\u00fcstrisinde 50 y\u0131l\u0131 a\u015fk\u0131n deneyim<\/li>\n<li>\u00d6d\u00fcll\u00fc, yenilik\u00e7i \u00fcr\u00fcnler<\/li>\n<li>Uzman Teknik Destek ve Servis<\/li>\n<li>Kapsaml\u0131 Kurum \u0130\u00e7i Ar-Ge tesisi<\/li>\n<li>\u00dcr\u00fcn geli\u015ftirmeye ba\u011fl\u0131l\u0131k<\/li>\n<li>Sistem su testi &#8211; laboratuvar analizi, 24 saat i\u00e7inde sonu\u00e7lar<\/li>\n<\/ul>\n\t\t\t\t\t\t\t\t<\/div>\n\t\t\t\t<\/div>\n\t\t\t\t\t<\/div>\n\t\t<\/div>\n\t\t\t\t\t<\/div>\n\t\t<\/section>\n\t\t\t\t<\/div>\n\t\t","protected":false},"excerpt":{"rendered":"<p>Neden Fernox&#8217;u Se\u00e7melisiniz? Pazar lideri su ar\u0131tma \u00fcreticisi G\u00fcvenilir marka &#8211; \u0131s\u0131tma ve s\u0131hhi tesisat end\u00fcstrisinde 50 y\u0131l\u0131 a\u015fk\u0131n deneyim \u00d6d\u00fcll\u00fc, yenilik\u00e7i \u00fcr\u00fcnler Uzman Teknik Destek ve Servis Kapsaml\u0131 Kurum \u0130\u00e7i Ar-Ge tesisi \u00dcr\u00fcn geli\u015ftirmeye ba\u011fl\u0131l\u0131k Sistem su testi &#8211; laboratuvar analizi, 24 saat i\u00e7inde sonu\u00e7lar<\/p>\n","protected":false},"author":1,"featured_media":0,"parent":0,"menu_order":0,"comment_status":"closed","ping_status":"closed","template":"","meta":{"_acf_changed":false,"footnotes":""},"class_list":["post-4977","page","type-page","status-publish","hentry"],"acf":[],"_links":{"self":[{"href":"https:\/\/fernox.com\/tr\/wp-json\/wp\/v2\/pages\/4977","targetHints":{"allow":["GET"]}}],"collection":[{"href":"https:\/\/fernox.com\/tr\/wp-json\/wp\/v2\/pages"}],"about":[{"href":"https:\/\/fernox.com\/tr\/wp-json\/wp\/v2\/types\/page"}],"author":[{"embeddable":true,"href":"https:\/\/fernox.com\/tr\/wp-json\/wp\/v2\/users\/1"}],"replies":[{"embeddable":true,"href":"https:\/\/fernox.com\/tr\/wp-json\/wp\/v2\/comments?post=4977"}],"version-history":[{"count":0,"href":"https:\/\/fernox.com\/tr\/wp-json\/wp\/v2\/pages\/4977\/revisions"}],"wp:attachment":[{"href":"https:\/\/fernox.com\/tr\/wp-json\/wp\/v2\/media?parent=4977"}],"curies":[{"name":"wp","href":"https:\/\/api.w.org\/{rel}","templated":true}]}}