{"id":4974,"date":"2020-12-10T10:08:38","date_gmt":"2020-12-10T10:08:38","guid":{"rendered":"https:\/\/fxdevelopment.co.uk\/uk\/?page_id=4974"},"modified":"2023-08-22T14:34:57","modified_gmt":"2023-08-22T14:34:57","slug":"installer","status":"publish","type":"page","link":"https:\/\/fernox.com\/tr\/installer\/","title":{"rendered":"Usta"},"content":{"rendered":"\t\t<div data-elementor-type=\"wp-page\" data-elementor-id=\"4974\" class=\"elementor elementor-4974\" data-elementor-post-type=\"page\">\n\t\t\t\t\t\t<section class=\"elementor-section elementor-top-section elementor-element elementor-element-6d05cadb elementor-section-boxed elementor-section-height-default elementor-section-height-default\" data-id=\"6d05cadb\" data-element_type=\"section\" data-e-type=\"section\">\n\t\t\t\t\t\t<div class=\"elementor-container elementor-column-gap-default\">\n\t\t\t\t\t<div class=\"elementor-column elementor-col-100 elementor-top-column elementor-element elementor-element-1b3da0d5\" data-id=\"1b3da0d5\" data-element_type=\"column\" data-e-type=\"column\">\n\t\t\t<div class=\"elementor-widget-wrap elementor-element-populated\">\n\t\t\t\t\t\t<div class=\"elementor-element elementor-element-5fb3788a elementor-widget elementor-widget-text-editor\" data-id=\"5fb3788a\" data-element_type=\"widget\" data-e-type=\"widget\" data-widget_type=\"text-editor.default\">\n\t\t\t\t<div class=\"elementor-widget-container\">\n\t\t\t\t\t\t\t\t\t\n<div class=\"wp-block-image\">\n<figure class=\"aligncenter size-large is-resized\"><img fetchpriority=\"high\" decoding=\"async\" class=\"wp-image-21346\" src=\"https:\/\/fxdevelopment.co.uk\/usa-new\/wp-content\/uploads\/sites\/24\/2021\/02\/about-banner-edited.jpg\" alt=\"\" width=\"800\" height=\"450\" srcset=\"https:\/\/fernox.com\/tr\/wp-content\/uploads\/sites\/24\/2021\/02\/about-banner-edited.jpg 800w, https:\/\/fernox.com\/tr\/wp-content\/uploads\/sites\/24\/2021\/02\/about-banner-edited-300x169.jpg 300w, https:\/\/fernox.com\/tr\/wp-content\/uploads\/sites\/24\/2021\/02\/about-banner-edited-768x432.jpg 768w, https:\/\/fernox.com\/tr\/wp-content\/uploads\/sites\/24\/2021\/02\/about-banner-edited-600x338.jpg 600w\" sizes=\"(max-width: 800px) 100vw, 800px\" \/><\/figure>\n<\/div>\n\n<h2 class=\"wp-block-heading\">Neden Fernox&#8217;u Se\u00e7melisiniz?<\/h2>\n\n<ul class=\"wp-block-list\">\n<li>Kaliteli, g\u00fcvenilir \u00fcr\u00fcnler<\/li>\n<li>Dozlamas\u0131 kolay, h\u0131zl\u0131 tak\u0131lan, \u00f6d\u00fcll\u00fc filtreler<\/li>\n<li>50 y\u0131l\u0131 a\u015fk\u0131n s\u00fcredir g\u00fcvenilir marka<\/li>\n<li>T\u00fcm iyi tesisat\u00e7\u0131 t\u00fcccarlar\u0131nda mevcuttur<\/li>\n<li>Tam \u00fcr\u00fcn sepeti<\/li>\n<li>Pazar lideri inhibit\u00f6r: Koruyucu F1<\/li>\n<\/ul>\n\t\t\t\t\t\t\t\t<\/div>\n\t\t\t\t<\/div>\n\t\t\t\t\t<\/div>\n\t\t<\/div>\n\t\t\t\t\t<\/div>\n\t\t<\/section>\n\t\t\t\t<\/div>\n\t\t","protected":false},"excerpt":{"rendered":"<p>Neden Fernox&#8217;u Se\u00e7melisiniz? Kaliteli, g\u00fcvenilir \u00fcr\u00fcnler Dozlamas\u0131 kolay, h\u0131zl\u0131 tak\u0131lan, \u00f6d\u00fcll\u00fc filtreler 50 y\u0131l\u0131 a\u015fk\u0131n s\u00fcredir g\u00fcvenilir marka T\u00fcm iyi tesisat\u00e7\u0131 t\u00fcccarlar\u0131nda mevcuttur Tam \u00fcr\u00fcn sepeti Pazar lideri inhibit\u00f6r: Koruyucu F1<\/p>\n","protected":false},"author":1,"featured_media":0,"parent":0,"menu_order":0,"comment_status":"closed","ping_status":"closed","template":"","meta":{"_acf_changed":false,"footnotes":""},"class_list":["post-4974","page","type-page","status-publish","hentry"],"acf":[],"_links":{"self":[{"href":"https:\/\/fernox.com\/tr\/wp-json\/wp\/v2\/pages\/4974","targetHints":{"allow":["GET"]}}],"collection":[{"href":"https:\/\/fernox.com\/tr\/wp-json\/wp\/v2\/pages"}],"about":[{"href":"https:\/\/fernox.com\/tr\/wp-json\/wp\/v2\/types\/page"}],"author":[{"embeddable":true,"href":"https:\/\/fernox.com\/tr\/wp-json\/wp\/v2\/users\/1"}],"replies":[{"embeddable":true,"href":"https:\/\/fernox.com\/tr\/wp-json\/wp\/v2\/comments?post=4974"}],"version-history":[{"count":0,"href":"https:\/\/fernox.com\/tr\/wp-json\/wp\/v2\/pages\/4974\/revisions"}],"wp:attachment":[{"href":"https:\/\/fernox.com\/tr\/wp-json\/wp\/v2\/media?parent=4974"}],"curies":[{"name":"wp","href":"https:\/\/api.w.org\/{rel}","templated":true}]}}