{"id":4962,"date":"2020-12-09T15:39:35","date_gmt":"2020-12-09T15:39:35","guid":{"rendered":"https:\/\/fxdevelopment.co.uk\/uk\/?page_id=4962"},"modified":"2024-09-13T08:35:25","modified_gmt":"2024-09-13T08:35:25","slug":"downloads","status":"publish","type":"page","link":"https:\/\/fernox.com\/tr\/downloads\/","title":{"rendered":"\u0130ndirilenler"},"content":{"rendered":"\t\t<div data-elementor-type=\"wp-page\" data-elementor-id=\"4962\" class=\"elementor elementor-4962\" data-elementor-post-type=\"page\">\n\t\t\t\t<div class=\"elementor-element elementor-element-518cd91d e-flex e-con-boxed e-con e-parent\" data-id=\"518cd91d\" data-element_type=\"container\" data-e-type=\"container\">\n\t\t\t\t\t<div class=\"e-con-inner\">\n\t\t\t\t<div class=\"elementor-element elementor-element-afcfa67 elementor-widget elementor-widget-heading\" data-id=\"afcfa67\" data-element_type=\"widget\" data-e-type=\"widget\" data-widget_type=\"heading.default\">\n\t\t\t\t<div class=\"elementor-widget-container\">\n\t\t\t\t\t<h2 class=\"elementor-heading-title elementor-size-default\">\u0130ndirilenler<\/h2>\t\t\t\t<\/div>\n\t\t\t\t<\/div>\n\t\t\t\t<div data-dce-text-color=\"#000000\" class=\"elementor-element elementor-element-9fe6eeb elementor-widget elementor-widget-text-editor\" data-id=\"9fe6eeb\" data-element_type=\"widget\" data-e-type=\"widget\" data-widget_type=\"text-editor.default\">\n\t\t\t\t<div class=\"elementor-widget-container\">\n\t\t\t\t\t\t\t\t\t<p>Mevcut t\u00fcm indirmeleri g\u00f6r\u00fcnt\u00fcleyin veya belirli birini se\u00e7mek i\u00e7in a\u00e7\u0131l\u0131r men\u00fcy\u00fc kullan\u0131n.<\/p>\t\t\t\t\t\t\t\t<\/div>\n\t\t\t\t<\/div>\n\t\t\t\t<div class=\"elementor-element elementor-element-1c00763b dce-posts-layout-template dce-col-2 dce-col-tablet-2 dce-col-mobile-1 elementor-widget elementor-widget-dce-dynamicposts-v2\" data-id=\"1c00763b\" data-element_type=\"widget\" data-e-type=\"widget\" data-settings=\"{&quot;style_items&quot;:&quot;template&quot;,&quot;grid_filters_match_height&quot;:&quot;yes&quot;,&quot;grid_filters_match_height_by_row&quot;:&quot;true&quot;,&quot;grid_filters_all_filter&quot;:&quot;yes&quot;,&quot;grid_filters_all_default&quot;:&quot;yes&quot;,&quot;grid_filters_grid_type&quot;:&quot;flex&quot;}\" data-widget_type=\"dce-dynamicposts-v2.grid-filters\">\n\t\t\t\t<div class=\"elementor-widget-container\">\n\t\t\t\t\t\n\t\t<div class=\"dce-fix-background-loop dce-posts-container dce-posts dce-dynamic-posts-collection  dce-grid-filters-container dce-skin-grid-filters dce-skin-grid dce-skin-grid-flex\">\n\t\t\t<div class=\"dce-filters align-left\"><select ><option value=\"*\" selected>T\u00fcm\u00fc<\/option><option value=\".product_tag-antifreeze-protector-alphi-11-25-litre\"\">Antifreeze Protector Alphi-11 25 Litre<\/option><option value=\".product_tag-cleaner-f3-10l\"\">Cleaner F3 10L<\/option><option value=\".product_tag-cleaner-f3-500ml\"\">Cleaner F3 500ml<\/option><option value=\".product_tag-cleaner-f3-express-400ml\"\">Cleaner F3 Express 400ml<\/option><option value=\".product_tag-ds40-descaler-cleaner-2kg\"\">DS40 Descaler &amp; Cleaner 2kg<\/option><option value=\".product_tag-leak-sealer-f4-10l\"\">Leak Sealer F4 10L<\/option><option value=\".product_tag-leak-sealer-f4-500ml\"\">Leak Sealer F4 500ml<\/option><option value=\".product_tag-leak-sealer-f4-express-400ml\"\">Leak Sealer F4 Express 400ml<\/option><option value=\".product_tag-powerflow-flushing-machine-mkiii-euro-230v\"\">Powerflow Flushing Machine MKIII Euro 230V<\/option><option value=\".product_tag-protector-f1-10l\"\">Protector F1 10L<\/option><option value=\".product_tag-protector-f1-500ml\"\">Protector F1 500ml<\/option><option value=\".product_tag-protector-f1-express-400ml\"\">Protector F1 Express 400ml<\/option><option value=\".product_tag-protector-filter-fluid-f9-10l\"\">Protector+ Filter Fluid F9 10L<\/option><option value=\".product_tag-protector-filter-fluid-f9-500ml\"\">Protector+ Filter Fluid F9 500ml<\/option><option value=\".product_tag-system-water-test\"\">System Water Test<\/option><option value=\".product_tag-tf1-delta-filter\"\">TF1 Delta Filter<\/option><option value=\".product_tag-tf1-delta-filter-thermal-cover\"\">TF1 Delta Filter Thermal Cover<\/option><option value=\".product_tag-tf1-omega-filter\"\">TF1 Omega+ Filter<\/option><option value=\".product_tag-tf1-sigma-filter\"\">TF1 Sigma Filter<\/option><option value=\".product_tag-tf1-sigma-ub-filter\"\">TF1 Sigma UB Filter<\/option><\/select><\/div>\t\t\t<div class=\"dce-posts-wrapper dce-grid-filters-wrapper dce-wrapper-grid-filters dce-wrapper-grid\">\n\t\t\t\n\t\t<article class=\"post-31732 associated_content type-associated_content status-publish hentry category-download tag-antifreeze-protector-alphi-11-25-litre tag-cleaner-f3-10l tag-cleaner-f3-500ml tag-cleaner-f3-express-400ml tag-ds40-descaler-cleaner-2kg tag-leak-sealer-f4-10l tag-leak-sealer-f4-500ml tag-leak-sealer-f4-express-400ml tag-powerflow-flushing-machine-mkiii-euro-230v tag-protector-f1-10l tag-protector-f1-500ml tag-protector-f1-express-400ml tag-protector-filter-fluid-f9-10l tag-protector-filter-fluid-f9-500ml tag-system-water-test tag-tf1-delta-filter tag-tf1-delta-filter-thermal-cover tag-tf1-omega-filter tag-tf1-sigma-filter tag-tf1-sigma-ub-filter dce-post dce-post-item dce-item-filterable dce-grid-filters-item dce-item-grid-filters dce-item-grid\" data-dce-post-id=\"31732\" data-dce-post-index=\"0\">\n\t\t\t<div class=\"dce-post-block\">\n\t\t<style>.elementor-widget-heading .elementor-heading-title{font-family:var( --e-global-typography-primary-font-family ), Sans-serif;font-weight:var( --e-global-typography-primary-font-weight );color:var( --e-global-color-primary );}<\/style>\t\t<div data-elementor-type=\"section\" data-elementor-id=\"32282\" class=\"elementor elementor-32282 dce-elementor-rendering-id-1\" data-elementor-post-type=\"elementor_library\">\n\t\t\t\t\t<section class=\"elementor-section elementor-top-section elementor-element elementor-element-56c4b858 elementor-section-boxed elementor-section-height-default elementor-section-height-default\" data-id=\"56c4b858\" data-element_type=\"section\" data-e-type=\"section\">\n\t\t\t\t\t\t<div class=\"elementor-container elementor-column-gap-default\">\n\t\t\t\t\t<div class=\"elementor-column elementor-col-100 elementor-top-column elementor-element elementor-element-44ff9d66\" data-id=\"44ff9d66\" data-element_type=\"column\" data-e-type=\"column\">\n\t\t\t<div class=\"elementor-widget-wrap elementor-element-populated\">\n\t\t\t\t\t\t<div class=\"elementor-element elementor-element-4c033881 elementor-widget elementor-widget-heading\" data-id=\"4c033881\" data-element_type=\"widget\" data-e-type=\"widget\" data-widget_type=\"heading.default\">\n\t\t\t\t<div class=\"elementor-widget-container\">\n\t\t\t\t\t<h6 class=\"elementor-heading-title elementor-size-default\"><a href=\"https:\/\/files.plytix.com\/api\/v1.1\/file\/public_files\/pim\/assets\/45\/7d\/ae\/5f\/5fae7d45c573435950d65e1e\/texts\/1e\/aa\/10\/68\/6810aa1e2e4247e5fd539dd2\/Fernox%20Product%20Catalogue%20-TR.pdf\" target=\"_blank\">Fernox Catalogue Turkey 2025<\/a><\/h6>\t\t\t\t<\/div>\n\t\t\t\t<\/div>\n\t\t\t\t\t<\/div>\n\t\t<\/div>\n\t\t\t\t\t<\/div>\n\t\t<\/section>\n\t\t\t\t<\/div>\n\t\t\t\t\t<\/div>\n\t\t<\/article>\n\t\t\t\t\t<\/div>\n\t\t\t\t\t<\/div>\n\t\t\t\t\t\t<\/div>\n\t\t\t\t<\/div>\n\t\t\t\t\t<\/div>\n\t\t\t\t<\/div>\n\t\t\t\t<\/div>\n\t\t","protected":false},"excerpt":{"rendered":"<p>Mevcut t\u00fcm indirmeleri g\u00f6r\u00fcnt\u00fcleyin veya belirli birini se\u00e7mek i\u00e7in a\u00e7\u0131l\u0131r men\u00fcy\u00fc kullan\u0131n. T\u00fcm\u00fcCleaner F3 10LCleaner F3 Express 400mlLeak Sealer F4 10LLeak Sealer F4 Express 400mlProtector F1 10LProtector F1 Express 400mlProtector+ Filter Fluid F9 500mlTF1 Delta FilterTF1 Omega+ FilterTF1 Sigma UB Filter<\/p>\n","protected":false},"author":1,"featured_media":0,"parent":0,"menu_order":0,"comment_status":"closed","ping_status":"closed","template":"elementor_header_footer","meta":{"_acf_changed":false,"footnotes":""},"class_list":["post-4962","page","type-page","status-publish","hentry"],"acf":[],"yoast_head":"<!-- This site is optimized with the Yoast SEO plugin v27.3 - https:\/\/yoast.com\/product\/yoast-seo-wordpress\/ -->\n<title>\u0130ndirilenler - Fernox Turkey<\/title>\n<meta name=\"robots\" content=\"index, follow, max-snippet:-1, max-image-preview:large, max-video-preview:-1\" \/>\n<link rel=\"canonical\" href=\"https:\/\/fernox.com\/tr\/downloads\/\" \/>\n<meta property=\"og:locale\" content=\"en_GB\" \/>\n<meta property=\"og:type\" content=\"article\" \/>\n<meta property=\"og:title\" content=\"\u0130ndirilenler - Fernox Turkey\" \/>\n<meta property=\"og:description\" content=\"Mevcut t\u00fcm indirmeleri g\u00f6r\u00fcnt\u00fcleyin veya belirli birini se\u00e7mek i\u00e7in a\u00e7\u0131l\u0131r men\u00fcy\u00fc kullan\u0131n. T\u00fcm\u00fcCleaner F3 10LCleaner F3 Express 400mlLeak Sealer F4 10LLeak Sealer F4 Express 400mlProtector F1 10LProtector F1 Express 400mlProtector+ Filter Fluid F9 500mlTF1 Delta FilterTF1 Omega+ FilterTF1 Sigma UB Filter\" \/>\n<meta property=\"og:url\" content=\"https:\/\/fernox.com\/tr\/downloads\/\" \/>\n<meta property=\"og:site_name\" content=\"Fernox Turkey\" \/>\n<meta property=\"article:modified_time\" content=\"2024-09-13T08:35:25+00:00\" \/>\n<meta name=\"twitter:card\" content=\"summary_large_image\" \/>\n<meta name=\"twitter:label1\" content=\"Estimated reading time\" \/>\n\t<meta name=\"twitter:data1\" content=\"1 minute\" \/>\n<script type=\"application\/ld+json\" class=\"yoast-schema-graph\">{\"@context\":\"https:\\\/\\\/schema.org\",\"@graph\":[{\"@type\":\"WebPage\",\"@id\":\"https:\\\/\\\/fernox.com\\\/tr\\\/downloads\\\/\",\"url\":\"https:\\\/\\\/fernox.com\\\/tr\\\/downloads\\\/\",\"name\":\"\u0130ndirilenler - Fernox Turkey\",\"isPartOf\":{\"@id\":\"https:\\\/\\\/fernox.com\\\/tr\\\/#website\"},\"datePublished\":\"2020-12-09T15:39:35+00:00\",\"dateModified\":\"2024-09-13T08:35:25+00:00\",\"breadcrumb\":{\"@id\":\"https:\\\/\\\/fernox.com\\\/tr\\\/downloads\\\/#breadcrumb\"},\"inLanguage\":\"en-GB\",\"potentialAction\":[{\"@type\":\"ReadAction\",\"target\":[\"https:\\\/\\\/fernox.com\\\/tr\\\/downloads\\\/\"]}]},{\"@type\":\"BreadcrumbList\",\"@id\":\"https:\\\/\\\/fernox.com\\\/tr\\\/downloads\\\/#breadcrumb\",\"itemListElement\":[{\"@type\":\"ListItem\",\"position\":1,\"name\":\"Home\",\"item\":\"https:\\\/\\\/fernox.com\\\/tr\\\/\"},{\"@type\":\"ListItem\",\"position\":2,\"name\":\"\u0130ndirilenler\"}]},{\"@type\":\"WebSite\",\"@id\":\"https:\\\/\\\/fernox.com\\\/tr\\\/#website\",\"url\":\"https:\\\/\\\/fernox.com\\\/tr\\\/\",\"name\":\"Fernox Turkey\",\"description\":\"\",\"publisher\":{\"@id\":\"https:\\\/\\\/fernox.com\\\/tr\\\/#organization\"},\"potentialAction\":[{\"@type\":\"SearchAction\",\"target\":{\"@type\":\"EntryPoint\",\"urlTemplate\":\"https:\\\/\\\/fernox.com\\\/tr\\\/?s={search_term_string}\"},\"query-input\":{\"@type\":\"PropertyValueSpecification\",\"valueRequired\":true,\"valueName\":\"search_term_string\"}}],\"inLanguage\":\"en-GB\"},{\"@type\":\"Organization\",\"@id\":\"https:\\\/\\\/fernox.com\\\/tr\\\/#organization\",\"name\":\"Fernox Turkey\",\"url\":\"https:\\\/\\\/fernox.com\\\/tr\\\/\",\"logo\":{\"@type\":\"ImageObject\",\"inLanguage\":\"en-GB\",\"@id\":\"https:\\\/\\\/fernox.com\\\/tr\\\/#\\\/schema\\\/logo\\\/image\\\/\",\"url\":\"https:\\\/\\\/fernox.com\\\/tr\\\/wp-content\\\/uploads\\\/sites\\\/24\\\/2020\\\/11\\\/cropped-fernox-Logo-transparent.png\",\"contentUrl\":\"https:\\\/\\\/fernox.com\\\/tr\\\/wp-content\\\/uploads\\\/sites\\\/24\\\/2020\\\/11\\\/cropped-fernox-Logo-transparent.png\",\"width\":664,\"height\":150,\"caption\":\"Fernox Turkey\"},\"image\":{\"@id\":\"https:\\\/\\\/fernox.com\\\/tr\\\/#\\\/schema\\\/logo\\\/image\\\/\"}}]}<\/script>\n<!-- \/ Yoast SEO plugin. -->","yoast_head_json":{"title":"\u0130ndirilenler - Fernox Turkey","robots":{"index":"index","follow":"follow","max-snippet":"max-snippet:-1","max-image-preview":"max-image-preview:large","max-video-preview":"max-video-preview:-1"},"canonical":"https:\/\/fernox.com\/tr\/downloads\/","og_locale":"en_GB","og_type":"article","og_title":"\u0130ndirilenler - Fernox Turkey","og_description":"Mevcut t\u00fcm indirmeleri g\u00f6r\u00fcnt\u00fcleyin veya belirli birini se\u00e7mek i\u00e7in a\u00e7\u0131l\u0131r men\u00fcy\u00fc kullan\u0131n. T\u00fcm\u00fcCleaner F3 10LCleaner F3 Express 400mlLeak Sealer F4 10LLeak Sealer F4 Express 400mlProtector F1 10LProtector F1 Express 400mlProtector+ Filter Fluid F9 500mlTF1 Delta FilterTF1 Omega+ FilterTF1 Sigma UB Filter","og_url":"https:\/\/fernox.com\/tr\/downloads\/","og_site_name":"Fernox Turkey","article_modified_time":"2024-09-13T08:35:25+00:00","twitter_card":"summary_large_image","twitter_misc":{"Estimated reading time":"1 minute"},"schema":{"@context":"https:\/\/schema.org","@graph":[{"@type":"WebPage","@id":"https:\/\/fernox.com\/tr\/downloads\/","url":"https:\/\/fernox.com\/tr\/downloads\/","name":"\u0130ndirilenler - Fernox Turkey","isPartOf":{"@id":"https:\/\/fernox.com\/tr\/#website"},"datePublished":"2020-12-09T15:39:35+00:00","dateModified":"2024-09-13T08:35:25+00:00","breadcrumb":{"@id":"https:\/\/fernox.com\/tr\/downloads\/#breadcrumb"},"inLanguage":"en-GB","potentialAction":[{"@type":"ReadAction","target":["https:\/\/fernox.com\/tr\/downloads\/"]}]},{"@type":"BreadcrumbList","@id":"https:\/\/fernox.com\/tr\/downloads\/#breadcrumb","itemListElement":[{"@type":"ListItem","position":1,"name":"Home","item":"https:\/\/fernox.com\/tr\/"},{"@type":"ListItem","position":2,"name":"\u0130ndirilenler"}]},{"@type":"WebSite","@id":"https:\/\/fernox.com\/tr\/#website","url":"https:\/\/fernox.com\/tr\/","name":"Fernox Turkey","description":"","publisher":{"@id":"https:\/\/fernox.com\/tr\/#organization"},"potentialAction":[{"@type":"SearchAction","target":{"@type":"EntryPoint","urlTemplate":"https:\/\/fernox.com\/tr\/?s={search_term_string}"},"query-input":{"@type":"PropertyValueSpecification","valueRequired":true,"valueName":"search_term_string"}}],"inLanguage":"en-GB"},{"@type":"Organization","@id":"https:\/\/fernox.com\/tr\/#organization","name":"Fernox Turkey","url":"https:\/\/fernox.com\/tr\/","logo":{"@type":"ImageObject","inLanguage":"en-GB","@id":"https:\/\/fernox.com\/tr\/#\/schema\/logo\/image\/","url":"https:\/\/fernox.com\/tr\/wp-content\/uploads\/sites\/24\/2020\/11\/cropped-fernox-Logo-transparent.png","contentUrl":"https:\/\/fernox.com\/tr\/wp-content\/uploads\/sites\/24\/2020\/11\/cropped-fernox-Logo-transparent.png","width":664,"height":150,"caption":"Fernox Turkey"},"image":{"@id":"https:\/\/fernox.com\/tr\/#\/schema\/logo\/image\/"}}]}},"_links":{"self":[{"href":"https:\/\/fernox.com\/tr\/wp-json\/wp\/v2\/pages\/4962","targetHints":{"allow":["GET"]}}],"collection":[{"href":"https:\/\/fernox.com\/tr\/wp-json\/wp\/v2\/pages"}],"about":[{"href":"https:\/\/fernox.com\/tr\/wp-json\/wp\/v2\/types\/page"}],"author":[{"embeddable":true,"href":"https:\/\/fernox.com\/tr\/wp-json\/wp\/v2\/users\/1"}],"replies":[{"embeddable":true,"href":"https:\/\/fernox.com\/tr\/wp-json\/wp\/v2\/comments?post=4962"}],"version-history":[{"count":0,"href":"https:\/\/fernox.com\/tr\/wp-json\/wp\/v2\/pages\/4962\/revisions"}],"wp:attachment":[{"href":"https:\/\/fernox.com\/tr\/wp-json\/wp\/v2\/media?parent=4962"}],"curies":[{"name":"wp","href":"https:\/\/api.w.org\/{rel}","templated":true}]}}