{"id":36,"date":"2020-11-15T19:16:38","date_gmt":"2020-11-15T19:16:38","guid":{"rendered":"https:\/\/fxdevelopment.co.uk\/uk\/?page_id=36"},"modified":"2023-08-24T11:35:58","modified_gmt":"2023-08-24T11:35:58","slug":"about-us","status":"publish","type":"page","link":"https:\/\/fernox.com\/tr\/about-us\/","title":{"rendered":"About Us"},"content":{"rendered":"\t\t<div data-elementor-type=\"wp-page\" data-elementor-id=\"36\" class=\"elementor elementor-36\" data-elementor-post-type=\"page\">\n\t\t\t\t\t\t<section class=\"elementor-section elementor-top-section elementor-element elementor-element-208c758 elementor-section-boxed elementor-section-height-default elementor-section-height-default\" data-id=\"208c758\" data-element_type=\"section\" data-e-type=\"section\">\n\t\t\t\t\t\t<div class=\"elementor-container elementor-column-gap-default\">\n\t\t\t\t\t<div class=\"elementor-column elementor-col-100 elementor-top-column elementor-element elementor-element-954f16a\" data-id=\"954f16a\" data-element_type=\"column\" data-e-type=\"column\">\n\t\t\t<div class=\"elementor-widget-wrap elementor-element-populated\">\n\t\t\t\t\t\t<div class=\"elementor-element elementor-element-7fcf242 elementor-widget elementor-widget-image\" data-id=\"7fcf242\" data-element_type=\"widget\" data-e-type=\"widget\" data-widget_type=\"image.default\">\n\t\t\t\t<div class=\"elementor-widget-container\">\n\t\t\t\t\t\t\t\t\t\t\t\t\t\t\t<img fetchpriority=\"high\" decoding=\"async\" width=\"800\" height=\"534\" src=\"https:\/\/fernox.com\/tr\/wp-content\/uploads\/sites\/24\/2021\/02\/Fernox769-1024x683.jpg\" class=\"attachment-large size-large wp-image-18000\" alt=\"\" srcset=\"https:\/\/fernox.com\/tr\/wp-content\/uploads\/sites\/24\/2021\/02\/Fernox769-1024x683.jpg 1024w, https:\/\/fernox.com\/tr\/wp-content\/uploads\/sites\/24\/2021\/02\/Fernox769-300x200.jpg 300w, https:\/\/fernox.com\/tr\/wp-content\/uploads\/sites\/24\/2021\/02\/Fernox769-768x512.jpg 768w, https:\/\/fernox.com\/tr\/wp-content\/uploads\/sites\/24\/2021\/02\/Fernox769-1536x1024.jpg 1536w, https:\/\/fernox.com\/tr\/wp-content\/uploads\/sites\/24\/2021\/02\/Fernox769-2048x1365.jpg 2048w, https:\/\/fernox.com\/tr\/wp-content\/uploads\/sites\/24\/2021\/02\/Fernox769-600x400.jpg 600w\" sizes=\"(max-width: 800px) 100vw, 800px\" \/>\t\t\t\t\t\t\t\t\t\t\t\t\t\t\t<\/div>\n\t\t\t\t<\/div>\n\t\t\t\t<div data-dce-text-color=\"#000000\" class=\"elementor-element elementor-element-bd1d4c1 elementor-widget elementor-widget-text-editor\" data-id=\"bd1d4c1\" data-element_type=\"widget\" data-e-type=\"widget\" data-widget_type=\"text-editor.default\">\n\t\t\t\t<div class=\"elementor-widget-container\">\n\t\t\t\t\t\t\t\t\t<p>1964 y\u0131l\u0131nda kurulan Fernox, su ar\u0131tma kimyasal \u00fcr\u00fcnleri, merkezi \u0131s\u0131tma sistemi filtreleri, s\u0131hhi tesisat sarf malzemeleri ve te\u015fhis test hizmetlerinin lider \u00fcreticisidir. Fernox, evsel ve ticari uygulamalarda hem geleneksel hem de yenilenebilir teknoloji i\u00e7in enerji verimli \u00fcr\u00fcnlerin geli\u015ftirilmesine \u00f6nc\u00fcl\u00fck etmi\u015ftir. \u0130\u015fletme, ilerici bir Ara\u015ft\u0131rma ve Geli\u015ftirme program\u0131na kendini adam\u0131\u015ft\u0131r ve \u0130ngiltere, ABD ve Hindistan&#8217;da bulunan bilim insanlar\u0131ndan olu\u015fan kapsaml\u0131 bir \u015firket i\u00e7i Ar-Ge ekibine yat\u0131r\u0131m yapm\u0131\u015ft\u0131r.<\/p><p>Operasyon merkezi Woking, \u0130ngiltere&#8217;de bulunmaktad\u0131r ve \u0130ngiltere ve Avrupa&#8217;da \u00fcretim tesisleri ve Fransa, Almanya, \u0130talya, Bel\u00e7ika, Hollanda, Macaristan, \u00c7in Halk Cumhuriyeti ve ABD&#8217;de ofisleri bulunmaktad\u0131r ve Do\u011fu Avrupa ve Asya&#8217;ya daha da geni\u015flemeyi planlamaktad\u0131r. Fernox, y\u00fcksek teknolojili \u00f6zel \u00fcr\u00fcnlerin d\u00fcnya \u00e7ap\u0131nda \u00e7e\u015fitlili\u011fe sahip \u00fcreticisi ve teknik hizmetler sa\u011flay\u0131c\u0131s\u0131 olan <a href=\"https:\/\/industrial.macdermidenthone.com\/\"><strong>MacDermid Enthone Industrial Solutions<\/strong><\/a>&#8216;\u0131n bir yan kurulu\u015fu olarak faaliyet g\u00f6stermektedir ve <a href=\"https:\/\/www.elementsolutionsinc.com\/\"><strong>Element Solutions Inc<\/strong><\/a>.&#8217;in (NYSE:ESI) bir i\u015f birimidir. <a href=\"https:\/\/www.elementsolutionsinc.com\/\"><strong>Element Solutions Inc<\/strong><\/a>, i\u015fletmeleri insanlar\u0131n her g\u00fcn kulland\u0131\u011f\u0131 \u00fcr\u00fcnleri geli\u015ftiren geni\u015f bir \u00e7\u00f6z\u00fcm yelpazesi sunan lider bir \u00f6zel kimyasallar \u015firketidir.<\/p><p>2019 y\u0131l\u0131nda, k\u00fcresel marka de\u011feri Fernox, \u015firket yap\u0131s\u0131ndaki bir de\u011fi\u015fikli\u011fi yans\u0131tmak i\u00e7in bir \u0130ngiltere \u015firketi olan Fernox Ltd olarak tescil edildi.<\/p>\t\t\t\t\t\t\t\t<\/div>\n\t\t\t\t<\/div>\n\t\t\t\t\t<\/div>\n\t\t<\/div>\n\t\t\t\t\t<\/div>\n\t\t<\/section>\n\t\t\t\t<section class=\"elementor-section elementor-top-section elementor-element elementor-element-932d0e6 elementor-section-boxed elementor-section-height-default elementor-section-height-default\" data-id=\"932d0e6\" data-element_type=\"section\" data-e-type=\"section\">\n\t\t\t\t\t\t<div class=\"elementor-container elementor-column-gap-default\">\n\t\t\t\t\t<div class=\"elementor-column elementor-col-100 elementor-top-column elementor-element elementor-element-45a8248\" data-id=\"45a8248\" data-element_type=\"column\" data-e-type=\"column\">\n\t\t\t<div class=\"elementor-widget-wrap elementor-element-populated\">\n\t\t\t\t\t\t<div class=\"elementor-element elementor-element-82058dd elementor-widget elementor-widget-heading\" data-id=\"82058dd\" data-element_type=\"widget\" data-e-type=\"widget\" data-widget_type=\"heading.default\">\n\t\t\t\t<div class=\"elementor-widget-container\">\n\t\t\t\t\t<h2 class=\"elementor-heading-title elementor-size-default\">Ara\u015ft\u0131rma ve Geli\u015ftirme<\/h2>\t\t\t\t<\/div>\n\t\t\t\t<\/div>\n\t\t\t\t\t<\/div>\n\t\t<\/div>\n\t\t\t\t\t<\/div>\n\t\t<\/section>\n\t\t\t\t<section class=\"elementor-section elementor-top-section elementor-element elementor-element-5c1d63e elementor-section-boxed elementor-section-height-default elementor-section-height-default\" data-id=\"5c1d63e\" data-element_type=\"section\" data-e-type=\"section\">\n\t\t\t\t\t\t<div class=\"elementor-container elementor-column-gap-default\">\n\t\t\t\t\t<div class=\"elementor-column elementor-col-100 elementor-top-column elementor-element elementor-element-3b4183c\" data-id=\"3b4183c\" data-element_type=\"column\" data-e-type=\"column\">\n\t\t\t<div class=\"elementor-widget-wrap elementor-element-populated\">\n\t\t\t\t\t\t<div data-dce-text-color=\"#000000\" class=\"elementor-element elementor-element-e676d50 elementor-widget elementor-widget-text-editor\" data-id=\"e676d50\" data-element_type=\"widget\" data-e-type=\"widget\" data-widget_type=\"text-editor.default\">\n\t\t\t\t<div class=\"elementor-widget-container\">\n\t\t\t\t\t\t\t\t\t<p><span style=\"vertical-align: inherit;\"><span style=\"vertical-align: inherit;\">Fernox has a unique and tailored R&amp;D and Technical Services offering that reflects the changing needs and increasing technological demands of the industry. <\/span><span style=\"vertical-align: inherit;\">At the forefront of innovation, Fernox leverages 13 R&amp;D technical centers worldwide, led by 250 scientists and engineers.<\/span><\/span><\/p><p><span style=\"vertical-align: inherit;\"><span style=\"vertical-align: inherit;\">Fernox maintains a strict corporate responsibility policy that promotes best practices and prohibits animal testing. <\/span><span style=\"vertical-align: inherit;\">Its chemical products significantly exceed industry standards and are certified and accredited by the Energy Savings Trust Registered, KIWA, WRAS, Belgaqua and NSF (formerly BuildCert).<\/span><\/span><\/p>\t\t\t\t\t\t\t\t<\/div>\n\t\t\t\t<\/div>\n\t\t\t\t\t<\/div>\n\t\t<\/div>\n\t\t\t\t\t<\/div>\n\t\t<\/section>\n\t\t\t\t<\/div>\n\t\t","protected":false},"excerpt":{"rendered":"<p>1964 y\u0131l\u0131nda kurulan Fernox, su ar\u0131tma kimyasal \u00fcr\u00fcnleri, merkezi \u0131s\u0131tma sistemi filtreleri, s\u0131hhi tesisat sarf malzemeleri ve te\u015fhis test hizmetlerinin lider \u00fcreticisidir. Fernox, evsel ve ticari uygulamalarda hem geleneksel hem de yenilenebilir teknoloji i\u00e7in enerji verimli \u00fcr\u00fcnlerin geli\u015ftirilmesine \u00f6nc\u00fcl\u00fck etmi\u015ftir. \u0130\u015fletme, ilerici bir Ara\u015ft\u0131rma ve Geli\u015ftirme program\u0131na kendini adam\u0131\u015ft\u0131r ve \u0130ngiltere, ABD ve Hindistan&#8217;da bulunan [&hellip;]<\/p>\n","protected":false},"author":1,"featured_media":18000,"parent":0,"menu_order":0,"comment_status":"closed","ping_status":"closed","template":"","meta":{"_acf_changed":false,"footnotes":""},"class_list":["post-36","page","type-page","status-publish","has-post-thumbnail","hentry"],"acf":[],"yoast_head":"<!-- This site is optimized with the Yoast SEO plugin v27.3 - https:\/\/yoast.com\/product\/yoast-seo-wordpress\/ -->\n<title>About Us - Fernox Turkey<\/title>\n<meta name=\"robots\" content=\"index, follow, max-snippet:-1, max-image-preview:large, max-video-preview:-1\" \/>\n<link rel=\"canonical\" href=\"https:\/\/fernox.com\/tr\/about-us\/\" \/>\n<meta property=\"og:locale\" content=\"en_GB\" \/>\n<meta property=\"og:type\" content=\"article\" \/>\n<meta property=\"og:title\" content=\"About Us - Fernox Turkey\" \/>\n<meta property=\"og:description\" content=\"1964 y\u0131l\u0131nda kurulan Fernox, su ar\u0131tma kimyasal \u00fcr\u00fcnleri, merkezi \u0131s\u0131tma sistemi filtreleri, s\u0131hhi tesisat sarf malzemeleri ve te\u015fhis test hizmetlerinin lider \u00fcreticisidir. Fernox, evsel ve ticari uygulamalarda hem geleneksel hem de yenilenebilir teknoloji i\u00e7in enerji verimli \u00fcr\u00fcnlerin geli\u015ftirilmesine \u00f6nc\u00fcl\u00fck etmi\u015ftir. \u0130\u015fletme, ilerici bir Ara\u015ft\u0131rma ve Geli\u015ftirme program\u0131na kendini adam\u0131\u015ft\u0131r ve \u0130ngiltere, ABD ve Hindistan&#8217;da bulunan [&hellip;]\" \/>\n<meta property=\"og:url\" content=\"https:\/\/fernox.com\/tr\/about-us\/\" \/>\n<meta property=\"og:site_name\" content=\"Fernox Turkey\" \/>\n<meta property=\"article:modified_time\" content=\"2023-08-24T11:35:58+00:00\" \/>\n<meta property=\"og:image\" content=\"https:\/\/fernox.com\/tr\/wp-content\/uploads\/sites\/24\/2021\/02\/Fernox769-scaled.jpg\" \/>\n\t<meta property=\"og:image:width\" content=\"2560\" \/>\n\t<meta property=\"og:image:height\" content=\"1707\" \/>\n\t<meta property=\"og:image:type\" content=\"image\/jpeg\" \/>\n<meta name=\"twitter:card\" content=\"summary_large_image\" \/>\n<meta name=\"twitter:label1\" content=\"Estimated reading time\" \/>\n\t<meta name=\"twitter:data1\" content=\"2 minutes\" \/>\n<script type=\"application\/ld+json\" class=\"yoast-schema-graph\">{\"@context\":\"https:\\\/\\\/schema.org\",\"@graph\":[{\"@type\":\"WebPage\",\"@id\":\"https:\\\/\\\/fernox.com\\\/tr\\\/about-us\\\/\",\"url\":\"https:\\\/\\\/fernox.com\\\/tr\\\/about-us\\\/\",\"name\":\"About Us - Fernox Turkey\",\"isPartOf\":{\"@id\":\"https:\\\/\\\/fernox.com\\\/tr\\\/#website\"},\"primaryImageOfPage\":{\"@id\":\"https:\\\/\\\/fernox.com\\\/tr\\\/about-us\\\/#primaryimage\"},\"image\":{\"@id\":\"https:\\\/\\\/fernox.com\\\/tr\\\/about-us\\\/#primaryimage\"},\"thumbnailUrl\":\"https:\\\/\\\/fernox.com\\\/tr\\\/wp-content\\\/uploads\\\/sites\\\/24\\\/2021\\\/02\\\/Fernox769-scaled.jpg\",\"datePublished\":\"2020-11-15T19:16:38+00:00\",\"dateModified\":\"2023-08-24T11:35:58+00:00\",\"breadcrumb\":{\"@id\":\"https:\\\/\\\/fernox.com\\\/tr\\\/about-us\\\/#breadcrumb\"},\"inLanguage\":\"en-GB\",\"potentialAction\":[{\"@type\":\"ReadAction\",\"target\":[\"https:\\\/\\\/fernox.com\\\/tr\\\/about-us\\\/\"]}]},{\"@type\":\"ImageObject\",\"inLanguage\":\"en-GB\",\"@id\":\"https:\\\/\\\/fernox.com\\\/tr\\\/about-us\\\/#primaryimage\",\"url\":\"https:\\\/\\\/fernox.com\\\/tr\\\/wp-content\\\/uploads\\\/sites\\\/24\\\/2021\\\/02\\\/Fernox769-scaled.jpg\",\"contentUrl\":\"https:\\\/\\\/fernox.com\\\/tr\\\/wp-content\\\/uploads\\\/sites\\\/24\\\/2021\\\/02\\\/Fernox769-scaled.jpg\",\"width\":2560,\"height\":1707},{\"@type\":\"BreadcrumbList\",\"@id\":\"https:\\\/\\\/fernox.com\\\/tr\\\/about-us\\\/#breadcrumb\",\"itemListElement\":[{\"@type\":\"ListItem\",\"position\":1,\"name\":\"Home\",\"item\":\"https:\\\/\\\/fernox.com\\\/tr\\\/\"},{\"@type\":\"ListItem\",\"position\":2,\"name\":\"About Us\"}]},{\"@type\":\"WebSite\",\"@id\":\"https:\\\/\\\/fernox.com\\\/tr\\\/#website\",\"url\":\"https:\\\/\\\/fernox.com\\\/tr\\\/\",\"name\":\"Fernox Turkey\",\"description\":\"\",\"publisher\":{\"@id\":\"https:\\\/\\\/fernox.com\\\/tr\\\/#organization\"},\"potentialAction\":[{\"@type\":\"SearchAction\",\"target\":{\"@type\":\"EntryPoint\",\"urlTemplate\":\"https:\\\/\\\/fernox.com\\\/tr\\\/?s={search_term_string}\"},\"query-input\":{\"@type\":\"PropertyValueSpecification\",\"valueRequired\":true,\"valueName\":\"search_term_string\"}}],\"inLanguage\":\"en-GB\"},{\"@type\":\"Organization\",\"@id\":\"https:\\\/\\\/fernox.com\\\/tr\\\/#organization\",\"name\":\"Fernox Turkey\",\"url\":\"https:\\\/\\\/fernox.com\\\/tr\\\/\",\"logo\":{\"@type\":\"ImageObject\",\"inLanguage\":\"en-GB\",\"@id\":\"https:\\\/\\\/fernox.com\\\/tr\\\/#\\\/schema\\\/logo\\\/image\\\/\",\"url\":\"https:\\\/\\\/fernox.com\\\/tr\\\/wp-content\\\/uploads\\\/sites\\\/24\\\/2020\\\/11\\\/cropped-fernox-Logo-transparent.png\",\"contentUrl\":\"https:\\\/\\\/fernox.com\\\/tr\\\/wp-content\\\/uploads\\\/sites\\\/24\\\/2020\\\/11\\\/cropped-fernox-Logo-transparent.png\",\"width\":664,\"height\":150,\"caption\":\"Fernox Turkey\"},\"image\":{\"@id\":\"https:\\\/\\\/fernox.com\\\/tr\\\/#\\\/schema\\\/logo\\\/image\\\/\"}}]}<\/script>\n<!-- \/ Yoast SEO plugin. -->","yoast_head_json":{"title":"About Us - Fernox Turkey","robots":{"index":"index","follow":"follow","max-snippet":"max-snippet:-1","max-image-preview":"max-image-preview:large","max-video-preview":"max-video-preview:-1"},"canonical":"https:\/\/fernox.com\/tr\/about-us\/","og_locale":"en_GB","og_type":"article","og_title":"About Us - Fernox Turkey","og_description":"1964 y\u0131l\u0131nda kurulan Fernox, su ar\u0131tma kimyasal \u00fcr\u00fcnleri, merkezi \u0131s\u0131tma sistemi filtreleri, s\u0131hhi tesisat sarf malzemeleri ve te\u015fhis test hizmetlerinin lider \u00fcreticisidir. Fernox, evsel ve ticari uygulamalarda hem geleneksel hem de yenilenebilir teknoloji i\u00e7in enerji verimli \u00fcr\u00fcnlerin geli\u015ftirilmesine \u00f6nc\u00fcl\u00fck etmi\u015ftir. \u0130\u015fletme, ilerici bir Ara\u015ft\u0131rma ve Geli\u015ftirme program\u0131na kendini adam\u0131\u015ft\u0131r ve \u0130ngiltere, ABD ve Hindistan&#8217;da bulunan [&hellip;]","og_url":"https:\/\/fernox.com\/tr\/about-us\/","og_site_name":"Fernox Turkey","article_modified_time":"2023-08-24T11:35:58+00:00","og_image":[{"width":2560,"height":1707,"url":"https:\/\/fernox.com\/tr\/wp-content\/uploads\/sites\/24\/2021\/02\/Fernox769-scaled.jpg","type":"image\/jpeg"}],"twitter_card":"summary_large_image","twitter_misc":{"Estimated reading time":"2 minutes"},"schema":{"@context":"https:\/\/schema.org","@graph":[{"@type":"WebPage","@id":"https:\/\/fernox.com\/tr\/about-us\/","url":"https:\/\/fernox.com\/tr\/about-us\/","name":"About Us - Fernox Turkey","isPartOf":{"@id":"https:\/\/fernox.com\/tr\/#website"},"primaryImageOfPage":{"@id":"https:\/\/fernox.com\/tr\/about-us\/#primaryimage"},"image":{"@id":"https:\/\/fernox.com\/tr\/about-us\/#primaryimage"},"thumbnailUrl":"https:\/\/fernox.com\/tr\/wp-content\/uploads\/sites\/24\/2021\/02\/Fernox769-scaled.jpg","datePublished":"2020-11-15T19:16:38+00:00","dateModified":"2023-08-24T11:35:58+00:00","breadcrumb":{"@id":"https:\/\/fernox.com\/tr\/about-us\/#breadcrumb"},"inLanguage":"en-GB","potentialAction":[{"@type":"ReadAction","target":["https:\/\/fernox.com\/tr\/about-us\/"]}]},{"@type":"ImageObject","inLanguage":"en-GB","@id":"https:\/\/fernox.com\/tr\/about-us\/#primaryimage","url":"https:\/\/fernox.com\/tr\/wp-content\/uploads\/sites\/24\/2021\/02\/Fernox769-scaled.jpg","contentUrl":"https:\/\/fernox.com\/tr\/wp-content\/uploads\/sites\/24\/2021\/02\/Fernox769-scaled.jpg","width":2560,"height":1707},{"@type":"BreadcrumbList","@id":"https:\/\/fernox.com\/tr\/about-us\/#breadcrumb","itemListElement":[{"@type":"ListItem","position":1,"name":"Home","item":"https:\/\/fernox.com\/tr\/"},{"@type":"ListItem","position":2,"name":"About Us"}]},{"@type":"WebSite","@id":"https:\/\/fernox.com\/tr\/#website","url":"https:\/\/fernox.com\/tr\/","name":"Fernox Turkey","description":"","publisher":{"@id":"https:\/\/fernox.com\/tr\/#organization"},"potentialAction":[{"@type":"SearchAction","target":{"@type":"EntryPoint","urlTemplate":"https:\/\/fernox.com\/tr\/?s={search_term_string}"},"query-input":{"@type":"PropertyValueSpecification","valueRequired":true,"valueName":"search_term_string"}}],"inLanguage":"en-GB"},{"@type":"Organization","@id":"https:\/\/fernox.com\/tr\/#organization","name":"Fernox Turkey","url":"https:\/\/fernox.com\/tr\/","logo":{"@type":"ImageObject","inLanguage":"en-GB","@id":"https:\/\/fernox.com\/tr\/#\/schema\/logo\/image\/","url":"https:\/\/fernox.com\/tr\/wp-content\/uploads\/sites\/24\/2020\/11\/cropped-fernox-Logo-transparent.png","contentUrl":"https:\/\/fernox.com\/tr\/wp-content\/uploads\/sites\/24\/2020\/11\/cropped-fernox-Logo-transparent.png","width":664,"height":150,"caption":"Fernox Turkey"},"image":{"@id":"https:\/\/fernox.com\/tr\/#\/schema\/logo\/image\/"}}]}},"_links":{"self":[{"href":"https:\/\/fernox.com\/tr\/wp-json\/wp\/v2\/pages\/36","targetHints":{"allow":["GET"]}}],"collection":[{"href":"https:\/\/fernox.com\/tr\/wp-json\/wp\/v2\/pages"}],"about":[{"href":"https:\/\/fernox.com\/tr\/wp-json\/wp\/v2\/types\/page"}],"author":[{"embeddable":true,"href":"https:\/\/fernox.com\/tr\/wp-json\/wp\/v2\/users\/1"}],"replies":[{"embeddable":true,"href":"https:\/\/fernox.com\/tr\/wp-json\/wp\/v2\/comments?post=36"}],"version-history":[{"count":0,"href":"https:\/\/fernox.com\/tr\/wp-json\/wp\/v2\/pages\/36\/revisions"}],"wp:featuredmedia":[{"embeddable":true,"href":"https:\/\/fernox.com\/tr\/wp-json\/wp\/v2\/media\/18000"}],"wp:attachment":[{"href":"https:\/\/fernox.com\/tr\/wp-json\/wp\/v2\/media?parent=36"}],"curies":[{"name":"wp","href":"https:\/\/api.w.org\/{rel}","templated":true}]}}