{"id":3090,"date":"2020-11-24T11:06:55","date_gmt":"2020-11-24T11:06:55","guid":{"rendered":"https:\/\/fxdevelopment.co.uk\/uk\/?page_id=3090"},"modified":"2024-09-13T08:33:06","modified_gmt":"2024-09-13T08:33:06","slug":"videos","status":"publish","type":"page","link":"https:\/\/fernox.com\/tr\/videos\/","title":{"rendered":"Videolar"},"content":{"rendered":"\t\t<div data-elementor-type=\"wp-page\" data-elementor-id=\"3090\" class=\"elementor elementor-3090\" data-elementor-post-type=\"page\">\n\t\t\t\t<div class=\"elementor-element elementor-element-569573fe e-flex e-con-boxed e-con e-parent\" data-id=\"569573fe\" data-element_type=\"container\" data-e-type=\"container\">\n\t\t\t\t\t<div class=\"e-con-inner\">\n\t\t\t\t<div class=\"elementor-element elementor-element-3275115b elementor-widget elementor-widget-heading\" data-id=\"3275115b\" data-element_type=\"widget\" data-e-type=\"widget\" data-widget_type=\"heading.default\">\n\t\t\t\t<div class=\"elementor-widget-container\">\n\t\t\t\t\t<h2 class=\"elementor-heading-title elementor-size-default\">Videolar<\/h2>\t\t\t\t<\/div>\n\t\t\t\t<\/div>\n\t\t\t\t<div data-dce-text-color=\"#000000\" class=\"elementor-element elementor-element-12d66a6 elementor-widget elementor-widget-text-editor\" data-id=\"12d66a6\" data-element_type=\"widget\" data-e-type=\"widget\" data-widget_type=\"text-editor.default\">\n\t\t\t\t<div class=\"elementor-widget-container\">\n\t\t\t\t\t\t\t\t\t<p>Mevcut videolar\u0131n t\u00fcm\u00fcn\u00fc g\u00f6r\u00fcnt\u00fcleyin veya bir \u00fcr\u00fcn\u00fcn belirli videolar\u0131n\u0131 se\u00e7mek i\u00e7in a\u00e7\u0131l\u0131r men\u00fcy\u00fc kullan\u0131n.<\/p>\t\t\t\t\t\t\t\t<\/div>\n\t\t\t\t<\/div>\n\t\t\t\t<div class=\"elementor-element elementor-element-63c59102 dce-posts-layout-template dce-col-2 dce-col-tablet-2 dce-col-mobile-1 elementor-widget elementor-widget-dce-dynamicposts-v2\" data-id=\"63c59102\" data-element_type=\"widget\" data-e-type=\"widget\" data-settings=\"{&quot;style_items&quot;:&quot;template&quot;,&quot;grid_filters_all_filter&quot;:&quot;yes&quot;,&quot;grid_filters_all_default&quot;:&quot;yes&quot;,&quot;grid_filters_grid_type&quot;:&quot;flex&quot;}\" data-widget_type=\"dce-dynamicposts-v2.grid-filters\">\n\t\t\t\t<div class=\"elementor-widget-container\">\n\t\t\t\t\t\n\t\t<div class=\"dce-fix-background-loop dce-posts-container dce-posts dce-dynamic-posts-collection  dce-grid-filters-container dce-skin-grid-filters dce-skin-grid dce-skin-grid-flex\">\n\t\t\t<div class=\"dce-filters align-left\"><select ><option value=\"*\" selected>T\u00fcm\u00fc<\/option><option value=\".product_tag-tf1-antifreeze-valve-28mm\"\">TF1 Antifreeze Valve 28mm<\/option><option value=\".product_tag-tf1-antifreeze-valve-1\"\">TF1 Antifreeze Valve 1&quot;<\/option><option value=\".product_tag-cleaner-f3-500ml\"\">Cleaner F3 500ml<\/option><option value=\".product_tag-tf1-antifreeze-valve-1-1-4\"\">TF1 Antifreeze Valve 1 1\/4&quot;<\/option><option value=\".product_tag-cleaner-f3-express-400ml\"\">Cleaner F3 Express 400ml<\/option><option value=\".product_tag-tf1-antifreeze-valve-1-1-2\"\">TF1 Antifreeze Valve 1 1\/2&quot;<\/option><option value=\".product_tag-tf1-antifreeze-valve\"\">TF1 Antifreeze Valve<\/option><option value=\".product_tag-protector-f1-500ml\"\">Protector F1 500ml<\/option><option value=\".product_tag-tf1-sigma-ub-filter\"\">TF1 Sigma UB Filter<\/option><option value=\".product_tag-cleaner-f3-265ml\"\">Cleaner F3 265ml<\/option><\/select><\/div>\t\t\t<div class=\"dce-posts-wrapper dce-grid-filters-wrapper dce-wrapper-grid-filters dce-wrapper-grid\">\n\t\t\t\n\t\t<article class=\"post-31729 associated_content type-associated_content status-publish hentry category-video tag-protector-f1-500ml dce-post dce-post-item dce-item-filterable dce-grid-filters-item dce-item-grid-filters dce-item-grid\" data-dce-post-id=\"31729\" data-dce-post-index=\"0\">\n\t\t\t<div class=\"dce-post-block\">\n\t\t<style>.elementor-32277 .elementor-element.elementor-element-4fda8143 > .elementor-element-populated{padding:18px 18px 18px 18px;}.elementor-widget-text-editor{font-family:var( --e-global-typography-text-font-family ), Sans-serif;font-weight:var( --e-global-typography-text-font-weight );color:var( --e-global-color-text );}.elementor-widget-text-editor.elementor-drop-cap-view-stacked .elementor-drop-cap{background-color:var( --e-global-color-primary );}.elementor-widget-text-editor.elementor-drop-cap-view-framed .elementor-drop-cap, .elementor-widget-text-editor.elementor-drop-cap-view-default .elementor-drop-cap{color:var( --e-global-color-primary );border-color:var( --e-global-color-primary );}.elementor-32277 .elementor-element.elementor-element-70610844{font-family:\"Roboto\", Sans-serif;font-size:19px;font-weight:500;color:#0F4C87;}.elementor-32277 .elementor-element.elementor-element-7d7c3e7 .elementor-wrapper{--video-aspect-ratio:1.77777;}<\/style>\t\t<div data-elementor-type=\"section\" data-elementor-id=\"32277\" class=\"elementor elementor-32277 dce-elementor-rendering-id-1\" data-elementor-post-type=\"elementor_library\">\n\t\t\t\t\t<section class=\"elementor-section elementor-top-section elementor-element elementor-element-74916911 elementor-section-boxed elementor-section-height-default elementor-section-height-default\" data-id=\"74916911\" data-element_type=\"section\" data-e-type=\"section\">\n\t\t\t\t\t\t<div class=\"elementor-container elementor-column-gap-default\">\n\t\t\t\t\t<div class=\"elementor-column elementor-col-100 elementor-top-column elementor-element elementor-element-4fda8143\" data-id=\"4fda8143\" data-element_type=\"column\" data-e-type=\"column\">\n\t\t\t<div class=\"elementor-widget-wrap elementor-element-populated\">\n\t\t\t\t\t\t<div data-dce-text-color=\"#0F4C87\" class=\"elementor-element elementor-element-70610844 elementor-widget elementor-widget-text-editor\" data-id=\"70610844\" data-element_type=\"widget\" data-e-type=\"widget\" data-widget_type=\"text-editor.default\">\n\t\t\t\t<div class=\"elementor-widget-container\">\n\t\t\t\t\t\t\t\t\tFernox Protector F1 500ml (TR)\t\t\t\t\t\t\t\t<\/div>\n\t\t\t\t<\/div>\n\t\t\t\t<div class=\"elementor-element elementor-element-7d7c3e7 elementor-widget elementor-widget-video\" data-id=\"7d7c3e7\" data-element_type=\"widget\" data-e-type=\"widget\" data-settings=\"{&quot;yt_privacy&quot;:&quot;yes&quot;,&quot;video_type&quot;:&quot;vimeo&quot;}\" data-widget_type=\"video.default\">\n\t\t\t\t<div class=\"elementor-widget-container\">\n\t\t\t\t\t\t\t<div class=\"elementor-wrapper elementor-open-inline\">\n\t\t\t<iframe class=\"elementor-video-iframe\" allowfullscreen allow=\"clipboard-write\" title=\"vimeo Video Player\" src=\"https:\/\/player.vimeo.com\/video\/990006725?color&amp;autopause=0&amp;dnt=true&amp;loop=0&amp;muted=0&amp;title=1&amp;portrait=1&amp;byline=1#t=\"><\/iframe>\t\t<\/div>\n\t\t\t\t\t\t<\/div>\n\t\t\t\t<\/div>\n\t\t\t\t\t<\/div>\n\t\t<\/div>\n\t\t\t\t\t<\/div>\n\t\t<\/section>\n\t\t\t\t<\/div>\n\t\t\t\t\t<\/div>\n\t\t<\/article>\n\t\t\n\t\t<article class=\"post-31730 associated_content type-associated_content status-publish hentry category-video tag-tf1-sigma-ub-filter dce-post dce-post-item dce-item-filterable dce-grid-filters-item dce-item-grid-filters dce-item-grid\" data-dce-post-id=\"31730\" data-dce-post-index=\"1\">\n\t\t\t<div class=\"dce-post-block\">\n\t\t<style>.elementor-32277 .elementor-element.elementor-element-4fda8143 > .elementor-element-populated{padding:18px 18px 18px 18px;}.elementor-widget-text-editor{font-family:var( --e-global-typography-text-font-family ), Sans-serif;font-weight:var( --e-global-typography-text-font-weight );color:var( --e-global-color-text );}.elementor-widget-text-editor.elementor-drop-cap-view-stacked .elementor-drop-cap{background-color:var( --e-global-color-primary );}.elementor-widget-text-editor.elementor-drop-cap-view-framed .elementor-drop-cap, .elementor-widget-text-editor.elementor-drop-cap-view-default .elementor-drop-cap{color:var( --e-global-color-primary );border-color:var( --e-global-color-primary );}.elementor-32277 .elementor-element.elementor-element-70610844{font-family:\"Roboto\", Sans-serif;font-size:19px;font-weight:500;color:#0F4C87;}.elementor-32277 .elementor-element.elementor-element-7d7c3e7 .elementor-wrapper{--video-aspect-ratio:1.77777;}<\/style>\t\t<div data-elementor-type=\"section\" data-elementor-id=\"32277\" class=\"elementor elementor-32277 dce-elementor-rendering-id-2\" data-elementor-post-type=\"elementor_library\">\n\t\t\t\t\t<section class=\"elementor-section elementor-top-section elementor-element elementor-element-74916911 elementor-section-boxed elementor-section-height-default elementor-section-height-default\" data-id=\"74916911\" data-element_type=\"section\" data-e-type=\"section\">\n\t\t\t\t\t\t<div class=\"elementor-container elementor-column-gap-default\">\n\t\t\t\t\t<div class=\"elementor-column elementor-col-100 elementor-top-column elementor-element elementor-element-4fda8143\" data-id=\"4fda8143\" data-element_type=\"column\" data-e-type=\"column\">\n\t\t\t<div class=\"elementor-widget-wrap elementor-element-populated\">\n\t\t\t\t\t\t<div data-dce-text-color=\"#0F4C87\" class=\"elementor-element elementor-element-70610844 elementor-widget elementor-widget-text-editor\" data-id=\"70610844\" data-element_type=\"widget\" data-e-type=\"widget\" data-widget_type=\"text-editor.default\">\n\t\t\t\t<div class=\"elementor-widget-container\">\n\t\t\t\t\t\t\t\t\tFernox TF1 Sigma UB Filter (TR)\t\t\t\t\t\t\t\t<\/div>\n\t\t\t\t<\/div>\n\t\t\t\t<div class=\"elementor-element elementor-element-7d7c3e7 elementor-widget elementor-widget-video\" data-id=\"7d7c3e7\" data-element_type=\"widget\" data-e-type=\"widget\" data-settings=\"{&quot;yt_privacy&quot;:&quot;yes&quot;,&quot;video_type&quot;:&quot;vimeo&quot;}\" data-widget_type=\"video.default\">\n\t\t\t\t<div class=\"elementor-widget-container\">\n\t\t\t\t\t\t\t<div class=\"elementor-wrapper elementor-open-inline\">\n\t\t\t<iframe class=\"elementor-video-iframe\" allowfullscreen allow=\"clipboard-write\" title=\"vimeo Video Player\" src=\"https:\/\/player.vimeo.com\/video\/990003392?color&amp;autopause=0&amp;dnt=true&amp;loop=0&amp;muted=0&amp;title=1&amp;portrait=1&amp;byline=1#t=\"><\/iframe>\t\t<\/div>\n\t\t\t\t\t\t<\/div>\n\t\t\t\t<\/div>\n\t\t\t\t\t<\/div>\n\t\t<\/div>\n\t\t\t\t\t<\/div>\n\t\t<\/section>\n\t\t\t\t<\/div>\n\t\t\t\t\t<\/div>\n\t\t<\/article>\n\t\t\n\t\t<article class=\"post-31731 associated_content type-associated_content status-publish hentry category-video tag-cleaner-f3-265ml tag-cleaner-f3-500ml tag-cleaner-f3-express-400ml dce-post dce-post-item dce-item-filterable dce-grid-filters-item dce-item-grid-filters dce-item-grid\" data-dce-post-id=\"31731\" data-dce-post-index=\"2\">\n\t\t\t<div class=\"dce-post-block\">\n\t\t<style>.elementor-32277 .elementor-element.elementor-element-4fda8143 > .elementor-element-populated{padding:18px 18px 18px 18px;}.elementor-widget-text-editor{font-family:var( --e-global-typography-text-font-family ), Sans-serif;font-weight:var( --e-global-typography-text-font-weight );color:var( --e-global-color-text );}.elementor-widget-text-editor.elementor-drop-cap-view-stacked .elementor-drop-cap{background-color:var( --e-global-color-primary );}.elementor-widget-text-editor.elementor-drop-cap-view-framed .elementor-drop-cap, .elementor-widget-text-editor.elementor-drop-cap-view-default .elementor-drop-cap{color:var( --e-global-color-primary );border-color:var( --e-global-color-primary );}.elementor-32277 .elementor-element.elementor-element-70610844{font-family:\"Roboto\", Sans-serif;font-size:19px;font-weight:500;color:#0F4C87;}.elementor-32277 .elementor-element.elementor-element-7d7c3e7 .elementor-wrapper{--video-aspect-ratio:1.77777;}<\/style>\t\t<div data-elementor-type=\"section\" data-elementor-id=\"32277\" class=\"elementor elementor-32277 dce-elementor-rendering-id-3\" data-elementor-post-type=\"elementor_library\">\n\t\t\t\t\t<section class=\"elementor-section elementor-top-section elementor-element elementor-element-74916911 elementor-section-boxed elementor-section-height-default elementor-section-height-default\" data-id=\"74916911\" data-element_type=\"section\" data-e-type=\"section\">\n\t\t\t\t\t\t<div class=\"elementor-container elementor-column-gap-default\">\n\t\t\t\t\t<div class=\"elementor-column elementor-col-100 elementor-top-column elementor-element elementor-element-4fda8143\" data-id=\"4fda8143\" data-element_type=\"column\" data-e-type=\"column\">\n\t\t\t<div class=\"elementor-widget-wrap elementor-element-populated\">\n\t\t\t\t\t\t<div data-dce-text-color=\"#0F4C87\" class=\"elementor-element elementor-element-70610844 elementor-widget elementor-widget-text-editor\" data-id=\"70610844\" data-element_type=\"widget\" data-e-type=\"widget\" data-widget_type=\"text-editor.default\">\n\t\t\t\t<div class=\"elementor-widget-container\">\n\t\t\t\t\t\t\t\t\tFernox Cleaner F3 500ml (TR)\t\t\t\t\t\t\t\t<\/div>\n\t\t\t\t<\/div>\n\t\t\t\t<div class=\"elementor-element elementor-element-7d7c3e7 elementor-widget elementor-widget-video\" data-id=\"7d7c3e7\" data-element_type=\"widget\" data-e-type=\"widget\" data-settings=\"{&quot;yt_privacy&quot;:&quot;yes&quot;,&quot;video_type&quot;:&quot;vimeo&quot;}\" data-widget_type=\"video.default\">\n\t\t\t\t<div class=\"elementor-widget-container\">\n\t\t\t\t\t\t\t<div class=\"elementor-wrapper elementor-open-inline\">\n\t\t\t<iframe class=\"elementor-video-iframe\" allowfullscreen allow=\"clipboard-write\" title=\"vimeo Video Player\" src=\"https:\/\/player.vimeo.com\/video\/990001010?color&amp;autopause=0&amp;dnt=true&amp;loop=0&amp;muted=0&amp;title=1&amp;portrait=1&amp;byline=1#t=\"><\/iframe>\t\t<\/div>\n\t\t\t\t\t\t<\/div>\n\t\t\t\t<\/div>\n\t\t\t\t\t<\/div>\n\t\t<\/div>\n\t\t\t\t\t<\/div>\n\t\t<\/section>\n\t\t\t\t<\/div>\n\t\t\t\t\t<\/div>\n\t\t<\/article>\n\t\t\n\t\t<article class=\"post-39352 associated_content type-associated_content status-publish hentry category-video tag-tf1-antifreeze-valve dce-post dce-post-item dce-item-filterable dce-grid-filters-item dce-item-grid-filters dce-item-grid\" data-dce-post-id=\"39352\" data-dce-post-index=\"3\">\n\t\t\t<div class=\"dce-post-block\">\n\t\t<style>.elementor-32277 .elementor-element.elementor-element-4fda8143 > .elementor-element-populated{padding:18px 18px 18px 18px;}.elementor-widget-text-editor{font-family:var( --e-global-typography-text-font-family ), Sans-serif;font-weight:var( --e-global-typography-text-font-weight );color:var( --e-global-color-text );}.elementor-widget-text-editor.elementor-drop-cap-view-stacked .elementor-drop-cap{background-color:var( --e-global-color-primary );}.elementor-widget-text-editor.elementor-drop-cap-view-framed .elementor-drop-cap, .elementor-widget-text-editor.elementor-drop-cap-view-default .elementor-drop-cap{color:var( --e-global-color-primary );border-color:var( --e-global-color-primary );}.elementor-32277 .elementor-element.elementor-element-70610844{font-family:\"Roboto\", Sans-serif;font-size:19px;font-weight:500;color:#0F4C87;}.elementor-32277 .elementor-element.elementor-element-7d7c3e7 .elementor-wrapper{--video-aspect-ratio:1.77777;}<\/style>\t\t<div data-elementor-type=\"section\" data-elementor-id=\"32277\" class=\"elementor elementor-32277 dce-elementor-rendering-id-4\" data-elementor-post-type=\"elementor_library\">\n\t\t\t\t\t<section class=\"elementor-section elementor-top-section elementor-element elementor-element-74916911 elementor-section-boxed elementor-section-height-default elementor-section-height-default\" data-id=\"74916911\" data-element_type=\"section\" data-e-type=\"section\">\n\t\t\t\t\t\t<div class=\"elementor-container elementor-column-gap-default\">\n\t\t\t\t\t<div class=\"elementor-column elementor-col-100 elementor-top-column elementor-element elementor-element-4fda8143\" data-id=\"4fda8143\" data-element_type=\"column\" data-e-type=\"column\">\n\t\t\t<div class=\"elementor-widget-wrap elementor-element-populated\">\n\t\t\t\t\t\t<div data-dce-text-color=\"#0F4C87\" class=\"elementor-element elementor-element-70610844 elementor-widget elementor-widget-text-editor\" data-id=\"70610844\" data-element_type=\"widget\" data-e-type=\"widget\" data-widget_type=\"text-editor.default\">\n\t\t\t\t<div class=\"elementor-widget-container\">\n\t\t\t\t\t\t\t\t\tFernox TF1 Antifreeze Valve Keep Your Heat Pump System Freeze-Free!\t\t\t\t\t\t\t\t<\/div>\n\t\t\t\t<\/div>\n\t\t\t\t<div class=\"elementor-element elementor-element-7d7c3e7 elementor-widget elementor-widget-video\" data-id=\"7d7c3e7\" data-element_type=\"widget\" data-e-type=\"widget\" data-settings=\"{&quot;yt_privacy&quot;:&quot;yes&quot;,&quot;video_type&quot;:&quot;vimeo&quot;}\" data-widget_type=\"video.default\">\n\t\t\t\t<div class=\"elementor-widget-container\">\n\t\t\t\t\t\t\t<div class=\"elementor-wrapper elementor-open-inline\">\n\t\t\t<iframe class=\"elementor-video-iframe\" allowfullscreen allow=\"clipboard-write\" title=\"vimeo Video Player\" src=\"https:\/\/player.vimeo.com\/video\/984788064?color&amp;autopause=0&amp;dnt=true&amp;loop=0&amp;muted=0&amp;title=1&amp;portrait=1&amp;byline=1#t=\"><\/iframe>\t\t<\/div>\n\t\t\t\t\t\t<\/div>\n\t\t\t\t<\/div>\n\t\t\t\t\t<\/div>\n\t\t<\/div>\n\t\t\t\t\t<\/div>\n\t\t<\/section>\n\t\t\t\t<\/div>\n\t\t\t\t\t<\/div>\n\t\t<\/article>\n\t\t\t\t\t<\/div>\n\t\t\t\t\t<\/div>\n\t\t\t\t\t\t<\/div>\n\t\t\t\t<\/div>\n\t\t\t\t\t<\/div>\n\t\t\t\t<\/div>\n\t\t\t\t<\/div>\n\t\t","protected":false},"excerpt":{"rendered":"<p>Mevcut videolar\u0131n t\u00fcm\u00fcn\u00fc g\u00f6r\u00fcnt\u00fcleyin veya bir \u00fcr\u00fcn\u00fcn belirli videolar\u0131n\u0131 se\u00e7mek i\u00e7in a\u00e7\u0131l\u0131r men\u00fcy\u00fc kullan\u0131n. T\u00fcm\u00fcCleaner F3 Express 400mlTF1 Sigma UB Filter<\/p>\n","protected":false},"author":1,"featured_media":0,"parent":0,"menu_order":0,"comment_status":"closed","ping_status":"closed","template":"elementor_header_footer","meta":{"_acf_changed":false,"footnotes":""},"class_list":["post-3090","page","type-page","status-publish","hentry"],"acf":[],"yoast_head":"<!-- This site is optimized with the Yoast SEO plugin v27.3 - https:\/\/yoast.com\/product\/yoast-seo-wordpress\/ -->\n<title>Videolar - Fernox Turkey<\/title>\n<meta name=\"robots\" content=\"index, follow, max-snippet:-1, max-image-preview:large, max-video-preview:-1\" \/>\n<link rel=\"canonical\" href=\"https:\/\/fernox.com\/tr\/videos\/\" \/>\n<meta property=\"og:locale\" content=\"en_GB\" \/>\n<meta property=\"og:type\" content=\"article\" \/>\n<meta property=\"og:title\" content=\"Videolar - Fernox Turkey\" \/>\n<meta property=\"og:description\" content=\"Mevcut videolar\u0131n t\u00fcm\u00fcn\u00fc g\u00f6r\u00fcnt\u00fcleyin veya bir \u00fcr\u00fcn\u00fcn belirli videolar\u0131n\u0131 se\u00e7mek i\u00e7in a\u00e7\u0131l\u0131r men\u00fcy\u00fc kullan\u0131n. T\u00fcm\u00fcCleaner F3 Express 400mlTF1 Sigma UB Filter\" \/>\n<meta property=\"og:url\" content=\"https:\/\/fernox.com\/tr\/videos\/\" \/>\n<meta property=\"og:site_name\" content=\"Fernox Turkey\" \/>\n<meta property=\"article:modified_time\" content=\"2024-09-13T08:33:06+00:00\" \/>\n<meta name=\"twitter:card\" content=\"summary_large_image\" \/>\n<meta name=\"twitter:label1\" content=\"Estimated reading time\" \/>\n\t<meta name=\"twitter:data1\" content=\"1 minute\" \/>\n<script type=\"application\/ld+json\" class=\"yoast-schema-graph\">{\"@context\":\"https:\\\/\\\/schema.org\",\"@graph\":[{\"@type\":\"WebPage\",\"@id\":\"https:\\\/\\\/fernox.com\\\/tr\\\/videos\\\/\",\"url\":\"https:\\\/\\\/fernox.com\\\/tr\\\/videos\\\/\",\"name\":\"Videolar - Fernox Turkey\",\"isPartOf\":{\"@id\":\"https:\\\/\\\/fernox.com\\\/tr\\\/#website\"},\"datePublished\":\"2020-11-24T11:06:55+00:00\",\"dateModified\":\"2024-09-13T08:33:06+00:00\",\"breadcrumb\":{\"@id\":\"https:\\\/\\\/fernox.com\\\/tr\\\/videos\\\/#breadcrumb\"},\"inLanguage\":\"en-GB\",\"potentialAction\":[{\"@type\":\"ReadAction\",\"target\":[\"https:\\\/\\\/fernox.com\\\/tr\\\/videos\\\/\"]}]},{\"@type\":\"BreadcrumbList\",\"@id\":\"https:\\\/\\\/fernox.com\\\/tr\\\/videos\\\/#breadcrumb\",\"itemListElement\":[{\"@type\":\"ListItem\",\"position\":1,\"name\":\"Home\",\"item\":\"https:\\\/\\\/fernox.com\\\/tr\\\/\"},{\"@type\":\"ListItem\",\"position\":2,\"name\":\"Videolar\"}]},{\"@type\":\"WebSite\",\"@id\":\"https:\\\/\\\/fernox.com\\\/tr\\\/#website\",\"url\":\"https:\\\/\\\/fernox.com\\\/tr\\\/\",\"name\":\"Fernox Turkey\",\"description\":\"\",\"publisher\":{\"@id\":\"https:\\\/\\\/fernox.com\\\/tr\\\/#organization\"},\"potentialAction\":[{\"@type\":\"SearchAction\",\"target\":{\"@type\":\"EntryPoint\",\"urlTemplate\":\"https:\\\/\\\/fernox.com\\\/tr\\\/?s={search_term_string}\"},\"query-input\":{\"@type\":\"PropertyValueSpecification\",\"valueRequired\":true,\"valueName\":\"search_term_string\"}}],\"inLanguage\":\"en-GB\"},{\"@type\":\"Organization\",\"@id\":\"https:\\\/\\\/fernox.com\\\/tr\\\/#organization\",\"name\":\"Fernox Turkey\",\"url\":\"https:\\\/\\\/fernox.com\\\/tr\\\/\",\"logo\":{\"@type\":\"ImageObject\",\"inLanguage\":\"en-GB\",\"@id\":\"https:\\\/\\\/fernox.com\\\/tr\\\/#\\\/schema\\\/logo\\\/image\\\/\",\"url\":\"https:\\\/\\\/fernox.com\\\/tr\\\/wp-content\\\/uploads\\\/sites\\\/24\\\/2020\\\/11\\\/cropped-fernox-Logo-transparent.png\",\"contentUrl\":\"https:\\\/\\\/fernox.com\\\/tr\\\/wp-content\\\/uploads\\\/sites\\\/24\\\/2020\\\/11\\\/cropped-fernox-Logo-transparent.png\",\"width\":664,\"height\":150,\"caption\":\"Fernox Turkey\"},\"image\":{\"@id\":\"https:\\\/\\\/fernox.com\\\/tr\\\/#\\\/schema\\\/logo\\\/image\\\/\"}}]}<\/script>\n<!-- \/ Yoast SEO plugin. -->","yoast_head_json":{"title":"Videolar - Fernox Turkey","robots":{"index":"index","follow":"follow","max-snippet":"max-snippet:-1","max-image-preview":"max-image-preview:large","max-video-preview":"max-video-preview:-1"},"canonical":"https:\/\/fernox.com\/tr\/videos\/","og_locale":"en_GB","og_type":"article","og_title":"Videolar - Fernox Turkey","og_description":"Mevcut videolar\u0131n t\u00fcm\u00fcn\u00fc g\u00f6r\u00fcnt\u00fcleyin veya bir \u00fcr\u00fcn\u00fcn belirli videolar\u0131n\u0131 se\u00e7mek i\u00e7in a\u00e7\u0131l\u0131r men\u00fcy\u00fc kullan\u0131n. T\u00fcm\u00fcCleaner F3 Express 400mlTF1 Sigma UB Filter","og_url":"https:\/\/fernox.com\/tr\/videos\/","og_site_name":"Fernox Turkey","article_modified_time":"2024-09-13T08:33:06+00:00","twitter_card":"summary_large_image","twitter_misc":{"Estimated reading time":"1 minute"},"schema":{"@context":"https:\/\/schema.org","@graph":[{"@type":"WebPage","@id":"https:\/\/fernox.com\/tr\/videos\/","url":"https:\/\/fernox.com\/tr\/videos\/","name":"Videolar - Fernox Turkey","isPartOf":{"@id":"https:\/\/fernox.com\/tr\/#website"},"datePublished":"2020-11-24T11:06:55+00:00","dateModified":"2024-09-13T08:33:06+00:00","breadcrumb":{"@id":"https:\/\/fernox.com\/tr\/videos\/#breadcrumb"},"inLanguage":"en-GB","potentialAction":[{"@type":"ReadAction","target":["https:\/\/fernox.com\/tr\/videos\/"]}]},{"@type":"BreadcrumbList","@id":"https:\/\/fernox.com\/tr\/videos\/#breadcrumb","itemListElement":[{"@type":"ListItem","position":1,"name":"Home","item":"https:\/\/fernox.com\/tr\/"},{"@type":"ListItem","position":2,"name":"Videolar"}]},{"@type":"WebSite","@id":"https:\/\/fernox.com\/tr\/#website","url":"https:\/\/fernox.com\/tr\/","name":"Fernox Turkey","description":"","publisher":{"@id":"https:\/\/fernox.com\/tr\/#organization"},"potentialAction":[{"@type":"SearchAction","target":{"@type":"EntryPoint","urlTemplate":"https:\/\/fernox.com\/tr\/?s={search_term_string}"},"query-input":{"@type":"PropertyValueSpecification","valueRequired":true,"valueName":"search_term_string"}}],"inLanguage":"en-GB"},{"@type":"Organization","@id":"https:\/\/fernox.com\/tr\/#organization","name":"Fernox Turkey","url":"https:\/\/fernox.com\/tr\/","logo":{"@type":"ImageObject","inLanguage":"en-GB","@id":"https:\/\/fernox.com\/tr\/#\/schema\/logo\/image\/","url":"https:\/\/fernox.com\/tr\/wp-content\/uploads\/sites\/24\/2020\/11\/cropped-fernox-Logo-transparent.png","contentUrl":"https:\/\/fernox.com\/tr\/wp-content\/uploads\/sites\/24\/2020\/11\/cropped-fernox-Logo-transparent.png","width":664,"height":150,"caption":"Fernox Turkey"},"image":{"@id":"https:\/\/fernox.com\/tr\/#\/schema\/logo\/image\/"}}]}},"_links":{"self":[{"href":"https:\/\/fernox.com\/tr\/wp-json\/wp\/v2\/pages\/3090","targetHints":{"allow":["GET"]}}],"collection":[{"href":"https:\/\/fernox.com\/tr\/wp-json\/wp\/v2\/pages"}],"about":[{"href":"https:\/\/fernox.com\/tr\/wp-json\/wp\/v2\/types\/page"}],"author":[{"embeddable":true,"href":"https:\/\/fernox.com\/tr\/wp-json\/wp\/v2\/users\/1"}],"replies":[{"embeddable":true,"href":"https:\/\/fernox.com\/tr\/wp-json\/wp\/v2\/comments?post=3090"}],"version-history":[{"count":0,"href":"https:\/\/fernox.com\/tr\/wp-json\/wp\/v2\/pages\/3090\/revisions"}],"wp:attachment":[{"href":"https:\/\/fernox.com\/tr\/wp-json\/wp\/v2\/media?parent=3090"}],"curies":[{"name":"wp","href":"https:\/\/api.w.org\/{rel}","templated":true}]}}