{"id":23,"date":"2020-11-15T17:45:49","date_gmt":"2020-11-15T17:45:49","guid":{"rendered":"https:\/\/fxdevelopment.co.uk\/uk\/shop\/"},"modified":"2026-03-10T19:11:02","modified_gmt":"2026-03-10T16:11:02","slug":"products","status":"publish","type":"page","link":"https:\/\/fernox.com\/tr\/products\/","title":{"rendered":"\u00dcr\u00fcnler"},"content":{"rendered":"\t\t<div data-elementor-type=\"wp-page\" data-elementor-id=\"23\" class=\"elementor elementor-23\" data-elementor-post-type=\"page\">\n\t\t\t\t<div class=\"elementor-element elementor-element-2f8314c e-flex e-con-boxed e-con e-parent\" data-id=\"2f8314c\" data-element_type=\"container\" data-e-type=\"container\">\n\t\t\t\t\t<div class=\"e-con-inner\">\n\t\t\t\t<div class=\"elementor-element elementor-element-ca9a892 elementor-product-loop-item--align-center elementor-grid-4 elementor-grid-tablet-3 elementor-grid-mobile-2 elementor-products-grid elementor-wc-products elementor-widget elementor-widget-wc-categories\" data-id=\"ca9a892\" data-element_type=\"widget\" data-e-type=\"widget\" data-widget_type=\"wc-categories.default\">\n\t\t\t\t<div class=\"elementor-widget-container\">\n\t\t\t\t\t<div class=\"woocommerce columns-4\"><ul class=\"products elementor-grid columns-4\">\n<li class=\"product-category product first\">\n\t<a aria-label=\"Visit product category Yenilenebilir Teknolojiler\" href=\"https:\/\/fernox.com\/tr\/product-category\/renewable-technologies\/\"><img fetchpriority=\"high\" decoding=\"async\" src=\"https:\/\/fernox.com\/tr\/wp-content\/uploads\/sites\/24\/2021\/02\/Renewable-Treatments-300x300.jpg\" alt=\"Yenilenebilir Teknolojiler\" width=\"300\" height=\"300\" srcset=\"https:\/\/fernox.com\/tr\/wp-content\/uploads\/sites\/24\/2021\/02\/Renewable-Treatments-300x300.jpg 300w, https:\/\/fernox.com\/tr\/wp-content\/uploads\/sites\/24\/2021\/02\/Renewable-Treatments-150x150.jpg 150w, https:\/\/fernox.com\/tr\/wp-content\/uploads\/sites\/24\/2021\/02\/Renewable-Treatments-100x100.jpg 100w, https:\/\/fernox.com\/tr\/wp-content\/uploads\/sites\/24\/2021\/02\/Renewable-Treatments.jpg 350w\" sizes=\"(max-width: 300px) 100vw, 300px\" \/>\t\t<h2 class=\"woocommerce-loop-category__title\">\n\t\t\tYenilenebilir Teknolojiler <mark class=\"count\">(8)<\/mark>\t\t<\/h2>\n\t\t<\/a><\/li>\n<li class=\"product-category product\">\n\t<a aria-label=\"Visit product category Ticari \u00dcr\u00fcn Yelpazesi\" href=\"https:\/\/fernox.com\/tr\/product-category\/commercial-range\/\"><img decoding=\"async\" src=\"https:\/\/fernox.com\/tr\/wp-content\/uploads\/sites\/24\/2022\/09\/Commercial-Range29-300x300.jpeg\" alt=\"Ticari \u00dcr\u00fcn Yelpazesi\" width=\"300\" height=\"300\" srcset=\"https:\/\/fernox.com\/tr\/wp-content\/uploads\/sites\/24\/2022\/09\/Commercial-Range29-300x300.jpeg 300w, https:\/\/fernox.com\/tr\/wp-content\/uploads\/sites\/24\/2022\/09\/Commercial-Range29-150x150.jpeg 150w, https:\/\/fernox.com\/tr\/wp-content\/uploads\/sites\/24\/2022\/09\/Commercial-Range29-100x100.jpeg 100w, https:\/\/fernox.com\/tr\/wp-content\/uploads\/sites\/24\/2022\/09\/Commercial-Range29.jpeg 350w\" sizes=\"(max-width: 300px) 100vw, 300px\" \/>\t\t<h2 class=\"woocommerce-loop-category__title\">\n\t\t\tTicari \u00dcr\u00fcn Yelpazesi <mark class=\"count\">(7)<\/mark>\t\t<\/h2>\n\t\t<\/a><\/li>\n<li class=\"product-category product\">\n\t<a aria-label=\"Visit product category Test Kitleri\" href=\"https:\/\/fernox.com\/tr\/product-category\/test-kits\/\"><img decoding=\"async\" src=\"https:\/\/fernox.com\/tr\/wp-content\/uploads\/sites\/24\/2021\/04\/62463-Universal-Test-Kit-300x300.jpg\" alt=\"Test Kitleri\" width=\"300\" height=\"300\" srcset=\"https:\/\/fernox.com\/tr\/wp-content\/uploads\/sites\/24\/2021\/04\/62463-Universal-Test-Kit-300x300.jpg 300w, https:\/\/fernox.com\/tr\/wp-content\/uploads\/sites\/24\/2021\/04\/62463-Universal-Test-Kit-150x150.jpg 150w, https:\/\/fernox.com\/tr\/wp-content\/uploads\/sites\/24\/2021\/04\/62463-Universal-Test-Kit-100x100.jpg 100w, https:\/\/fernox.com\/tr\/wp-content\/uploads\/sites\/24\/2021\/04\/62463-Universal-Test-Kit.jpg 600w\" sizes=\"(max-width: 300px) 100vw, 300px\" \/>\t\t<h2 class=\"woocommerce-loop-category__title\">\n\t\t\tTest Kitleri <mark class=\"count\">(4)<\/mark>\t\t<\/h2>\n\t\t<\/a><\/li>\n<li class=\"product-category product last\">\n\t<a aria-label=\"Visit product category Temizleyiciler\" href=\"https:\/\/fernox.com\/tr\/product-category\/cleaners\/\"><img loading=\"lazy\" decoding=\"async\" src=\"https:\/\/fernox.com\/tr\/wp-content\/uploads\/sites\/24\/2021\/02\/Cleaners-300x300.jpg\" alt=\"Temizleyiciler\" width=\"300\" height=\"300\" srcset=\"https:\/\/fernox.com\/tr\/wp-content\/uploads\/sites\/24\/2021\/02\/Cleaners-300x300.jpg 300w, https:\/\/fernox.com\/tr\/wp-content\/uploads\/sites\/24\/2021\/02\/Cleaners-150x150.jpg 150w, https:\/\/fernox.com\/tr\/wp-content\/uploads\/sites\/24\/2021\/02\/Cleaners-100x100.jpg 100w, https:\/\/fernox.com\/tr\/wp-content\/uploads\/sites\/24\/2021\/02\/Cleaners.jpg 350w\" sizes=\"(max-width: 300px) 100vw, 300px\" \/>\t\t<h2 class=\"woocommerce-loop-category__title\">\n\t\t\tTemizleyiciler <mark class=\"count\">(7)<\/mark>\t\t<\/h2>\n\t\t<\/a><\/li>\n<li class=\"product-category product first\">\n\t<a aria-label=\"Visit product category S\u0131zd\u0131rmazl\u0131k Ekipmanlar\u0131\" href=\"https:\/\/fernox.com\/tr\/product-category\/leak-sealers\/\"><img loading=\"lazy\" decoding=\"async\" src=\"https:\/\/fernox.com\/tr\/wp-content\/uploads\/sites\/24\/2021\/02\/F4-300x300.jpg\" alt=\"S\u0131zd\u0131rmazl\u0131k Ekipmanlar\u0131\" width=\"300\" height=\"300\" srcset=\"https:\/\/fernox.com\/tr\/wp-content\/uploads\/sites\/24\/2021\/02\/F4-300x300.jpg 300w, https:\/\/fernox.com\/tr\/wp-content\/uploads\/sites\/24\/2021\/02\/F4-150x150.jpg 150w, https:\/\/fernox.com\/tr\/wp-content\/uploads\/sites\/24\/2021\/02\/F4-100x100.jpg 100w, https:\/\/fernox.com\/tr\/wp-content\/uploads\/sites\/24\/2021\/02\/F4.jpg 350w\" sizes=\"(max-width: 300px) 100vw, 300px\" \/>\t\t<h2 class=\"woocommerce-loop-category__title\">\n\t\t\tS\u0131zd\u0131rmazl\u0131k Ekipmanlar\u0131 <mark class=\"count\">(3)<\/mark>\t\t<\/h2>\n\t\t<\/a><\/li>\n<li class=\"product-category product\">\n\t<a aria-label=\"Visit product category \u0130nhibit\u00f6rler ve Koruyucular\" href=\"https:\/\/fernox.com\/tr\/product-category\/inhibitors-protectors\/\"><img loading=\"lazy\" decoding=\"async\" src=\"https:\/\/fernox.com\/tr\/wp-content\/uploads\/sites\/24\/2021\/02\/Inhibitors-300x300.jpg\" alt=\"\u0130nhibit\u00f6rler ve Koruyucular\" width=\"300\" height=\"300\" srcset=\"https:\/\/fernox.com\/tr\/wp-content\/uploads\/sites\/24\/2021\/02\/Inhibitors-300x300.jpg 300w, https:\/\/fernox.com\/tr\/wp-content\/uploads\/sites\/24\/2021\/02\/Inhibitors-150x150.jpg 150w, https:\/\/fernox.com\/tr\/wp-content\/uploads\/sites\/24\/2021\/02\/Inhibitors-100x100.jpg 100w, https:\/\/fernox.com\/tr\/wp-content\/uploads\/sites\/24\/2021\/02\/Inhibitors.jpg 350w\" sizes=\"(max-width: 300px) 100vw, 300px\" \/>\t\t<h2 class=\"woocommerce-loop-category__title\">\n\t\t\t\u0130nhibit\u00f6rler ve Koruyucular <mark class=\"count\">(10)<\/mark>\t\t<\/h2>\n\t\t<\/a><\/li>\n<li class=\"product-category product\">\n\t<a aria-label=\"Visit product category Filtre\" href=\"https:\/\/fernox.com\/tr\/product-category\/filters\/\"><img loading=\"lazy\" decoding=\"async\" src=\"https:\/\/fernox.com\/tr\/wp-content\/uploads\/sites\/24\/2021\/02\/Filter-300x300.jpg\" alt=\"Filtre\" width=\"300\" height=\"300\" srcset=\"https:\/\/fernox.com\/tr\/wp-content\/uploads\/sites\/24\/2021\/02\/Filter-300x300.jpg 300w, https:\/\/fernox.com\/tr\/wp-content\/uploads\/sites\/24\/2021\/02\/Filter-150x150.jpg 150w, https:\/\/fernox.com\/tr\/wp-content\/uploads\/sites\/24\/2021\/02\/Filter-100x100.jpg 100w, https:\/\/fernox.com\/tr\/wp-content\/uploads\/sites\/24\/2021\/02\/Filter.jpg 350w\" sizes=\"(max-width: 300px) 100vw, 300px\" \/>\t\t<h2 class=\"woocommerce-loop-category__title\">\n\t\t\tFiltre <mark class=\"count\">(9)<\/mark>\t\t<\/h2>\n\t\t<\/a><\/li>\n<li class=\"product-category product last\">\n\t<a aria-label=\"Visit product category Ekipman\" href=\"https:\/\/fernox.com\/tr\/product-category\/equipment\/\"><img loading=\"lazy\" decoding=\"async\" src=\"https:\/\/fernox.com\/tr\/wp-content\/uploads\/sites\/24\/2021\/02\/Equipment-300x300.jpg\" alt=\"Ekipman\" width=\"300\" height=\"300\" srcset=\"https:\/\/fernox.com\/tr\/wp-content\/uploads\/sites\/24\/2021\/02\/Equipment-300x300.jpg 300w, https:\/\/fernox.com\/tr\/wp-content\/uploads\/sites\/24\/2021\/02\/Equipment-150x150.jpg 150w, https:\/\/fernox.com\/tr\/wp-content\/uploads\/sites\/24\/2021\/02\/Equipment-100x100.jpg 100w, https:\/\/fernox.com\/tr\/wp-content\/uploads\/sites\/24\/2021\/02\/Equipment.jpg 350w\" sizes=\"(max-width: 300px) 100vw, 300px\" \/>\t\t<h2 class=\"woocommerce-loop-category__title\">\n\t\t\tEkipman <mark class=\"count\">(2)<\/mark>\t\t<\/h2>\n\t\t<\/a><\/li>\n<\/ul>\n<\/div>\t\t\t\t<\/div>\n\t\t\t\t<\/div>\n\t\t\t\t\t<\/div>\n\t\t\t\t<\/div>\n\t\t\t\t<\/div>\n\t\t","protected":false},"excerpt":{"rendered":"","protected":false},"author":1,"featured_media":0,"parent":0,"menu_order":0,"comment_status":"closed","ping_status":"closed","template":"","meta":{"_acf_changed":false,"footnotes":""},"class_list":["post-23","page","type-page","status-publish","hentry"],"acf":[],"_links":{"self":[{"href":"https:\/\/fernox.com\/tr\/wp-json\/wp\/v2\/pages\/23","targetHints":{"allow":["GET"]}}],"collection":[{"href":"https:\/\/fernox.com\/tr\/wp-json\/wp\/v2\/pages"}],"about":[{"href":"https:\/\/fernox.com\/tr\/wp-json\/wp\/v2\/types\/page"}],"author":[{"embeddable":true,"href":"https:\/\/fernox.com\/tr\/wp-json\/wp\/v2\/users\/1"}],"replies":[{"embeddable":true,"href":"https:\/\/fernox.com\/tr\/wp-json\/wp\/v2\/comments?post=23"}],"version-history":[{"count":0,"href":"https:\/\/fernox.com\/tr\/wp-json\/wp\/v2\/pages\/23\/revisions"}],"wp:attachment":[{"href":"https:\/\/fernox.com\/tr\/wp-json\/wp\/v2\/media?parent=23"}],"curies":[{"name":"wp","href":"https:\/\/api.w.org\/{rel}","templated":true}]}}