{"id":47325,"date":"2026-04-30T06:02:40","date_gmt":"2026-04-30T04:02:40","guid":{"rendered":"https:\/\/fernox.com\/es\/product\/antifreeze-protector-alphi-11\/"},"modified":"2026-04-30T06:02:41","modified_gmt":"2026-04-30T04:02:41","slug":"antifreeze-protector-alphi-11","status":"publish","type":"product","link":"https:\/\/fernox.com\/es\/product\/antifreeze-protector-alphi-11\/","title":{"rendered":"Antifreeze Protector Alphi-11"},"content":{"rendered":"<p>El protector anticongelante Alphi-11 es un producto combinado de anticongelante e inhibidor que proporciona protecci\u00f3n contra la corrosi\u00f3n interna y la formaci\u00f3n de cal en los sistemas de calefacci\u00f3n central dom\u00e9sticos. El protector anticongelante Alphi-11 es adecuado para su uso con todos los metales y materiales que se utilizan habitualmente en los sistemas de calefacci\u00f3n.<\/p>\n<ul>\n<li>Protege contra la corrosi\u00f3n y la acumulaci\u00f3n de cal en los sistemas de calefacci\u00f3n central para mantener la eficiencia energ\u00e9tica\n<\/li>\n<li>Combinaci\u00f3n de anticongelante e inhibidor de corrosi\u00f3n para prolongar la vida \u00fatil del sistema\n<\/li>\n<li>Evita la congelaci\u00f3n de las tuber\u00edas\n<\/li>\n<li>Compatible con todos los metales y materiales que se utilizan habitualmente en los sistemas de calefacci\u00f3n, incluido el aluminio\n<\/li>\n<li>F\u00f3rmula no t\u00f3xica y respetuosa con el medio ambiente, homologada por NSF CIAS, KIWA y Belgaqua\n<\/li>\n<li>Protege los sistemas de calefacci\u00f3n y de agua refrigerada<br \/>\n<\/li>\n<\/ul>\n","protected":false},"excerpt":{"rendered":"<p>El protector anticongelante Alphi-11 es un producto combinado de anticongelante e inhibidor que proporciona protecci\u00f3n contra la corrosi\u00f3n interna y la formaci\u00f3n de cal en los sistemas de calefacci\u00f3n central dom\u00e9sticos. El protector anticongelante Alphi-11 es adecuado para su uso con todos los metales y materiales que se utilizan habitualmente en los sistemas de calefacci\u00f3n. [&hellip;]<\/p>\n","protected":false},"featured_media":47326,"template":"","meta":{"_acf_changed":false},"product_brand":[],"product_cat":[224,175],"product_tag":[],"class_list":{"0":"post-47325","1":"product","2":"type-product","3":"status-publish","4":"has-post-thumbnail","6":"product_cat-commercial-rangechemistry","7":"product_cat-inhibitors-protectors","9":"first","10":"instock","11":"purchasable","12":"product-type-simple"},"acf":[],"_links":{"self":[{"href":"https:\/\/fernox.com\/es\/wp-json\/wp\/v2\/product\/47325","targetHints":{"allow":["GET"]}}],"collection":[{"href":"https:\/\/fernox.com\/es\/wp-json\/wp\/v2\/product"}],"about":[{"href":"https:\/\/fernox.com\/es\/wp-json\/wp\/v2\/types\/product"}],"wp:featuredmedia":[{"embeddable":true,"href":"https:\/\/fernox.com\/es\/wp-json\/wp\/v2\/media\/47326"}],"wp:attachment":[{"href":"https:\/\/fernox.com\/es\/wp-json\/wp\/v2\/media?parent=47325"}],"wp:term":[{"taxonomy":"product_brand","embeddable":true,"href":"https:\/\/fernox.com\/es\/wp-json\/wp\/v2\/product_brand?post=47325"},{"taxonomy":"product_cat","embeddable":true,"href":"https:\/\/fernox.com\/es\/wp-json\/wp\/v2\/product_cat?post=47325"},{"taxonomy":"product_tag","embeddable":true,"href":"https:\/\/fernox.com\/es\/wp-json\/wp\/v2\/product_tag?post=47325"}],"curies":[{"name":"wp","href":"https:\/\/api.w.org\/{rel}","templated":true}]}}