{"id":47287,"date":"2026-04-30T06:02:40","date_gmt":"2026-04-30T04:02:40","guid":{"rendered":"https:\/\/fernox.com\/es\/product\/corrosion-and-ph-test-2\/"},"modified":"2026-04-30T06:02:41","modified_gmt":"2026-04-30T04:02:41","slug":"corrosion-and-ph-test","status":"publish","type":"product","link":"https:\/\/fernox.com\/es\/product\/corrosion-and-ph-test\/","title":{"rendered":"Corrosion and pH Test"},"content":{"rendered":"<p>La Prueba de Corrosi\u00f3n y pH proporciona un an\u00e1lisis r\u00e1pido in situ para determinar los niveles de corrosi\u00f3n y pH en el agua de los sistemas de calefacci\u00f3n central.<\/p>\n<ul>\n<li>Prueba r\u00e1pida y sencilla in situ, que ofrece el resultado inmediato.\n<\/li>\n<li>Se utiliza una tira de prueba por sistema. Cada envase contiene 50 tiras de prueba.\n<\/li>\n<li>Adecuado para la detecci\u00f3n de metales disueltos y niveles de pH en el agua del sistema de calefacci\u00f3n central.\n<\/li>\n<li>Facilita el cumplimiento de las garant\u00edas de calderas.\n<p><\/li>\n<\/ul>\n","protected":false},"excerpt":{"rendered":"<p>La Prueba de Corrosi\u00f3n y pH proporciona un an\u00e1lisis r\u00e1pido in situ para determinar los niveles de corrosi\u00f3n y pH en el agua de los sistemas de calefacci\u00f3n central. Prueba r\u00e1pida y sencilla in situ, que ofrece el resultado inmediato. Se utiliza una tira de prueba por sistema. Cada envase contiene 50 tiras de prueba. [&hellip;]<\/p>\n","protected":false},"featured_media":47288,"template":"","meta":{"_acf_changed":false},"product_brand":[],"product_cat":[174],"product_tag":[],"class_list":{"0":"post-47287","1":"product","2":"type-product","3":"status-publish","4":"has-post-thumbnail","6":"product_cat-filters","8":"first","9":"instock","10":"purchasable","11":"product-type-simple"},"acf":[],"_links":{"self":[{"href":"https:\/\/fernox.com\/es\/wp-json\/wp\/v2\/product\/47287","targetHints":{"allow":["GET"]}}],"collection":[{"href":"https:\/\/fernox.com\/es\/wp-json\/wp\/v2\/product"}],"about":[{"href":"https:\/\/fernox.com\/es\/wp-json\/wp\/v2\/types\/product"}],"wp:featuredmedia":[{"embeddable":true,"href":"https:\/\/fernox.com\/es\/wp-json\/wp\/v2\/media\/47288"}],"wp:attachment":[{"href":"https:\/\/fernox.com\/es\/wp-json\/wp\/v2\/media?parent=47287"}],"wp:term":[{"taxonomy":"product_brand","embeddable":true,"href":"https:\/\/fernox.com\/es\/wp-json\/wp\/v2\/product_brand?post=47287"},{"taxonomy":"product_cat","embeddable":true,"href":"https:\/\/fernox.com\/es\/wp-json\/wp\/v2\/product_cat?post=47287"},{"taxonomy":"product_tag","embeddable":true,"href":"https:\/\/fernox.com\/es\/wp-json\/wp\/v2\/product_tag?post=47287"}],"curies":[{"name":"wp","href":"https:\/\/api.w.org\/{rel}","templated":true}]}}