{"id":46955,"date":"2026-04-13T07:02:35","date_gmt":"2026-04-13T05:02:35","guid":{"rendered":"https:\/\/fernox.com\/es\/product\/tf1-total-filter-with-protector-filter-fluid-f9\/"},"modified":"2026-04-13T07:02:48","modified_gmt":"2026-04-13T05:02:48","slug":"tf1-total-filter-with-protector-filter-fluid-f9","status":"publish","type":"product","link":"https:\/\/fernox.com\/es\/product\/tf1-total-filter-with-protector-filter-fluid-f9\/","title":{"rendered":"TF1 Total Filter with Protector+ Filter Fluid F9"},"content":{"rendered":"<p>El galardonado\u00a0 TF1Total Filter combina la acci\u00f3n hidrocicl\u00f3nica con potentes conjuntos magn\u00e9ticos de Neodimio para eliminar los contaminantes magn\u00e9ticos y no magn\u00e9ticos del agua del sistema y contenerlos de forma segura dentro del filtro Se ajusta a tuber\u00edas tanto verticales como horizontales, se limpia en minutos y no restringe en ning\u00fan modo el flujo Se suministra con un producto inhibidor mejorado, Protector + Filter Fluid, que incluye un dispersante para mejorar la efectividad de un filtro en la recolecci\u00f3n de desechos. La funci\u00f3n complementaria del filtro y el producto qu\u00edmico para el tratamiento del agua proporciona la m\u00e1xima protecci\u00f3n a la caldera y al sistema para mantener la eficiencia del sistema y extender la vida \u00fatil del sistema.<\/p>\n<ul>\n<li>Sistema de filtro en l\u00ednea de alto rendimiento -acci\u00f3n \u00fanica, TF1 Total Filter elimina contaminantes magn\u00e9ticos y no magn\u00e9ticos del sistema de aguas.\n<\/li>\n<li>Incluye una botella de Fernox Protector+ Filter Fluid F9 265ml para ayudar a la recolecci\u00f3n de los restos en circulaci\u00f3n al filtro\n<\/li>\n<li>TF1 Total Filter proporciona el punto de dosificaci\u00f3n para productos de la gama Fernox &#8216;F&#8217;\n<\/li>\n<li>No bloquea ni restringe el flujo\n<\/li>\n<li>Todas las v\u00e1lvulas y accesorios incluidos.\n<\/li>\n<li>5 a\u00f1os de garant\u00eda<br \/>\n<\/li>\n<\/ul>\n","protected":false},"excerpt":{"rendered":"<p>El galardonado\u00a0 TF1Total Filter combina la acci\u00f3n hidrocicl\u00f3nica con potentes conjuntos magn\u00e9ticos de Neodimio para eliminar los contaminantes magn\u00e9ticos y no magn\u00e9ticos del agua del sistema y contenerlos de forma segura dentro del filtro Se ajusta a tuber\u00edas tanto verticales como horizontales, se limpia en minutos y no restringe en ning\u00fan modo el flujo Se [&hellip;]<\/p>\n","protected":false},"featured_media":46958,"template":"","meta":{"_acf_changed":false},"product_brand":[],"product_cat":[207],"product_tag":[],"class_list":{"0":"post-46955","1":"product","2":"type-product","3":"status-publish","4":"has-post-thumbnail","6":"product_cat-filter-packs","7":"pa_tamano-de-conexion-metrico-472","8":"pa_tamano-de-conexion-metrico-22mm","9":"pa_tamano-de-conexion-metrico-28mm","10":"pa_tamano-de-conexion-metrico-3-4","11":"pa_tipo-de-ajuste-with-valves","13":"first","14":"instock","15":"purchasable","16":"product-type-variable"},"acf":[],"_links":{"self":[{"href":"https:\/\/fernox.com\/es\/wp-json\/wp\/v2\/product\/46955","targetHints":{"allow":["GET"]}}],"collection":[{"href":"https:\/\/fernox.com\/es\/wp-json\/wp\/v2\/product"}],"about":[{"href":"https:\/\/fernox.com\/es\/wp-json\/wp\/v2\/types\/product"}],"wp:featuredmedia":[{"embeddable":true,"href":"https:\/\/fernox.com\/es\/wp-json\/wp\/v2\/media\/46958"}],"wp:attachment":[{"href":"https:\/\/fernox.com\/es\/wp-json\/wp\/v2\/media?parent=46955"}],"wp:term":[{"taxonomy":"product_brand","embeddable":true,"href":"https:\/\/fernox.com\/es\/wp-json\/wp\/v2\/product_brand?post=46955"},{"taxonomy":"product_cat","embeddable":true,"href":"https:\/\/fernox.com\/es\/wp-json\/wp\/v2\/product_cat?post=46955"},{"taxonomy":"product_tag","embeddable":true,"href":"https:\/\/fernox.com\/es\/wp-json\/wp\/v2\/product_tag?post=46955"}],"curies":[{"name":"wp","href":"https:\/\/api.w.org\/{rel}","templated":true}]}}