{"id":46952,"date":"2026-04-13T07:02:35","date_gmt":"2026-04-13T05:02:35","guid":{"rendered":"https:\/\/fernox.com\/es\/product\/tf1-compact-filter-with-protector-filter-fluid-f9\/"},"modified":"2026-04-13T07:02:48","modified_gmt":"2026-04-13T05:02:48","slug":"tf1-compact-filter-with-protector-filter-fluid-f9","status":"publish","type":"product","link":"https:\/\/fernox.com\/es\/product\/tf1-compact-filter-with-protector-filter-fluid-f9\/","title":{"rendered":"TF1 Compact Filter with Protector+ Filter Fluid F9"},"content":{"rendered":"<p>Un filtro de sistema en l\u00ednea magn\u00e9tico de alto rendimiento, el TF1 Compact Filter es ideal para espacios peque\u00f1os y reducidos. Este filtro de pl\u00e1stico compuesto, f\u00e1cil de instalar, puede montarse en tuber\u00edas verticales y horizontales en m\u00faltiples posiciones. Su dise\u00f1o permite capturar tanto residuos magn\u00e9ticos como no magn\u00e9ticos mediante acci\u00f3n hidrocicl\u00f3nica y conjuntos magn\u00e9ticos especialmente dise\u00f1ados para recoger y retener los residuos dentro del filtro antes de su eliminaci\u00f3n segura. Limpieza r\u00e1pida y sin complicaciones a trav\u00e9s de la v\u00e1lvula de drenaje en menos de 2 minutos, sin necesidad de desmontar la unidad. Se suministra con un inhibidor mejorado \u2013 Protector+ Filter Fluid F9 de 265 ml \u2013 que incluye un dispersante para maximizar la eficacia del filtro en la recolecci\u00f3n de residuos. La acci\u00f3n complementaria del producto qu\u00edmico y el filtro proporciona la m\u00e1xima protecci\u00f3n para la caldera y el sistema.<\/p>\n<ul>\n<li>Filtro de sistema en l\u00ednea hidrocicl\u00f3nico y magn\u00e9tico dise\u00f1ado con precisi\u00f3n y alto rendimiento para eliminar contaminantes magn\u00e9ticos y no magn\u00e9ticos del agua del sistema.\n<\/li>\n<li>Ideal para su uso en espacios y \u00e1reas de acceso peque\u00f1as y restringidas\n<\/li>\n<li>Incluye una botella de 265 ml de Fernox Protector+ Filter Fluid F9 para ayudar a la efectividad del filtro para capturar restos del sistema de agua\n<\/li>\n<li>El innovador tratamiento de agua con un inhibidor m\u00e1s un dispersante qu\u00edmico proporciona una protecci\u00f3n continua a la caldera contra los restos circulantes\n<\/li>\n<li>Encaja vertical y horizontalmente en las tuber\u00edas Todas las v\u00e1lvulas y accesorios incluidos.\n<\/li>\n<li>5 a\u00f1os de garant\u00eda<br \/>\n<\/li>\n<\/ul>\n","protected":false},"excerpt":{"rendered":"<p>Un filtro de sistema en l\u00ednea magn\u00e9tico de alto rendimiento, el TF1 Compact Filter es ideal para espacios peque\u00f1os y reducidos. Este filtro de pl\u00e1stico compuesto, f\u00e1cil de instalar, puede montarse en tuber\u00edas verticales y horizontales en m\u00faltiples posiciones. Su dise\u00f1o permite capturar tanto residuos magn\u00e9ticos como no magn\u00e9ticos mediante acci\u00f3n hidrocicl\u00f3nica y conjuntos magn\u00e9ticos [&hellip;]<\/p>\n","protected":false},"featured_media":46954,"template":"","meta":{"_acf_changed":false},"product_brand":[],"product_cat":[207],"product_tag":[],"class_list":{"0":"post-46952","1":"product","2":"type-product","3":"status-publish","4":"has-post-thumbnail","6":"product_cat-filter-packs","7":"pa_tamano-de-conexion-metrico-22mm","8":"pa_tamano-de-conexion-metrico-3-4","9":"pa_tipo-de-ajuste-with-valves","11":"first","12":"instock","13":"purchasable","14":"product-type-simple"},"acf":[],"_links":{"self":[{"href":"https:\/\/fernox.com\/es\/wp-json\/wp\/v2\/product\/46952","targetHints":{"allow":["GET"]}}],"collection":[{"href":"https:\/\/fernox.com\/es\/wp-json\/wp\/v2\/product"}],"about":[{"href":"https:\/\/fernox.com\/es\/wp-json\/wp\/v2\/types\/product"}],"wp:featuredmedia":[{"embeddable":true,"href":"https:\/\/fernox.com\/es\/wp-json\/wp\/v2\/media\/46954"}],"wp:attachment":[{"href":"https:\/\/fernox.com\/es\/wp-json\/wp\/v2\/media?parent=46952"}],"wp:term":[{"taxonomy":"product_brand","embeddable":true,"href":"https:\/\/fernox.com\/es\/wp-json\/wp\/v2\/product_brand?post=46952"},{"taxonomy":"product_cat","embeddable":true,"href":"https:\/\/fernox.com\/es\/wp-json\/wp\/v2\/product_cat?post=46952"},{"taxonomy":"product_tag","embeddable":true,"href":"https:\/\/fernox.com\/es\/wp-json\/wp\/v2\/product_tag?post=46952"}],"curies":[{"name":"wp","href":"https:\/\/api.w.org\/{rel}","templated":true}]}}