{"id":46675,"date":"2026-03-30T07:03:28","date_gmt":"2026-03-30T05:03:28","guid":{"rendered":"https:\/\/fernox.com\/es\/product\/biocide-f7-200ml-2\/"},"modified":"2026-03-30T07:03:29","modified_gmt":"2026-03-30T05:03:29","slug":"biocide-f7-200ml","status":"publish","type":"product","link":"https:\/\/fernox.com\/es\/product\/biocide-f7-200ml\/","title":{"rendered":"Biocide F7 200ml"},"content":{"rendered":"<p>El biocida F7 protege contra el crecimiento de bacterias y hongos en sistemas de calefacci\u00f3n residenciales y sistemas de agua refrigerada no evaporativa. Fernox recomienda encarecidamente dosificar un protector Fernox, como el Protector F1 o el Antifreeze Alphi-11, junto con el biocida F7 para ofrecer una protecci\u00f3n completa del sistema contra la corrosi\u00f3n y las incrustaciones, y para mantener los niveles de eficiencia energ\u00e9tica.<\/p>\n<p>El biocida F7 tambi\u00e9n se utiliza para limpiar y prevenir la reaparici\u00f3n de incrustaciones microbiol\u00f3gicas que producen dep\u00f3sitos gelatinosos (crecimiento de hongos) en los dep\u00f3sitos de alimentaci\u00f3n y expansi\u00f3n. El gas producido por la fermentaci\u00f3n dentro de los sistemas tambi\u00e9n se eliminar\u00e1 con la adici\u00f3n del biocida F7.<\/p>\n<ul>\n<li>Previene la reaparici\u00f3n de dep\u00f3sitos gelatinosos en sistemas de calefacci\u00f3n de baja temperatura, como los sistemas de suelo radiante, y limpia los dep\u00f3sitos de alimentaci\u00f3n y expansi\u00f3n.\n<\/li>\n<li>Acci\u00f3n r\u00e1pida y eficaz: comienza a actuar en 24 horas.\n<\/li>\n<li>Aplicaci\u00f3n sencilla: a\u00f1\u00e1dalo a trav\u00e9s de un radiador, un toallero, un circuito de llenado o un filtro del sistema en l\u00ednea.\n<\/li>\n<li>Compatible con todos los protectores Fernox.\n<\/li>\n<li>Biocida de alto rendimiento y doble acci\u00f3n: el desinfectante y agente conservante proporciona protecci\u00f3n a corto y largo plazo.\n<\/li>\n<li>Una sola botella de 200 ml de Biocide F7 trata hasta 250 m\u00b2 de sistemas de suelo radiante y 150 litros de volumen del sistema.<br \/>\n<\/li>\n<\/ul>\n","protected":false},"excerpt":{"rendered":"<p>El biocida F7 protege contra el crecimiento de bacterias y hongos en sistemas de calefacci\u00f3n residenciales y sistemas de agua refrigerada no evaporativa. Fernox recomienda encarecidamente dosificar un protector Fernox, como el Protector F1 o el Antifreeze Alphi-11, junto con el biocida F7 para ofrecer una protecci\u00f3n completa del sistema contra la corrosi\u00f3n y las [&hellip;]<\/p>\n","protected":false},"featured_media":46922,"template":"","meta":{"_acf_changed":false},"product_brand":[],"product_cat":[111],"product_tag":[],"class_list":{"0":"post-46675","1":"product","2":"type-product","3":"status-publish","4":"has-post-thumbnail","6":"product_cat-bacterial-control","8":"first","9":"instock","10":"purchasable","11":"product-type-simple"},"acf":[],"yoast_head":"<!-- This site is optimized with the Yoast SEO plugin v27.3 - https:\/\/yoast.com\/product\/yoast-seo-wordpress\/ -->\n<title>Biocide F7 200ml - Fernox Spain<\/title>\n<meta name=\"robots\" content=\"index, follow, max-snippet:-1, max-image-preview:large, max-video-preview:-1\" \/>\n<link rel=\"canonical\" href=\"https:\/\/fernox.com\/es\/product\/biocide-f7-200ml\/\" \/>\n<meta property=\"og:locale\" content=\"en_US\" \/>\n<meta property=\"og:type\" content=\"article\" \/>\n<meta property=\"og:title\" content=\"Biocide F7 200ml - Fernox Spain\" \/>\n<meta property=\"og:description\" content=\"El biocida F7 protege contra el crecimiento de bacterias y hongos en sistemas de calefacci\u00f3n residenciales y sistemas de agua refrigerada no evaporativa. Fernox recomienda encarecidamente dosificar un protector Fernox, como el Protector F1 o el Antifreeze Alphi-11, junto con el biocida F7 para ofrecer una protecci\u00f3n completa del sistema contra la corrosi\u00f3n y las [&hellip;]\" \/>\n<meta property=\"og:url\" content=\"https:\/\/fernox.com\/es\/product\/biocide-f7-200ml\/\" \/>\n<meta property=\"og:site_name\" content=\"Fernox Spain\" \/>\n<meta property=\"article:modified_time\" content=\"2026-03-30T05:03:29+00:00\" \/>\n<meta property=\"og:image\" content=\"https:\/\/fernox.com\/es\/wp-content\/uploads\/sites\/42\/2026\/02\/62779-Biocide-F7.jpg\" \/>\n\t<meta property=\"og:image:width\" content=\"800\" \/>\n\t<meta property=\"og:image:height\" content=\"800\" \/>\n\t<meta property=\"og:image:type\" content=\"image\/jpeg\" \/>\n<meta name=\"twitter:card\" content=\"summary_large_image\" \/>\n<meta name=\"twitter:label1\" content=\"Est. reading time\" \/>\n\t<meta name=\"twitter:data1\" content=\"1 minute\" \/>\n<script type=\"application\/ld+json\" class=\"yoast-schema-graph\">{\"@context\":\"https:\\\/\\\/schema.org\",\"@graph\":[{\"@type\":\"WebPage\",\"@id\":\"https:\\\/\\\/fernox.com\\\/es\\\/product\\\/biocide-f7-200ml\\\/\",\"url\":\"https:\\\/\\\/fernox.com\\\/es\\\/product\\\/biocide-f7-200ml\\\/\",\"name\":\"Biocide F7 200ml - Fernox Spain\",\"isPartOf\":{\"@id\":\"https:\\\/\\\/fernox.com\\\/es\\\/#website\"},\"primaryImageOfPage\":{\"@id\":\"https:\\\/\\\/fernox.com\\\/es\\\/product\\\/biocide-f7-200ml\\\/#primaryimage\"},\"image\":{\"@id\":\"https:\\\/\\\/fernox.com\\\/es\\\/product\\\/biocide-f7-200ml\\\/#primaryimage\"},\"thumbnailUrl\":\"https:\\\/\\\/fernox.com\\\/es\\\/wp-content\\\/uploads\\\/sites\\\/42\\\/2026\\\/02\\\/62779-Biocide-F7.jpg\",\"datePublished\":\"2026-03-30T05:03:28+00:00\",\"dateModified\":\"2026-03-30T05:03:29+00:00\",\"breadcrumb\":{\"@id\":\"https:\\\/\\\/fernox.com\\\/es\\\/product\\\/biocide-f7-200ml\\\/#breadcrumb\"},\"inLanguage\":\"en-US\",\"potentialAction\":[{\"@type\":\"ReadAction\",\"target\":[\"https:\\\/\\\/fernox.com\\\/es\\\/product\\\/biocide-f7-200ml\\\/\"]}]},{\"@type\":\"ImageObject\",\"inLanguage\":\"en-US\",\"@id\":\"https:\\\/\\\/fernox.com\\\/es\\\/product\\\/biocide-f7-200ml\\\/#primaryimage\",\"url\":\"https:\\\/\\\/fernox.com\\\/es\\\/wp-content\\\/uploads\\\/sites\\\/42\\\/2026\\\/02\\\/62779-Biocide-F7.jpg\",\"contentUrl\":\"https:\\\/\\\/fernox.com\\\/es\\\/wp-content\\\/uploads\\\/sites\\\/42\\\/2026\\\/02\\\/62779-Biocide-F7.jpg\",\"width\":800,\"height\":800},{\"@type\":\"BreadcrumbList\",\"@id\":\"https:\\\/\\\/fernox.com\\\/es\\\/product\\\/biocide-f7-200ml\\\/#breadcrumb\",\"itemListElement\":[{\"@type\":\"ListItem\",\"position\":1,\"name\":\"Home\",\"item\":\"https:\\\/\\\/fernox.com\\\/es\\\/\"},{\"@type\":\"ListItem\",\"position\":2,\"name\":\"Products\",\"item\":\"https:\\\/\\\/fernox.com\\\/es\\\/shop\\\/\"},{\"@type\":\"ListItem\",\"position\":3,\"name\":\"Biocide F7 200ml\"}]},{\"@type\":\"WebSite\",\"@id\":\"https:\\\/\\\/fernox.com\\\/es\\\/#website\",\"url\":\"https:\\\/\\\/fernox.com\\\/es\\\/\",\"name\":\"Fernox Spain\",\"description\":\"\",\"publisher\":{\"@id\":\"https:\\\/\\\/fernox.com\\\/es\\\/#organization\"},\"potentialAction\":[{\"@type\":\"SearchAction\",\"target\":{\"@type\":\"EntryPoint\",\"urlTemplate\":\"https:\\\/\\\/fernox.com\\\/es\\\/?s={search_term_string}\"},\"query-input\":{\"@type\":\"PropertyValueSpecification\",\"valueRequired\":true,\"valueName\":\"search_term_string\"}}],\"inLanguage\":\"en-US\"},{\"@type\":\"Organization\",\"@id\":\"https:\\\/\\\/fernox.com\\\/es\\\/#organization\",\"name\":\"Fernox Spain\",\"url\":\"https:\\\/\\\/fernox.com\\\/es\\\/\",\"logo\":{\"@type\":\"ImageObject\",\"inLanguage\":\"en-US\",\"@id\":\"https:\\\/\\\/fernox.com\\\/es\\\/#\\\/schema\\\/logo\\\/image\\\/\",\"url\":\"https:\\\/\\\/fernox.com\\\/es\\\/wp-content\\\/uploads\\\/sites\\\/42\\\/2020\\\/11\\\/cropped-fernox-Logo-transparent.png\",\"contentUrl\":\"https:\\\/\\\/fernox.com\\\/es\\\/wp-content\\\/uploads\\\/sites\\\/42\\\/2020\\\/11\\\/cropped-fernox-Logo-transparent.png\",\"width\":664,\"height\":150,\"caption\":\"Fernox Spain\"},\"image\":{\"@id\":\"https:\\\/\\\/fernox.com\\\/es\\\/#\\\/schema\\\/logo\\\/image\\\/\"}}]}<\/script>\n<!-- \/ Yoast SEO plugin. -->","yoast_head_json":{"title":"Biocide F7 200ml - Fernox Spain","robots":{"index":"index","follow":"follow","max-snippet":"max-snippet:-1","max-image-preview":"max-image-preview:large","max-video-preview":"max-video-preview:-1"},"canonical":"https:\/\/fernox.com\/es\/product\/biocide-f7-200ml\/","og_locale":"en_US","og_type":"article","og_title":"Biocide F7 200ml - Fernox Spain","og_description":"El biocida F7 protege contra el crecimiento de bacterias y hongos en sistemas de calefacci\u00f3n residenciales y sistemas de agua refrigerada no evaporativa. Fernox recomienda encarecidamente dosificar un protector Fernox, como el Protector F1 o el Antifreeze Alphi-11, junto con el biocida F7 para ofrecer una protecci\u00f3n completa del sistema contra la corrosi\u00f3n y las [&hellip;]","og_url":"https:\/\/fernox.com\/es\/product\/biocide-f7-200ml\/","og_site_name":"Fernox Spain","article_modified_time":"2026-03-30T05:03:29+00:00","og_image":[{"width":800,"height":800,"url":"https:\/\/fernox.com\/es\/wp-content\/uploads\/sites\/42\/2026\/02\/62779-Biocide-F7.jpg","type":"image\/jpeg"}],"twitter_card":"summary_large_image","twitter_misc":{"Est. reading time":"1 minute"},"schema":{"@context":"https:\/\/schema.org","@graph":[{"@type":"WebPage","@id":"https:\/\/fernox.com\/es\/product\/biocide-f7-200ml\/","url":"https:\/\/fernox.com\/es\/product\/biocide-f7-200ml\/","name":"Biocide F7 200ml - Fernox Spain","isPartOf":{"@id":"https:\/\/fernox.com\/es\/#website"},"primaryImageOfPage":{"@id":"https:\/\/fernox.com\/es\/product\/biocide-f7-200ml\/#primaryimage"},"image":{"@id":"https:\/\/fernox.com\/es\/product\/biocide-f7-200ml\/#primaryimage"},"thumbnailUrl":"https:\/\/fernox.com\/es\/wp-content\/uploads\/sites\/42\/2026\/02\/62779-Biocide-F7.jpg","datePublished":"2026-03-30T05:03:28+00:00","dateModified":"2026-03-30T05:03:29+00:00","breadcrumb":{"@id":"https:\/\/fernox.com\/es\/product\/biocide-f7-200ml\/#breadcrumb"},"inLanguage":"en-US","potentialAction":[{"@type":"ReadAction","target":["https:\/\/fernox.com\/es\/product\/biocide-f7-200ml\/"]}]},{"@type":"ImageObject","inLanguage":"en-US","@id":"https:\/\/fernox.com\/es\/product\/biocide-f7-200ml\/#primaryimage","url":"https:\/\/fernox.com\/es\/wp-content\/uploads\/sites\/42\/2026\/02\/62779-Biocide-F7.jpg","contentUrl":"https:\/\/fernox.com\/es\/wp-content\/uploads\/sites\/42\/2026\/02\/62779-Biocide-F7.jpg","width":800,"height":800},{"@type":"BreadcrumbList","@id":"https:\/\/fernox.com\/es\/product\/biocide-f7-200ml\/#breadcrumb","itemListElement":[{"@type":"ListItem","position":1,"name":"Home","item":"https:\/\/fernox.com\/es\/"},{"@type":"ListItem","position":2,"name":"Products","item":"https:\/\/fernox.com\/es\/shop\/"},{"@type":"ListItem","position":3,"name":"Biocide F7 200ml"}]},{"@type":"WebSite","@id":"https:\/\/fernox.com\/es\/#website","url":"https:\/\/fernox.com\/es\/","name":"Fernox Spain","description":"","publisher":{"@id":"https:\/\/fernox.com\/es\/#organization"},"potentialAction":[{"@type":"SearchAction","target":{"@type":"EntryPoint","urlTemplate":"https:\/\/fernox.com\/es\/?s={search_term_string}"},"query-input":{"@type":"PropertyValueSpecification","valueRequired":true,"valueName":"search_term_string"}}],"inLanguage":"en-US"},{"@type":"Organization","@id":"https:\/\/fernox.com\/es\/#organization","name":"Fernox Spain","url":"https:\/\/fernox.com\/es\/","logo":{"@type":"ImageObject","inLanguage":"en-US","@id":"https:\/\/fernox.com\/es\/#\/schema\/logo\/image\/","url":"https:\/\/fernox.com\/es\/wp-content\/uploads\/sites\/42\/2020\/11\/cropped-fernox-Logo-transparent.png","contentUrl":"https:\/\/fernox.com\/es\/wp-content\/uploads\/sites\/42\/2020\/11\/cropped-fernox-Logo-transparent.png","width":664,"height":150,"caption":"Fernox Spain"},"image":{"@id":"https:\/\/fernox.com\/es\/#\/schema\/logo\/image\/"}}]}},"_links":{"self":[{"href":"https:\/\/fernox.com\/es\/wp-json\/wp\/v2\/product\/46675","targetHints":{"allow":["GET"]}}],"collection":[{"href":"https:\/\/fernox.com\/es\/wp-json\/wp\/v2\/product"}],"about":[{"href":"https:\/\/fernox.com\/es\/wp-json\/wp\/v2\/types\/product"}],"wp:featuredmedia":[{"embeddable":true,"href":"https:\/\/fernox.com\/es\/wp-json\/wp\/v2\/media\/46922"}],"wp:attachment":[{"href":"https:\/\/fernox.com\/es\/wp-json\/wp\/v2\/media?parent=46675"}],"wp:term":[{"taxonomy":"product_brand","embeddable":true,"href":"https:\/\/fernox.com\/es\/wp-json\/wp\/v2\/product_brand?post=46675"},{"taxonomy":"product_cat","embeddable":true,"href":"https:\/\/fernox.com\/es\/wp-json\/wp\/v2\/product_cat?post=46675"},{"taxonomy":"product_tag","embeddable":true,"href":"https:\/\/fernox.com\/es\/wp-json\/wp\/v2\/product_tag?post=46675"}],"curies":[{"name":"wp","href":"https:\/\/api.w.org\/{rel}","templated":true}]}}