{"id":46673,"date":"2026-04-13T07:02:35","date_gmt":"2026-04-13T05:02:35","guid":{"rendered":"https:\/\/fernox.com\/es\/product\/power-cleaner-f8-10l\/"},"modified":"2026-04-13T07:02:36","modified_gmt":"2026-04-13T05:02:36","slug":"power-cleaner-f8-10l","status":"publish","type":"product","link":"https:\/\/fernox.com\/es\/product\/power-cleaner-f8-10l\/","title":{"rendered":"Power Cleaner F8 10L"},"content":{"rendered":"<p>Fernox Power Cleaner F8 10L es un limpiador superpotente y de acci\u00f3n r\u00e1pida formulado para su uso en sistemas de calefacci\u00f3n comerciales y semicomerciales grandes y muy contaminados. Su f\u00f3rmula a base de citrato y pH neutro elimina eficazmente los sedimentos, los residuos y la cal sin necesidad de neutralizar. El producto ayuda a prolongar la vida \u00fatil del sistema y a restaurar la eficiencia de la calefacci\u00f3n de acuerdo con la norma BS 7593:2019 y las mejores pr\u00e1cticas del sector.<\/p>\n<p>Un envase de 10 l de Power Cleaner F8 trata hasta aproximadamente 2000 litros de agua del sistema. Power Cleaner F8 es compatible con todos los metales y materiales que se utilizan habitualmente en los sistemas de calefacci\u00f3n, incluido el aluminio.<\/p>\n<ul>\n<li>Limpiador a base de citrato para su uso en sistemas muy contaminados, de conformidad con la norma BS 7593:2019.\n<\/li>\n<li>Aplicaci\u00f3n sencilla, se a\u00f1ade a trav\u00e9s de un dosificador del sistema.\n<\/li>\n<li>Acci\u00f3n r\u00e1pida; acelera todos los procesos de limpieza, incluidos el lavado a presi\u00f3n, el lavado manual y el lavado magn\u00e9tico.\n<\/li>\n<li>Elimina los sedimentos, la cal y los restos de corrosi\u00f3n.\n<\/li>\n<li>No es \u00e1cido (pH neutro), no es t\u00f3xico y no hace espuma.\n<\/li>\n<li>Compatible con todos los metales y materiales utilizados habitualmente en sistemas de calefacci\u00f3n, incluido el aluminio<br \/>\n<\/li>\n<\/ul>\n","protected":false},"excerpt":{"rendered":"<p>Fernox Power Cleaner F8 10L es un limpiador superpotente y de acci\u00f3n r\u00e1pida formulado para su uso en sistemas de calefacci\u00f3n comerciales y semicomerciales grandes y muy contaminados. Su f\u00f3rmula a base de citrato y pH neutro elimina eficazmente los sedimentos, los residuos y la cal sin necesidad de neutralizar. El producto ayuda a prolongar [&hellip;]<\/p>\n","protected":false},"featured_media":46674,"template":"","meta":{"_acf_changed":false},"product_brand":[],"product_cat":[224,178],"product_tag":[],"class_list":{"0":"post-46673","1":"product","2":"type-product","3":"status-publish","4":"has-post-thumbnail","6":"product_cat-commercial-rangechemistry","7":"product_cat-cleaners","9":"first","10":"instock","11":"purchasable","12":"product-type-simple"},"acf":[],"_links":{"self":[{"href":"https:\/\/fernox.com\/es\/wp-json\/wp\/v2\/product\/46673","targetHints":{"allow":["GET"]}}],"collection":[{"href":"https:\/\/fernox.com\/es\/wp-json\/wp\/v2\/product"}],"about":[{"href":"https:\/\/fernox.com\/es\/wp-json\/wp\/v2\/types\/product"}],"wp:featuredmedia":[{"embeddable":true,"href":"https:\/\/fernox.com\/es\/wp-json\/wp\/v2\/media\/46674"}],"wp:attachment":[{"href":"https:\/\/fernox.com\/es\/wp-json\/wp\/v2\/media?parent=46673"}],"wp:term":[{"taxonomy":"product_brand","embeddable":true,"href":"https:\/\/fernox.com\/es\/wp-json\/wp\/v2\/product_brand?post=46673"},{"taxonomy":"product_cat","embeddable":true,"href":"https:\/\/fernox.com\/es\/wp-json\/wp\/v2\/product_cat?post=46673"},{"taxonomy":"product_tag","embeddable":true,"href":"https:\/\/fernox.com\/es\/wp-json\/wp\/v2\/product_tag?post=46673"}],"curies":[{"name":"wp","href":"https:\/\/api.w.org\/{rel}","templated":true}]}}