{"id":46292,"date":"2026-04-30T06:02:13","date_gmt":"2026-04-30T04:02:13","guid":{"rendered":"https:\/\/fernox.com\/es\/product\/tf1-antifreeze-valve\/"},"modified":"2026-04-30T06:02:18","modified_gmt":"2026-04-30T04:02:18","slug":"tf1-antifreeze-valve","status":"publish","type":"product","link":"https:\/\/fernox.com\/es\/product\/tf1-antifreeze-valve\/","title":{"rendered":"TF1 Antifreeze Valve"},"content":{"rendered":"<p>La v\u00e1lvula anticongelante Fernox TF1 est\u00e1 dise\u00f1ada espec\u00edficamente para proteger los sistemas de calefacci\u00f3n con bomba de calor con fuente de aire y base acuosa. En climas fr\u00edos, cuando bajan las temperaturas, los sistemas que no est\u00e1n tratados con un fluido a base de glicol pueden congelarse dentro del circuito de la bomba de calor, lo que puede causar da\u00f1os perjudiciales y costosos a los componentes vulnerables de la bomba de calor y a las tuber\u00edas del sistema, y provocar finalmente aver\u00edas prematuras y reparaciones.<\/p>\n<p>La v\u00e1lvula anticongelante Fernox TF1 es un componente esencial y f\u00e1cil de instalar, desarrollado para evitar la congelaci\u00f3n de los sistemas mediante la detecci\u00f3n de cuando el l\u00edquido del circuito se acerca al punto de congelaci\u00f3n, es decir, cuando la temperatura del circuito desciende por debajo de los 3 \u00b0C. La v\u00e1lvula anticongelante TF1 se abre autom\u00e1ticamente y libera el agua del sistema, evitando la formaci\u00f3n de hielo en el sistema de bomba de calor y protegiendo el funcionamiento del sistema.<\/p>\n<ul>\n<li>V\u00e1lvula anticongelante de alto rendimiento dise\u00f1ada espec\u00edficamente para proteger los sistemas de bomba de calor basados en agua.\n<\/li>\n<li>Fabricado en lat\u00f3n para un funcionamiento robusto, duradero y a largo plazo.\n<\/li>\n<li>V\u00e1lvulas KV l\u00edderes en el sector para un alto rendimiento.\n<p><\/li>\n<\/ul>\n","protected":false},"excerpt":{"rendered":"<p>La v\u00e1lvula anticongelante Fernox TF1 est\u00e1 dise\u00f1ada espec\u00edficamente para proteger los sistemas de calefacci\u00f3n con bomba de calor con fuente de aire y base acuosa. En climas fr\u00edos, cuando bajan las temperaturas, los sistemas que no est\u00e1n tratados con un fluido a base de glicol pueden congelarse dentro del circuito de la bomba de calor, [&hellip;]<\/p>\n","protected":false},"featured_media":46618,"template":"","meta":{"_acf_changed":false},"product_brand":[],"product_cat":[128,211],"product_tag":[],"class_list":{"0":"post-46292","1":"product","2":"type-product","3":"status-publish","4":"has-post-thumbnail","6":"product_cat-renewable-technologies","7":"product_cat-renewable-technologiesdevices","8":"pa_tamano-de-conexion-metrico-1-1-2","9":"pa_tamano-de-conexion-metrico-1-1-4","10":"pa_tamano-de-conexion-metrico-472","11":"pa_tipo-de-ajuste-bsp","13":"first","14":"instock","15":"featured","16":"purchasable","17":"product-type-variable"},"acf":[],"_links":{"self":[{"href":"https:\/\/fernox.com\/es\/wp-json\/wp\/v2\/product\/46292","targetHints":{"allow":["GET"]}}],"collection":[{"href":"https:\/\/fernox.com\/es\/wp-json\/wp\/v2\/product"}],"about":[{"href":"https:\/\/fernox.com\/es\/wp-json\/wp\/v2\/types\/product"}],"wp:featuredmedia":[{"embeddable":true,"href":"https:\/\/fernox.com\/es\/wp-json\/wp\/v2\/media\/46618"}],"wp:attachment":[{"href":"https:\/\/fernox.com\/es\/wp-json\/wp\/v2\/media?parent=46292"}],"wp:term":[{"taxonomy":"product_brand","embeddable":true,"href":"https:\/\/fernox.com\/es\/wp-json\/wp\/v2\/product_brand?post=46292"},{"taxonomy":"product_cat","embeddable":true,"href":"https:\/\/fernox.com\/es\/wp-json\/wp\/v2\/product_cat?post=46292"},{"taxonomy":"product_tag","embeddable":true,"href":"https:\/\/fernox.com\/es\/wp-json\/wp\/v2\/product_tag?post=46292"}],"curies":[{"name":"wp","href":"https:\/\/api.w.org\/{rel}","templated":true}]}}