{"id":46291,"date":"2026-04-13T07:01:25","date_gmt":"2026-04-13T05:01:25","guid":{"rendered":"https:\/\/fernox.com\/es\/product\/power-cleaner-f8-500ml\/"},"modified":"2026-04-13T07:01:25","modified_gmt":"2026-04-13T05:01:25","slug":"power-cleaner-f8-500ml","status":"publish","type":"product","link":"https:\/\/fernox.com\/es\/product\/power-cleaner-f8-500ml\/","title":{"rendered":"Power Cleaner F8 500ml"},"content":{"rendered":"<p>Power Cleaner F8 es un potente limpiador basado en \u00e1cido c\u00edtrico que elimina lodo, restos y cal de sistema de calefacci\u00f3n gravemente contaminados. Ideal para reacondicionamiento e intercambio de calderas, cuando los sistemas existentes tengan que ser limpiados a fondo r\u00e1pidamente: el poder de este limpiador de pH neutro de acci\u00f3n r\u00e1pida ofrece una limpieza superior con menos tiempo en el sitio Una sola botella de producto concentrado puedes usarse para tratar sistemas de calefacci\u00f3n de gran tama\u00f1o de hasta 130 litros (16 radiadores) o 250 m2 de suelo radiante. Power Cleaner F8 ayuda a la limpieza a presi\u00f3n y aumenta la eficacia de procesos de limpieza manuales o magn\u00e9ticos. Su f\u00f3rmula sin espuma significa que se necesita menos tiempo en el sitio para eliminar el productor residual del sistema. Su f\u00f3rmula pH neutra tambi\u00e9n significa que no necesita un producto neutralizador tras su uso. Compatible para usar con todos los metales y materiales, incluido el aluminio, com\u00fanmente usados en los sistemas de calefacci\u00f3n.<\/p>\n<ul>\n<li>Potente limpiador de acci\u00f3n r\u00e1pida, a base de \u00e1cido c\u00edtrico elimina lodo, restos y cal de los sistemas gravemente contaminados\n<\/li>\n<li>Ideal para reacondicionamiento e intercambio de calderas\n<\/li>\n<li>Restaura la eficiencia calor\u00edfica y extiende la vida \u00fatil del sistema\n<\/li>\n<li>Una botella reciclable de 500 ml puede tratar hasta 130 litros de agua del sistema (16 radiadores) y el equivalente a 250 m2 de sistemas por suelo radiante.\n<\/li>\n<li>F\u00f3rmula pH neutro &#8211; no necesita neutralizador as\u00ed ahorra tiempo y dinero en el sitio\n<p><\/li>\n<\/ul>\n","protected":false},"excerpt":{"rendered":"<p>Power Cleaner F8 es un potente limpiador basado en \u00e1cido c\u00edtrico que elimina lodo, restos y cal de sistema de calefacci\u00f3n gravemente contaminados. Ideal para reacondicionamiento e intercambio de calderas, cuando los sistemas existentes tengan que ser limpiados a fondo r\u00e1pidamente: el poder de este limpiador de pH neutro de acci\u00f3n r\u00e1pida ofrece una limpieza [&hellip;]<\/p>\n","protected":false},"featured_media":46614,"template":"","meta":{"_acf_changed":false},"product_brand":[],"product_cat":[178],"product_tag":[],"class_list":{"0":"post-46291","1":"product","2":"type-product","3":"status-publish","4":"has-post-thumbnail","6":"product_cat-cleaners","8":"first","9":"instock","10":"purchasable","11":"product-type-simple"},"acf":[],"_links":{"self":[{"href":"https:\/\/fernox.com\/es\/wp-json\/wp\/v2\/product\/46291","targetHints":{"allow":["GET"]}}],"collection":[{"href":"https:\/\/fernox.com\/es\/wp-json\/wp\/v2\/product"}],"about":[{"href":"https:\/\/fernox.com\/es\/wp-json\/wp\/v2\/types\/product"}],"wp:featuredmedia":[{"embeddable":true,"href":"https:\/\/fernox.com\/es\/wp-json\/wp\/v2\/media\/46614"}],"wp:attachment":[{"href":"https:\/\/fernox.com\/es\/wp-json\/wp\/v2\/media?parent=46291"}],"wp:term":[{"taxonomy":"product_brand","embeddable":true,"href":"https:\/\/fernox.com\/es\/wp-json\/wp\/v2\/product_brand?post=46291"},{"taxonomy":"product_cat","embeddable":true,"href":"https:\/\/fernox.com\/es\/wp-json\/wp\/v2\/product_cat?post=46291"},{"taxonomy":"product_tag","embeddable":true,"href":"https:\/\/fernox.com\/es\/wp-json\/wp\/v2\/product_tag?post=46291"}],"curies":[{"name":"wp","href":"https:\/\/api.w.org\/{rel}","templated":true}]}}